{"id":4652,"date":"2025-04-17T04:22:55","date_gmt":"2025-04-17T04:22:55","guid":{"rendered":"https:\/\/xtcdrogenhaus.com\/?post_type=product&#038;p=4652"},"modified":"2025-04-17T04:22:56","modified_gmt":"2025-04-17T04:22:56","slug":"kokain-online-bestellen","status":"publish","type":"product","link":"https:\/\/xtcdrogenhaus.com\/zh\/%e7%94%a2%e5%93%81\/kokain-online-bestellen\/","title":{"rendered":"\u73bb\u5229\u7dad\u4e9e \u53ef\u5361\u56e0"},"content":{"rendered":"<div id=\"ez-toc-container\" class=\"ez-toc-v2_0_82_2 counter-hierarchy ez-toc-counter ez-toc-grey ez-toc-container-direction\">\n<div class=\"ez-toc-title-container\">\n<p class=\"ez-toc-title\" style=\"cursor:inherit\">\u76ee\u9304<\/p>\n<span class=\"ez-toc-title-toggle\"><a href=\"#\" class=\"ez-toc-pull-right ez-toc-btn ez-toc-btn-xs ez-toc-btn-default ez-toc-toggle\" aria-label=\"Toggle Table of Content\"><span class=\"ez-toc-js-icon-con\"><span class=\"\"><span class=\"eztoc-hide\" style=\"display:none;\">\u5207\u63db<\/span><span class=\"ez-toc-icon-toggle-span\"><svg style=\"fill: #999;color:#999\" xmlns=\"http:\/\/www.w3.org\/2000\/svg\" class=\"list-377408\" width=\"20px\" height=\"20px\" viewbox=\"0 0 24 24\" fill=\"none\"><path d=\"M6 6H4v2h2V6zm14 0H8v2h12V6zM4 11h2v2H4v-2zm16 0H8v2h12v-2zM4 16h2v2H4v-2zm16 0H8v2h12v-2z\" fill=\"currentColor\"><\/path><\/svg><svg style=\"fill: #999;color:#999\" class=\"arrow-unsorted-368013\" xmlns=\"http:\/\/www.w3.org\/2000\/svg\" width=\"10px\" height=\"10px\" viewbox=\"0 0 24 24\" version=\"1.2\" baseprofile=\"tiny\"><path d=\"M18.2 9.3l-6.2-6.3-6.2 6.3c-.2.2-.3.4-.3.7s.1.5.3.7c.2.2.4.3.7.3h11c.3 0 .5-.1.7-.3.2-.2.3-.5.3-.7s-.1-.5-.3-.7zM5.8 14.7l6.2 6.3 6.2-6.3c.2-.2.3-.5.3-.7s-.1-.5-.3-.7c-.2-.2-.4-.3-.7-.3h-11c-.3 0-.5.1-.7.3-.2.2-.3.5-.3.7s.1.5.3.7z\"\/><\/svg><\/span><\/span><\/span><\/a><\/span><\/div>\n<nav><ul class='ez-toc-list ez-toc-list-level-1' ><li class='ez-toc-page-1 ez-toc-heading-level-1'><a class=\"ez-toc-link ez-toc-heading-1\" href=\"https:\/\/xtcdrogenhaus.com\/zh\/%e7%94%a2%e5%93%81\/kokain-online-bestellen\/#Kokain_online_bestellen\" >\u7dda\u4e0a\u8a02\u8cfc\u53ef\u5361\u56e0<\/a><ul class='ez-toc-list-level-2' ><li class='ez-toc-heading-level-2'><a class=\"ez-toc-link ez-toc-heading-2\" href=\"https:\/\/xtcdrogenhaus.com\/zh\/%e7%94%a2%e5%93%81\/kokain-online-bestellen\/#Wirkungen\" >Wirkungen<\/a><\/li><li class='ez-toc-page-1 ez-toc-heading-level-2'><a class=\"ez-toc-link ez-toc-heading-3\" href=\"https:\/\/xtcdrogenhaus.com\/zh\/%e7%94%a2%e5%93%81\/kokain-online-bestellen\/#Anwendungsgebiete\" >Anwendungsgebiete<\/a><\/li><li class='ez-toc-page-1 ez-toc-heading-level-2'><a class=\"ez-toc-link ez-toc-heading-4\" href=\"https:\/\/xtcdrogenhaus.com\/zh\/%e7%94%a2%e5%93%81\/kokain-online-bestellen\/#Haufig_gestellte_Fragen_FAQs\" >H\u00e4ufig gestellte Fragen (FAQs)<\/a><\/li><\/ul><\/li><\/ul><\/nav><\/div>\n<h1 data-start=\"0\" data-end=\"29\"><span class=\"ez-toc-section\" id=\"Kokain_online_bestellen\"><\/span>\u7dda\u4e0a\u8a02\u8cfc\u53ef\u5361\u56e0<span class=\"ez-toc-section-end\"><\/span><\/h1>\n<p class=\"\" data-start=\"31\" data-end=\"256\">Kokain ist bekannt f\u00fcr seine stimulierenden Effekte auf K\u00f6rper und Geist sowie f\u00fcr seine lokal\u2011an\u00e4sthetischen Eigenschaften. Nachfolgend finden Sie eine \u00dcbersicht \u00fcber Wirkungen, typische Anwendungsgebiete und h\u00e4ufige Fragen.<\/p>\n<h2 class=\"\" data-start=\"263\" data-end=\"279\"><span class=\"ez-toc-section\" id=\"Wirkungen\"><\/span>Wirkungen<span class=\"ez-toc-section-end\"><\/span><\/h2>\n<ul data-start=\"281\" data-end=\"886\">\n<li class=\"\" data-start=\"281\" data-end=\"465\">\n<p class=\"\" data-start=\"283\" data-end=\"465\"><strong data-start=\"283\" data-end=\"323\">Stimulation des Zentralnervensystems<\/strong><br data-start=\"323\" data-end=\"326\" \/>\u2013 Steigerung von Energie, Wachheit und Konzentration<br data-start=\"380\" data-end=\"383\" \/>\u2013 Erh\u00f6htes Dopamin\u2011 und Noradrenalin\u2011Level f\u00fchrt zu intensivem Euphorie\u2011Gef\u00fchl<\/p>\n<\/li>\n<li class=\"\" data-start=\"467\" data-end=\"619\">\n<p class=\"\" data-start=\"469\" data-end=\"619\"><strong data-start=\"469\" data-end=\"491\">Psychische Effekte<\/strong><br data-start=\"491\" data-end=\"494\" \/>\u2013 Gef\u00fchlt gesteigertes Selbstbewusstsein und Redefluss<br data-start=\"550\" data-end=\"553\" \/>\u2013 Intensiviertes Empfinden f\u00fcr Musik und soziale Interaktionen<\/p>\n<\/li>\n<li class=\"\" data-start=\"621\" data-end=\"757\">\n<p class=\"\" data-start=\"623\" data-end=\"757\"><strong data-start=\"623\" data-end=\"649\">Physiologische Effekte<\/strong><br data-start=\"649\" data-end=\"652\" \/>\u2013 Erh\u00f6hter Herzschlag und Blutdruck<br data-start=\"689\" data-end=\"692\" \/>\u2013 Leichte Erweiterung der Pupillen<br data-start=\"728\" data-end=\"731\" \/>\u2013 Verminderter Appetit<\/p>\n<\/li>\n<li class=\"\" data-start=\"759\" data-end=\"886\">\n<p class=\"\" data-start=\"761\" data-end=\"886\"><strong data-start=\"761\" data-end=\"780\">Lokalan\u00e4sthesie<\/strong><br data-start=\"780\" data-end=\"783\" \/>\u2013 Einsatz als Oberfl\u00e4chenan\u00e4sthetikum in HNO\u2011Behandlungen<br data-start=\"842\" data-end=\"845\" \/>\u2013 Bet\u00e4ubende Wirkung auf Schleimh\u00e4ute<\/p>\n<\/li>\n<\/ul>\n<h2 class=\"\" data-start=\"893\" data-end=\"918\"><span class=\"ez-toc-section\" id=\"Anwendungsgebiete\"><\/span>Anwendungsgebiete<span class=\"ez-toc-section-end\"><\/span><\/h2>\n<ul data-start=\"920\" data-end=\"1272\">\n<li class=\"\" data-start=\"920\" data-end=\"1034\">\n<p class=\"\" data-start=\"922\" data-end=\"1034\"><strong data-start=\"922\" data-end=\"935\">Rekreativ<\/strong><br data-start=\"935\" data-end=\"938\" \/>\u2013 Kurzfristiger Energieschub, erh\u00f6hte Geselligkeit<br data-start=\"990\" data-end=\"993\" \/>\u2013 Beliebt in Party\u2011 und Clubkontexten<\/p>\n<\/li>\n<li class=\"\" data-start=\"1036\" data-end=\"1180\">\n<p class=\"\" data-start=\"1038\" data-end=\"1180\"><strong data-start=\"1038\" data-end=\"1081\">Medizinisch (historisch und spezifisch)<\/strong><br data-start=\"1081\" data-end=\"1084\" \/>\u2013 Lokalan\u00e4sthetikum bei Nasen\u2011 und Rachenoperationen<br data-start=\"1138\" data-end=\"1141\" \/>\u2013 Gelegentlich in der Zahnheilkunde<\/p>\n<\/li>\n<li class=\"\" data-start=\"1182\" data-end=\"1272\">\n<p class=\"\" data-start=\"1184\" data-end=\"1272\"><strong data-start=\"1184\" data-end=\"1205\">Forschungsans\u00e4tze<\/strong><br data-start=\"1205\" data-end=\"1208\" \/>\u2013 Untersuchung von Dopamin\u2011Systemen in der Neurowissenschaft<\/p>\n<\/li>\n<\/ul>\n<h2 class=\"\" data-start=\"1279\" data-end=\"1317\"><span class=\"ez-toc-section\" id=\"Haufig_gestellte_Fragen_FAQs\"><\/span>H\u00e4ufig gestellte Fragen (FAQs)<span class=\"ez-toc-section-end\"><\/span><\/h2>\n<ol data-start=\"1319\" data-end=\"2203\">\n<li class=\"\" data-start=\"1319\" data-end=\"1505\">\n<p class=\"\" data-start=\"1322\" data-end=\"1505\"><strong data-start=\"1322\" data-end=\"1358\">Wie lange dauert die Wirkung an?<\/strong><br data-start=\"1358\" data-end=\"1361\" \/>\u2013 Intranasal: ca.\u00a030\u201360\u00a0Minuten<br data-start=\"1395\" data-end=\"1398\" \/>\u2013 Oral (Pillen\/Kapseln): 60\u2013120\u00a0Minuten<br data-start=\"1440\" data-end=\"1443\" \/>\u2013 Intraven\u00f6s: 5\u201315\u00a0Minuten (k\u00fcrzere, intensivere Wirkung)<\/p>\n<\/li>\n<li class=\"\" data-start=\"1507\" data-end=\"1664\">\n<p class=\"\" data-start=\"1510\" data-end=\"1664\"><strong data-start=\"1510\" data-end=\"1554\">In welchen Formen ist Kokain erh\u00e4ltlich?<\/strong><br data-start=\"1554\" data-end=\"1557\" \/>\u2013 Pulver (Standard), \u201eCrack\u201c (freebase)<br data-start=\"1599\" data-end=\"1602\" \/>\u2013 Kapseln\/Tabletten (selten), in manchen F\u00e4llen als Paste<\/p>\n<\/li>\n<li class=\"\" data-start=\"1666\" data-end=\"1837\">\n<p class=\"\" data-start=\"1669\" data-end=\"1837\"><strong data-start=\"1669\" data-end=\"1710\">Wie wird es \u00fcblicherweise konsumiert?<\/strong><br data-start=\"1710\" data-end=\"1713\" \/>\u2013 Nasal (Schnupfen)<br data-start=\"1735\" data-end=\"1738\" \/>\u2013 Intraven\u00f6s (schnellster Effekt)<br data-start=\"1774\" data-end=\"1777\" \/>\u2013 Oral (weniger verbreitet, langsamer Wirkungseintritt)<\/p>\n<\/li>\n<li class=\"\" data-start=\"1839\" data-end=\"2000\">\n<p class=\"\" data-start=\"1842\" data-end=\"2000\"><strong data-start=\"1842\" data-end=\"1887\">Welche Dosis erzeugt euphorische Effekte?<\/strong><br data-start=\"1887\" data-end=\"1890\" \/>\u2013 Einsteigerdosis: rund 20\u201330\u00a0mg nasaler Konsum<br data-start=\"1940\" data-end=\"1943\" \/>\u2013 Moderat: 50\u2013100\u00a0mg, je nach individueller Toleranz<\/p>\n<\/li>\n<li class=\"\" data-start=\"2002\" data-end=\"2203\">\n<p class=\"\" data-start=\"2005\" data-end=\"2203\"><strong data-start=\"2005\" data-end=\"2056\">Gibt es Unterschiede zwischen Crack und Pulver?<\/strong><br data-start=\"2056\" data-end=\"2059\" \/>\u2013 Crack verdampft bei hoher Hitze und wirkt schneller, aber k\u00fcrzer<br data-start=\"2128\" data-end=\"2131\" \/>\u2013 Pulver wird meist geschnupft und entfaltet l\u00e4ngere, milde Effekte<\/p>\n<\/li>\n<\/ol>","protected":false},"excerpt":{"rendered":"<p>\u2713Blickdichter und vakuumverpackter Tarnversand<br \/>\n\u4f7f\u7528 Bitcoin \u548c\u9280\u884c\u8f49\u5e33\u533f\u540d\u4ed8\u6b3e<br \/>\n\u2713Kompletter Datenschutz durch Verschl\u00fcsselung<\/p>","protected":false},"featured_media":4659,"comment_status":"open","ping_status":"closed","template":"","meta":[],"product_brand":[],"product_cat":[30],"product_tag":[],"class_list":{"0":"post-4652","1":"product","2":"type-product","3":"status-publish","4":"has-post-thumbnail","6":"product_cat-kokain","7":"sales-flash-overlay","8":"woocommerce-text-align-center","9":"woocommerce-image-align-center","10":"do-quantity-buttons","11":"wc-has-gallery","13":"first","14":"instock","15":"shipping-taxable","16":"purchasable","17":"product-type-variable"},"_links":{"self":[{"href":"https:\/\/xtcdrogenhaus.com\/zh\/wp-json\/wp\/v2\/product\/4652","targetHints":{"allow":["GET"]}}],"collection":[{"href":"https:\/\/xtcdrogenhaus.com\/zh\/wp-json\/wp\/v2\/product"}],"about":[{"href":"https:\/\/xtcdrogenhaus.com\/zh\/wp-json\/wp\/v2\/types\/product"}],"replies":[{"embeddable":true,"href":"https:\/\/xtcdrogenhaus.com\/zh\/wp-json\/wp\/v2\/comments?post=4652"}],"wp:featuredmedia":[{"embeddable":true,"href":"https:\/\/xtcdrogenhaus.com\/zh\/wp-json\/wp\/v2\/media\/4659"}],"wp:attachment":[{"href":"https:\/\/xtcdrogenhaus.com\/zh\/wp-json\/wp\/v2\/media?parent=4652"}],"wp:term":[{"taxonomy":"product_brand","embeddable":true,"href":"https:\/\/xtcdrogenhaus.com\/zh\/wp-json\/wp\/v2\/product_brand?post=4652"},{"taxonomy":"product_cat","embeddable":true,"href":"https:\/\/xtcdrogenhaus.com\/zh\/wp-json\/wp\/v2\/product_cat?post=4652"},{"taxonomy":"product_tag","embeddable":true,"href":"https:\/\/xtcdrogenhaus.com\/zh\/wp-json\/wp\/v2\/product_tag?post=4652"}],"curies":[{"name":"wp","href":"https:\/\/api.w.org\/{rel}","templated":true}]}}