{"id":4804,"date":"2025-04-20T20:09:35","date_gmt":"2025-04-20T20:09:35","guid":{"rendered":"https:\/\/xtcdrogenhaus.com\/?page_id=4804"},"modified":"2025-04-20T20:09:55","modified_gmt":"2025-04-20T20:09:55","slug":"%e4%bb%98%e6%ac%be","status":"publish","type":"page","link":"https:\/\/xtcdrogenhaus.com\/zh\/%e4%bb%98%e6%ac%be\/","title":{"rendered":"\u4ed8\u6b3e\u65b9\u5f0f"},"content":{"rendered":"<div id=\"ez-toc-container\" class=\"ez-toc-v2_0_82_2 counter-hierarchy ez-toc-counter ez-toc-grey ez-toc-container-direction\">\n<div class=\"ez-toc-title-container\">\n<p class=\"ez-toc-title\" style=\"cursor:inherit\">\u76ee\u9304<\/p>\n<span class=\"ez-toc-title-toggle\"><a href=\"#\" class=\"ez-toc-pull-right ez-toc-btn ez-toc-btn-xs ez-toc-btn-default ez-toc-toggle\" aria-label=\"Toggle Table of Content\"><span class=\"ez-toc-js-icon-con\"><span class=\"\"><span class=\"eztoc-hide\" style=\"display:none;\">\u5207\u63db<\/span><span class=\"ez-toc-icon-toggle-span\"><svg style=\"fill: #999;color:#999\" xmlns=\"http:\/\/www.w3.org\/2000\/svg\" class=\"list-377408\" width=\"20px\" height=\"20px\" viewbox=\"0 0 24 24\" fill=\"none\"><path d=\"M6 6H4v2h2V6zm14 0H8v2h12V6zM4 11h2v2H4v-2zm16 0H8v2h12v-2zM4 16h2v2H4v-2zm16 0H8v2h12v-2z\" fill=\"currentColor\"><\/path><\/svg><svg style=\"fill: #999;color:#999\" class=\"arrow-unsorted-368013\" xmlns=\"http:\/\/www.w3.org\/2000\/svg\" width=\"10px\" height=\"10px\" viewbox=\"0 0 24 24\" version=\"1.2\" baseprofile=\"tiny\"><path d=\"M18.2 9.3l-6.2-6.3-6.2 6.3c-.2.2-.3.4-.3.7s.1.5.3.7c.2.2.4.3.7.3h11c.3 0 .5-.1.7-.3.2-.2.3-.5.3-.7s-.1-.5-.3-.7zM5.8 14.7l6.2 6.3 6.2-6.3c.2-.2.3-.5.3-.7s-.1-.5-.3-.7c-.2-.2-.4-.3-.7-.3h-11c-.3 0-.5.1-.7.3-.2.2-.3.5-.3.7s.1.5.3.7z\"\/><\/svg><\/span><\/span><\/span><\/a><\/span><\/div>\n<nav><ul class='ez-toc-list ez-toc-list-level-1' ><li class='ez-toc-page-1 ez-toc-heading-level-1'><a class=\"ez-toc-link ez-toc-heading-1\" href=\"https:\/\/xtcdrogenhaus.com\/zh\/%e4%bb%98%e6%ac%be\/#Xtcdrogenhaus_%E2%80%93_Deine_Adresse_fur_diskrete_Drogenbestellung_in_Europa\" >Xtcdrogenhaus - \u60a8\u5728\u6b50\u6d32\u614e\u91cd\u8a02\u8cfc\u85e5\u7269\u7684\u5730\u5740<\/a><ul class='ez-toc-list-level-2' ><li class='ez-toc-heading-level-2'><a class=\"ez-toc-link ez-toc-heading-2\" href=\"https:\/\/xtcdrogenhaus.com\/zh\/%e4%bb%98%e6%ac%be\/#Warum_Xtcdrogenhaus\" >\u70ba\u4f55\u9078\u64c7 Xtcdrug house\uff1f<\/a><\/li><li class='ez-toc-page-1 ez-toc-heading-level-2'><a class=\"ez-toc-link ez-toc-heading-3\" href=\"https:\/\/xtcdrogenhaus.com\/zh\/%e4%bb%98%e6%ac%be\/#Vorteile_von_Kryptowahrungen\" >\u52a0\u5bc6\u8ca8\u5e63\u7684\u512a\u52e2<\/a><ul class='ez-toc-list-level-3' ><li class='ez-toc-heading-level-3'><a class=\"ez-toc-link ez-toc-heading-4\" href=\"https:\/\/xtcdrogenhaus.com\/zh\/%e4%bb%98%e6%ac%be\/#1_Unubertroffene_Privatsphare\" >1. \u7121\u8207\u502b\u6bd4\u7684\u96b1\u79c1<\/a><\/li><li class='ez-toc-page-1 ez-toc-heading-level-3'><a class=\"ez-toc-link ez-toc-heading-5\" href=\"https:\/\/xtcdrogenhaus.com\/zh\/%e4%bb%98%e6%ac%be\/#2_Sekundenschnelle_Bestatigung\" >2. \u5e7e\u79d2\u5167\u78ba\u8a8d<\/a><\/li><li class='ez-toc-page-1 ez-toc-heading-level-3'><a class=\"ez-toc-link ez-toc-heading-6\" href=\"https:\/\/xtcdrogenhaus.com\/zh\/%e4%bb%98%e6%ac%be\/#3_Keine_Grenzen_keine_Gebuhren\" >3. \u7121\u9650\u5236\uff0c\u7121\u8cbb\u7528<\/a><\/li><\/ul><\/li><li class='ez-toc-page-1 ez-toc-heading-level-2'><a class=\"ez-toc-link ez-toc-heading-7\" href=\"https:\/\/xtcdrogenhaus.com\/zh\/%e4%bb%98%e6%ac%be\/#So_startest_du_sicher_mit_Kryptowahrungen\" >\u5982\u4f55\u5b89\u5168\u5730\u958b\u59cb\u4f7f\u7528\u52a0\u5bc6\u8ca8\u5e63<\/a><\/li><li class='ez-toc-page-1 ez-toc-heading-level-2'><a class=\"ez-toc-link ez-toc-heading-8\" href=\"https:\/\/xtcdrogenhaus.com\/zh\/%e4%bb%98%e6%ac%be\/#Alternative_Zahlungsmethoden\" >\u5176\u4ed6\u4ed8\u6b3e\u65b9\u5f0f<\/a><\/li><li class='ez-toc-page-1 ez-toc-heading-level-2'><a class=\"ez-toc-link ez-toc-heading-9\" href=\"https:\/\/xtcdrogenhaus.com\/zh\/%e4%bb%98%e6%ac%be\/#Haufige_Fragen_FAQ\" >\u5e38\u898b\u554f\u984c (FAQ)<\/a><\/li><li class='ez-toc-page-1 ez-toc-heading-level-2'><a class=\"ez-toc-link ez-toc-heading-10\" href=\"https:\/\/xtcdrogenhaus.com\/zh\/%e4%bb%98%e6%ac%be\/#Dein_diskretes_Einkaufserlebnis\" >\u60a8\u7684\u8b39\u614e\u8cfc\u7269\u9ad4\u9a57<\/a><\/li><\/ul><\/li><\/ul><\/nav><\/div>\n<h1 class=\"wp-block-heading\"><span class=\"ez-toc-section\" id=\"Xtcdrogenhaus_%E2%80%93_Deine_Adresse_fur_diskrete_Drogenbestellung_in_Europa\"><\/span>Xtcdrogenhaus - \u60a8\u5728\u6b50\u6d32\u614e\u91cd\u8a02\u8cfc\u85e5\u7269\u7684\u5730\u5740<span class=\"ez-toc-section-end\"><\/span><\/h1>\n\n\n\n<p>\u8207 <strong>Xtcdrug house<\/strong> \u6211\u5011\u70ba\u7dda\u4e0a\u85e5\u7269\u4ea4\u6613\u7684\u4fbf\u5229\u6027\u548c\u4fdd\u5bc6\u6027\u8a2d\u5b9a\u4e86\u65b0\u6a19\u6e96\u3002\u7121\u8ad6\u60a8\u662f\u5927\u5b97\u8cb7\u5bb6\u9084\u662f\u9996\u6b21\u8cb7\u5bb6 - \u6211\u5011\u90fd\u80fd\u70ba\u60a8\u63d0\u4f9b\uff1a<\/p>\n\n\n\n<ul class=\"wp-block-list\">\n<li><strong>\u7d55\u5c0d\u914c\u60c5\u6b0a<\/strong> \u900f\u904e\u73fe\u4ee3\u52a0\u5bc6\u8ca8\u5e63\u89e3\u6c7a\u65b9\u6848<\/li>\n\n\n\n<li><strong>\u5feb\u901f\u8655\u7406<\/strong>\u5e7e\u5206\u9418\u5167\u78ba\u8a8d<\/li>\n\n\n\n<li><strong>\u5168\u6b50\u6d32\u9001\u8ca8<\/strong> \u7121\u8ca8\u5e63\u969c\u7919<\/li>\n<\/ul>\n\n\n\n<hr class=\"wp-block-separator has-alpha-channel-opacity\"\/>\n\n\n\n<h2 class=\"wp-block-heading\"><span class=\"ez-toc-section\" id=\"Warum_Xtcdrogenhaus\"><\/span>\u70ba\u4f55\u9078\u64c7 Xtcdrug house\uff1f<span class=\"ez-toc-section-end\"><\/span><\/h2>\n\n\n\n<ol class=\"wp-block-list\">\n<li><strong>\u7c21\u55ae\u4e14\u533f\u540d<\/strong><br>\u6211\u5011\u7684 Bitcoin\u3001Monero &amp; Co. \u652f\u4ed8\u89e3\u6c7a\u65b9\u6848\u4e0d\u6703\u7559\u4e0b\u4efb\u4f55\u500b\u4eba\u8de1\u8c61\u3002\u5f9e\u8a02\u55ae\u5230\u4ea4\u4ed8\uff0c\u60a8\u7684\u8eab\u4efd\u4e00\u76f4\u53d7\u5230\u4fdd\u8b77\u3002<\/li>\n\n\n\n<li><strong>\u6700\u9ad8\u5b89\u5168\u6027<\/strong><br>\u7aef\u5c0d\u7aef\u52a0\u5bc6\u548c\u7d93\u904e\u9a57\u8b49\u7684\u914d\u9001\u5925\u4f34\u4fdd\u8b49\u60a8\u7684\u5305\u88f9\u5b89\u5168\u533f\u540d\u9001\u9054\u3002<\/li>\n\n\n\n<li><strong>\u5168\u5929\u5019\u652f\u63f4<\/strong><br>\u6211\u5011\u6703\u8aaa\u5fb7\u8a9e\u7684\u5ba2\u6236\u670d\u52d9\u4eba\u54e1\u5168\u5929\u5019\u70ba\u60a8\u670d\u52d9 - \u89e3\u7b54\u6709\u95dc\u8a02\u8cfc\u3001\u4ed8\u6b3e\u6216\u9001\u8ca8\u7684\u554f\u984c\u3002<\/li>\n<\/ol>\n\n\n\n<hr class=\"wp-block-separator has-alpha-channel-opacity\"\/>\n\n\n\n<h2 class=\"wp-block-heading\"><span class=\"ez-toc-section\" id=\"Vorteile_von_Kryptowahrungen\"><\/span>\u52a0\u5bc6\u8ca8\u5e63\u7684\u512a\u52e2<span class=\"ez-toc-section-end\"><\/span><\/h2>\n\n\n\n<h3 class=\"wp-block-heading\"><span class=\"ez-toc-section\" id=\"1_Unubertroffene_Privatsphare\"><\/span>1. \u7121\u8207\u502b\u6bd4\u7684\u96b1\u79c1<span class=\"ez-toc-section-end\"><\/span><\/h3>\n\n\n\n<p>\u52a0\u5bc6\u4ea4\u6613\u4e0d\u6703\u7559\u4e0b\u4efb\u4f55\u9280\u884c\u8cc7\u6599\u3002\u56e0\u6b64\uff0c\u60a8\u53ef\u4ee5\u4fdd\u6301\u5b8c\u5168\u533f\u540d\u3002<\/p>\n\n\n\n<h3 class=\"wp-block-heading\"><span class=\"ez-toc-section\" id=\"2_Sekundenschnelle_Bestatigung\"><\/span>2. \u5e7e\u79d2\u5167\u78ba\u8a8d<span class=\"ez-toc-section-end\"><\/span><\/h3>\n\n\n\n<p>\u5fd8\u8a18\u6f2b\u9577\u7684\u7b49\u5f85\u6642\u9593\uff1a\u4f7f\u7528 Bitcoin &amp; Co.\uff0c\u60a8\u7684\u4ed8\u6b3e\u6703\u5728\u5e7e\u5206\u9418\u5167\u78ba\u8a8d\u3002<\/p>\n\n\n\n<h3 class=\"wp-block-heading\"><span class=\"ez-toc-section\" id=\"3_Keine_Grenzen_keine_Gebuhren\"><\/span>3. \u7121\u9650\u5236\uff0c\u7121\u8cbb\u7528<span class=\"ez-toc-section-end\"><\/span><\/h3>\n\n\n\n<p>\u76f4\u63a5\u5f9e\u60a8\u7684\u9322\u5305\u4ed8\u6b3e\uff0c\u7121\u9700\u514c\u63db\u8cbb\u7528 - \u5728\u6b50\u6d32\u4efb\u4f55\u5730\u65b9\uff0c\u4efb\u4f55\u6642\u9593\u3002<\/p>\n\n\n\n<hr class=\"wp-block-separator has-alpha-channel-opacity\"\/>\n\n\n\n<h2 class=\"wp-block-heading\"><span class=\"ez-toc-section\" id=\"So_startest_du_sicher_mit_Kryptowahrungen\"><\/span>\u5982\u4f55\u5b89\u5168\u5730\u958b\u59cb\u4f7f\u7528\u52a0\u5bc6\u8ca8\u5e63<span class=\"ez-toc-section-end\"><\/span><\/h2>\n\n\n\n<ol class=\"wp-block-list\">\n<li><strong>\u5728\u503c\u5f97\u4fe1\u8cf4\u7684\u4ea4\u6613\u6240\u8a3b\u518a\uff1a<\/strong>\n<ul class=\"wp-block-list\">\n<li><strong>\u516b\u9054\u901a<\/strong>\u9069\u5408\u521d\u5b78\u8005\u7684\u76f4\u89ba\u5f0f\u4ecb\u9762<\/li>\n\n\n\n<li><strong>\u4f4d\u5143\u6233\u8a18<\/strong>\u9010\u6b65\u8aaa\u660e<\/li>\n\n\n\n<li><strong>Binance<\/strong>: \u7d93\u9a57\u8c50\u5bcc\u7684\u4ea4\u6613\u54e1\u8cbb\u7528\u4f4e\u5ec9<\/li>\n<\/ul>\n<\/li>\n\n\n\n<li><strong>\u5728\u52a0\u5bc6\u81ea\u52d5\u63d0\u6b3e\u6a5f\u4e0a\u533f\u540d\u8cfc\u8cb7\uff1a<\/strong><br>\u5c0b\u627e\u60a8\u9644\u8fd1\u7684\u81ea\u52d5\u6ac3\u54e1\u6a5f <a class=\"\" href=\"https:\/\/www.cryptomap.io\" target=\"_blank\" rel=\"noopener\">\u52a0\u5bc6\u5730\u5716<\/a> \u4e26\u5c07\u73fe\u91d1\u514c\u63db\u70ba\u52a0\u5bc6\u8ca8\u5e63 - \u7121\u9700\u8a3b\u518a\u3002<\/li>\n<\/ol>\n\n\n\n<hr class=\"wp-block-separator has-alpha-channel-opacity\"\/>\n\n\n\n<h2 class=\"wp-block-heading\"><span class=\"ez-toc-section\" id=\"Alternative_Zahlungsmethoden\"><\/span>\u5176\u4ed6\u4ed8\u6b3e\u65b9\u5f0f<span class=\"ez-toc-section-end\"><\/span><\/h2>\n\n\n\n<blockquote class=\"wp-block-quote is-layout-flow wp-block-quote-is-layout-flow\">\n<p><em>\u8acb\u6ce8\u610f\uff1a<\/em> \u70ba\u4e86\u7372\u5f97\u6700\u9ad8\u7684\u901f\u5ea6\u548c\u533f\u540d\u6027\uff0c\u6211\u5011\u7e7c\u7e8c\u63a8\u85a6\u52a0\u5bc6\u8ca8\u5e63\u3002<\/p>\n<\/blockquote>\n\n\n\n<figure class=\"wp-block-table\"><table class=\"has-fixed-layout\"><thead><tr><th>\u4ed8\u6b3e\u65b9\u5f0f<\/th><th>\u512a\u52e2<\/th><th>\u7f3a\u9ede<\/th><\/tr><\/thead><tbody><tr><td><strong>\u9280\u884c\u8f49\u5e33<\/strong><\/td><td>\u5ee3\u6cdb\u4f7f\u7528<\/td><td>\u7de9\u6162\uff0c\u8207\u500b\u4eba\u5e33\u6236\u9023\u7d50<\/td><\/tr><tr><td><strong>\u96fb\u5b50\u9322\u5305\uff08PayPal\u3001Skrill\uff09<\/strong><\/td><td>\u5feb\u901f\u65b9\u4fbf<\/td><td>\u6709\u9650\u7684\u96b1\u79c1\u6b0a\u3001\u7b2c\u4e09\u65b9\u4f9b\u61c9\u5546\u63a7\u5236<\/td><\/tr><\/tbody><\/table><\/figure>\n\n\n\n<hr class=\"wp-block-separator has-alpha-channel-opacity\"\/>\n\n\n\n<h2 class=\"wp-block-heading\"><span class=\"ez-toc-section\" id=\"Haufige_Fragen_FAQ\"><\/span>\u5e38\u898b\u554f\u984c (FAQ)<span class=\"ez-toc-section-end\"><\/span><\/h2>\n\n\n\n<p><strong>1 \u70ba\u4f55\u9078\u64c7\u52a0\u5bc6\u8ca8\u5e63\u800c\u975e\u50b3\u7d71\u65b9\u6cd5\uff1f<\/strong><br>\u52a0\u5bc6\u8ca8\u5e63\u70ba\u60a8\u7684\u8cc7\u6599\u63d0\u4f9b\u6700\u4f73\u4fdd\u8b77 - \u5feb\u901f\u3001\u5b89\u5168\u4e14\u533f\u540d\u3002<\/p>\n\n\n\n<p><strong>2 \u521d\u5b78\u8005\u5982\u4f55\u8cfc\u8cb7\u52a0\u5bc6\u8ca8\u5e63\uff1f<\/strong><br>\u4f7f\u7528 Kraken \u6216 Bitstamp \u7b49\u4ea4\u6613\u6240\u9032\u884c\u9996\u6b21\u8cfc\u8cb7\u3002\u4f7f\u7528 CryptoMap\uff0c\u60a8\u53ef\u4ee5\u5728 ATM \u4e0a\u514c\u63db\u73fe\u91d1\u3002<\/p>\n\n\n\n<p><strong>3. \u53e6\u985e\u4ed8\u6b3e\u771f\u7684\u662f\u533f\u540d\u7684\u55ce\uff1f<\/strong><br>\u9280\u884c\u8f49\u5e33\u548c\u96fb\u5b50\u9322\u5305\u53ef\u80fd\u6703\u900f\u9732\u500b\u4eba\u8cc7\u6599\u3002<\/p>\n\n\n\n<hr class=\"wp-block-separator has-alpha-channel-opacity\"\/>\n\n\n\n<h2 class=\"wp-block-heading\"><span class=\"ez-toc-section\" id=\"Dein_diskretes_Einkaufserlebnis\"><\/span>\u60a8\u7684\u8b39\u614e\u8cfc\u7269\u9ad4\u9a57<span class=\"ez-toc-section-end\"><\/span><\/h2>\n\n\n\n<p>\u8207 <strong>Xtcdrug house<\/strong> \u60a8\u9078\u64c7\u7684\u662f\u5275\u65b0\u3001\u5b89\u5168\u548c\u4fe1\u4efb\u3002\u7acb\u5373\u9ad4\u9a57\uff1a<\/p>\n\n\n\n<ul class=\"wp-block-list\">\n<li><strong>\u7121\u58d3\u529b\u8a02\u8cfc<\/strong><\/li>\n\n\n\n<li><strong>\u533f\u540d\u4ed8\u6b3e<\/strong> \u4f5c\u8005\uff1acrypto<\/li>\n\n\n\n<li><strong>\u5feb\u905e<\/strong> \u5168\u6b50\u6d32<\/li>\n<\/ul>\n\n\n\n<p><strong>\u6709\u554f\u984c\u55ce\uff1f<\/strong> \u6211\u5011\u7684\u652f\u63f4\u5718\u968a\u5168\u5929\u5019\u70ba\u60a8\u670d\u52d9\u3002<br><strong>\u7acb\u5373\u533f\u540d\u767c\u73fe\u548c\u8a02\u8cfc\uff01<\/strong><\/p>","protected":false},"excerpt":{"rendered":"<p>Xtcdrogenhaus \u2013 Deine Adresse f\u00fcr diskrete Drogenbestellung in Europa Bei Xtcdrogenhaus setzen wir neue Ma\u00dfst\u00e4be f\u00fcr Bequemlichkeit und Vertraulichkeit im Online-Drogenhandel. Ob &#8230; <a title=\"\u4ed8\u6b3e\u65b9\u5f0f\" class=\"read-more\" href=\"https:\/\/xtcdrogenhaus.com\/zh\/%e4%bb%98%e6%ac%be\/\" aria-label=\"Read more about Zahlung\">Read more<\/a><\/p>","protected":false},"author":1,"featured_media":0,"parent":0,"menu_order":0,"comment_status":"closed","ping_status":"closed","template":"","meta":{"footnotes":""},"class_list":["post-4804","page","type-page","status-publish"],"_links":{"self":[{"href":"https:\/\/xtcdrogenhaus.com\/zh\/wp-json\/wp\/v2\/pages\/4804","targetHints":{"allow":["GET"]}}],"collection":[{"href":"https:\/\/xtcdrogenhaus.com\/zh\/wp-json\/wp\/v2\/pages"}],"about":[{"href":"https:\/\/xtcdrogenhaus.com\/zh\/wp-json\/wp\/v2\/types\/page"}],"author":[{"embeddable":true,"href":"https:\/\/xtcdrogenhaus.com\/zh\/wp-json\/wp\/v2\/users\/1"}],"replies":[{"embeddable":true,"href":"https:\/\/xtcdrogenhaus.com\/zh\/wp-json\/wp\/v2\/comments?post=4804"}],"version-history":[{"count":1,"href":"https:\/\/xtcdrogenhaus.com\/zh\/wp-json\/wp\/v2\/pages\/4804\/revisions"}],"predecessor-version":[{"id":4805,"href":"https:\/\/xtcdrogenhaus.com\/zh\/wp-json\/wp\/v2\/pages\/4804\/revisions\/4805"}],"wp:attachment":[{"href":"https:\/\/xtcdrogenhaus.com\/zh\/wp-json\/wp\/v2\/media?parent=4804"}],"curies":[{"name":"wp","href":"https:\/\/api.w.org\/{rel}","templated":true}]}}