{"id":3589,"date":"2021-01-30T19:30:13","date_gmt":"2021-01-30T19:30:13","guid":{"rendered":"https:\/\/sites.generatepress.com\/shop\/?page_id=3589"},"modified":"2025-06-06T14:26:07","modified_gmt":"2025-06-06T14:26:07","slug":"intern-drogen-frankfurt-kontakt","status":"publish","type":"page","link":"https:\/\/xtcdrogenhaus.com\/zh\/intern-drogen-frankfurt-kontakt\/","title":{"rendered":"\u806f\u7d61\u6211\u5011"},"content":{"rendered":"<div class=\"gb-element-f146fba8\">\n<div class=\"gb-element-1c401b05\">\n<div class=\"gb-element-1b2713f2\">\n<div class=\"gb-element-15a27611\">\n<div id=\"ez-toc-container\" class=\"ez-toc-v2_0_82_2 counter-hierarchy ez-toc-counter ez-toc-grey ez-toc-container-direction\">\n<div class=\"ez-toc-title-container\">\n<p class=\"ez-toc-title\" style=\"cursor:inherit\">\u76ee\u9304<\/p>\n<span class=\"ez-toc-title-toggle\"><a href=\"#\" class=\"ez-toc-pull-right ez-toc-btn ez-toc-btn-xs ez-toc-btn-default ez-toc-toggle\" aria-label=\"Toggle Table of Content\"><span class=\"ez-toc-js-icon-con\"><span class=\"\"><span class=\"eztoc-hide\" style=\"display:none;\">\u5207\u63db<\/span><span class=\"ez-toc-icon-toggle-span\"><svg style=\"fill: #999;color:#999\" xmlns=\"http:\/\/www.w3.org\/2000\/svg\" class=\"list-377408\" width=\"20px\" height=\"20px\" viewbox=\"0 0 24 24\" fill=\"none\"><path d=\"M6 6H4v2h2V6zm14 0H8v2h12V6zM4 11h2v2H4v-2zm16 0H8v2h12v-2zM4 16h2v2H4v-2zm16 0H8v2h12v-2z\" fill=\"currentColor\"><\/path><\/svg><svg style=\"fill: #999;color:#999\" class=\"arrow-unsorted-368013\" xmlns=\"http:\/\/www.w3.org\/2000\/svg\" width=\"10px\" height=\"10px\" viewbox=\"0 0 24 24\" version=\"1.2\" baseprofile=\"tiny\"><path d=\"M18.2 9.3l-6.2-6.3-6.2 6.3c-.2.2-.3.4-.3.7s.1.5.3.7c.2.2.4.3.7.3h11c.3 0 .5-.1.7-.3.2-.2.3-.5.3-.7s-.1-.5-.3-.7zM5.8 14.7l6.2 6.3 6.2-6.3c.2-.2.3-.5.3-.7s-.1-.5-.3-.7c-.2-.2-.4-.3-.7-.3h-11c-.3 0-.5.1-.7.3-.2.2-.3.5-.3.7s.1.5.3.7z\"\/><\/svg><\/span><\/span><\/span><\/a><\/span><\/div>\n<nav><ul class='ez-toc-list ez-toc-list-level-1' ><li class='ez-toc-page-1 ez-toc-heading-level-2'><a class=\"ez-toc-link ez-toc-heading-1\" href=\"https:\/\/xtcdrogenhaus.com\/zh\/intern-drogen-frankfurt-kontakt\/#Kontaktieren_Sie_Xtcdrogenhaus_oder_senden_Sie_eine_Nachricht\" >Kontaktieren Sie Xtcdrogenhaus oder senden Sie eine Nachricht.<\/a><ul class='ez-toc-list-level-3' ><li class='ez-toc-heading-level-3'><a class=\"ez-toc-link ez-toc-heading-2\" href=\"https:\/\/xtcdrogenhaus.com\/zh\/intern-drogen-frankfurt-kontakt\/#Senden_Sie_uns_eine_Nachricht\" >Senden Sie uns eine Nachricht<\/a><\/li><\/ul><\/li><\/ul><\/nav><\/div>\n<h2 class=\"gb-text\"><span class=\"ez-toc-section\" id=\"Kontaktieren_Sie_Xtcdrogenhaus_oder_senden_Sie_eine_Nachricht\"><\/span><strong><br>Kontaktieren Sie Xtcdrogenhaus oder senden Sie eine Nachricht.<\/strong><span class=\"ez-toc-section-end\"><\/span><\/h2>\n\n\n\n<p>Bei XTCDrogenhaus erhalten Sie hochwertige Forschungschemikalien diskret und zuverl\u00e4ssig. Unser Expertenteam steht bereit, um Sie pers\u00f6nlich zu beraten und ma\u00dfgeschneiderte L\u00f6sungen f\u00fcr Ihr Projekt zu finden. Drogen online kaufen.<\/p>\n\n\n\n<p>Finde hier den direkten Kontakt zum Intern Drogen Frankfurt Team. Schnelle Hilfe, diskrete Kommunikation &amp; verl\u00e4sslicher Support f\u00fcr alle Anfragen.<\/p>\n<\/div>\n<\/div>\n\n\n\n<div class=\"gb-element-9fc3e8d3\">\n<div class=\"gb-element-b201c409\">\n<p class=\"gb-text-c3c92f55\"><span class=\"gb-shape\"><svg xmlns=\"http:\/\/www.w3.org\/2000\/svg\" viewbox=\"0 0 20 24\"><path d=\"M10 24c-.2 0-.4-.1-.6-.2C9.1 23.6 0 17.4 0 10 0 4.5 4.5 0 10 0s10 4.5 10 10c0 7.4-9.1 13.6-9.4 13.8-.2.1-.4.2-.6.2zm0-22c-4.4 0-8 3.6-8 8 0 5.4 6.1 10.4 8 11.8 1.9-1.4 8-6.4 8-11.8 0-4.4-3.6-8-8-8z\"><\/path><path d=\"M10 14c-2.2 0-4-1.8-4-4s1.8-4 4-4 4 1.8 4 4-1.8 4-4 4zm0-6c-1.1 0-2 .9-2 2s.9 2 2 2 2-.9 2-2-.9-2-2-2z\"><\/path><\/svg><\/span><span class=\"gb-text\">Musterstra\u00dfe&nbsp;12, 60322 Frankfurt am&nbsp;Main<\/span><\/p>\n\n\n\n<p class=\"gb-text-30421b69\"><span class=\"gb-shape\"><svg xmlns=\"http:\/\/www.w3.org\/2000\/svg\" viewbox=\"0 0 16 22\"><path d=\"M13 22H3c-1.7 0-3-1.3-3-3V3c0-1.7 1.3-3 3-3h10c1.7 0 3 1.3 3 3v16c0 1.7-1.3 3-3 3zM3 2c-.6 0-1 .4-1 1v16c0 .6.4 1 1 1h10c.6 0 1-.4 1-1V3c0-.6-.4-1-1-1H3z\"><\/path><path d=\"M8 18c-.6 0-1-.4-1-1s.4-1 1-1 1 .4 1 1-.4 1-1 1z\"><\/path><\/svg><\/span><span class=\"gb-text\">Telegram: @drogenlab<br>Email: <a href=\"mailto:drogenhaus@zohomail.com\">drogenhaus@zohomail.com<\/a><\/span><\/p>\n<\/div>\n<\/div>\n<\/div>\n<\/div>\n\n\n\n<div class=\"gb-element-7aacf501\">\n<div class=\"gb-element-fee26305\"><\/div>\n\n\n\n<div class=\"gb-element-dd17db7d\">\n<div class=\"gb-element-1df2c711\">\n<div class=\"gb-element-1f627a5c\">\n<h3 class=\"gb-text gb-text-0ba7455c\"><span class=\"ez-toc-section\" id=\"Senden_Sie_uns_eine_Nachricht\"><\/span>Senden Sie uns eine Nachricht<span class=\"ez-toc-section-end\"><\/span><\/h3>\n\n\n\n<p class=\"gb-text gb-text-249ebdea\">Wir werden innerhalb von 24 Stunden auf Sie zur\u00fcckkommen.<\/p>\n<\/div>\n\n\n\n<div class=\"gb-element-742d3cc9\"><style id=\"wpforms-css-vars-4784-block-223cc334-4219-4cac-8938-2bb931c2c3f7\">\n\t\t\t\t#wpforms-4784.wpforms-block-223cc334-4219-4cac-8938-2bb931c2c3f7 {\n\t\t\t\t--wpforms-label-color: #262626;\n--wpforms-label-sublabel-color: #7f7f7f;\n--wpforms-label-error-color: #ff0000;\n--wpforms-page-break-color: #dddddd;\n--wpforms-field-border-radius: 0px;\n--wpforms-field-border-color: #cccccc;\n--wpforms-field-border-color-spare: #cccccc;\n--wpforms-field-text-color: #444444;\n--wpforms-button-border-style: solid;\n--wpforms-button-border-radius: 0px;\n--wpforms-button-background-color: #dddddd;\n--wpforms-button-text-color: #666666;\n--wpforms-button-border-color: #cccccc;\n--wpforms-field-size-input-height: 43px;\n--wpforms-field-size-input-spacing: 15px;\n--wpforms-field-size-font-size: 16px;\n--wpforms-field-size-line-height: 19px;\n--wpforms-field-size-padding-h: 14px;\n--wpforms-field-size-checkbox-size: 16px;\n--wpforms-field-size-sublabel-spacing: 5px;\n--wpforms-field-size-icon-size: 1;\n--wpforms-label-size-font-size: 16px;\n--wpforms-label-size-line-height: 19px;\n--wpforms-label-size-sublabel-font-size: 14px;\n--wpforms-label-size-sublabel-line-height: 17px;\n--wpforms-button-size-font-size: 17px;\n--wpforms-button-size-height: 41px;\n--wpforms-button-size-padding-h: 15px;\n--wpforms-button-size-margin-top: 10px;\n\t\t\t}\n\t\t\t<\/style><div class=\"wpforms-container wpforms-container-full wpforms-block wpforms-block-223cc334-4219-4cac-8938-2bb931c2c3f7 wpforms-render-modern\" id=\"wpforms-4784\"><form id=\"wpforms-form-4784\" class=\"wpforms-validate wpforms-form wpforms-ajax-form\" data-formid=\"4784\" method=\"post\" enctype=\"multipart\/form-data\" action=\"\/zh\/wp-json\/wp\/v2\/pages\/3589\" data-token=\"cdc8c7c1059a0c2165b1d5bea3de16ad\" data-token-time=\"1776809491\" data-trp-original-action=\"\/zh\/wp-json\/wp\/v2\/pages\/3589\"><noscript class=\"wpforms-error-noscript\">Please enable JavaScript in your browser to complete this form.<\/noscript><div id=\"wpforms-error-noscript\" style=\"display: none;\">Please enable JavaScript in your browser to complete this form.<\/div><div class=\"wpforms-field-container\"><div id=\"wpforms-4784-field_1-container\" class=\"wpforms-field wpforms-field-name\" data-field-id=\"1\"><label class=\"wpforms-field-label\" for=\"wpforms-4784-field_1\">Name <span class=\"wpforms-required-label\" aria-hidden=\"true\">*<\/span><\/label><input type=\"text\" id=\"wpforms-4784-field_1\" class=\"wpforms-field-large wpforms-field-required\" name=\"wpforms[fields][1]\" aria-errormessage=\"wpforms-4784-field_1-error\" required><\/div><div id=\"wpforms-4784-field_4-container\" class=\"wpforms-field wpforms-field-number\" data-field-id=\"4\"><label class=\"wpforms-field-label\" for=\"wpforms-4784-field_4\">Telefon<\/label><input type=\"number\" id=\"wpforms-4784-field_4\" class=\"wpforms-field-large\" name=\"wpforms[fields][4]\" step=\"any\" aria-errormessage=\"wpforms-4784-field_4-error\" ><\/div><div id=\"wpforms-4784-field_2-container\" class=\"wpforms-field wpforms-field-email\" data-field-id=\"2\"><label class=\"wpforms-field-label\" for=\"wpforms-4784-field_2\">E-Mail <span class=\"wpforms-required-label\" aria-hidden=\"true\">*<\/span><\/label><input type=\"email\" id=\"wpforms-4784-field_2\" class=\"wpforms-field-large wpforms-field-required\" name=\"wpforms[fields][2]\" spellcheck=\"false\" aria-errormessage=\"wpforms-4784-field_2-error\" required><\/div>\t\t<div id=\"wpforms-4784-field_5-container\"\n\t\t\tclass=\"wpforms-field wpforms-field-text\"\n\t\t\tdata-field-type=\"text\"\n\t\t\tdata-field-id=\"5\"\n\t\t\t>\n\t\t\t<label class=\"wpforms-field-label\" for=\"wpforms-4784-field_5\" >E-Mail Nachricht Name<\/label>\n\t\t\t<input type=\"text\" id=\"wpforms-4784-field_5\" class=\"wpforms-field-medium\" name=\"wpforms[fields][5]\" >\n\t\t<\/div>\n\t\t<div id=\"wpforms-4784-field_3-container\" class=\"wpforms-field wpforms-field-textarea\" data-field-id=\"3\"><label class=\"wpforms-field-label\" for=\"wpforms-4784-field_3\">Nachricht<\/label><textarea id=\"wpforms-4784-field_3\" class=\"wpforms-field-medium\" name=\"wpforms[fields][3]\" aria-errormessage=\"wpforms-4784-field_3-error\" ><\/textarea><\/div><script>\n\t\t\t\t( function() {\n\t\t\t\t\tconst style = document.createElement( 'style' );\n\t\t\t\t\tstyle.appendChild( document.createTextNode( '#wpforms-4784-field_5-container { position: absolute !important; overflow: hidden !important; display: inline !important; height: 1px !important; width: 1px !important; z-index: -1000 !important; padding: 0 !important; } #wpforms-4784-field_5-container input { visibility: hidden; } #wpforms-conversational-form-page #wpforms-4784-field_5-container label { counter-increment: none; }' ) );\n\t\t\t\t\tdocument.head.appendChild( style );\n\t\t\t\t\tdocument.currentScript?.remove();\n\t\t\t\t} )();\n\t\t\t<\/script><\/div><!-- .wpforms-field-container --><div class=\"wpforms-submit-container\" ><input type=\"hidden\" name=\"wpforms[id]\" value=\"4784\"><input type=\"hidden\" name=\"page_title\" value=\"\"><input type=\"hidden\" name=\"page_url\" value=\"https:\/\/xtcdrogenhaus.com\/zh\/wp-json\/wp\/v2\/pages\/3589\"><input type=\"hidden\" name=\"url_referer\" value=\"\"><button type=\"submit\" name=\"wpforms[submit]\" id=\"wpforms-submit-4784\" class=\"wpforms-submit\" data-alt-text=\"Senden...\" data-submit-text=\"Senden Sie\" aria-live=\"assertive\" value=\"wpforms-submit\">Senden Sie<\/button><img loading=\"lazy\" decoding=\"async\" src=\"https:\/\/xtcdrogenhaus.com\/wp-content\/plugins\/wpforms-lite\/assets\/images\/submit-spin.svg\" class=\"wpforms-submit-spinner\" style=\"display: none;\" width=\"26\" height=\"26\" alt=\"Loading\"><\/div><input type=\"hidden\" name=\"trp-form-language\" value=\"zh\"\/><\/form><\/div>  <!-- .wpforms-container --><\/div>\n<\/div>\n<\/div>\n<\/div>","protected":false},"excerpt":{"rendered":"<p>Kontaktieren Sie Xtcdrogenhaus oder senden Sie eine Nachricht. Bei XTCDrogenhaus erhalten Sie hochwertige Forschungschemikalien diskret und zuverl\u00e4ssig. Unser Expertenteam steht bereit, um &#8230; <a title=\"\u806f\u7d61\u6211\u5011\" class=\"read-more\" href=\"https:\/\/xtcdrogenhaus.com\/zh\/intern-drogen-frankfurt-kontakt\/\" aria-label=\"Read more about Kontakt\">Read more<\/a><\/p>","protected":false},"author":1,"featured_media":0,"parent":0,"menu_order":0,"comment_status":"closed","ping_status":"closed","template":"","meta":{"footnotes":""},"class_list":["post-3589","page","type-page","status-publish"],"_links":{"self":[{"href":"https:\/\/xtcdrogenhaus.com\/zh\/wp-json\/wp\/v2\/pages\/3589","targetHints":{"allow":["GET"]}}],"collection":[{"href":"https:\/\/xtcdrogenhaus.com\/zh\/wp-json\/wp\/v2\/pages"}],"about":[{"href":"https:\/\/xtcdrogenhaus.com\/zh\/wp-json\/wp\/v2\/types\/page"}],"author":[{"embeddable":true,"href":"https:\/\/xtcdrogenhaus.com\/zh\/wp-json\/wp\/v2\/users\/1"}],"replies":[{"embeddable":true,"href":"https:\/\/xtcdrogenhaus.com\/zh\/wp-json\/wp\/v2\/comments?post=3589"}],"version-history":[{"count":7,"href":"https:\/\/xtcdrogenhaus.com\/zh\/wp-json\/wp\/v2\/pages\/3589\/revisions"}],"predecessor-version":[{"id":4903,"href":"https:\/\/xtcdrogenhaus.com\/zh\/wp-json\/wp\/v2\/pages\/3589\/revisions\/4903"}],"wp:attachment":[{"href":"https:\/\/xtcdrogenhaus.com\/zh\/wp-json\/wp\/v2\/media?parent=3589"}],"curies":[{"name":"wp","href":"https:\/\/api.w.org\/{rel}","templated":true}]}}