{"id":4682,"date":"2025-04-20T06:52:59","date_gmt":"2025-04-20T06:52:59","guid":{"rendered":"https:\/\/xtcdrogenhaus.com\/?post_type=product&#038;p=4682"},"modified":"2026-05-03T15:52:12","modified_gmt":"2026-05-03T15:52:12","slug":"ecstasy","status":"publish","type":"product","link":"https:\/\/xtcdrogenhaus.com\/sv\/produkt-2\/ecstasy\/","title":{"rendered":"Ecstasy"},"content":{"rendered":"<div id=\"ez-toc-container\" class=\"ez-toc-v2_0_82_2 counter-hierarchy ez-toc-counter ez-toc-grey ez-toc-container-direction\">\n<div class=\"ez-toc-title-container\">\n<p class=\"ez-toc-title\" style=\"cursor:inherit\">Inneh\u00e5llsf\u00f6rteckning<\/p>\n<span class=\"ez-toc-title-toggle\"><a href=\"#\" class=\"ez-toc-pull-right ez-toc-btn ez-toc-btn-xs ez-toc-btn-default ez-toc-toggle\" aria-label=\"Toggle Table of Content\"><span class=\"ez-toc-js-icon-con\"><span class=\"\"><span class=\"eztoc-hide\" style=\"display:none;\">Toggle<\/span><span class=\"ez-toc-icon-toggle-span\"><svg style=\"fill: #999;color:#999\" xmlns=\"http:\/\/www.w3.org\/2000\/svg\" class=\"list-377408\" width=\"20px\" height=\"20px\" viewbox=\"0 0 24 24\" fill=\"none\"><path d=\"M6 6H4v2h2V6zm14 0H8v2h12V6zM4 11h2v2H4v-2zm16 0H8v2h12v-2zM4 16h2v2H4v-2zm16 0H8v2h12v-2z\" fill=\"currentColor\"><\/path><\/svg><svg style=\"fill: #999;color:#999\" class=\"arrow-unsorted-368013\" xmlns=\"http:\/\/www.w3.org\/2000\/svg\" width=\"10px\" height=\"10px\" viewbox=\"0 0 24 24\" version=\"1.2\" baseprofile=\"tiny\"><path d=\"M18.2 9.3l-6.2-6.3-6.2 6.3c-.2.2-.3.4-.3.7s.1.5.3.7c.2.2.4.3.7.3h11c.3 0 .5-.1.7-.3.2-.2.3-.5.3-.7s-.1-.5-.3-.7zM5.8 14.7l6.2 6.3 6.2-6.3c.2-.2.3-.5.3-.7s-.1-.5-.3-.7c-.2-.2-.4-.3-.7-.3h-11c-.3 0-.5.1-.7.3-.2.2-.3.5-.3.7s.1.5.3.7z\"\/><\/svg><\/span><\/span><\/span><\/a><\/span><\/div>\n<nav><ul class='ez-toc-list ez-toc-list-level-1' ><li class='ez-toc-page-1 ez-toc-heading-level-1'><a class=\"ez-toc-link ez-toc-heading-1\" href=\"https:\/\/xtcdrogenhaus.com\/sv\/produkt-2\/ecstasy\/#Ecstasy_kaufen_%E2%80%93_Fur_intensive_Erlebnisse_emotionale_Tiefe\" >K\u00f6p ecstasy - F\u00f6r intensiva upplevelser och k\u00e4nslom\u00e4ssigt djup<\/a><ul class='ez-toc-list-level-3' ><li class='ez-toc-heading-level-3'><ul class='ez-toc-list-level-3' ><li class='ez-toc-heading-level-3'><a class=\"ez-toc-link ez-toc-heading-2\" href=\"https:\/\/xtcdrogenhaus.com\/sv\/produkt-2\/ecstasy\/#Was_ist_Ecstasy\" >Vad \u00e4r ecstasy?<\/a><\/li><li class='ez-toc-page-1 ez-toc-heading-level-3'><a class=\"ez-toc-link ez-toc-heading-3\" href=\"https:\/\/xtcdrogenhaus.com\/sv\/produkt-2\/ecstasy\/#Vorteile_von_Ecstasy\" >F\u00f6rdelar med ecstasy<\/a><\/li><li class='ez-toc-page-1 ez-toc-heading-level-3'><a class=\"ez-toc-link ez-toc-heading-4\" href=\"https:\/\/xtcdrogenhaus.com\/sv\/produkt-2\/ecstasy\/#Anwendung_Dosierung\" >Till\u00e4mpning och dosering<\/a><\/li><li class='ez-toc-page-1 ez-toc-heading-level-3'><a class=\"ez-toc-link ez-toc-heading-5\" href=\"https:\/\/xtcdrogenhaus.com\/sv\/produkt-2\/ecstasy\/#Tipps_fur_eine_gute_Erfahrung\" >Tips f\u00f6r en bra upplevelse<\/a><\/li><li class='ez-toc-page-1 ez-toc-heading-level-3'><a class=\"ez-toc-link ez-toc-heading-6\" href=\"https:\/\/xtcdrogenhaus.com\/sv\/produkt-2\/ecstasy\/#FAQs_%E2%80%93_Haufig_gestellte_Fragen\" >Vanliga fr\u00e5gor - Vanliga fr\u00e5gor och svar<\/a><\/li><li class='ez-toc-page-1 ez-toc-heading-level-3'><a class=\"ez-toc-link ez-toc-heading-7\" href=\"https:\/\/xtcdrogenhaus.com\/sv\/produkt-2\/ecstasy\/#Fazit\" >Slutsats<\/a><\/li><\/ul><\/li><\/ul><\/li><\/ul><\/nav><\/div>\n<h1 data-start=\"220\" data-end=\"288\"><span class=\"ez-toc-section\" id=\"Ecstasy_kaufen_%E2%80%93_Fur_intensive_Erlebnisse_emotionale_Tiefe\"><\/span><strong data-start=\"224\" data-end=\"288\">K\u00f6p ecstasy - F\u00f6r intensiva upplevelser och k\u00e4nslom\u00e4ssigt djup<\/strong><span class=\"ez-toc-section-end\"><\/span><\/h1>\n<p class=\"\" data-start=\"290\" data-end=\"568\">Ecstasy (\u00e4ven k\u00e4nt som MDMA) \u00e4r en popul\u00e4r substans som v\u00e4rderas f\u00f6r sina intensiva k\u00e4nslom\u00e4ssiga, sociala och sensoriska effekter. Oavsett om det g\u00e4ller festivaler, intima stunder eller kreativa resor - ecstasy kan utvidga din uppfattning och m\u00f6jligg\u00f6ra nya upplevelser.<\/p>\n<h3 class=\"\" data-start=\"575\" data-end=\"599\"><span class=\"ez-toc-section\" id=\"Was_ist_Ecstasy\"><\/span><strong data-start=\"579\" data-end=\"599\">Vad \u00e4r ecstasy?<\/strong><span class=\"ez-toc-section-end\"><\/span><\/h3>\n<p class=\"\" data-start=\"601\" data-end=\"855\">Ecstasy (MDMA) \u00e4r en aktiv ingrediens som kan \u00f6ka k\u00e4nsloupplevelsen, empatin och energiniv\u00e5n. M\u00e5nga anv\u00e4nder ecstasy f\u00f6r att f\u00e5 en djupare kontakt med sig sj\u00e4lva eller andra och f\u00f6r att uppleva speciella \u00f6gonblick \u00e4nnu mer intensivt.<\/p>\n<h3 class=\"\" data-start=\"862\" data-end=\"890\"><span class=\"ez-toc-section\" id=\"Vorteile_von_Ecstasy\"><\/span><strong data-start=\"866\" data-end=\"890\">F\u00f6rdelar med ecstasy<\/strong><span class=\"ez-toc-section-end\"><\/span><\/h3>\n<ul data-start=\"892\" data-end=\"1257\">\n<li class=\"\" data-start=\"892\" data-end=\"954\">\n<p class=\"\" data-start=\"894\" data-end=\"954\"><strong data-start=\"894\" data-end=\"923\">Eufori och lyckok\u00e4nslor:<\/strong> H\u00f6jer hum\u00f6ret m\u00e4rkbart<\/p>\n<\/li>\n<li class=\"\" data-start=\"955\" data-end=\"1015\">\n<p class=\"\" data-start=\"957\" data-end=\"1015\"><strong data-start=\"957\" data-end=\"975\">Mer empati:<\/strong> Fr\u00e4mjar n\u00e4rhet, f\u00f6rtroende och \u00f6ppenhet<\/p>\n<\/li>\n<li class=\"\" data-start=\"1016\" data-end=\"1090\">\n<p class=\"\" data-start=\"1018\" data-end=\"1090\"><strong data-start=\"1018\" data-end=\"1040\">Sensoriskt djup:<\/strong> F\u00e4rger, musik och ber\u00f6ring blir mer intensiva<\/p>\n<\/li>\n<li class=\"\" data-start=\"1091\" data-end=\"1171\">\n<p class=\"\" data-start=\"1093\" data-end=\"1171\"><strong data-start=\"1093\" data-end=\"1118\">Energi och motivation:<\/strong> Idealisk f\u00f6r dans, fester eller kreativa aktiviteter<\/p>\n<\/li>\n<li class=\"\" data-start=\"1172\" data-end=\"1257\">\n<p class=\"\" data-start=\"1174\" data-end=\"1257\"><strong data-start=\"1174\" data-end=\"1200\">K\u00e4nslom\u00e4ssig koppling:<\/strong> St\u00f6djer djupa konversationer och personliga insikter<\/p>\n<\/li>\n<\/ul>\n<h3 class=\"\" data-start=\"1264\" data-end=\"1293\"><span class=\"ez-toc-section\" id=\"Anwendung_Dosierung\"><\/span><strong data-start=\"1268\" data-end=\"1293\">Till\u00e4mpning och dosering<\/strong><span class=\"ez-toc-section-end\"><\/span><\/h3>\n<p class=\"\" data-start=\"1295\" data-end=\"1316\"><strong data-start=\"1295\" data-end=\"1316\">Rekommenderad dos:<\/strong><\/p>\n<ul data-start=\"1317\" data-end=\"1407\">\n<li class=\"\" data-start=\"1317\" data-end=\"1339\">\n<p class=\"\" data-start=\"1319\" data-end=\"1339\">Nyb\u00f6rjare: 50-75 mg<\/p>\n<\/li>\n<li class=\"\" data-start=\"1340\" data-end=\"1371\">\n<p class=\"\" data-start=\"1342\" data-end=\"1371\">Avancerad: 75-125 mg<\/p>\n<\/li>\n<li class=\"\" data-start=\"1372\" data-end=\"1407\">\n<p class=\"\" data-start=\"1374\" data-end=\"1407\">Erfarna anv\u00e4ndare: upp till 150 mg<\/p>\n<\/li>\n<\/ul>\n<p class=\"\" data-start=\"1409\" data-end=\"1511\"><strong data-start=\"1409\" data-end=\"1422\">Intag:<\/strong> Oralt intag med vatten<br data-start=\"1448\" data-end=\"1451\" \/><strong data-start=\"1451\" data-end=\"1466\">Start av effekt:<\/strong> 30-45 minuter<br data-start=\"1480\" data-end=\"1483\" \/><strong data-start=\"1483\" data-end=\"1497\">Verkningstid:<\/strong> 3-6 timmar<\/p>\n<h3 class=\"\" data-start=\"1518\" data-end=\"1555\"><span class=\"ez-toc-section\" id=\"Tipps_fur_eine_gute_Erfahrung\"><\/span><strong data-start=\"1522\" data-end=\"1555\">Tips f\u00f6r en bra upplevelse<\/strong><span class=\"ez-toc-section-end\"><\/span><\/h3>\n<ul data-start=\"1557\" data-end=\"1788\">\n<li class=\"\" data-start=\"1557\" data-end=\"1607\">\n<p class=\"\" data-start=\"1559\" data-end=\"1607\">Drick vatten regelbundet (utan att \u00f6verdriva)<\/p>\n<\/li>\n<li class=\"\" data-start=\"1608\" data-end=\"1646\">\n<p class=\"\" data-start=\"1610\" data-end=\"1646\">S\u00e4kerst\u00e4lla en avslappnad milj\u00f6<\/p>\n<\/li>\n<li class=\"\" data-start=\"1647\" data-end=\"1685\">\n<p class=\"\" data-start=\"1649\" data-end=\"1685\">Ta pauser och unna dig en vilopaus<\/p>\n<\/li>\n<li class=\"\" data-start=\"1686\" data-end=\"1736\">\n<p class=\"\" data-start=\"1688\" data-end=\"1736\">Lyssna p\u00e5 din kropp och \u00f6verdriv inte<\/p>\n<\/li>\n<li class=\"\" data-start=\"1737\" data-end=\"1788\">\n<p class=\"\" data-start=\"1739\" data-end=\"1788\">F\u00f6rvara ecstasy p\u00e5 en torr, sval plats utom r\u00e4ckh\u00e5ll f\u00f6r ljus<\/p>\n<\/li>\n<\/ul>\n<h3 class=\"\" data-start=\"1795\" data-end=\"1833\"><span class=\"ez-toc-section\" id=\"FAQs_%E2%80%93_Haufig_gestellte_Fragen\"><\/span><strong data-start=\"1799\" data-end=\"1833\">Vanliga fr\u00e5gor - Vanliga fr\u00e5gor och svar<\/strong><span class=\"ez-toc-section-end\"><\/span><\/h3>\n<p class=\"\" data-start=\"1835\" data-end=\"1922\"><strong data-start=\"1835\" data-end=\"1859\">Vad g\u00f6r ecstasy?<\/strong><br data-start=\"1859\" data-end=\"1862\" \/>\u00d6kad st\u00e4mning, n\u00e4rhet, energi och sinnesintryck.<\/p>\n<p class=\"\" data-start=\"1924\" data-end=\"2025\"><strong data-start=\"1924\" data-end=\"1954\">Hur k\u00e4nns ecstasy?<\/strong><br data-start=\"1954\" data-end=\"1957\" \/>Varm, \u00f6ppen, euforisk - m\u00e5nga upplever den som k\u00e4nslom\u00e4ssigt intensiv.<\/p>\n<p class=\"\" data-start=\"2027\" data-end=\"2126\"><strong data-start=\"2027\" data-end=\"2061\">Hur l\u00e4nge h\u00e5ller effekten i sig?<\/strong><br data-start=\"2061\" data-end=\"2064\" \/>Vanligtvis 3-6 timmar, beroende p\u00e5 dos och \u00e4mnesoms\u00e4ttning.<\/p>\n<p class=\"\" data-start=\"2128\" data-end=\"2244\"><strong data-start=\"2128\" data-end=\"2162\">Hur ska jag f\u00f6rvara ecstasy?<\/strong><br data-start=\"2162\" data-end=\"2165\" \/>F\u00f6rvara p\u00e5 en torr och m\u00f6rk plats, helst i en beh\u00e5llare med lock.<\/p>\n<p class=\"\" data-start=\"2246\" data-end=\"2358\"><strong data-start=\"2246\" data-end=\"2273\">Finns det n\u00e5gra biverkningar?<\/strong><br data-start=\"2273\" data-end=\"2276\" \/>M\u00f6jliga symtom \u00e4r muntorrhet, aptitl\u00f6shet eller l\u00e4tt tandgnissling.<\/p>\n<h3 class=\"\" data-start=\"2365\" data-end=\"2378\"><span class=\"ez-toc-section\" id=\"Fazit\"><\/span><strong data-start=\"2369\" data-end=\"2378\">Slutsats<\/strong><span class=\"ez-toc-section-end\"><\/span><\/h3>\n<p class=\"\" data-start=\"2380\" data-end=\"2633\">Ecstasy erbjuder en speciell m\u00f6jlighet att uppleva k\u00e4nslom\u00e4ssigt djup, eufori och samh\u00f6righet. Perfekt f\u00f6r speciella tillf\u00e4llen, kreativa resor eller stunder av verklig n\u00e4rhet. K\u00f6p Ecstasy och uppt\u00e4ck en ny dimension av k\u00e4nsla och upplevelse.<\/p>","protected":false},"excerpt":{"rendered":"<p>\u2713 Skyddad och vakuumf\u00f6rpackad kamouflagefrakt<br \/>\n\u2713Anonym betalning med Bitcoin och bank\u00f6verf\u00f6ring<br \/>\n\u2713 Fullst\u00e4ndigt dataskydd genom kryptering<\/p>","protected":false},"featured_media":4695,"comment_status":"open","ping_status":"closed","template":"","meta":[],"product_brand":[],"product_cat":[32],"product_tag":[],"class_list":{"0":"post-4682","1":"product","2":"type-product","3":"status-publish","4":"has-post-thumbnail","6":"product_cat-mdma","7":"sales-flash-overlay","8":"woocommerce-text-align-center","9":"woocommerce-image-align-center","10":"do-quantity-buttons","12":"first","13":"instock","14":"shipping-taxable","15":"purchasable","16":"product-type-variable"},"_links":{"self":[{"href":"https:\/\/xtcdrogenhaus.com\/sv\/wp-json\/wp\/v2\/product\/4682","targetHints":{"allow":["GET"]}}],"collection":[{"href":"https:\/\/xtcdrogenhaus.com\/sv\/wp-json\/wp\/v2\/product"}],"about":[{"href":"https:\/\/xtcdrogenhaus.com\/sv\/wp-json\/wp\/v2\/types\/product"}],"replies":[{"embeddable":true,"href":"https:\/\/xtcdrogenhaus.com\/sv\/wp-json\/wp\/v2\/comments?post=4682"}],"wp:featuredmedia":[{"embeddable":true,"href":"https:\/\/xtcdrogenhaus.com\/sv\/wp-json\/wp\/v2\/media\/4695"}],"wp:attachment":[{"href":"https:\/\/xtcdrogenhaus.com\/sv\/wp-json\/wp\/v2\/media?parent=4682"}],"wp:term":[{"taxonomy":"product_brand","embeddable":true,"href":"https:\/\/xtcdrogenhaus.com\/sv\/wp-json\/wp\/v2\/product_brand?post=4682"},{"taxonomy":"product_cat","embeddable":true,"href":"https:\/\/xtcdrogenhaus.com\/sv\/wp-json\/wp\/v2\/product_cat?post=4682"},{"taxonomy":"product_tag","embeddable":true,"href":"https:\/\/xtcdrogenhaus.com\/sv\/wp-json\/wp\/v2\/product_tag?post=4682"}],"curies":[{"name":"wp","href":"https:\/\/api.w.org\/{rel}","templated":true}]}}