{"id":4269,"date":"2021-02-07T17:31:33","date_gmt":"2021-02-07T17:31:33","guid":{"rendered":"https:\/\/sites.generatepress.com\/shop\/?post_type=product&#038;p=4269"},"modified":"2025-06-01T09:50:54","modified_gmt":"2025-06-01T09:50:54","slug":"koepa-amfetamin-online","status":"publish","type":"product","link":"https:\/\/xtcdrogenhaus.com\/sv\/produkt-2\/koepa-amfetamin-online\/","title":{"rendered":"Amfetamin"},"content":{"rendered":"<div id=\"ez-toc-container\" class=\"ez-toc-v2_0_82_2 counter-hierarchy ez-toc-counter ez-toc-grey ez-toc-container-direction\">\n<div class=\"ez-toc-title-container\">\n<p class=\"ez-toc-title\" style=\"cursor:inherit\">Inneh\u00e5llsf\u00f6rteckning<\/p>\n<span class=\"ez-toc-title-toggle\"><a href=\"#\" class=\"ez-toc-pull-right ez-toc-btn ez-toc-btn-xs ez-toc-btn-default ez-toc-toggle\" aria-label=\"Toggle Table of Content\"><span class=\"ez-toc-js-icon-con\"><span class=\"\"><span class=\"eztoc-hide\" style=\"display:none;\">Toggle<\/span><span class=\"ez-toc-icon-toggle-span\"><svg style=\"fill: #999;color:#999\" xmlns=\"http:\/\/www.w3.org\/2000\/svg\" class=\"list-377408\" width=\"20px\" height=\"20px\" viewbox=\"0 0 24 24\" fill=\"none\"><path d=\"M6 6H4v2h2V6zm14 0H8v2h12V6zM4 11h2v2H4v-2zm16 0H8v2h12v-2zM4 16h2v2H4v-2zm16 0H8v2h12v-2z\" fill=\"currentColor\"><\/path><\/svg><svg style=\"fill: #999;color:#999\" class=\"arrow-unsorted-368013\" xmlns=\"http:\/\/www.w3.org\/2000\/svg\" width=\"10px\" height=\"10px\" viewbox=\"0 0 24 24\" version=\"1.2\" baseprofile=\"tiny\"><path d=\"M18.2 9.3l-6.2-6.3-6.2 6.3c-.2.2-.3.4-.3.7s.1.5.3.7c.2.2.4.3.7.3h11c.3 0 .5-.1.7-.3.2-.2.3-.5.3-.7s-.1-.5-.3-.7zM5.8 14.7l6.2 6.3 6.2-6.3c.2-.2.3-.5.3-.7s-.1-.5-.3-.7c-.2-.2-.4-.3-.7-.3h-11c-.3 0-.5.1-.7.3-.2.2-.3.5-.3.7s.1.5.3.7z\"\/><\/svg><\/span><\/span><\/span><\/a><\/span><\/div>\n<nav><ul class='ez-toc-list ez-toc-list-level-1' ><li class='ez-toc-page-1 ez-toc-heading-level-2'><a class=\"ez-toc-link ez-toc-heading-1\" href=\"https:\/\/xtcdrogenhaus.com\/sv\/produkt-2\/koepa-amfetamin-online\/#Amphetamine_online_kaufen\" >K\u00f6p amfetamin online<\/a><ul class='ez-toc-list-level-3' ><li class='ez-toc-heading-level-3'><a class=\"ez-toc-link ez-toc-heading-2\" href=\"https:\/\/xtcdrogenhaus.com\/sv\/produkt-2\/koepa-amfetamin-online\/#Amphetamin_Ihr_Energieschub_fur_besondere_Herausforderungen\" >Amfetamin: din energikick f\u00f6r s\u00e4rskilda utmaningar<\/a><\/li><li class='ez-toc-page-1 ez-toc-heading-level-3'><a class=\"ez-toc-link ez-toc-heading-3\" href=\"https:\/\/xtcdrogenhaus.com\/sv\/produkt-2\/koepa-amfetamin-online\/#Eigenschaften_und_Vorteile\" >Funktioner och f\u00f6rdelar:<\/a><\/li><\/ul><\/li><li class='ez-toc-page-1 ez-toc-heading-level-2'><a class=\"ez-toc-link ez-toc-heading-4\" href=\"https:\/\/xtcdrogenhaus.com\/sv\/produkt-2\/koepa-amfetamin-online\/#Haufig_gestellte_Fragen_FAQ\" >Vanliga fr\u00e5gor och svar (FAQ)<\/a><ul class='ez-toc-list-level-3' ><li class='ez-toc-heading-level-3'><a class=\"ez-toc-link ez-toc-heading-5\" href=\"https:\/\/xtcdrogenhaus.com\/sv\/produkt-2\/koepa-amfetamin-online\/#Ist_der_Kauf_von_Amphetamin_legal\" >\u00c4r det lagligt att k\u00f6pa amfetamin?<\/a><\/li><li class='ez-toc-page-1 ez-toc-heading-level-3'><a class=\"ez-toc-link ez-toc-heading-6\" href=\"https:\/\/xtcdrogenhaus.com\/sv\/produkt-2\/koepa-amfetamin-online\/#Wie_wird_Amphetamin_eingenommen\" >Hur tas amfetamin?<\/a><\/li><li class='ez-toc-page-1 ez-toc-heading-level-3'><a class=\"ez-toc-link ez-toc-heading-7\" href=\"https:\/\/xtcdrogenhaus.com\/sv\/produkt-2\/koepa-amfetamin-online\/#Welche_Nebenwirkungen_kann_Amphetamin_haben\" >Vilka biverkningar kan amfetamin ha?<\/a><\/li><li class='ez-toc-page-1 ez-toc-heading-level-3'><a class=\"ez-toc-link ez-toc-heading-8\" href=\"https:\/\/xtcdrogenhaus.com\/sv\/produkt-2\/koepa-amfetamin-online\/#Kann_ich_Amphetamin_online_sicher_kaufen\" >Kan jag k\u00f6pa amfetamin online s\u00e4kert?<\/a><\/li><li class='ez-toc-page-1 ez-toc-heading-level-3'><a class=\"ez-toc-link ez-toc-heading-9\" href=\"https:\/\/xtcdrogenhaus.com\/sv\/produkt-2\/koepa-amfetamin-online\/#Wie_lange_halt_die_Wirkung_von_Amphetamin_an\" >Hur l\u00e4nge varar effekterna av amfetamin?<\/a><\/li><li class='ez-toc-page-1 ez-toc-heading-level-3'><a class=\"ez-toc-link ez-toc-heading-10\" href=\"https:\/\/xtcdrogenhaus.com\/sv\/produkt-2\/koepa-amfetamin-online\/#Was_sollte_ich_tun_wenn_ich_Nebenwirkungen_verspure\" >Vad ska jag g\u00f6ra om jag upplever biverkningar?<\/a><\/li><\/ul><\/li><\/ul><\/nav><\/div>\n<h2><span class=\"ez-toc-section\" id=\"Amphetamine_online_kaufen\"><\/span>K\u00f6p amfetamin online<span class=\"ez-toc-section-end\"><\/span><\/h2>\n<h3><span class=\"ez-toc-section\" id=\"Amphetamin_Ihr_Energieschub_fur_besondere_Herausforderungen\"><\/span><span id=\"Amphetamin_Ihr_Energieschub_fuer_besondere_Herausforderungen\" class=\"ez-toc-section\"><\/span>Amfetamin: din energikick f\u00f6r s\u00e4rskilda utmaningar<span class=\"ez-toc-section-end\"><\/span><\/h3>\n<p>K\u00f6p amfetamin online - Amfetamin, ofta kallat \"speed\" eller \"pep\", \u00e4r ett prestationsh\u00f6jande stimulerande medel som ursprungligen anv\u00e4ndes f\u00f6r att behandla\u00a0<a href=\"https:\/\/web.archive.org\/web\/20241211200104\/https:\/\/adhs-deutschland.de\/begleitstoerungen\/adhs-oder-epilepsie-oder-beides\" target=\"_blank\" rel=\"noopener\">ADHD<\/a>\u00a0och narkolepsi. Idag anv\u00e4nds det b\u00e5de f\u00f6r medicinska \u00e4ndam\u00e5l och f\u00f6r att \u00f6ka den fysiska och mentala prestationsf\u00f6rm\u00e5gan.<\/p>\n<h3><span class=\"ez-toc-section\" id=\"Eigenschaften_und_Vorteile\"><\/span><span id=\"Eigenschaften_und_Vorteile\" class=\"ez-toc-section\"><\/span>Funktioner och f\u00f6rdelar:<span class=\"ez-toc-section-end\"><\/span><\/h3>\n<ul>\n<li><strong>\u00d6kad uppm\u00e4rksamhet:\u00a0<\/strong>\u00d6kar vakenheten och koncentrationen, perfekt f\u00f6r l\u00e5nga perioder av arbete eller studier.<\/li>\n<li><strong>\u00d6ka den fysiska uth\u00e5lligheten:<\/strong>\u00a0St\u00f6djer fysiskt anstr\u00e4ngande aktiviteter, perfekt f\u00f6r idrottare och fitnessentusiaster.<\/li>\n<li><strong>F\u00f6rb\u00e4ttring av hum\u00f6ret:<\/strong>\u00a0Fr\u00e4mjar en k\u00e4nsla av eufori och sj\u00e4lvf\u00f6rtroende, anv\u00e4ndbar vid sociala tillf\u00e4llen och fester.<\/li>\n<\/ul>\n<p><strong>Ans\u00f6kan:<\/strong>\u00a0Amfetamin tas vanligtvis oralt, men kan ocks\u00e5 sniffas eller injiceras. Effekten intr\u00e4ffar inom 30 minuter och kan p\u00e5g\u00e5 i flera timmar.<\/p>\n<p><strong>F\u00f6rsiktighets\u00e5tg\u00e4rder:<\/strong>\u00a0Vid anv\u00e4ndning av amfetamin b\u00f6r dosen alltid f\u00f6ljas f\u00f6r att undvika \u00f6verdoser och o\u00f6nskade biverkningar som s\u00f6mnl\u00f6shet, hj\u00e4rtklappning och \u00f6kat blodtryck.<\/p>\n<h2><span class=\"ez-toc-section\" id=\"Haufig_gestellte_Fragen_FAQ\"><\/span><span id=\"Haeufig_gestellte_Fragen_FAQ\" class=\"ez-toc-section\"><\/span>Vanliga fr\u00e5gor och svar (FAQ)<span class=\"ez-toc-section-end\"><\/span><\/h2>\n<h3><span class=\"ez-toc-section\" id=\"Ist_der_Kauf_von_Amphetamin_legal\"><\/span><span id=\"Ist_der_Kauf_von_Amphetamin_legal\" class=\"ez-toc-section\"><\/span>\u00c4r det lagligt att k\u00f6pa amfetamin?<span class=\"ez-toc-section-end\"><\/span><\/h3>\n<p>Nej, k\u00f6p och innehav av amfetamin utan recept \u00e4r olagligt i de flesta l\u00e4nder. Den olagliga handeln beivras strikt.<\/p>\n<h3><span class=\"ez-toc-section\" id=\"Wie_wird_Amphetamin_eingenommen\"><\/span><span id=\"Wie_wird_Amphetamin_eingenommen\" class=\"ez-toc-section\"><\/span>Hur tas amfetamin?<span class=\"ez-toc-section-end\"><\/span><\/h3>\n<p>Amfetamin kan tas oralt, nasalt eller intraven\u00f6st. Den vanligaste metoden \u00e4r oralt intag i tablettform.<\/p>\n<h3><span class=\"ez-toc-section\" id=\"Welche_Nebenwirkungen_kann_Amphetamin_haben\"><\/span><span id=\"Welche_Nebenwirkungen_kann_Amphetamin_haben\" class=\"ez-toc-section\"><\/span>Vilka biverkningar kan amfetamin ha?<span class=\"ez-toc-section-end\"><\/span><\/h3>\n<p>De vanligaste biverkningarna \u00e4r s\u00f6mnl\u00f6shet, f\u00f6rh\u00f6jt blodtryck, hj\u00e4rtklappning, nervositet och i sv\u00e5ra fall psykotiska episoder.<\/p>\n<h3><span class=\"ez-toc-section\" id=\"Kann_ich_Amphetamin_online_sicher_kaufen\"><\/span><span id=\"Kann_ich_Amphetamin_online_sicher_kaufen\" class=\"ez-toc-section\"><\/span>Kan jag k\u00f6pa amfetamin online s\u00e4kert?<span class=\"ez-toc-section-end\"><\/span><\/h3>\n<p>Att k\u00f6pa amfetamin online \u00e4r olagligt och kan inneb\u00e4ra risker som underm\u00e5liga produkter och r\u00e4ttsliga konsekvenser. Vi rekommenderar att du inte k\u00f6per s\u00e5dana substanser p\u00e5 n\u00e4tet.<\/p>\n<h3><span class=\"ez-toc-section\" id=\"Wie_lange_halt_die_Wirkung_von_Amphetamin_an\"><\/span><span id=\"Wie_lange_haelt_die_Wirkung_von_Amphetamin_an\" class=\"ez-toc-section\"><\/span>Hur l\u00e4nge varar effekterna av amfetamin?<span class=\"ez-toc-section-end\"><\/span><\/h3>\n<p>Effekten kan p\u00e5g\u00e5 i flera timmar beroende p\u00e5 dosering och individuell tolerans. Det varar vanligtvis mellan 4 och 8 timmar.<\/p>\n<h3><span class=\"ez-toc-section\" id=\"Was_sollte_ich_tun_wenn_ich_Nebenwirkungen_verspure\"><\/span><span id=\"Was_sollte_ich_tun_wenn_ich_Nebenwirkungen_verspuere\" class=\"ez-toc-section\"><\/span>Vad ska jag g\u00f6ra om jag upplever biverkningar?<span class=\"ez-toc-section-end\"><\/span><\/h3>\n<p>Om du upplever allvarliga biverkningar som hj\u00e4rtklappning, \u00e5ngest eller hallucinationer b\u00f6r du omedelbart s\u00f6ka medicinsk hj\u00e4lp.<\/p>","protected":false},"excerpt":{"rendered":"<p>\u2713 Skyddad och vakuumf\u00f6rpackad kamouflagefrakt<br \/>\n\u2713Anonym betalning med Bitcoin och bank\u00f6verf\u00f6ring<br \/>\n\u2713 Fullst\u00e4ndigt dataskydd genom kryptering<\/p>\n<p>&nbsp;<\/p>","protected":false},"featured_media":4615,"comment_status":"open","ping_status":"closed","template":"","meta":[],"product_brand":[],"product_cat":[24],"product_tag":[],"class_list":{"0":"post-4269","1":"product","2":"type-product","3":"status-publish","4":"has-post-thumbnail","6":"product_cat-amphetamin","7":"sales-flash-overlay","8":"woocommerce-text-align-center","9":"woocommerce-image-align-center","10":"do-quantity-buttons","12":"first","13":"instock","14":"shipping-taxable","15":"purchasable","16":"product-type-variable"},"_links":{"self":[{"href":"https:\/\/xtcdrogenhaus.com\/sv\/wp-json\/wp\/v2\/product\/4269","targetHints":{"allow":["GET"]}}],"collection":[{"href":"https:\/\/xtcdrogenhaus.com\/sv\/wp-json\/wp\/v2\/product"}],"about":[{"href":"https:\/\/xtcdrogenhaus.com\/sv\/wp-json\/wp\/v2\/types\/product"}],"replies":[{"embeddable":true,"href":"https:\/\/xtcdrogenhaus.com\/sv\/wp-json\/wp\/v2\/comments?post=4269"}],"wp:featuredmedia":[{"embeddable":true,"href":"https:\/\/xtcdrogenhaus.com\/sv\/wp-json\/wp\/v2\/media\/4615"}],"wp:attachment":[{"href":"https:\/\/xtcdrogenhaus.com\/sv\/wp-json\/wp\/v2\/media?parent=4269"}],"wp:term":[{"taxonomy":"product_brand","embeddable":true,"href":"https:\/\/xtcdrogenhaus.com\/sv\/wp-json\/wp\/v2\/product_brand?post=4269"},{"taxonomy":"product_cat","embeddable":true,"href":"https:\/\/xtcdrogenhaus.com\/sv\/wp-json\/wp\/v2\/product_cat?post=4269"},{"taxonomy":"product_tag","embeddable":true,"href":"https:\/\/xtcdrogenhaus.com\/sv\/wp-json\/wp\/v2\/product_tag?post=4269"}],"curies":[{"name":"wp","href":"https:\/\/api.w.org\/{rel}","templated":true}]}}