{"id":11,"date":"2025-04-20T19:48:13","date_gmt":"2025-04-20T19:48:13","guid":{"rendered":"https:\/\/xtcdrogenhaus.com\/?page_id=11"},"modified":"2025-04-20T21:43:24","modified_gmt":"2025-04-20T21:43:24","slug":"villkor-och-bestaemmelser","status":"publish","type":"page","link":"https:\/\/xtcdrogenhaus.com\/sv\/villkor-och-bestaemmelser\/","title":{"rendered":"Villkor och anvisningar"},"content":{"rendered":"<p><strong>Allm\u00e4nna villkor (anv\u00e4ndarvillkor) f\u00f6r Xtcdrogenhaus<\/strong><\/p>\n\n\n\n<p><strong>Status: 20 april 2025<\/strong><\/p>\n\n\n\n<div id=\"ez-toc-container\" class=\"ez-toc-v2_0_82_2 counter-hierarchy ez-toc-counter ez-toc-grey ez-toc-container-direction\">\n<div class=\"ez-toc-title-container\">\n<p class=\"ez-toc-title\" style=\"cursor:inherit\">Inneh\u00e5llsf\u00f6rteckning<\/p>\n<span class=\"ez-toc-title-toggle\"><a href=\"#\" class=\"ez-toc-pull-right ez-toc-btn ez-toc-btn-xs ez-toc-btn-default ez-toc-toggle\" aria-label=\"Toggle Table of Content\"><span class=\"ez-toc-js-icon-con\"><span class=\"\"><span class=\"eztoc-hide\" style=\"display:none;\">Toggle<\/span><span class=\"ez-toc-icon-toggle-span\"><svg style=\"fill: #999;color:#999\" xmlns=\"http:\/\/www.w3.org\/2000\/svg\" class=\"list-377408\" width=\"20px\" height=\"20px\" viewbox=\"0 0 24 24\" fill=\"none\"><path d=\"M6 6H4v2h2V6zm14 0H8v2h12V6zM4 11h2v2H4v-2zm16 0H8v2h12v-2zM4 16h2v2H4v-2zm16 0H8v2h12v-2z\" fill=\"currentColor\"><\/path><\/svg><svg style=\"fill: #999;color:#999\" class=\"arrow-unsorted-368013\" xmlns=\"http:\/\/www.w3.org\/2000\/svg\" width=\"10px\" height=\"10px\" viewbox=\"0 0 24 24\" version=\"1.2\" baseprofile=\"tiny\"><path d=\"M18.2 9.3l-6.2-6.3-6.2 6.3c-.2.2-.3.4-.3.7s.1.5.3.7c.2.2.4.3.7.3h11c.3 0 .5-.1.7-.3.2-.2.3-.5.3-.7s-.1-.5-.3-.7zM5.8 14.7l6.2 6.3 6.2-6.3c.2-.2.3-.5.3-.7s-.1-.5-.3-.7c-.2-.2-.4-.3-.7-.3h-11c-.3 0-.5.1-.7.3-.2.2-.3.5-.3.7s.1.5.3.7z\"\/><\/svg><\/span><\/span><\/span><\/a><\/span><\/div>\n<nav><ul class='ez-toc-list ez-toc-list-level-1' ><li class='ez-toc-page-1 ez-toc-heading-level-2'><a class=\"ez-toc-link ez-toc-heading-1\" href=\"https:\/\/xtcdrogenhaus.com\/sv\/villkor-och-bestaemmelser\/#1_Geltungsbereich_und_Vertragspartner\" >1. Till\u00e4mpningsomr\u00e5de och avtalsparter<\/a><\/li><li class='ez-toc-page-1 ez-toc-heading-level-2'><a class=\"ez-toc-link ez-toc-heading-2\" href=\"https:\/\/xtcdrogenhaus.com\/sv\/villkor-och-bestaemmelser\/#2_Leistungserbringung_und_Nutzung\" >2. Tillhandah\u00e5llande och utnyttjande av tj\u00e4nster<\/a><\/li><li class='ez-toc-page-1 ez-toc-heading-level-2'><a class=\"ez-toc-link ez-toc-heading-3\" href=\"https:\/\/xtcdrogenhaus.com\/sv\/villkor-och-bestaemmelser\/#3_Registrierung_und_Nutzerkonto\" >3. Registrering och anv\u00e4ndarkonto<\/a><\/li><li class='ez-toc-page-1 ez-toc-heading-level-2'><a class=\"ez-toc-link ez-toc-heading-4\" href=\"https:\/\/xtcdrogenhaus.com\/sv\/villkor-och-bestaemmelser\/#4_Vertragsabschluss\" >4. ing\u00e5ende av avtal<\/a><\/li><li class='ez-toc-page-1 ez-toc-heading-level-2'><a class=\"ez-toc-link ez-toc-heading-5\" href=\"https:\/\/xtcdrogenhaus.com\/sv\/villkor-och-bestaemmelser\/#5_Preise_und_Zahlung\" >5 Priser och betalning<\/a><\/li><li class='ez-toc-page-1 ez-toc-heading-level-2'><a class=\"ez-toc-link ez-toc-heading-6\" href=\"https:\/\/xtcdrogenhaus.com\/sv\/villkor-och-bestaemmelser\/#6_Lieferung_und_Versand\" >6. Leverans och avs\u00e4ndning<\/a><\/li><li class='ez-toc-page-1 ez-toc-heading-level-2'><a class=\"ez-toc-link ez-toc-heading-7\" href=\"https:\/\/xtcdrogenhaus.com\/sv\/villkor-och-bestaemmelser\/#7_Widerrufs-_und_Ruckgaberecht\" >7. \u00c5ngerr\u00e4tt och \u00e5terl\u00e4mnande<\/a><\/li><li class='ez-toc-page-1 ez-toc-heading-level-2'><a class=\"ez-toc-link ez-toc-heading-8\" href=\"https:\/\/xtcdrogenhaus.com\/sv\/villkor-och-bestaemmelser\/#8_Nutzerverhalten_und_Prohibierte_Handlungen\" >8. Anv\u00e4ndarbeteende och f\u00f6rbjudna handlingar<\/a><\/li><li class='ez-toc-page-1 ez-toc-heading-level-2'><a class=\"ez-toc-link ez-toc-heading-9\" href=\"https:\/\/xtcdrogenhaus.com\/sv\/villkor-och-bestaemmelser\/#9_Gewahrleistung_und_Haftung\" >9 Garanti och ansvar<\/a><\/li><li class='ez-toc-page-1 ez-toc-heading-level-2'><a class=\"ez-toc-link ez-toc-heading-10\" href=\"https:\/\/xtcdrogenhaus.com\/sv\/villkor-och-bestaemmelser\/#10_Datenschutz_und_Vertraulichkeit\" >10. Dataskydd och sekretess<\/a><\/li><li class='ez-toc-page-1 ez-toc-heading-level-2'><a class=\"ez-toc-link ez-toc-heading-11\" href=\"https:\/\/xtcdrogenhaus.com\/sv\/villkor-och-bestaemmelser\/#11_Geistiges_Eigentum\" >11 Immateriella r\u00e4ttigheter<\/a><\/li><li class='ez-toc-page-1 ez-toc-heading-level-2'><a class=\"ez-toc-link ez-toc-heading-12\" href=\"https:\/\/xtcdrogenhaus.com\/sv\/villkor-och-bestaemmelser\/#12_Anderungen_der_AGB\" >12. \u00c4ndringar av Allm\u00e4nna villkor<\/a><\/li><li class='ez-toc-page-1 ez-toc-heading-level-2'><a class=\"ez-toc-link ez-toc-heading-13\" href=\"https:\/\/xtcdrogenhaus.com\/sv\/villkor-och-bestaemmelser\/#13_Salvatorische_Klausel\" >13. Klausul om avskiljbarhet<\/a><\/li><li class='ez-toc-page-1 ez-toc-heading-level-2'><a class=\"ez-toc-link ez-toc-heading-14\" href=\"https:\/\/xtcdrogenhaus.com\/sv\/villkor-och-bestaemmelser\/#14_Anwendbares_Recht_und_Gerichtsstand\" >14 Till\u00e4mplig lag och jurisdiktion<\/a><\/li><\/ul><\/nav><\/div>\n<h2 class=\"wp-block-heading\"><span class=\"ez-toc-section\" id=\"1_Geltungsbereich_und_Vertragspartner\"><\/span>1. Till\u00e4mpningsomr\u00e5de och avtalsparter<span class=\"ez-toc-section-end\"><\/span><\/h2>\n\n\n\n<ol start=\"1\" class=\"wp-block-list\">\n<li>Dessa allm\u00e4nna villkor (\"GTC\") g\u00e4ller f\u00f6r all anv\u00e4ndning av och alla best\u00e4llningar som g\u00f6rs p\u00e5 webbplatsen Xtcdrogenhaus.de (nedan kallad \"webbplatsen\").<\/li>\n\n\n\n<li>Avtalspart \u00e4r Xtcdrogenhaus, med s\u00e4te i [adress], som f\u00f6retr\u00e4ds av ledningen.<\/li>\n\n\n\n<li>Vi erk\u00e4nner inte anv\u00e4ndarens avvikande villkor om vi inte uttryckligen och skriftligen godk\u00e4nner deras giltighet.<\/li>\n<\/ol>\n\n\n\n<h2 class=\"wp-block-heading\"><span class=\"ez-toc-section\" id=\"2_Leistungserbringung_und_Nutzung\"><\/span>2. Tillhandah\u00e5llande och utnyttjande av tj\u00e4nster<span class=\"ez-toc-section-end\"><\/span><\/h2>\n\n\n\n<ol start=\"1\" class=\"wp-block-list\">\n<li>Xtcdrogenhaus erbjuder en diskret plattform f\u00f6r best\u00e4llning av utvalda produkter (\"Produkter\").<\/li>\n\n\n\n<li>Anv\u00e4ndaren kan best\u00e4lla produkter och guidas genom best\u00e4llningsprocessen.<\/li>\n\n\n\n<li>Alla tj\u00e4nster och leveranser g\u00f6rs endast till personer som \u00e4r myndiga (minst 18 \u00e5r).<\/li>\n<\/ol>\n\n\n\n<h2 class=\"wp-block-heading\"><span class=\"ez-toc-section\" id=\"3_Registrierung_und_Nutzerkonto\"><\/span>3. Registrering och anv\u00e4ndarkonto<span class=\"ez-toc-section-end\"><\/span><\/h2>\n\n\n\n<ol start=\"1\" class=\"wp-block-list\">\n<li>F\u00f6r att kunna l\u00e4gga en order m\u00e5ste ett anv\u00e4ndarkonto med e-postadress och l\u00f6senord skapas.<\/li>\n\n\n\n<li>Anv\u00e4ndaren \u00e4r skyldig att l\u00e4mna sanningsenliga, fullst\u00e4ndiga och aktuella uppgifter.<\/li>\n\n\n\n<li>L\u00f6senordet och \u00e5tkomstuppgifterna m\u00e5ste behandlas konfidentiellt. Anv\u00e4ndaren \u00e4r ansvarig f\u00f6r obeh\u00f6rig anv\u00e4ndning.<\/li>\n<\/ol>\n\n\n\n<h2 class=\"wp-block-heading\"><span class=\"ez-toc-section\" id=\"4_Vertragsabschluss\"><\/span>4. ing\u00e5ende av avtal<span class=\"ez-toc-section-end\"><\/span><\/h2>\n\n\n\n<ol start=\"1\" class=\"wp-block-list\">\n<li>Presentationen av produkterna p\u00e5 webbplatsen utg\u00f6r inte ett bindande erbjudande, utan en inbjudan att best\u00e4lla.<\/li>\n\n\n\n<li>Genom att skicka best\u00e4llningen l\u00e4mnar anv\u00e4ndaren ett bindande erbjudande om att ing\u00e5 ett k\u00f6peavtal.<\/li>\n\n\n\n<li>Xtcdrogenhaus bekr\u00e4ftar mottagandet av best\u00e4llningen via e-post (mottagningsbekr\u00e4ftelse). K\u00f6pekontraktet ing\u00e5s f\u00f6rst n\u00e4r en leveransbekr\u00e4ftelse har skickats.<\/li>\n<\/ol>\n\n\n\n<h2 class=\"wp-block-heading\"><span class=\"ez-toc-section\" id=\"5_Preise_und_Zahlung\"><\/span>5 Priser och betalning<span class=\"ez-toc-section-end\"><\/span><\/h2>\n\n\n\n<ol start=\"1\" class=\"wp-block-list\">\n<li>De priser som anges vid best\u00e4llningstillf\u00e4llet g\u00e4ller inklusive lagstadgade skatter och i f\u00f6rekommande fall fraktkostnader.<\/li>\n\n\n\n<li>Accepterade betalningsmetoder \u00e4r kryptovalutor (Bitcoin, Monero, etc.) och, i undantagsfall, bank\u00f6verf\u00f6ring och e-pl\u00e5nb\u00f6cker.<\/li>\n\n\n\n<li>Betalningar i kryptovalutor bekr\u00e4ftas vanligtvis inom n\u00e5gra minuter. L\u00e4ngre handl\u00e4ggningstider g\u00e4ller f\u00f6r bank\u00f6verf\u00f6ringar.<\/li>\n<\/ol>\n\n\n\n<h2 class=\"wp-block-heading\"><span class=\"ez-toc-section\" id=\"6_Lieferung_und_Versand\"><\/span>6. Leverans och avs\u00e4ndning<span class=\"ez-toc-section-end\"><\/span><\/h2>\n\n\n\n<ol start=\"1\" class=\"wp-block-list\">\n<li>Leveranser sker endast till de regioner som kan v\u00e4ljas under best\u00e4llningsprocessen.<\/li>\n\n\n\n<li>Frakt sker m\u00e5ndag till fredag. Best\u00e4llningar som g\u00f6rs f\u00f6re kl. 14.00 PST behandlas samma dag, annars n\u00e4sta arbetsdag.<\/li>\n\n\n\n<li>Diskret leverans: luktfria f\u00f6rpackningar, kamouflageetiketter, regionala leveranscentraler.<\/li>\n\n\n\n<li>Xtcdrogenhaus ska inte h\u00e5llas ansvarigt f\u00f6r f\u00f6rseningar som orsakas av force majeure eller tredjepartsleverant\u00f6rer.<\/li>\n<\/ol>\n\n\n\n<h2 class=\"wp-block-heading\"><span class=\"ez-toc-section\" id=\"7_Widerrufs-_und_Ruckgaberecht\"><\/span>7. \u00c5ngerr\u00e4tt och \u00e5terl\u00e4mnande<span class=\"ez-toc-section-end\"><\/span><\/h2>\n\n\n\n<ol start=\"1\" class=\"wp-block-list\">\n<li>P\u00e5 grund av produkternas art finns det ingen lagstadgad \u00e5ngerr\u00e4tt.<\/li>\n\n\n\n<li>I h\u00e4ndelse av felaktiga eller defekta leveranser, v\u00e4nligen kontakta v\u00e5rt supportteam omedelbart.<\/li>\n<\/ol>\n\n\n\n<h2 class=\"wp-block-heading\"><span class=\"ez-toc-section\" id=\"8_Nutzerverhalten_und_Prohibierte_Handlungen\"><\/span>8. Anv\u00e4ndarbeteende och f\u00f6rbjudna handlingar<span class=\"ez-toc-section-end\"><\/span><\/h2>\n\n\n\n<ol start=\"1\" class=\"wp-block-list\">\n<li>Anv\u00e4ndaren f\u00f6rbinder sig att inte missbruka webbplatsen.<\/li>\n\n\n\n<li>Det \u00e4r f\u00f6rbjudet att ladda upp eller distribuera inneh\u00e5ll som bryter mot g\u00e4llande lag.<\/li>\n\n\n\n<li>Otill\u00e5tna ingrepp i den tekniska infrastrukturen \u00e4r f\u00f6rbjudna.<\/li>\n<\/ol>\n\n\n\n<h2 class=\"wp-block-heading\"><span class=\"ez-toc-section\" id=\"9_Gewahrleistung_und_Haftung\"><\/span>9 Garanti och ansvar<span class=\"ez-toc-section-end\"><\/span><\/h2>\n\n\n\n<ol start=\"1\" class=\"wp-block-list\">\n<li>Xtcdrogenhaus garanterar leverans av avtalsprodukter i enlighet med kvalitetsspecifikationerna.<\/li>\n\n\n\n<li>Vid brott mot v\u00e4sentliga avtalsf\u00f6rpliktelser ansvarar Xtcdrogenhaus endast f\u00f6r ringa v\u00e5rdsl\u00f6shet.<\/li>\n\n\n\n<li>Ansvaret \u00e4r begr\u00e4nsat till den typiskt f\u00f6rutsebara skadan.<\/li>\n\n\n\n<li>Ovanst\u00e5ende ansvarsbegr\u00e4nsningar ska inte g\u00e4lla vid skada p\u00e5 liv, lem eller h\u00e4lsa.<\/li>\n<\/ol>\n\n\n\n<h2 class=\"wp-block-heading\"><span class=\"ez-toc-section\" id=\"10_Datenschutz_und_Vertraulichkeit\"><\/span>10. Dataskydd och sekretess<span class=\"ez-toc-section-end\"><\/span><\/h2>\n\n\n\n<ol start=\"1\" class=\"wp-block-list\">\n<li>Du kan hitta information om databehandling i v\u00e5r integritetspolicy.<\/li>\n\n\n\n<li>Vi anv\u00e4nder modern kryptering (SSL\/TLS) f\u00f6r att skydda personuppgifterna.<\/li>\n\n\n\n<li>Betalningstransaktionerna \u00e4r anonyma och kopplas inte till personliga kontouppgifter.<\/li>\n<\/ol>\n\n\n\n<h2 class=\"wp-block-heading\"><span class=\"ez-toc-section\" id=\"11_Geistiges_Eigentum\"><\/span>11 Immateriella r\u00e4ttigheter<span class=\"ez-toc-section-end\"><\/span><\/h2>\n\n\n\n<ol start=\"1\" class=\"wp-block-list\">\n<li>Allt inneh\u00e5ll, alla varum\u00e4rken och logotyper p\u00e5 webbplatsen tillh\u00f6r Xtcdrogenhaus eller tredje part och \u00e4r skyddade.<\/li>\n\n\n\n<li>Reproduktion, distribution eller annan anv\u00e4ndning kr\u00e4ver skriftligt tillst\u00e5nd i f\u00f6rv\u00e4g.<\/li>\n<\/ol>\n\n\n\n<h2 class=\"wp-block-heading\"><span class=\"ez-toc-section\" id=\"12_Anderungen_der_AGB\"><\/span>12. \u00c4ndringar av Allm\u00e4nna villkor<span class=\"ez-toc-section-end\"><\/span><\/h2>\n\n\n\n<ol start=\"1\" class=\"wp-block-list\">\n<li>Xtcdrogenhaus f\u00f6rbeh\u00e5ller sig r\u00e4tten att \u00e4ndra dessa allm\u00e4nna villkor n\u00e4r som helst.<\/li>\n\n\n\n<li>Anv\u00e4ndaren kommer att meddelas om \u00e4ndringar via e-post och dessa tr\u00e4der i kraft tio dagar efter avs\u00e4ndandet om inte inv\u00e4ndningar g\u00f6rs inom denna period.<\/li>\n<\/ol>\n\n\n\n<h2 class=\"wp-block-heading\"><span class=\"ez-toc-section\" id=\"13_Salvatorische_Klausel\"><\/span>13. Klausul om avskiljbarhet<span class=\"ez-toc-section-end\"><\/span><\/h2>\n\n\n\n<p>Om n\u00e5gon best\u00e4mmelse i dessa allm\u00e4nna villkor \u00e4r eller blir ogiltig, ska giltigheten av de \u00e5terst\u00e5ende best\u00e4mmelserna inte p\u00e5verkas.<\/p>\n\n\n\n<h2 class=\"wp-block-heading\"><span class=\"ez-toc-section\" id=\"14_Anwendbares_Recht_und_Gerichtsstand\"><\/span>14 Till\u00e4mplig lag och jurisdiktion<span class=\"ez-toc-section-end\"><\/span><\/h2>\n\n\n\n<ol start=\"1\" class=\"wp-block-list\">\n<li>Dessa allm\u00e4nna villkor och alla r\u00e4ttsf\u00f6rh\u00e5llanden mellan anv\u00e4ndaren och Xtcdrogenhaus ska regleras av tysk lag.<\/li>\n\n\n\n<li>Beh\u00f6rig domstol \u00e4r, i den m\u00e5n det \u00e4r till\u00e5tet, Xtcdrogenhaus s\u00e4te.<\/li>\n<\/ol>","protected":false},"excerpt":{"rendered":"<p>Allgemeine Gesch\u00e4ftsbedingungen (Terms of Use) von Xtcdrogenhaus Stand: 20. April 2025 1. Geltungsbereich und Vertragspartner 2. Leistungserbringung und Nutzung 3. Registrierung und &#8230; <a title=\"Villkor och anvisningar\" class=\"read-more\" href=\"https:\/\/xtcdrogenhaus.com\/sv\/villkor-och-bestaemmelser\/\" aria-label=\"L\u00e4s mer om Bedingungen und Konditionen\">L\u00e4s mer<\/a><\/p>","protected":false},"author":1,"featured_media":0,"parent":0,"menu_order":0,"comment_status":"closed","ping_status":"closed","template":"","meta":{"footnotes":""},"class_list":["post-11","page","type-page","status-publish"],"_links":{"self":[{"href":"https:\/\/xtcdrogenhaus.com\/sv\/wp-json\/wp\/v2\/pages\/11","targetHints":{"allow":["GET"]}}],"collection":[{"href":"https:\/\/xtcdrogenhaus.com\/sv\/wp-json\/wp\/v2\/pages"}],"about":[{"href":"https:\/\/xtcdrogenhaus.com\/sv\/wp-json\/wp\/v2\/types\/page"}],"author":[{"embeddable":true,"href":"https:\/\/xtcdrogenhaus.com\/sv\/wp-json\/wp\/v2\/users\/1"}],"replies":[{"embeddable":true,"href":"https:\/\/xtcdrogenhaus.com\/sv\/wp-json\/wp\/v2\/comments?post=11"}],"version-history":[{"count":2,"href":"https:\/\/xtcdrogenhaus.com\/sv\/wp-json\/wp\/v2\/pages\/11\/revisions"}],"predecessor-version":[{"id":4820,"href":"https:\/\/xtcdrogenhaus.com\/sv\/wp-json\/wp\/v2\/pages\/11\/revisions\/4820"}],"wp:attachment":[{"href":"https:\/\/xtcdrogenhaus.com\/sv\/wp-json\/wp\/v2\/media?parent=11"}],"curies":[{"name":"wp","href":"https:\/\/api.w.org\/{rel}","templated":true}]}}