{"id":4670,"date":"2025-04-17T04:57:31","date_gmt":"2025-04-17T04:57:31","guid":{"rendered":"https:\/\/xtcdrogenhaus.com\/?post_type=product&#038;p=4670"},"modified":"2025-04-17T04:57:31","modified_gmt":"2025-04-17T04:57:31","slug":"1s-lsd-150%c2%b5g","status":"publish","type":"product","link":"https:\/\/xtcdrogenhaus.com\/ru\/%d0%bf%d1%80%d0%be%d0%b4%d1%83%d0%ba%d1%82\/1s-lsd-150%c2%b5g\/","title":{"rendered":"1S-LSD 150 \u043c\u043a\u0433"},"content":{"rendered":"<div class=\"visible-content\">\n<div id=\"ez-toc-container\" class=\"ez-toc-v2_0_82_2 counter-hierarchy ez-toc-counter ez-toc-grey ez-toc-container-direction\">\n<div class=\"ez-toc-title-container\">\n<p class=\"ez-toc-title\" style=\"cursor:inherit\">\u041e\u0433\u043b\u0430\u0432\u043b\u0435\u043d\u0438\u0435<\/p>\n<span class=\"ez-toc-title-toggle\"><a href=\"#\" class=\"ez-toc-pull-right ez-toc-btn ez-toc-btn-xs ez-toc-btn-default ez-toc-toggle\" aria-label=\"Toggle Table of Content\"><span class=\"ez-toc-js-icon-con\"><span class=\"\"><span class=\"eztoc-hide\" style=\"display:none;\">Toggle<\/span><span class=\"ez-toc-icon-toggle-span\"><svg style=\"fill: #999;color:#999\" xmlns=\"http:\/\/www.w3.org\/2000\/svg\" class=\"list-377408\" width=\"20px\" height=\"20px\" viewbox=\"0 0 24 24\" fill=\"none\"><path d=\"M6 6H4v2h2V6zm14 0H8v2h12V6zM4 11h2v2H4v-2zm16 0H8v2h12v-2zM4 16h2v2H4v-2zm16 0H8v2h12v-2z\" fill=\"currentColor\"><\/path><\/svg><svg style=\"fill: #999;color:#999\" class=\"arrow-unsorted-368013\" xmlns=\"http:\/\/www.w3.org\/2000\/svg\" width=\"10px\" height=\"10px\" viewbox=\"0 0 24 24\" version=\"1.2\" baseprofile=\"tiny\"><path d=\"M18.2 9.3l-6.2-6.3-6.2 6.3c-.2.2-.3.4-.3.7s.1.5.3.7c.2.2.4.3.7.3h11c.3 0 .5-.1.7-.3.2-.2.3-.5.3-.7s-.1-.5-.3-.7zM5.8 14.7l6.2 6.3 6.2-6.3c.2-.2.3-.5.3-.7s-.1-.5-.3-.7c-.2-.2-.4-.3-.7-.3h-11c-.3 0-.5.1-.7.3-.2.2-.3.5-.3.7s.1.5.3.7z\"\/><\/svg><\/span><\/span><\/span><\/a><\/span><\/div>\n<nav><ul class='ez-toc-list ez-toc-list-level-1' ><li class='ez-toc-page-1 ez-toc-heading-level-1'><a class=\"ez-toc-link ez-toc-heading-1\" href=\"https:\/\/xtcdrogenhaus.com\/ru\/%d0%bf%d1%80%d0%be%d0%b4%d1%83%d0%ba%d1%82\/1s-lsd-150%c2%b5g\/#LSD_online_kaufen\" >\u041a\u0443\u043f\u0438\u0442\u044c \u041b\u0421\u0414 \u043e\u043d\u043b\u0430\u0439\u043d<\/a><ul class='ez-toc-list-level-2' ><li class='ez-toc-heading-level-2'><a class=\"ez-toc-link ez-toc-heading-2\" href=\"https:\/\/xtcdrogenhaus.com\/ru\/%d0%bf%d1%80%d0%be%d0%b4%d1%83%d0%ba%d1%82\/1s-lsd-150%c2%b5g\/#Eigenschaften_und_Vorteile\" >Eigenschaften und Vorteile:<\/a><\/li><li class='ez-toc-page-1 ez-toc-heading-level-2'><a class=\"ez-toc-link ez-toc-heading-3\" href=\"https:\/\/xtcdrogenhaus.com\/ru\/%d0%bf%d1%80%d0%be%d0%b4%d1%83%d0%ba%d1%82\/1s-lsd-150%c2%b5g\/#Haufig_gestellte_Fragen_FAQ\" >H\u00e4ufig gestellte Fragen (FAQ)<\/a><ul class='ez-toc-list-level-3' ><li class='ez-toc-heading-level-3'><a class=\"ez-toc-link ez-toc-heading-4\" href=\"https:\/\/xtcdrogenhaus.com\/ru\/%d0%bf%d1%80%d0%be%d0%b4%d1%83%d0%ba%d1%82\/1s-lsd-150%c2%b5g\/#Ist_der_Kauf_von_LSD_legal\" >Ist der Kauf von LSD legal?<\/a><\/li><li class='ez-toc-page-1 ez-toc-heading-level-3'><a class=\"ez-toc-link ez-toc-heading-5\" href=\"https:\/\/xtcdrogenhaus.com\/ru\/%d0%bf%d1%80%d0%be%d0%b4%d1%83%d0%ba%d1%82\/1s-lsd-150%c2%b5g\/#Wie_wird_LSD_eingenommen\" >Wie wird LSD eingenommen?<\/a><\/li><li class='ez-toc-page-1 ez-toc-heading-level-3'><a class=\"ez-toc-link ez-toc-heading-6\" href=\"https:\/\/xtcdrogenhaus.com\/ru\/%d0%bf%d1%80%d0%be%d0%b4%d1%83%d0%ba%d1%82\/1s-lsd-150%c2%b5g\/#Welche_Nebenwirkungen_hat_LSD\" >Welche Nebenwirkungen hat LSD?<\/a><\/li><li class='ez-toc-page-1 ez-toc-heading-level-3'><a class=\"ez-toc-link ez-toc-heading-7\" href=\"https:\/\/xtcdrogenhaus.com\/ru\/%d0%bf%d1%80%d0%be%d0%b4%d1%83%d0%ba%d1%82\/1s-lsd-150%c2%b5g\/#Kann_ich_LSD_sicher_online_kaufen\" >Kann ich LSD sicher online kaufen?<\/a><\/li><li class='ez-toc-page-1 ez-toc-heading-level-3'><a class=\"ez-toc-link ez-toc-heading-8\" href=\"https:\/\/xtcdrogenhaus.com\/ru\/%d0%bf%d1%80%d0%be%d0%b4%d1%83%d0%ba%d1%82\/1s-lsd-150%c2%b5g\/#Wie_lange_halt_die_Wirkung_von_LSD_an\" >Wie lange h\u00e4lt die Wirkung von LSD an?<\/a><\/li><li class='ez-toc-page-1 ez-toc-heading-level-3'><a class=\"ez-toc-link ez-toc-heading-9\" href=\"https:\/\/xtcdrogenhaus.com\/ru\/%d0%bf%d1%80%d0%be%d0%b4%d1%83%d0%ba%d1%82\/1s-lsd-150%c2%b5g\/#Was_sollte_ich_tun_wenn_ich_Nebenwirkungen_verspure\" >Was sollte ich tun, wenn ich Nebenwirkungen versp\u00fcre?<\/a><\/li><\/ul><\/li><\/ul><\/li><\/ul><\/nav><\/div>\n<h1><span class=\"ez-toc-section\" id=\"LSD_online_kaufen\"><\/span>\u041a\u0443\u043f\u0438\u0442\u044c \u041b\u0421\u0414 \u043e\u043d\u043b\u0430\u0439\u043d<span class=\"ez-toc-section-end\"><\/span><\/h1>\n<\/div>\n<div class=\"hidden-content\">\n<p>LSD online kaufen \u2013 LSD (Lysergs\u00e4urediethylamid) ist eine potente psychedelische Substanz, die f\u00fcr ihre tiefgreifenden Auswirkungen auf das Bewusstsein bekannt ist. Es wird h\u00e4ufig f\u00fcr Forschungszwecke verwendet, um die Tiefen des menschlichen Geistes zu erkunden und verschiedene psychologische und neurologische Ph\u00e4nomene zu verstehen.<\/p>\n<h2><span class=\"ez-toc-section\" id=\"Eigenschaften_und_Vorteile\"><\/span><span id=\"Eigenschaften_und_Vorteile\" class=\"ez-toc-section\"><\/span>Eigenschaften und Vorteile:<span class=\"ez-toc-section-end\"><\/span><\/h2>\n<ul>\n<li><strong>Erweiterte Wahrnehmung:<\/strong>\u00a0LSD ver\u00e4ndert die Wahrnehmung erheblich und f\u00fchrt zu lebhaften visuellen und auditiven Erfahrungen.<\/li>\n<li><strong>Erh\u00f6hte Introspektion:<\/strong>\u00a0F\u00f6rdert tiefgehende Selbstreflexion und kann dabei helfen, unbewusste Gedanken und Gef\u00fchle aufzudecken.<\/li>\n<li><strong>Therapeutisches Potenzial:<\/strong>\u00a0Wird f\u00fcr seine potenziellen Vorteile bei der Behandlung von Depressionen, Angstzust\u00e4nden und PTSD untersucht.<\/li>\n<\/ul>\n<p><strong>Anwendung:<\/strong>\u00a0LSD wird typischerweise in Mikrodosen oder als Blotterpapier, Fl\u00fcssigkeit oder Pellets verabreicht. Die Wirkung kann je nach Dosierung und individueller Empfindlichkeit zwischen 6 und 12 Stunden anhalten.<\/p>\n<p><strong>Vorsichtsma\u00dfnahmen:<\/strong>\u00a0Der Gebrauch von LSD sollte mit Vorsicht angegangen werden. Es ist wichtig, sich in einer sicheren und kontrollierten Umgebung zu befinden, da die Wirkungen unvorhersehbar sein k\u00f6nnen. Beginnen Sie mit einer niedrigen Dosis, um die Vertr\u00e4glichkeit zu testen, und haben Sie immer eine n\u00fcchterne Person als Aufpasser dabei.<\/p>\n<h2><span class=\"ez-toc-section\" id=\"Haufig_gestellte_Fragen_FAQ\"><\/span><span id=\"Haeufig_gestellte_Fragen_FAQ\" class=\"ez-toc-section\"><\/span>H\u00e4ufig gestellte Fragen (FAQ)<span class=\"ez-toc-section-end\"><\/span><\/h2>\n<h3><span class=\"ez-toc-section\" id=\"Ist_der_Kauf_von_LSD_legal\"><\/span><span id=\"Ist_der_Kauf_von_LSD_legal\" class=\"ez-toc-section\"><\/span>Ist der Kauf von LSD legal?<span class=\"ez-toc-section-end\"><\/span><\/h3>\n<p>Reines LSD ist in den meisten L\u00e4ndern illegal, aber Derivate wie 1S-LSD sind in bestimmten Regionen legal, da sie nicht unter die gleichen Vorschriften fallen. \u00dcberpr\u00fcfen Sie immer die lokalen Gesetze, bevor Sie einen Kauf t\u00e4tigen.<\/p>\n<h3><span class=\"ez-toc-section\" id=\"Wie_wird_LSD_eingenommen\"><\/span><span id=\"Wie_wird_LSD_eingenommen\" class=\"ez-toc-section\"><\/span>Wie wird LSD eingenommen?<span class=\"ez-toc-section-end\"><\/span><\/h3>\n<p>LSD wird \u00fcblicherweise oral in Form von Blotterpapier, Fl\u00fcssigkeitstropfen oder Pellets eingenommen. Die Dosierung und Verabreichungsmethode kann je nach gew\u00fcnschten Effekten und pers\u00f6nlichen Vorlieben variieren.<\/p>\n<h3><span class=\"ez-toc-section\" id=\"Welche_Nebenwirkungen_hat_LSD\"><\/span><span id=\"Welche_Nebenwirkungen_hat_LSD\" class=\"ez-toc-section\"><\/span>Welche Nebenwirkungen hat LSD?<span class=\"ez-toc-section-end\"><\/span><\/h3>\n<p>Zu den h\u00e4ufigsten Nebenwirkungen geh\u00f6ren ver\u00e4nderte Sinneswahrnehmungen, Stimmungsschwankungen und Halluzinationen. Schwerwiegendere Reaktionen k\u00f6nnen Angstzust\u00e4nde, Paranoia und in seltenen F\u00e4llen Psychosen umfassen.<\/p>\n<h3><span class=\"ez-toc-section\" id=\"Kann_ich_LSD_sicher_online_kaufen\"><\/span><span id=\"Kann_ich_LSD_sicher_online_kaufen\" class=\"ez-toc-section\"><\/span>Kann ich LSD sicher online kaufen?<span class=\"ez-toc-section-end\"><\/span><\/h3>\n<p>Der Kauf von reinem LSD online ist illegal und riskant. Legale Derivate wie 1S-LSD k\u00f6nnen jedoch bei seri\u00f6sen Anbietern wie LSD-Legal und Acid Berlin gekauft werden, die Produktqualit\u00e4t und Diskretion gew\u00e4hrleisten.<\/p>\n<h3><span class=\"ez-toc-section\" id=\"Wie_lange_halt_die_Wirkung_von_LSD_an\"><\/span><span id=\"Wie_lange_haelt_die_Wirkung_von_LSD_an\" class=\"ez-toc-section\"><\/span>Wie lange h\u00e4lt die Wirkung von LSD an?<span class=\"ez-toc-section-end\"><\/span><\/h3>\n<p>Die Wirkung von LSD kann je nach Dosis und individuellen Faktoren zwischen 6 und 12 Stunden anhalten. Es ist wichtig, entsprechend zu planen und sich w\u00e4hrend dieser Zeit in einer sicheren Umgebung aufzuhalten.<\/p>\n<h3><span class=\"ez-toc-section\" id=\"Was_sollte_ich_tun_wenn_ich_Nebenwirkungen_verspure\"><\/span><span id=\"Was_sollte_ich_tun_wenn_ich_Nebenwirkungen_verspuere\" class=\"ez-toc-section\"><\/span>Was sollte ich tun, wenn ich Nebenwirkungen versp\u00fcre?<span class=\"ez-toc-section-end\"><\/span><\/h3>\n<p>Wenn Sie schwere Nebenwirkungen wie extreme Angstzust\u00e4nde oder Halluzinationen erleben, suchen Sie sofort medizinische Hilfe. Es ist auch hilfreich, eine n\u00fcchterne Person bei sich zu haben, die Unterst\u00fctzung und Beruhigung bieten kann.<\/p>\n<\/div>","protected":false},"excerpt":{"rendered":"<p>\u2713Blickdichter und vakuumverpackter Tarnversand<br \/>\n\u2713 \u0410\u043d\u043e\u043d\u0438\u043c\u043d\u0430\u044f \u043e\u043f\u043b\u0430\u0442\u0430 \u0441 \u043f\u043e\u043c\u043e\u0449\u044c\u044e Bitcoin \u0438 \u0431\u0430\u043d\u043a\u043e\u0432\u0441\u043a\u043e\u0433\u043e \u043f\u0435\u0440\u0435\u0432\u043e\u0434\u0430<br \/>\n\u2713Kompletter Datenschutz durch Verschl\u00fcsselung<\/p>","protected":false},"featured_media":4671,"comment_status":"open","ping_status":"closed","template":"","meta":[],"product_brand":[],"product_cat":[31],"product_tag":[],"class_list":{"0":"post-4670","1":"product","2":"type-product","3":"status-publish","4":"has-post-thumbnail","6":"product_cat-lsd","7":"sales-flash-overlay","8":"woocommerce-text-align-center","9":"woocommerce-image-align-center","10":"do-quantity-buttons","12":"first","13":"instock","14":"shipping-taxable","15":"purchasable","16":"product-type-variable"},"_links":{"self":[{"href":"https:\/\/xtcdrogenhaus.com\/ru\/wp-json\/wp\/v2\/product\/4670","targetHints":{"allow":["GET"]}}],"collection":[{"href":"https:\/\/xtcdrogenhaus.com\/ru\/wp-json\/wp\/v2\/product"}],"about":[{"href":"https:\/\/xtcdrogenhaus.com\/ru\/wp-json\/wp\/v2\/types\/product"}],"replies":[{"embeddable":true,"href":"https:\/\/xtcdrogenhaus.com\/ru\/wp-json\/wp\/v2\/comments?post=4670"}],"wp:featuredmedia":[{"embeddable":true,"href":"https:\/\/xtcdrogenhaus.com\/ru\/wp-json\/wp\/v2\/media\/4671"}],"wp:attachment":[{"href":"https:\/\/xtcdrogenhaus.com\/ru\/wp-json\/wp\/v2\/media?parent=4670"}],"wp:term":[{"taxonomy":"product_brand","embeddable":true,"href":"https:\/\/xtcdrogenhaus.com\/ru\/wp-json\/wp\/v2\/product_brand?post=4670"},{"taxonomy":"product_cat","embeddable":true,"href":"https:\/\/xtcdrogenhaus.com\/ru\/wp-json\/wp\/v2\/product_cat?post=4670"},{"taxonomy":"product_tag","embeddable":true,"href":"https:\/\/xtcdrogenhaus.com\/ru\/wp-json\/wp\/v2\/product_tag?post=4670"}],"curies":[{"name":"wp","href":"https:\/\/api.w.org\/{rel}","templated":true}]}}