{"id":4646,"date":"2025-04-17T03:59:58","date_gmt":"2025-04-17T03:59:58","guid":{"rendered":"https:\/\/xtcdrogenhaus.com\/?post_type=product&#038;p=4646"},"modified":"2025-04-17T03:59:59","modified_gmt":"2025-04-17T03:59:59","slug":"order-ketamine-without-prescription","status":"publish","type":"product","link":"https:\/\/xtcdrogenhaus.com\/pt\/produto-2\/order-ketamine-without-prescription\/","title":{"rendered":"Cetamina"},"content":{"rendered":"<div id=\"ez-toc-container\" class=\"ez-toc-v2_0_82_2 counter-hierarchy ez-toc-counter ez-toc-grey ez-toc-container-direction\">\n<div class=\"ez-toc-title-container\">\n<p class=\"ez-toc-title\" style=\"cursor:inherit\">\u00cdndice<\/p>\n<span class=\"ez-toc-title-toggle\"><a href=\"#\" class=\"ez-toc-pull-right ez-toc-btn ez-toc-btn-xs ez-toc-btn-default ez-toc-toggle\" aria-label=\"Alternar o \u00edndice\"><span class=\"ez-toc-js-icon-con\"><span class=\"\"><span class=\"eztoc-hide\" style=\"display:none;\">Alternar<\/span><span class=\"ez-toc-icon-toggle-span\"><svg style=\"fill: #999;color:#999\" xmlns=\"http:\/\/www.w3.org\/2000\/svg\" class=\"list-377408\" width=\"20px\" height=\"20px\" viewbox=\"0 0 24 24\" fill=\"none\"><path d=\"M6 6H4v2h2V6zm14 0H8v2h12V6zM4 11h2v2H4v-2zm16 0H8v2h12v-2zM4 16h2v2H4v-2zm16 0H8v2h12v-2z\" fill=\"currentColor\"><\/path><\/svg><svg style=\"fill: #999;color:#999\" class=\"arrow-unsorted-368013\" xmlns=\"http:\/\/www.w3.org\/2000\/svg\" width=\"10px\" height=\"10px\" viewbox=\"0 0 24 24\" version=\"1.2\" baseprofile=\"tiny\"><path d=\"M18.2 9.3l-6.2-6.3-6.2 6.3c-.2.2-.3.4-.3.7s.1.5.3.7c.2.2.4.3.7.3h11c.3 0 .5-.1.7-.3.2-.2.3-.5.3-.7s-.1-.5-.3-.7zM5.8 14.7l6.2 6.3 6.2-6.3c.2-.2.3-.5.3-.7s-.1-.5-.3-.7c-.2-.2-.4-.3-.7-.3h-11c-.3 0-.5.1-.7.3-.2.2-.3.5-.3.7s.1.5.3.7z\"\/><\/svg><\/span><\/span><\/span><\/a><\/span><\/div>\n<nav><ul class='ez-toc-list ez-toc-list-level-1' ><li class='ez-toc-page-1 ez-toc-heading-level-2'><a class=\"ez-toc-link ez-toc-heading-1\" href=\"https:\/\/xtcdrogenhaus.com\/pt\/produto-2\/order-ketamine-without-prescription\/#Ketamin_bestellen_ohne_rezept\" >Encomendar ketamina sem receita m\u00e9dica<\/a><\/li><li class='ez-toc-page-1 ez-toc-heading-level-2'><a class=\"ez-toc-link ez-toc-heading-2\" href=\"https:\/\/xtcdrogenhaus.com\/pt\/produto-2\/order-ketamine-without-prescription\/#Hauptanwendungen\" >Principais aplica\u00e7\u00f5es<\/a><\/li><li class='ez-toc-page-1 ez-toc-heading-level-2'><a class=\"ez-toc-link ez-toc-heading-3\" href=\"https:\/\/xtcdrogenhaus.com\/pt\/produto-2\/order-ketamine-without-prescription\/#Vorteile\" >Vantagens<\/a><\/li><li class='ez-toc-page-1 ez-toc-heading-level-2'><a class=\"ez-toc-link ez-toc-heading-4\" href=\"https:\/\/xtcdrogenhaus.com\/pt\/produto-2\/order-ketamine-without-prescription\/#Haufig_gestellte_Fragen\" >Perguntas mais frequentes<\/a><\/li><\/ul><\/nav><\/div>\n<h2><span class=\"ez-toc-section\" id=\"Ketamin_bestellen_ohne_rezept\"><\/span>Encomendar ketamina sem receita m\u00e9dica<span class=\"ez-toc-section-end\"><\/span><\/h2>\n<p>Ketamine bestellen ohne rezept - A cetamina \u00e9 um anest\u00e9sico e analg\u00e9sico vers\u00e1til utilizado em medicina humana e veterin\u00e1ria. Proporciona um al\u00edvio r\u00e1pido da dor e a indu\u00e7\u00e3o da anestesia, preservando em grande parte os reflexos das vias respirat\u00f3rias e a estabilidade cardiovascular e, em doses baixas, tem um efeito antidepressivo impressionantemente r\u00e1pido na depress\u00e3o resistente ao tratamento. Gra\u00e7as aos seus efeitos poupadores de opi\u00e1ceos, a cetamina reduz a necessidade de analg\u00e9sicos convencionais e pode ser adaptada a uma grande variedade de formas de aplica\u00e7\u00e3o para apoiar eficazmente os doentes em situa\u00e7\u00f5es agudas e cr\u00f3nicas.<\/p>\n<h2 class=\"\" data-start=\"670\" data-end=\"693\"><span class=\"ez-toc-section\" id=\"Hauptanwendungen\"><\/span>Principais aplica\u00e7\u00f5es<span class=\"ez-toc-section-end\"><\/span><\/h2>\n<ul data-start=\"694\" data-end=\"1480\">\n<li class=\"\" data-start=\"694\" data-end=\"845\">\n<p class=\"\" data-start=\"696\" data-end=\"845\"><strong data-start=\"696\" data-end=\"729\">Anestesia m\u00e9dica humana:<\/strong> Indu\u00e7\u00e3o e manuten\u00e7\u00e3o da anestesia durante os procedimentos cir\u00fargicos.<\/p>\n<\/li>\n<li class=\"\" data-start=\"846\" data-end=\"1061\">\n<p class=\"\" data-start=\"848\" data-end=\"1061\"><strong data-start=\"848\" data-end=\"885\">Terapia da dor aguda e de emerg\u00eancia:<\/strong> As injec\u00e7\u00f5es em bolus de baixa dose (0,1-0,3 mg\/kg) reduzem a intensidade da dor e as necessidades de opi\u00e1ceos sem afetar as vias respirat\u00f3rias.<\/p>\n<\/li>\n<li class=\"\" data-start=\"846\" data-end=\"1061\">\n<p class=\"\" data-start=\"848\" data-end=\"1061\"><strong data-start=\"1064\" data-end=\"1092\">Terapia psiqui\u00e1trica:<\/strong> As doses subanaest\u00e9sicas provocam efeitos antidepressivos em poucas horas, que podem durar at\u00e9 uma semana.<\/p>\n<\/li>\n<li class=\"\" data-start=\"1247\" data-end=\"1344\">\n<p class=\"\" data-start=\"1249\" data-end=\"1344\"><strong data-start=\"1249\" data-end=\"1270\">Medicina veterin\u00e1ria:<\/strong> Seda\u00e7\u00e3o, anestesia e controlo da dor em numerosas esp\u00e9cies animais .<\/p>\n<\/li>\n<li class=\"\" data-start=\"1345\" data-end=\"1480\">\n<p class=\"\" data-start=\"1347\" data-end=\"1480\"><strong data-start=\"1347\" data-end=\"1373\">Aplica\u00e7\u00f5es n\u00e3o autorizadas:<\/strong> Utiliza\u00e7\u00e3o em terapias de PTSD e perturba\u00e7\u00f5es de ansiedade em ensaios cl\u00ednicos <span class=\"ms-1 inline-flex max-w-full items-center relative top-[-0.094rem] animate-[show_150ms_ease-in]\"><a class=\"flex h-6 overflow-hidden rounded-xl px-2.5 text-[0.5625em] font-medium text-token-text-secondary! bg-[#F4F4F4]! dark:bg-[#303030]! transition-colors duration-150 ease-in-out\" href=\"https:\/\/www.painnewsnetwork.org\/stories\/2024\/1\/26\/patients-should-know-the-health-benefits-of-ketamine-not-just-its-risks?utm_source=chatgpt.com\" target=\"_blank\" rel=\"noopener\"><span class=\"relative start-0 bottom-0 flex h-full w-full items-center\"><span class=\"flex h-4 w-full items-center justify-between overflow-hidden\"><span class=\"max-w-full grow truncate overflow-hidden text-center\">Rede de not\u00edcias sobre a dor<\/span><\/span><\/span><\/a><\/span>.<\/p>\n<\/li>\n<\/ul>\n<h2 class=\"\" data-start=\"1482\" data-end=\"1498\"><span class=\"ez-toc-section\" id=\"Vorteile\"><\/span>Vantagens<span class=\"ez-toc-section-end\"><\/span><\/h2>\n<ul data-start=\"1499\" data-end=\"2198\">\n<li class=\"\" data-start=\"1499\" data-end=\"1623\">\n<p class=\"\" data-start=\"1501\" data-end=\"1623\"><strong data-start=\"1501\" data-end=\"1532\">In\u00edcio de a\u00e7\u00e3o r\u00e1pido:<\/strong> Observ\u00e1vel apenas alguns minutos ap\u00f3s a administra\u00e7\u00e3o.<\/p>\n<\/li>\n<li class=\"\" data-start=\"1624\" data-end=\"1754\">\n<p class=\"\" data-start=\"1626\" data-end=\"1754\"><strong data-start=\"1626\" data-end=\"1650\">Preserva\u00e7\u00e3o das vias respirat\u00f3rias:<\/strong> Preserva\u00e7\u00e3o dos reflexos protectores e dos efeitos broncodilatadores.<\/p>\n<\/li>\n<li class=\"\" data-start=\"1755\" data-end=\"1897\">\n<p class=\"\" data-start=\"1757\" data-end=\"1897\"><strong data-start=\"1757\" data-end=\"1776\">Poupan\u00e7a de opi\u00e1ceos:<\/strong> Reduz a necessidade de opi\u00e1ceos e minimiza os efeitos secund\u00e1rios associados.<\/p>\n<\/li>\n<li class=\"\" data-start=\"1898\" data-end=\"2037\">\n<p class=\"\" data-start=\"1900\" data-end=\"2037\"><strong data-start=\"1900\" data-end=\"1928\">Efeitos neuropl\u00e1sticos:<\/strong> Promo\u00e7\u00e3o dos processos de adapta\u00e7\u00e3o neuronal para a estabiliza\u00e7\u00e3o do humor.<\/p>\n<\/li>\n<li class=\"\" data-start=\"2038\" data-end=\"2198\">\n<p class=\"\" data-start=\"2040\" data-end=\"2198\"><strong data-start=\"2040\" data-end=\"2075\">Formul\u00e1rios de candidatura vers\u00e1teis:<\/strong> IV, IM, intranasal, oral, sublingual, rectal - adapta\u00e7\u00e3o \u00e0s necessidades cl\u00ednicas.<\/p>\n<\/li>\n<\/ul>\n<h2 class=\"\" data-start=\"2200\" data-end=\"2229\"><span class=\"ez-toc-section\" id=\"Haufig_gestellte_Fragen\"><\/span>Perguntas mais frequentes<span class=\"ez-toc-section-end\"><\/span><\/h2>\n<ol data-start=\"2231\" data-end=\"3858\">\n<li class=\"\" data-start=\"2231\" data-end=\"2475\">\n<p class=\"\" data-start=\"2234\" data-end=\"2475\"><strong data-start=\"2234\" data-end=\"2267\">Como \u00e9 administrada a cetamina?<\/strong><br data-start=\"2267\" data-end=\"2270\" \/>A cetamina pode ser administrada por via intravenosa (IV), intramuscular (IM), intranasal (por exemplo, spray de esketamina), oral (c\u00e1psulas\/comprimidos), sublingual, rectal e subcut\u00e2nea.<\/p>\n<\/li>\n<li class=\"\" data-start=\"2477\" data-end=\"2740\">\n<p class=\"\" data-start=\"2480\" data-end=\"2740\"><strong data-start=\"2480\" data-end=\"2512\">Qual \u00e9 a dosagem habitual?<\/strong><br data-start=\"2512\" data-end=\"2515\" \/>Na terapia da dor, utiliza-se 0,1-0,3 mg\/kg em bolus, no tratamento da depress\u00e3o \u00e9 suficiente 0,25-0,5 mg\/kg IV. As doses orais s\u00e3o de 0,25-7 mg\/kg (consoante a indica\u00e7\u00e3o).<\/p>\n<\/li>\n<li class=\"\" data-start=\"2742\" data-end=\"3028\">\n<p class=\"\" data-start=\"2745\" data-end=\"3028\"><strong data-start=\"2745\" data-end=\"2778\">Para quem \u00e9 adequada a cetamina?<\/strong><br data-start=\"2778\" data-end=\"2781\" \/>Adequado para doentes com dor aguda, les\u00f5es traum\u00e1ticas, depress\u00e3o resistente \u00e0 terap\u00eautica e doentes com factores de risco respirat\u00f3rio para os quais outros anest\u00e9sicos s\u00e3o menos adequados.<\/p>\n<\/li>\n<li class=\"\" data-start=\"3030\" data-end=\"3261\">\n<p class=\"\" data-start=\"3033\" data-end=\"3261\"><strong data-start=\"3033\" data-end=\"3067\">Quanto tempo dura o efeito?<\/strong><br data-start=\"3067\" data-end=\"3070\" \/>IV: 10-20 minutos, IM: 15-30 minutos, intranasal: at\u00e9 60 minutos, oral: 4-6 horas; o efeito antidepressivo pode durar at\u00e9 uma semana.<\/p>\n<\/li>\n<li class=\"\" data-start=\"3263\" data-end=\"3556\">\n<p class=\"\" data-start=\"3266\" data-end=\"3556\"><strong data-start=\"3266\" data-end=\"3320\">Existem intera\u00e7\u00f5es com outros medicamentos?<\/strong><br data-start=\"3320\" data-end=\"3323\" \/>Sim, especialmente com subst\u00e2ncias depressoras centrais (opi\u00e1ceos, benzodiazepinas), pode ocorrer depress\u00e3o respirat\u00f3ria e efeitos cardiovasculares. Por conseguinte, \u00e9 indispens\u00e1vel um controlo m\u00e9dico.<\/p>\n<\/li>\n<li class=\"\" data-start=\"3558\" data-end=\"3858\">\n<p class=\"\" data-start=\"3561\" data-end=\"3858\"><strong data-start=\"3561\" data-end=\"3605\">Qual \u00e9 a diferen\u00e7a entre a esketamina e a cetamina?<\/strong><br data-start=\"3605\" data-end=\"3608\" \/>A esketamina \u00e9 o S-enanti\u00f3mero, geralmente autorizado como spray intranasal (Spravato). Tem efeitos antidepressivos semelhantes numa dose mais baixa e est\u00e1 especificamente autorizada para a depress\u00e3o resistente ao tratamento.<\/p>\n<\/li>\n<\/ol>","protected":false},"excerpt":{"rendered":"<p>Transporte de camuflagem opaca e embalada a v\u00e1cuo<br \/>\nPagamento an\u00f3nimo com Bitcoin\/criptografia e transfer\u00eancia banc\u00e1ria<br \/>\nProte\u00e7\u00e3o completa dos dados atrav\u00e9s de encripta\u00e7\u00e3o<\/p>","protected":false},"featured_media":4651,"comment_status":"open","ping_status":"closed","template":"","meta":[],"product_brand":[],"product_cat":[29],"product_tag":[],"class_list":{"0":"post-4646","1":"product","2":"type-product","3":"status-publish","4":"has-post-thumbnail","6":"product_cat-ketamin","7":"sales-flash-overlay","8":"woocommerce-text-align-center","9":"woocommerce-image-align-center","10":"do-quantity-buttons","12":"first","13":"instock","14":"shipping-taxable","15":"purchasable","16":"product-type-variable"},"_links":{"self":[{"href":"https:\/\/xtcdrogenhaus.com\/pt\/wp-json\/wp\/v2\/product\/4646","targetHints":{"allow":["GET"]}}],"collection":[{"href":"https:\/\/xtcdrogenhaus.com\/pt\/wp-json\/wp\/v2\/product"}],"about":[{"href":"https:\/\/xtcdrogenhaus.com\/pt\/wp-json\/wp\/v2\/types\/product"}],"replies":[{"embeddable":true,"href":"https:\/\/xtcdrogenhaus.com\/pt\/wp-json\/wp\/v2\/comments?post=4646"}],"wp:featuredmedia":[{"embeddable":true,"href":"https:\/\/xtcdrogenhaus.com\/pt\/wp-json\/wp\/v2\/media\/4651"}],"wp:attachment":[{"href":"https:\/\/xtcdrogenhaus.com\/pt\/wp-json\/wp\/v2\/media?parent=4646"}],"wp:term":[{"taxonomy":"product_brand","embeddable":true,"href":"https:\/\/xtcdrogenhaus.com\/pt\/wp-json\/wp\/v2\/product_brand?post=4646"},{"taxonomy":"product_cat","embeddable":true,"href":"https:\/\/xtcdrogenhaus.com\/pt\/wp-json\/wp\/v2\/product_cat?post=4646"},{"taxonomy":"product_tag","embeddable":true,"href":"https:\/\/xtcdrogenhaus.com\/pt\/wp-json\/wp\/v2\/product_tag?post=4646"}],"curies":[{"name":"wp","href":"https:\/\/api.w.org\/{rel}","templated":true}]}}