{"id":4269,"date":"2021-02-07T17:31:33","date_gmt":"2021-02-07T17:31:33","guid":{"rendered":"https:\/\/sites.generatepress.com\/shop\/?post_type=product&#038;p=4269"},"modified":"2025-06-01T09:50:54","modified_gmt":"2025-06-01T09:50:54","slug":"comprar-anfetaminas-online","status":"publish","type":"product","link":"https:\/\/xtcdrogenhaus.com\/pt\/produto-2\/comprar-anfetaminas-online\/","title":{"rendered":"Anfetamina"},"content":{"rendered":"<div id=\"ez-toc-container\" class=\"ez-toc-v2_0_82_2 counter-hierarchy ez-toc-counter ez-toc-grey ez-toc-container-direction\">\n<div class=\"ez-toc-title-container\">\n<p class=\"ez-toc-title\" style=\"cursor:inherit\">\u00cdndice<\/p>\n<span class=\"ez-toc-title-toggle\"><a href=\"#\" class=\"ez-toc-pull-right ez-toc-btn ez-toc-btn-xs ez-toc-btn-default ez-toc-toggle\" aria-label=\"Alternar o \u00edndice\"><span class=\"ez-toc-js-icon-con\"><span class=\"\"><span class=\"eztoc-hide\" style=\"display:none;\">Alternar<\/span><span class=\"ez-toc-icon-toggle-span\"><svg style=\"fill: #999;color:#999\" xmlns=\"http:\/\/www.w3.org\/2000\/svg\" class=\"list-377408\" width=\"20px\" height=\"20px\" viewbox=\"0 0 24 24\" fill=\"none\"><path d=\"M6 6H4v2h2V6zm14 0H8v2h12V6zM4 11h2v2H4v-2zm16 0H8v2h12v-2zM4 16h2v2H4v-2zm16 0H8v2h12v-2z\" fill=\"currentColor\"><\/path><\/svg><svg style=\"fill: #999;color:#999\" class=\"arrow-unsorted-368013\" xmlns=\"http:\/\/www.w3.org\/2000\/svg\" width=\"10px\" height=\"10px\" viewbox=\"0 0 24 24\" version=\"1.2\" baseprofile=\"tiny\"><path d=\"M18.2 9.3l-6.2-6.3-6.2 6.3c-.2.2-.3.4-.3.7s.1.5.3.7c.2.2.4.3.7.3h11c.3 0 .5-.1.7-.3.2-.2.3-.5.3-.7s-.1-.5-.3-.7zM5.8 14.7l6.2 6.3 6.2-6.3c.2-.2.3-.5.3-.7s-.1-.5-.3-.7c-.2-.2-.4-.3-.7-.3h-11c-.3 0-.5.1-.7.3-.2.2-.3.5-.3.7s.1.5.3.7z\"\/><\/svg><\/span><\/span><\/span><\/a><\/span><\/div>\n<nav><ul class='ez-toc-list ez-toc-list-level-1' ><li class='ez-toc-page-1 ez-toc-heading-level-2'><a class=\"ez-toc-link ez-toc-heading-1\" href=\"https:\/\/xtcdrogenhaus.com\/pt\/produto-2\/comprar-anfetaminas-online\/#Amphetamine_online_kaufen\" >Comprar anfetaminas online<\/a><ul class='ez-toc-list-level-3' ><li class='ez-toc-heading-level-3'><a class=\"ez-toc-link ez-toc-heading-2\" href=\"https:\/\/xtcdrogenhaus.com\/pt\/produto-2\/comprar-anfetaminas-online\/#Amphetamin_Ihr_Energieschub_fur_besondere_Herausforderungen\" >Anfetamina: o seu impulso energ\u00e9tico para desafios especiais<\/a><\/li><li class='ez-toc-page-1 ez-toc-heading-level-3'><a class=\"ez-toc-link ez-toc-heading-3\" href=\"https:\/\/xtcdrogenhaus.com\/pt\/produto-2\/comprar-anfetaminas-online\/#Eigenschaften_und_Vorteile\" >Carater\u00edsticas e vantagens:<\/a><\/li><\/ul><\/li><li class='ez-toc-page-1 ez-toc-heading-level-2'><a class=\"ez-toc-link ez-toc-heading-4\" href=\"https:\/\/xtcdrogenhaus.com\/pt\/produto-2\/comprar-anfetaminas-online\/#Haufig_gestellte_Fragen_FAQ\" >Perguntas frequentes (FAQ)<\/a><ul class='ez-toc-list-level-3' ><li class='ez-toc-heading-level-3'><a class=\"ez-toc-link ez-toc-heading-5\" href=\"https:\/\/xtcdrogenhaus.com\/pt\/produto-2\/comprar-anfetaminas-online\/#Ist_der_Kauf_von_Amphetamin_legal\" >\u00c9 legal comprar anfetaminas?<\/a><\/li><li class='ez-toc-page-1 ez-toc-heading-level-3'><a class=\"ez-toc-link ez-toc-heading-6\" href=\"https:\/\/xtcdrogenhaus.com\/pt\/produto-2\/comprar-anfetaminas-online\/#Wie_wird_Amphetamin_eingenommen\" >Como se toma a anfetamina?<\/a><\/li><li class='ez-toc-page-1 ez-toc-heading-level-3'><a class=\"ez-toc-link ez-toc-heading-7\" href=\"https:\/\/xtcdrogenhaus.com\/pt\/produto-2\/comprar-anfetaminas-online\/#Welche_Nebenwirkungen_kann_Amphetamin_haben\" >Que efeitos secund\u00e1rios podem ocorrer com a anfetamina?<\/a><\/li><li class='ez-toc-page-1 ez-toc-heading-level-3'><a class=\"ez-toc-link ez-toc-heading-8\" href=\"https:\/\/xtcdrogenhaus.com\/pt\/produto-2\/comprar-anfetaminas-online\/#Kann_ich_Amphetamin_online_sicher_kaufen\" >Posso comprar anfetaminas online com seguran\u00e7a?<\/a><\/li><li class='ez-toc-page-1 ez-toc-heading-level-3'><a class=\"ez-toc-link ez-toc-heading-9\" href=\"https:\/\/xtcdrogenhaus.com\/pt\/produto-2\/comprar-anfetaminas-online\/#Wie_lange_halt_die_Wirkung_von_Amphetamin_an\" >Quanto tempo duram os efeitos da anfetamina?<\/a><\/li><li class='ez-toc-page-1 ez-toc-heading-level-3'><a class=\"ez-toc-link ez-toc-heading-10\" href=\"https:\/\/xtcdrogenhaus.com\/pt\/produto-2\/comprar-anfetaminas-online\/#Was_sollte_ich_tun_wenn_ich_Nebenwirkungen_verspure\" >O que devo fazer se tiver efeitos secund\u00e1rios?<\/a><\/li><\/ul><\/li><\/ul><\/nav><\/div>\n<h2><span class=\"ez-toc-section\" id=\"Amphetamine_online_kaufen\"><\/span>Comprar anfetaminas online<span class=\"ez-toc-section-end\"><\/span><\/h2>\n<h3><span class=\"ez-toc-section\" id=\"Amphetamin_Ihr_Energieschub_fur_besondere_Herausforderungen\"><\/span><span id=\"Amphetamin_Ihr_Energieschub_fuer_besondere_Herausforderungen\" class=\"ez-toc-section\"><\/span>Anfetamina: o seu impulso energ\u00e9tico para desafios especiais<span class=\"ez-toc-section-end\"><\/span><\/h3>\n<p>Comprar anfetaminas online - A anfetamina, muitas vezes referida como \"speed\" ou \"pep\", \u00e9 um estimulante que melhora o desempenho e que foi originalmente utilizado para tratar\u00a0<a href=\"https:\/\/web.archive.org\/web\/20241211200104\/https:\/\/adhs-deutschland.de\/begleitstoerungen\/adhs-oder-epilepsie-oder-beides\" target=\"_blank\" rel=\"noopener\">TDAH<\/a>\u00a0e narcolepsia. Atualmente, \u00e9 utilizada tanto para fins medicinais como para aumentar o desempenho f\u00edsico e mental.<\/p>\n<h3><span class=\"ez-toc-section\" id=\"Eigenschaften_und_Vorteile\"><\/span><span id=\"Eigenschaften_und_Vorteile\" class=\"ez-toc-section\"><\/span>Carater\u00edsticas e vantagens:<span class=\"ez-toc-section-end\"><\/span><\/h3>\n<ul>\n<li><strong>Aten\u00e7\u00e3o redobrada:\u00a0<\/strong>Aumenta o estado de alerta e a concentra\u00e7\u00e3o, ideal para longos per\u00edodos de trabalho ou estudo.<\/li>\n<li><strong>Aumentar a resist\u00eancia f\u00edsica:<\/strong>\u00a0Apoia as actividades fisicamente extenuantes, ideal para atletas e entusiastas da boa forma f\u00edsica.<\/li>\n<li><strong>Melhoria do humor:<\/strong>\u00a0Promove uma sensa\u00e7\u00e3o de euforia e auto-confian\u00e7a, \u00fatil para ocasi\u00f5es sociais e festas.<\/li>\n<\/ul>\n<p><strong>Aplica\u00e7\u00e3o:<\/strong>\u00a0A anfetamina \u00e9 geralmente tomada por via oral, mas tamb\u00e9m pode ser inalada ou injectada. O efeito ocorre em 30 minutos e pode durar v\u00e1rias horas.<\/p>\n<p><strong>Medidas de precau\u00e7\u00e3o:<\/strong>\u00a0Ao utilizar anfetaminas, a dosagem deve ser sempre respeitada para evitar overdoses e efeitos secund\u00e1rios indesej\u00e1veis, como ins\u00f3nias, palpita\u00e7\u00f5es e aumento da press\u00e3o arterial.<\/p>\n<h2><span class=\"ez-toc-section\" id=\"Haufig_gestellte_Fragen_FAQ\"><\/span><span id=\"Haeufig_gestellte_Fragen_FAQ\" class=\"ez-toc-section\"><\/span>Perguntas frequentes (FAQ)<span class=\"ez-toc-section-end\"><\/span><\/h2>\n<h3><span class=\"ez-toc-section\" id=\"Ist_der_Kauf_von_Amphetamin_legal\"><\/span><span id=\"Ist_der_Kauf_von_Amphetamin_legal\" class=\"ez-toc-section\"><\/span>\u00c9 legal comprar anfetaminas?<span class=\"ez-toc-section-end\"><\/span><\/h3>\n<p>N\u00e3o, a compra e a posse de anfetaminas sem receita m\u00e9dica \u00e9 ilegal na maioria dos pa\u00edses. O com\u00e9rcio ilegal \u00e9 objeto de ac\u00e7\u00f5es judiciais rigorosas.<\/p>\n<h3><span class=\"ez-toc-section\" id=\"Wie_wird_Amphetamin_eingenommen\"><\/span><span id=\"Wie_wird_Amphetamin_eingenommen\" class=\"ez-toc-section\"><\/span>Como se toma a anfetamina?<span class=\"ez-toc-section-end\"><\/span><\/h3>\n<p>A anfetamina pode ser administrada por via oral, nasal ou intravenosa. O m\u00e9todo mais comum \u00e9 a ingest\u00e3o oral sob a forma de comprimidos.<\/p>\n<h3><span class=\"ez-toc-section\" id=\"Welche_Nebenwirkungen_kann_Amphetamin_haben\"><\/span><span id=\"Welche_Nebenwirkungen_kann_Amphetamin_haben\" class=\"ez-toc-section\"><\/span>Que efeitos secund\u00e1rios podem ocorrer com a anfetamina?<span class=\"ez-toc-section-end\"><\/span><\/h3>\n<p>Os efeitos secund\u00e1rios mais comuns incluem ins\u00f3nia, aumento da press\u00e3o arterial, palpita\u00e7\u00f5es, nervosismo e, em casos graves, epis\u00f3dios psic\u00f3ticos.<\/p>\n<h3><span class=\"ez-toc-section\" id=\"Kann_ich_Amphetamin_online_sicher_kaufen\"><\/span><span id=\"Kann_ich_Amphetamin_online_sicher_kaufen\" class=\"ez-toc-section\"><\/span>Posso comprar anfetaminas online com seguran\u00e7a?<span class=\"ez-toc-section-end\"><\/span><\/h3>\n<p>A compra de anfetaminas em linha \u00e9 ilegal e pode envolver riscos como produtos de qualidade inferior e consequ\u00eancias legais. Recomenda-se n\u00e3o comprar este tipo de subst\u00e2ncias em linha.<\/p>\n<h3><span class=\"ez-toc-section\" id=\"Wie_lange_halt_die_Wirkung_von_Amphetamin_an\"><\/span><span id=\"Wie_lange_haelt_die_Wirkung_von_Amphetamin_an\" class=\"ez-toc-section\"><\/span>Quanto tempo duram os efeitos da anfetamina?<span class=\"ez-toc-section-end\"><\/span><\/h3>\n<p>O efeito pode durar v\u00e1rias horas, consoante a dosagem e a toler\u00e2ncia individual. Normalmente, dura entre 4 e 8 horas.<\/p>\n<h3><span class=\"ez-toc-section\" id=\"Was_sollte_ich_tun_wenn_ich_Nebenwirkungen_verspure\"><\/span><span id=\"Was_sollte_ich_tun_wenn_ich_Nebenwirkungen_verspuere\" class=\"ez-toc-section\"><\/span>O que devo fazer se tiver efeitos secund\u00e1rios?<span class=\"ez-toc-section-end\"><\/span><\/h3>\n<p>Se sentir efeitos secund\u00e1rios graves, como palpita\u00e7\u00f5es, ansiedade ou alucina\u00e7\u00f5es, deve procurar imediatamente ajuda m\u00e9dica.<\/p>","protected":false},"excerpt":{"rendered":"<p>Envio da camuflagem protegida e embalada a v\u00e1cuo<br \/>\nPagamento an\u00f3nimo com Bitcoin e transfer\u00eancia banc\u00e1ria<br \/>\nProte\u00e7\u00e3o total dos dados atrav\u00e9s de encripta\u00e7\u00e3o<\/p>\n<p>&nbsp;<\/p>","protected":false},"featured_media":4615,"comment_status":"open","ping_status":"closed","template":"","meta":[],"product_brand":[],"product_cat":[24],"product_tag":[],"class_list":{"0":"post-4269","1":"product","2":"type-product","3":"status-publish","4":"has-post-thumbnail","6":"product_cat-amphetamin","7":"sales-flash-overlay","8":"woocommerce-text-align-center","9":"woocommerce-image-align-center","10":"do-quantity-buttons","12":"first","13":"instock","14":"shipping-taxable","15":"purchasable","16":"product-type-variable"},"_links":{"self":[{"href":"https:\/\/xtcdrogenhaus.com\/pt\/wp-json\/wp\/v2\/product\/4269","targetHints":{"allow":["GET"]}}],"collection":[{"href":"https:\/\/xtcdrogenhaus.com\/pt\/wp-json\/wp\/v2\/product"}],"about":[{"href":"https:\/\/xtcdrogenhaus.com\/pt\/wp-json\/wp\/v2\/types\/product"}],"replies":[{"embeddable":true,"href":"https:\/\/xtcdrogenhaus.com\/pt\/wp-json\/wp\/v2\/comments?post=4269"}],"wp:featuredmedia":[{"embeddable":true,"href":"https:\/\/xtcdrogenhaus.com\/pt\/wp-json\/wp\/v2\/media\/4615"}],"wp:attachment":[{"href":"https:\/\/xtcdrogenhaus.com\/pt\/wp-json\/wp\/v2\/media?parent=4269"}],"wp:term":[{"taxonomy":"product_brand","embeddable":true,"href":"https:\/\/xtcdrogenhaus.com\/pt\/wp-json\/wp\/v2\/product_brand?post=4269"},{"taxonomy":"product_cat","embeddable":true,"href":"https:\/\/xtcdrogenhaus.com\/pt\/wp-json\/wp\/v2\/product_cat?post=4269"},{"taxonomy":"product_tag","embeddable":true,"href":"https:\/\/xtcdrogenhaus.com\/pt\/wp-json\/wp\/v2\/product_tag?post=4269"}],"curies":[{"name":"wp","href":"https:\/\/api.w.org\/{rel}","templated":true}]}}