{"id":4682,"date":"2025-04-20T06:52:59","date_gmt":"2025-04-20T06:52:59","guid":{"rendered":"https:\/\/xtcdrogenhaus.com\/?post_type=product&#038;p=4682"},"modified":"2026-05-11T14:03:07","modified_gmt":"2026-05-11T14:03:07","slug":"ekstaza","status":"publish","type":"product","link":"https:\/\/xtcdrogenhaus.com\/pl\/produkt-2\/ekstaza\/","title":{"rendered":"Ekstaza"},"content":{"rendered":"<div id=\"ez-toc-container\" class=\"ez-toc-v2_0_83 counter-hierarchy ez-toc-counter ez-toc-grey ez-toc-container-direction\">\n<div class=\"ez-toc-title-container\">\n<p class=\"ez-toc-title\" style=\"cursor:inherit\">Spis tre\u015bci<\/p>\n<span class=\"ez-toc-title-toggle\"><a href=\"#\" class=\"ez-toc-pull-right ez-toc-btn ez-toc-btn-xs ez-toc-btn-default ez-toc-toggle\" aria-label=\"Prze\u0142\u0105cznik Spisu Tre\u015bci\"><span class=\"ez-toc-js-icon-con\"><span class=\"\"><span class=\"eztoc-hide\" style=\"display:none;\">Toggle<\/span><span class=\"ez-toc-icon-toggle-span\"><svg style=\"fill: #999;color:#999\" xmlns=\"http:\/\/www.w3.org\/2000\/svg\" class=\"list-377408\" width=\"20px\" height=\"20px\" viewbox=\"0 0 24 24\" fill=\"none\"><path d=\"M6 6H4v2h2V6zm14 0H8v2h12V6zM4 11h2v2H4v-2zm16 0H8v2h12v-2zM4 16h2v2H4v-2zm16 0H8v2h12v-2z\" fill=\"currentColor\"><\/path><\/svg><svg style=\"fill: #999;color:#999\" class=\"arrow-unsorted-368013\" xmlns=\"http:\/\/www.w3.org\/2000\/svg\" width=\"10px\" height=\"10px\" viewbox=\"0 0 24 24\" version=\"1.2\" baseprofile=\"tiny\"><path d=\"M18.2 9.3l-6.2-6.3-6.2 6.3c-.2.2-.3.4-.3.7s.1.5.3.7c.2.2.4.3.7.3h11c.3 0 .5-.1.7-.3.2-.2.3-.5.3-.7s-.1-.5-.3-.7zM5.8 14.7l6.2 6.3 6.2-6.3c.2-.2.3-.5.3-.7s-.1-.5-.3-.7c-.2-.2-.4-.3-.7-.3h-11c-.3 0-.5.1-.7.3-.2.2-.3.5-.3.7s.1.5.3.7z\"\/><\/svg><\/span><\/span><\/span><\/a><\/span><\/div>\n<nav><ul class='ez-toc-list ez-toc-list-level-1' ><li class='ez-toc-page-1 ez-toc-heading-level-1'><a class=\"ez-toc-link ez-toc-heading-1\" href=\"https:\/\/xtcdrogenhaus.com\/pl\/produkt-2\/ekstaza\/#Ecstasy_kaufen_%E2%80%93_Fur_intensive_Erlebnisse_emotionale_Tiefe\" >Kup ecstasy - dla intensywnych prze\u017cy\u0107 i emocjonalnej g\u0142\u0119bi<\/a><ul class='ez-toc-list-level-3' ><li class='ez-toc-heading-level-3'><ul class='ez-toc-list-level-3' ><li class='ez-toc-heading-level-3'><a class=\"ez-toc-link ez-toc-heading-2\" href=\"https:\/\/xtcdrogenhaus.com\/pl\/produkt-2\/ekstaza\/#Was_ist_Ecstasy\" >Czym jest ecstasy?<\/a><\/li><li class='ez-toc-page-1 ez-toc-heading-level-3'><a class=\"ez-toc-link ez-toc-heading-3\" href=\"https:\/\/xtcdrogenhaus.com\/pl\/produkt-2\/ekstaza\/#Vorteile_von_Ecstasy\" >Zalety ecstasy<\/a><\/li><li class='ez-toc-page-1 ez-toc-heading-level-3'><a class=\"ez-toc-link ez-toc-heading-4\" href=\"https:\/\/xtcdrogenhaus.com\/pl\/produkt-2\/ekstaza\/#Anwendung_Dosierung\" >Stosowanie i dawkowanie<\/a><\/li><li class='ez-toc-page-1 ez-toc-heading-level-3'><a class=\"ez-toc-link ez-toc-heading-5\" href=\"https:\/\/xtcdrogenhaus.com\/pl\/produkt-2\/ekstaza\/#Tipps_fur_eine_gute_Erfahrung\" >Wskaz\u00f3wki dotycz\u0105ce dobrego do\u015bwiadczenia<\/a><\/li><li class='ez-toc-page-1 ez-toc-heading-level-3'><a class=\"ez-toc-link ez-toc-heading-6\" href=\"https:\/\/xtcdrogenhaus.com\/pl\/produkt-2\/ekstaza\/#FAQs_%E2%80%93_Haufig_gestellte_Fragen\" >FAQ - Cz\u0119sto zadawane pytania<\/a><\/li><li class='ez-toc-page-1 ez-toc-heading-level-3'><a class=\"ez-toc-link ez-toc-heading-7\" href=\"https:\/\/xtcdrogenhaus.com\/pl\/produkt-2\/ekstaza\/#Fazit\" >Wnioski<\/a><\/li><\/ul><\/li><\/ul><\/li><\/ul><\/nav><\/div>\n<h1 data-start=\"220\" data-end=\"288\"><span class=\"ez-toc-section\" id=\"Ecstasy_kaufen_%E2%80%93_Fur_intensive_Erlebnisse_emotionale_Tiefe\"><\/span><strong data-start=\"224\" data-end=\"288\">Kup ecstasy - dla intensywnych prze\u017cy\u0107 i emocjonalnej g\u0142\u0119bi<\/strong><span class=\"ez-toc-section-end\"><\/span><\/h1>\n<p class=\"\" data-start=\"290\" data-end=\"568\">Ecstasy (znane r\u00f3wnie\u017c jako MDMA) to popularna substancja, kt\u00f3ra jest ceniona za intensywne efekty emocjonalne, spo\u0142eczne i sensoryczne. Niezale\u017cnie od tego, czy chodzi o festiwale, intymne chwile czy kreatywne podr\u00f3\u017ce - ecstasy mo\u017ce poszerzy\u0107 percepcj\u0119 i umo\u017cliwi\u0107 nowe do\u015bwiadczenia.<\/p>\n<h3 class=\"\" data-start=\"575\" data-end=\"599\"><span class=\"ez-toc-section\" id=\"Was_ist_Ecstasy\"><\/span><strong data-start=\"579\" data-end=\"599\">Czym jest ecstasy?<\/strong><span class=\"ez-toc-section-end\"><\/span><\/h3>\n<p class=\"\" data-start=\"601\" data-end=\"855\">Ecstasy (MDMA) to aktywny sk\u0142adnik, kt\u00f3ry mo\u017ce zwi\u0119ksza\u0107 doznania emocjonalne, empati\u0119 i poziom energii. Wiele os\u00f3b u\u017cywa ecstasy, aby g\u0142\u0119biej po\u0142\u0105czy\u0107 si\u0119 ze sob\u0105 lub innymi i jeszcze intensywniej prze\u017cywa\u0107 wyj\u0105tkowe chwile.<\/p>\n<h3 class=\"\" data-start=\"862\" data-end=\"890\"><span class=\"ez-toc-section\" id=\"Vorteile_von_Ecstasy\"><\/span><strong data-start=\"866\" data-end=\"890\">Zalety ecstasy<\/strong><span class=\"ez-toc-section-end\"><\/span><\/h3>\n<ul data-start=\"892\" data-end=\"1257\">\n<li class=\"\" data-start=\"892\" data-end=\"954\">\n<p class=\"\" data-start=\"894\" data-end=\"954\"><strong data-start=\"894\" data-end=\"923\">Euforia i poczucie szcz\u0119\u015bcia:<\/strong> Zauwa\u017calnie poprawia nastr\u00f3j<\/p>\n<\/li>\n<li class=\"\" data-start=\"955\" data-end=\"1015\">\n<p class=\"\" data-start=\"957\" data-end=\"1015\"><strong data-start=\"957\" data-end=\"975\">Wi\u0119cej empatii:<\/strong> Promuje blisko\u015b\u0107, zaufanie i otwarto\u015b\u0107<\/p>\n<\/li>\n<li class=\"\" data-start=\"1016\" data-end=\"1090\">\n<p class=\"\" data-start=\"1018\" data-end=\"1090\"><strong data-start=\"1018\" data-end=\"1040\">G\u0142\u0119bia sensoryczna:<\/strong> Kolory, muzyka i dotyk staj\u0105 si\u0119 bardziej intensywne<\/p>\n<\/li>\n<li class=\"\" data-start=\"1091\" data-end=\"1171\">\n<p class=\"\" data-start=\"1093\" data-end=\"1171\"><strong data-start=\"1093\" data-end=\"1118\">Energia i motywacja:<\/strong> Idealny do ta\u0144ca, \u015bwi\u0119towania lub kreatywnych zaj\u0119\u0107<\/p>\n<\/li>\n<li class=\"\" data-start=\"1172\" data-end=\"1257\">\n<p class=\"\" data-start=\"1174\" data-end=\"1257\"><strong data-start=\"1174\" data-end=\"1200\">Po\u0142\u0105czenie emocjonalne:<\/strong> Wspiera g\u0142\u0119bokie rozmowy i osobiste spostrze\u017cenia<\/p>\n<\/li>\n<\/ul>\n<h3 class=\"\" data-start=\"1264\" data-end=\"1293\"><span class=\"ez-toc-section\" id=\"Anwendung_Dosierung\"><\/span><strong data-start=\"1268\" data-end=\"1293\">Stosowanie i dawkowanie<\/strong><span class=\"ez-toc-section-end\"><\/span><\/h3>\n<p class=\"\" data-start=\"1295\" data-end=\"1316\"><strong data-start=\"1295\" data-end=\"1316\">Zalecana dawka:<\/strong><\/p>\n<ul data-start=\"1317\" data-end=\"1407\">\n<li class=\"\" data-start=\"1317\" data-end=\"1339\">\n<p class=\"\" data-start=\"1319\" data-end=\"1339\">Pocz\u0105tkuj\u0105cy: 50-75 mg<\/p>\n<\/li>\n<li class=\"\" data-start=\"1340\" data-end=\"1371\">\n<p class=\"\" data-start=\"1342\" data-end=\"1371\">Zaawansowane: 75-125 mg<\/p>\n<\/li>\n<li class=\"\" data-start=\"1372\" data-end=\"1407\">\n<p class=\"\" data-start=\"1374\" data-end=\"1407\">Do\u015bwiadczeni u\u017cytkownicy: do 150 mg<\/p>\n<\/li>\n<\/ul>\n<p class=\"\" data-start=\"1409\" data-end=\"1511\"><strong data-start=\"1409\" data-end=\"1422\">Pob\u00f3r:<\/strong> Spo\u017cycie doustne z wod\u0105<br data-start=\"1448\" data-end=\"1451\" \/><strong data-start=\"1451\" data-end=\"1466\">Pocz\u0105tek dzia\u0142ania:<\/strong> 30-45 minut<br data-start=\"1480\" data-end=\"1483\" \/><strong data-start=\"1483\" data-end=\"1497\">Czas dzia\u0142ania:<\/strong> 3-6 godzin<\/p>\n<h3 class=\"\" data-start=\"1518\" data-end=\"1555\"><span class=\"ez-toc-section\" id=\"Tipps_fur_eine_gute_Erfahrung\"><\/span><strong data-start=\"1522\" data-end=\"1555\">Wskaz\u00f3wki dotycz\u0105ce dobrego do\u015bwiadczenia<\/strong><span class=\"ez-toc-section-end\"><\/span><\/h3>\n<ul data-start=\"1557\" data-end=\"1788\">\n<li class=\"\" data-start=\"1557\" data-end=\"1607\">\n<p class=\"\" data-start=\"1559\" data-end=\"1607\">Regularne picie wody (bez przesady)<\/p>\n<\/li>\n<li class=\"\" data-start=\"1608\" data-end=\"1646\">\n<p class=\"\" data-start=\"1610\" data-end=\"1646\">Zapewnij relaksuj\u0105ce \u015brodowisko<\/p>\n<\/li>\n<li class=\"\" data-start=\"1647\" data-end=\"1685\">\n<p class=\"\" data-start=\"1649\" data-end=\"1685\">R\u00f3b przerwy i zafunduj sobie odpoczynek<\/p>\n<\/li>\n<li class=\"\" data-start=\"1686\" data-end=\"1736\">\n<p class=\"\" data-start=\"1688\" data-end=\"1736\">S\u0142uchaj swojego cia\u0142a i nie przesadzaj.<\/p>\n<\/li>\n<li class=\"\" data-start=\"1737\" data-end=\"1788\">\n<p class=\"\" data-start=\"1739\" data-end=\"1788\">Przechowywa\u0107 ecstasy w suchym, ch\u0142odnym miejscu z dala od \u015bwiat\u0142a.<\/p>\n<\/li>\n<\/ul>\n<h3 class=\"\" data-start=\"1795\" data-end=\"1833\"><span class=\"ez-toc-section\" id=\"FAQs_%E2%80%93_Haufig_gestellte_Fragen\"><\/span><strong data-start=\"1799\" data-end=\"1833\">FAQ - Cz\u0119sto zadawane pytania<\/strong><span class=\"ez-toc-section-end\"><\/span><\/h3>\n<p class=\"\" data-start=\"1835\" data-end=\"1922\"><strong data-start=\"1835\" data-end=\"1859\">Co robi ecstasy?<\/strong><br data-start=\"1859\" data-end=\"1862\" \/>Wzrost nastroju, blisko\u015bci, energii i wra\u017ce\u0144 zmys\u0142owych.<\/p>\n<p class=\"\" data-start=\"1924\" data-end=\"2025\"><strong data-start=\"1924\" data-end=\"1954\">Jakie jest uczucie ekstazy?<\/strong><br data-start=\"1954\" data-end=\"1957\" \/>Ciep\u0142y, otwarty, euforyczny - wielu uwa\u017ca go za intensywny emocjonalnie.<\/p>\n<p class=\"\" data-start=\"2027\" data-end=\"2126\"><strong data-start=\"2027\" data-end=\"2061\">Jak d\u0142ugo utrzymuje si\u0119 efekt?<\/strong><br data-start=\"2061\" data-end=\"2064\" \/>Zwykle 3-6 godzin, w zale\u017cno\u015bci od dawki i metabolizmu.<\/p>\n<p class=\"\" data-start=\"2128\" data-end=\"2244\"><strong data-start=\"2128\" data-end=\"2162\">Jak nale\u017cy przechowywa\u0107 ecstasy?<\/strong><br data-start=\"2162\" data-end=\"2165\" \/>Przechowywa\u0107 w suchym, ciemnym miejscu, najlepiej w pojemniku z pokrywk\u0105.<\/p>\n<p class=\"\" data-start=\"2246\" data-end=\"2358\"><strong data-start=\"2246\" data-end=\"2273\">Czy wyst\u0119puj\u0105 jakie\u015b skutki uboczne?<\/strong><br data-start=\"2273\" data-end=\"2276\" \/>Mo\u017cliwe objawy to sucho\u015b\u0107 w ustach, utrata apetytu lub lekkie zgrzytanie z\u0119bami.<\/p>\n<h3 class=\"\" data-start=\"2365\" data-end=\"2378\"><span class=\"ez-toc-section\" id=\"Fazit\"><\/span><strong data-start=\"2369\" data-end=\"2378\">Wnioski<\/strong><span class=\"ez-toc-section-end\"><\/span><\/h3>\n<p class=\"\" data-start=\"2380\" data-end=\"2633\">Ecstasy oferuje wyj\u0105tkow\u0105 okazj\u0119 do do\u015bwiadczenia emocjonalnej g\u0142\u0119bi, euforii i po\u0142\u0105czenia. Idealny na specjalne okazje, kreatywne podr\u00f3\u017ce lub chwile prawdziwej blisko\u015bci. Kup Ecstasy i odkryj nowy wymiar uczu\u0107 i dozna\u0144.<\/p>","protected":false},"excerpt":{"rendered":"<p>Zabezpieczona i zapakowana pr\u00f3\u017cniowo wysy\u0142ka kamufla\u017cu<br \/>\nAnonimowa p\u0142atno\u015b\u0107 za pomoc\u0105 Bitcoin i przelewu bankowego<br \/>\nPe\u0142na ochrona danych dzi\u0119ki szyfrowaniu<\/p>","protected":false},"featured_media":4695,"comment_status":"open","ping_status":"closed","template":"","meta":[],"product_brand":[],"product_cat":[32],"product_tag":[],"class_list":{"0":"post-4682","1":"product","2":"type-product","3":"status-publish","4":"has-post-thumbnail","6":"product_cat-mdma","7":"sales-flash-overlay","8":"woocommerce-text-align-center","9":"woocommerce-image-align-center","10":"do-quantity-buttons","12":"first","13":"instock","14":"shipping-taxable","15":"purchasable","16":"product-type-variable"},"_links":{"self":[{"href":"https:\/\/xtcdrogenhaus.com\/pl\/wp-json\/wp\/v2\/product\/4682","targetHints":{"allow":["GET"]}}],"collection":[{"href":"https:\/\/xtcdrogenhaus.com\/pl\/wp-json\/wp\/v2\/product"}],"about":[{"href":"https:\/\/xtcdrogenhaus.com\/pl\/wp-json\/wp\/v2\/types\/product"}],"replies":[{"embeddable":true,"href":"https:\/\/xtcdrogenhaus.com\/pl\/wp-json\/wp\/v2\/comments?post=4682"}],"wp:featuredmedia":[{"embeddable":true,"href":"https:\/\/xtcdrogenhaus.com\/pl\/wp-json\/wp\/v2\/media\/4695"}],"wp:attachment":[{"href":"https:\/\/xtcdrogenhaus.com\/pl\/wp-json\/wp\/v2\/media?parent=4682"}],"wp:term":[{"taxonomy":"product_brand","embeddable":true,"href":"https:\/\/xtcdrogenhaus.com\/pl\/wp-json\/wp\/v2\/product_brand?post=4682"},{"taxonomy":"product_cat","embeddable":true,"href":"https:\/\/xtcdrogenhaus.com\/pl\/wp-json\/wp\/v2\/product_cat?post=4682"},{"taxonomy":"product_tag","embeddable":true,"href":"https:\/\/xtcdrogenhaus.com\/pl\/wp-json\/wp\/v2\/product_tag?post=4682"}],"curies":[{"name":"wp","href":"https:\/\/api.w.org\/{rel}","templated":true}]}}