{"id":4676,"date":"2025-04-17T05:11:05","date_gmt":"2025-04-17T05:11:05","guid":{"rendered":"https:\/\/xtcdrogenhaus.com\/?post_type=product&#038;p=4676"},"modified":"2025-05-21T02:07:24","modified_gmt":"2025-05-21T02:07:24","slug":"2cb-kaufen","status":"publish","type":"product","link":"https:\/\/xtcdrogenhaus.com\/pl\/produkt-2\/2cb-kaufen\/","title":{"rendered":"Tabletki 2CB"},"content":{"rendered":"<div id=\"ez-toc-container\" class=\"ez-toc-v2_0_82_2 counter-hierarchy ez-toc-counter ez-toc-grey ez-toc-container-direction\">\n<div class=\"ez-toc-title-container\">\n<p class=\"ez-toc-title\" style=\"cursor:inherit\">Spis tre\u015bci<\/p>\n<span class=\"ez-toc-title-toggle\"><a href=\"#\" class=\"ez-toc-pull-right ez-toc-btn ez-toc-btn-xs ez-toc-btn-default ez-toc-toggle\" aria-label=\"Prze\u0142\u0105cznik Spisu Tre\u015bci\"><span class=\"ez-toc-js-icon-con\"><span class=\"\"><span class=\"eztoc-hide\" style=\"display:none;\">Toggle<\/span><span class=\"ez-toc-icon-toggle-span\"><svg style=\"fill: #999;color:#999\" xmlns=\"http:\/\/www.w3.org\/2000\/svg\" class=\"list-377408\" width=\"20px\" height=\"20px\" viewbox=\"0 0 24 24\" fill=\"none\"><path d=\"M6 6H4v2h2V6zm14 0H8v2h12V6zM4 11h2v2H4v-2zm16 0H8v2h12v-2zM4 16h2v2H4v-2zm16 0H8v2h12v-2z\" fill=\"currentColor\"><\/path><\/svg><svg style=\"fill: #999;color:#999\" class=\"arrow-unsorted-368013\" xmlns=\"http:\/\/www.w3.org\/2000\/svg\" width=\"10px\" height=\"10px\" viewbox=\"0 0 24 24\" version=\"1.2\" baseprofile=\"tiny\"><path d=\"M18.2 9.3l-6.2-6.3-6.2 6.3c-.2.2-.3.4-.3.7s.1.5.3.7c.2.2.4.3.7.3h11c.3 0 .5-.1.7-.3.2-.2.3-.5.3-.7s-.1-.5-.3-.7zM5.8 14.7l6.2 6.3 6.2-6.3c.2-.2.3-.5.3-.7s-.1-.5-.3-.7c-.2-.2-.4-.3-.7-.3h-11c-.3 0-.5.1-.7.3-.2.2-.3.5-.3.7s.1.5.3.7z\"\/><\/svg><\/span><\/span><\/span><\/a><\/span><\/div>\n<nav><ul class='ez-toc-list ez-toc-list-level-1' ><li class='ez-toc-page-1 ez-toc-heading-level-1'><a class=\"ez-toc-link ez-toc-heading-1\" href=\"https:\/\/xtcdrogenhaus.com\/pl\/produkt-2\/2cb-kaufen\/#2CB_kaufen\" >Kup 2CB<\/a><ul class='ez-toc-list-level-2' ><li class='ez-toc-heading-level-2'><a class=\"ez-toc-link ez-toc-heading-2\" href=\"https:\/\/xtcdrogenhaus.com\/pl\/produkt-2\/2cb-kaufen\/#Was_ist_2CB\" >Was ist 2CB?<\/a><ul class='ez-toc-list-level-3' ><li class='ez-toc-heading-level-3'><a class=\"ez-toc-link ez-toc-heading-3\" href=\"https:\/\/xtcdrogenhaus.com\/pl\/produkt-2\/2cb-kaufen\/#Eigenschaften_von_2CB\" >Eigenschaften von 2CB:<\/a><\/li><\/ul><\/li><li class='ez-toc-page-1 ez-toc-heading-level-2'><a class=\"ez-toc-link ez-toc-heading-4\" href=\"https:\/\/xtcdrogenhaus.com\/pl\/produkt-2\/2cb-kaufen\/#Vorteile_von_2CB-Tabletten\" >Vorteile von 2CB-Tabletten<\/a><ul class='ez-toc-list-level-3' ><li class='ez-toc-heading-level-3'><a class=\"ez-toc-link ez-toc-heading-5\" href=\"https:\/\/xtcdrogenhaus.com\/pl\/produkt-2\/2cb-kaufen\/#Sensorische_Verstarkung\" >Sensorische Verst\u00e4rkung<\/a><\/li><li class='ez-toc-page-1 ez-toc-heading-level-3'><a class=\"ez-toc-link ez-toc-heading-6\" href=\"https:\/\/xtcdrogenhaus.com\/pl\/produkt-2\/2cb-kaufen\/#Emotionale_Einsicht\" >Emotionale Einsicht<\/a><\/li><li class='ez-toc-page-1 ez-toc-heading-level-3'><a class=\"ez-toc-link ez-toc-heading-7\" href=\"https:\/\/xtcdrogenhaus.com\/pl\/produkt-2\/2cb-kaufen\/#Freizeitvergnugen\" >Freizeitvergn\u00fcgen<\/a><\/li><li class='ez-toc-page-1 ez-toc-heading-level-3'><a class=\"ez-toc-link ez-toc-heading-8\" href=\"https:\/\/xtcdrogenhaus.com\/pl\/produkt-2\/2cb-kaufen\/#Therapeutisches_Potenzial\" >Therapeutisches Potenzial<\/a><\/li><\/ul><\/li><li class='ez-toc-page-1 ez-toc-heading-level-2'><a class=\"ez-toc-link ez-toc-heading-9\" href=\"https:\/\/xtcdrogenhaus.com\/pl\/produkt-2\/2cb-kaufen\/#Anwendung_von_2CB-Tabletten\" >Anwendung von 2CB-Tabletten<\/a><ul class='ez-toc-list-level-3' ><li class='ez-toc-heading-level-3'><a class=\"ez-toc-link ez-toc-heading-10\" href=\"https:\/\/xtcdrogenhaus.com\/pl\/produkt-2\/2cb-kaufen\/#Dosierungsrichtlinien\" >Dosierungsrichtlinien<\/a><\/li><li class='ez-toc-page-1 ez-toc-heading-level-3'><a class=\"ez-toc-link ez-toc-heading-11\" href=\"https:\/\/xtcdrogenhaus.com\/pl\/produkt-2\/2cb-kaufen\/#Verabreichung\" >Verabreichung<\/a><\/li><li class='ez-toc-page-1 ez-toc-heading-level-3'><a class=\"ez-toc-link ez-toc-heading-12\" href=\"https:\/\/xtcdrogenhaus.com\/pl\/produkt-2\/2cb-kaufen\/#Umfeld_und_Vorbereitung\" >Umfeld und Vorbereitung<\/a><\/li><li class='ez-toc-page-1 ez-toc-heading-level-3'><a class=\"ez-toc-link ez-toc-heading-13\" href=\"https:\/\/xtcdrogenhaus.com\/pl\/produkt-2\/2cb-kaufen\/#Dauer_und_Nachsorge\" >Dauer und Nachsorge<\/a><\/li><\/ul><\/li><li class='ez-toc-page-1 ez-toc-heading-level-2'><a class=\"ez-toc-link ez-toc-heading-14\" href=\"https:\/\/xtcdrogenhaus.com\/pl\/produkt-2\/2cb-kaufen\/#Sicherheit_und_Vorsichtsmasnahmen\" >Sicherheit und Vorsichtsma\u00dfnahmen<\/a><ul class='ez-toc-list-level-3' ><li class='ez-toc-heading-level-3'><a class=\"ez-toc-link ez-toc-heading-15\" href=\"https:\/\/xtcdrogenhaus.com\/pl\/produkt-2\/2cb-kaufen\/#Gesundheitliche_Uberlegungen\" >Gesundheitliche \u00dcberlegungen<\/a><\/li><li class='ez-toc-page-1 ez-toc-heading-level-3'><a class=\"ez-toc-link ez-toc-heading-16\" href=\"https:\/\/xtcdrogenhaus.com\/pl\/produkt-2\/2cb-kaufen\/#Wechselwirkungen_mit_anderen_Substanzen\" >Wechselwirkungen mit anderen Substanzen<\/a><\/li><li class='ez-toc-page-1 ez-toc-heading-level-3'><a class=\"ez-toc-link ez-toc-heading-17\" href=\"https:\/\/xtcdrogenhaus.com\/pl\/produkt-2\/2cb-kaufen\/#Verantwortungsbewusster_Gebrauch\" >Verantwortungsbewusster Gebrauch<\/a><\/li><\/ul><\/li><li class='ez-toc-page-1 ez-toc-heading-level-2'><a class=\"ez-toc-link ez-toc-heading-18\" href=\"https:\/\/xtcdrogenhaus.com\/pl\/produkt-2\/2cb-kaufen\/#Warum_unsere_2CB-Tabletten_wahlen\" >Warum unsere 2CB-Tabletten w\u00e4hlen?<\/a><ul class='ez-toc-list-level-3' ><li class='ez-toc-heading-level-3'><a class=\"ez-toc-link ez-toc-heading-19\" href=\"https:\/\/xtcdrogenhaus.com\/pl\/produkt-2\/2cb-kaufen\/#Qualitatskontrolle\" >Qualit\u00e4tskontrolle<\/a><\/li><li class='ez-toc-page-1 ez-toc-heading-level-3'><a class=\"ez-toc-link ez-toc-heading-20\" href=\"https:\/\/xtcdrogenhaus.com\/pl\/produkt-2\/2cb-kaufen\/#Diskrete_Verpackung\" >Diskrete Verpackung<\/a><\/li><li class='ez-toc-page-1 ez-toc-heading-level-3'><a class=\"ez-toc-link ez-toc-heading-21\" href=\"https:\/\/xtcdrogenhaus.com\/pl\/produkt-2\/2cb-kaufen\/#Kundensupport\" >Kundensupport<\/a><\/li><li class='ez-toc-page-1 ez-toc-heading-level-3'><a class=\"ez-toc-link ez-toc-heading-22\" href=\"https:\/\/xtcdrogenhaus.com\/pl\/produkt-2\/2cb-kaufen\/#Wettbewerbsfahige_Preise\" >Wettbewerbsf\u00e4hige Preise<\/a><\/li><\/ul><\/li><li class='ez-toc-page-1 ez-toc-heading-level-2'><a class=\"ez-toc-link ez-toc-heading-23\" href=\"https:\/\/xtcdrogenhaus.com\/pl\/produkt-2\/2cb-kaufen\/#FAQs\" >FAQs<\/a><ul class='ez-toc-list-level-3' ><li class='ez-toc-heading-level-3'><a class=\"ez-toc-link ez-toc-heading-24\" href=\"https:\/\/xtcdrogenhaus.com\/pl\/produkt-2\/2cb-kaufen\/#Ist_2CB_legal\" >Ist 2CB legal?<\/a><\/li><li class='ez-toc-page-1 ez-toc-heading-level-3'><a class=\"ez-toc-link ez-toc-heading-25\" href=\"https:\/\/xtcdrogenhaus.com\/pl\/produkt-2\/2cb-kaufen\/#Wie_lange_dauern_die_Effekte_von_2CB_an\" >Wie lange dauern die Effekte von 2CB an?<\/a><\/li><li class='ez-toc-page-1 ez-toc-heading-level-3'><a class=\"ez-toc-link ez-toc-heading-26\" href=\"https:\/\/xtcdrogenhaus.com\/pl\/produkt-2\/2cb-kaufen\/#Kann_2CB_Nebenwirkungen_verursachen\" >Kann 2CB Nebenwirkungen verursachen?<\/a><\/li><li class='ez-toc-page-1 ez-toc-heading-level-3'><a class=\"ez-toc-link ez-toc-heading-27\" href=\"https:\/\/xtcdrogenhaus.com\/pl\/produkt-2\/2cb-kaufen\/#Wie_sollte_ich_2CB-Tabletten_lagern\" >Wie sollte ich 2CB-Tabletten lagern?<\/a><\/li><li class='ez-toc-page-1 ez-toc-heading-level-3'><a class=\"ez-toc-link ez-toc-heading-28\" href=\"https:\/\/xtcdrogenhaus.com\/pl\/produkt-2\/2cb-kaufen\/#Kann_ich_2CB_fur_therapeutische_Zwecke_verwenden\" >Kann ich 2CB f\u00fcr therapeutische Zwecke verwenden?<\/a><\/li><\/ul><\/li><li class='ez-toc-page-1 ez-toc-heading-level-2'><a class=\"ez-toc-link ez-toc-heading-29\" href=\"https:\/\/xtcdrogenhaus.com\/pl\/produkt-2\/2cb-kaufen\/#Fazit\" >Wnioski<\/a><\/li><\/ul><\/li><\/ul><\/nav><\/div>\n<h1><span class=\"ez-toc-section\" id=\"2CB_kaufen\"><\/span>Kup 2CB<span class=\"ez-toc-section-end\"><\/span><\/h1>\n<p>Vielleicht suchen Sie eine sinnliche Erfahrung wie keine andere? M\u00f6chten Sie neue H\u00f6henfl\u00fcge erleben, die Ihren Geist und Ihr Herz h\u00f6her schlagen lassen? Suchen Sie nicht weiter! Kaufen Sie 2CB Tablets \u2013 Die n\u00e4chste Stufe der sensorischen und emotionalen Erfahrung Diese ausf\u00fchrliche Produktbeschreibung gibt Ihnen einen Einblick in die 2CB, ihre Vorteile, ihren Nutzen und warum sie sich von anderen verf\u00fcgbaren Flotten unterscheidet. Wir wollen versuchen, alle L\u00fccken zu f\u00fcllen, damit Sie nicht die Eigenschaften dieses Ger\u00e4ts durchforsten m\u00fcssen und daraus m\u00f6glichst unbedeutende Schlussfolgerungen ziehen k\u00f6nnen.<\/p>\n<h2><span class=\"ez-toc-section\" id=\"Was_ist_2CB\"><\/span><span id=\"Was_ist_2CB\" class=\"ez-toc-section\"><\/span>Was ist 2CB?<span class=\"ez-toc-section-end\"><\/span><\/h2>\n<p>Die synthetische psychedelische Substanz 2CB (4-Bromo-2,5-dimethoxyphenethylamin) ist eine neue psychoaktive Substanz, von der gezeigt wurde, dass sie einzigartige Auswirkungen auf Wahrnehmung, Stimmung und Kognition hat. 2CB wurde in den 1970er Jahren von dem ber\u00fchmten Chemiker Alexander Shulgin hergestellt und ist seitdem f\u00fcr seine F\u00e4higkeit bekannt, tiefgreifende visuelle und auditive Halluzinationen, erh\u00f6hte sensorische Wahrnehmung und emotionale Introspektion zu induzieren.<\/p>\n<h3><span class=\"ez-toc-section\" id=\"Eigenschaften_von_2CB\"><\/span><span id=\"Eigenschaften_von_2CB\" class=\"ez-toc-section\"><\/span>Eigenschaften von 2CB:<span class=\"ez-toc-section-end\"><\/span><\/h3>\n<ul>\n<li><strong>Psychedelische Effekte<\/strong>: Lebendige visuelle und auditive Erlebnisse.<\/li>\n<li><strong>Verst\u00e4rkte Sinneswahrnehmung<\/strong>: Intensivierte Farben, Ger\u00e4usche und Texturen.<\/li>\n<li><strong>Emotionale Introspektion<\/strong>: Tiefe emotionale und psychologische Einsichten.<\/li>\n<li><strong>K\u00fcrzere Dauer<\/strong>: Die Effekte dauern 4-6 Stunden und sind somit f\u00fcr verschiedene Anl\u00e4sse geeignet.<\/li>\n<li><strong>Kontrollierte Dosierung<\/strong>: Tabletten erm\u00f6glichen eine pr\u00e4zise und bequeme Dosierung.<\/li>\n<\/ul>\n<h2><span class=\"ez-toc-section\" id=\"Vorteile_von_2CB-Tabletten\"><\/span><span id=\"Vorteile_von_2CB-Tabletten\" class=\"ez-toc-section\"><\/span>Vorteile von 2CB-Tabletten<span class=\"ez-toc-section-end\"><\/span><\/h2>\n<h3><span class=\"ez-toc-section\" id=\"Sensorische_Verstarkung\"><\/span><span id=\"Sensorische_Verstaerkung\" class=\"ez-toc-section\"><\/span>Sensorische Verst\u00e4rkung<span class=\"ez-toc-section-end\"><\/span><\/h3>\n<p>2CB-Tabletten sind bekannt f\u00fcr ihre F\u00e4higkeit, die Sinneswahrnehmung zu verst\u00e4rken. Anwender berichten von lebendigeren Farben, komplizierten Mustern und verst\u00e4rkten Ger\u00e4uschen. Dies macht 2CB zu einer ausgezeichneten Wahl f\u00fcr diejenigen, die ihre Wertsch\u00e4tzung f\u00fcr Kunst, Musik und Natur vertiefen m\u00f6chten.<\/p>\n<h3><span class=\"ez-toc-section\" id=\"Emotionale_Einsicht\"><\/span><span id=\"Emotionale_Einsicht\" class=\"ez-toc-section\"><\/span>Emotionale Einsicht<span class=\"ez-toc-section-end\"><\/span><\/h3>\n<p>Viele Anwender finden, dass 2CB tiefe emotionale Introspektionen und pers\u00f6nliche Einsichten erleichtert. Es kann helfen, Emotionen zu verarbeiten, Beziehungen zu verstehen und neue Perspektiven auf pers\u00f6nliche Probleme zu gewinnen. Dies macht es zu einem wertvollen Werkzeug f\u00fcr Selbstentdeckung und psychologisches Wachstum.<\/p>\n<h3><span class=\"ez-toc-section\" id=\"Freizeitvergnugen\"><\/span><span id=\"Freizeitvergnuegen\" class=\"ez-toc-section\"><\/span>Freizeitvergn\u00fcgen<span class=\"ez-toc-section-end\"><\/span><\/h3>\n<p>F\u00fcr diejenigen, die ein freizeitliches Erlebnis suchen, bietet 2CB ein euphorisches und angenehmes High. Es wird oft als Mischung aus\u00a0<a href=\"https:\/\/web.archive.org\/web\/20241106084615\/https:\/\/xtcdrogenhaus.com\/Produkt\/mdma-online-kaufen\/\">MDMA<\/a>\u00a0und\u00a0<a href=\"https:\/\/web.archive.org\/web\/20241106084615\/https:\/\/xtcdrogenhaus.com\/Produkt\/lsd-online-kaufen\/\">LSD<\/a>\u00a0beschrieben und bietet sowohl empathogene als auch halluzinogene Effekte. Dies macht es zu einer beliebten Wahl f\u00fcr gesellschaftliche Zusammenk\u00fcnfte, Festivals und intime Erlebnisse.<\/p>\n<h3><span class=\"ez-toc-section\" id=\"Therapeutisches_Potenzial\"><\/span><span id=\"Therapeutisches_Potenzial\" class=\"ez-toc-section\"><\/span>Therapeutisches Potenzial<span class=\"ez-toc-section-end\"><\/span><\/h3>\n<p>Neue Forschungen deuten darauf hin, dass 2CB therapeutisches Potenzial zur Behandlung von Zust\u00e4nden wie PTBS, Depression und Angst haben k\u00f6nnte. Seine F\u00e4higkeit, emotionale Freisetzung und kognitive Flexibilit\u00e4t zu induzieren, kann in therapeutischen Settings von Vorteil sein.<\/p>\n<h2><span class=\"ez-toc-section\" id=\"Anwendung_von_2CB-Tabletten\"><\/span><span id=\"Anwendung_von_2CB-Tabletten\" class=\"ez-toc-section\"><\/span>Anwendung von 2CB-Tabletten<span class=\"ez-toc-section-end\"><\/span><\/h2>\n<h3><span class=\"ez-toc-section\" id=\"Dosierungsrichtlinien\"><\/span><span id=\"Dosierungsrichtlinien\" class=\"ez-toc-section\"><\/span>Dosierungsrichtlinien<span class=\"ez-toc-section-end\"><\/span><\/h3>\n<ul>\n<li><strong>Anf\u00e4nger<\/strong>: 10-15 mg \u2013 Leichte Effekte, geeignet f\u00fcr Erstnutzer.<\/li>\n<li><strong>Fortgeschrittene<\/strong>: 15-25 mg \u2013 Moderate Effekte, gut f\u00fcr regelm\u00e4\u00dfige Nutzer.<\/li>\n<li><strong>Erfahrene<\/strong>: 25-40 mg \u2013 Starke Effekte, geeignet f\u00fcr erfahrene Nutzer.<\/li>\n<\/ul>\n<h3><span class=\"ez-toc-section\" id=\"Verabreichung\"><\/span><span id=\"Verabreichung\" class=\"ez-toc-section\"><\/span>Verabreichung<span class=\"ez-toc-section-end\"><\/span><\/h3>\n<ul>\n<li><strong>Orale Einnahme<\/strong>: Schlucken Sie die Tablette mit Wasser.<\/li>\n<li><strong>Sublinguale Einnahme<\/strong>: Legen Sie die Tablette unter die Zunge f\u00fcr einen schnelleren Wirkungseintritt.<\/li>\n<\/ul>\n<h3><span class=\"ez-toc-section\" id=\"Umfeld_und_Vorbereitung\"><\/span><span id=\"Umfeld_und_Vorbereitung\" class=\"ez-toc-section\"><\/span>Umfeld und Vorbereitung<span class=\"ez-toc-section-end\"><\/span><\/h3>\n<ul>\n<li><strong>Umgebung<\/strong>: W\u00e4hlen Sie eine sichere, bequeme und vertraute Umgebung.<\/li>\n<li><strong>Begleitung<\/strong>: Haben Sie einen vertrauensw\u00fcrdigen Freund oder Begleiter bei sich, besonders wenn Sie zum ersten Mal 2CB einnehmen.<\/li>\n<li><strong>Geisteshaltung<\/strong>: Gehen Sie mit einer offenen und positiven Einstellung an das Erlebnis heran.<\/li>\n<\/ul>\n<h3><span class=\"ez-toc-section\" id=\"Dauer_und_Nachsorge\"><\/span><span id=\"Dauer_und_Nachsorge\" class=\"ez-toc-section\"><\/span>Dauer und Nachsorge<span class=\"ez-toc-section-end\"><\/span><\/h3>\n<ul>\n<li><strong>Wirkungseintritt<\/strong>: 30-90 Minuten nach Einnahme.<\/li>\n<li><strong>H\u00f6hepunkt<\/strong>: 2-3 Stunden nach Wirkungseintritt.<\/li>\n<li><strong>Gesamtdauer<\/strong>: 4-6 Stunden.<\/li>\n<li><strong>Nachsorge<\/strong>: Trinken Sie ausreichend Wasser, ruhen Sie sich aus und integrieren Sie das Erlebnis in den folgenden Tagen.<\/li>\n<\/ul>\n<h2><span class=\"ez-toc-section\" id=\"Sicherheit_und_Vorsichtsmasnahmen\"><\/span><span id=\"Sicherheit_und_Vorsichtsmassnahmen\" class=\"ez-toc-section\"><\/span>Sicherheit und Vorsichtsma\u00dfnahmen<span class=\"ez-toc-section-end\"><\/span><\/h2>\n<h3><span class=\"ez-toc-section\" id=\"Gesundheitliche_Uberlegungen\"><\/span><span id=\"Gesundheitliche_Ueberlegungen\" class=\"ez-toc-section\"><\/span>Gesundheitliche \u00dcberlegungen<span class=\"ez-toc-section-end\"><\/span><\/h3>\n<ul>\n<li>Konsultieren Sie einen Arzt, wenn Sie Vorerkrankungen haben.<\/li>\n<li>Vermeiden Sie die Einnahme von 2CB, wenn Sie schwanger sind, stillen oder eine Vorgeschichte von psychischen Problemen haben.<\/li>\n<\/ul>\n<h3><span class=\"ez-toc-section\" id=\"Wechselwirkungen_mit_anderen_Substanzen\"><\/span><span id=\"Wechselwirkungen_mit_anderen_Substanzen\" class=\"ez-toc-section\"><\/span>Wechselwirkungen mit anderen Substanzen<span class=\"ez-toc-section-end\"><\/span><\/h3>\n<ul>\n<li>Vermeiden Sie die Mischung von 2CB mit Alkohol oder anderen Drogen.<\/li>\n<li>Seien Sie vorsichtig bei m\u00f6glichen Wechselwirkungen mit verschreibungspflichtigen Medikamenten.<\/li>\n<\/ul>\n<h3><span class=\"ez-toc-section\" id=\"Verantwortungsbewusster_Gebrauch\"><\/span><span id=\"Verantwortungsbewusster_Gebrauch\" class=\"ez-toc-section\"><\/span>Verantwortungsbewusster Gebrauch<span class=\"ez-toc-section-end\"><\/span><\/h3>\n<ul>\n<li>Beginnen Sie mit einer niedrigen Dosis, um Ihre Empfindlichkeit zu testen.<\/li>\n<li>Fahren Sie nicht und bedienen Sie keine schweren Maschinen, w\u00e4hrend Sie unter dem Einfluss stehen.<\/li>\n<li>Au\u00dferhalb der Reichweite von Kindern und Haustieren aufbewahren.<\/li>\n<\/ul>\n<h2><span class=\"ez-toc-section\" id=\"Warum_unsere_2CB-Tabletten_wahlen\"><\/span><span id=\"Warum_unsere_2CB-Tabletten_waehlen\" class=\"ez-toc-section\"><\/span>Warum unsere 2CB-Tabletten w\u00e4hlen?<span class=\"ez-toc-section-end\"><\/span><\/h2>\n<h3><span class=\"ez-toc-section\" id=\"Qualitatskontrolle\"><\/span><span id=\"Qualitaetskontrolle\" class=\"ez-toc-section\"><\/span>Qualit\u00e4tskontrolle<span class=\"ez-toc-section-end\"><\/span><\/h3>\n<p>Unsere 2CB-Tabletten werden unter strengen Qualit\u00e4tskontrollstandards hergestellt, um Reinheit, Potenz und Konsistenz zu gew\u00e4hrleisten. Wir beziehen unsere Zutaten von seri\u00f6sen Lieferanten und testen jede Charge auf Verunreinigungen.<\/p>\n<h3><span class=\"ez-toc-section\" id=\"Diskrete_Verpackung\"><\/span><span id=\"Diskrete_Verpackung\" class=\"ez-toc-section\"><\/span>Diskrete Verpackung<span class=\"ez-toc-section-end\"><\/span><\/h3>\n<p>Wir verstehen die Bedeutung der Privatsph\u00e4re. Unsere 2CB-Tabletten sind diskret verpackt, um sicherzustellen, dass Ihr Kauf vertraulich bleibt.<\/p>\n<h3><span class=\"ez-toc-section\" id=\"Kundensupport\"><\/span><span id=\"Kundensupport\" class=\"ez-toc-section\"><\/span>Kundensupport<span class=\"ez-toc-section-end\"><\/span><\/h3>\n<p>Unser engagiertes Kundensupport-Team steht Ihnen zur Verf\u00fcgung, um alle Ihre Fragen zu beantworten. Wir sind bestrebt, Ihnen das bestm\u00f6gliche Erlebnis zu bieten, vom Kauf bis zur Nachbetreuung.<\/p>\n<h3><span class=\"ez-toc-section\" id=\"Wettbewerbsfahige_Preise\"><\/span><span id=\"Wettbewerbsfaehige_Preise\" class=\"ez-toc-section\"><\/span>Wettbewerbsf\u00e4hige Preise<span class=\"ez-toc-section-end\"><\/span><\/h3>\n<p>Wir bieten unsere 2CB-Tabletten zu wettbewerbsf\u00e4higen Preisen an, ohne die Qualit\u00e4t zu beeintr\u00e4chtigen. Unsere Preisgestaltung ist darauf ausgelegt, dieses au\u00dfergew\u00f6hnliche Produkt f\u00fcr jeden zug\u00e4nglich zu machen.<\/p>\n<h2><span class=\"ez-toc-section\" id=\"FAQs\"><\/span><span id=\"FAQs\" class=\"ez-toc-section\"><\/span>FAQs<span class=\"ez-toc-section-end\"><\/span><\/h2>\n<h3><span class=\"ez-toc-section\" id=\"Ist_2CB_legal\"><\/span><span id=\"Ist_2CB_legal\" class=\"ez-toc-section\"><\/span>Ist 2CB legal?<span class=\"ez-toc-section-end\"><\/span><\/h3>\n<p>Die Legalit\u00e4t von 2CB variiert je nach Land. Bitte \u00fcberpr\u00fcfen Sie Ihre lokalen Vorschriften vor dem Kauf.<\/p>\n<h3><span class=\"ez-toc-section\" id=\"Wie_lange_dauern_die_Effekte_von_2CB_an\"><\/span><span id=\"Wie_lange_dauern_die_Effekte_von_2CB_an\" class=\"ez-toc-section\"><\/span>Wie lange dauern die Effekte von 2CB an?<span class=\"ez-toc-section-end\"><\/span><\/h3>\n<p>Die Effekte dauern in der Regel zwischen 4 und 6 Stunden, abh\u00e4ngig von der Dosierung und dem individuellen Stoffwechsel.<\/p>\n<h3><span class=\"ez-toc-section\" id=\"Kann_2CB_Nebenwirkungen_verursachen\"><\/span><span id=\"Kann_2CB_Nebenwirkungen_verursachen\" class=\"ez-toc-section\"><\/span>Kann 2CB Nebenwirkungen verursachen?<span class=\"ez-toc-section-end\"><\/span><\/h3>\n<p>M\u00f6gliche Nebenwirkungen sind \u00dcbelkeit, Schwindel und Angst. Diese sind in der Regel mild und vor\u00fcbergehend.<\/p>\n<h3><span class=\"ez-toc-section\" id=\"Wie_sollte_ich_2CB-Tabletten_lagern\"><\/span><span id=\"Wie_sollte_ich_2CB-Tabletten_lagern\" class=\"ez-toc-section\"><\/span>Wie sollte ich 2CB-Tabletten lagern?<span class=\"ez-toc-section-end\"><\/span><\/h3>\n<p>Lagern Sie sie an einem k\u00fchlen, trockenen Ort, fern von direktem Sonnenlicht und Feuchtigkeit.<\/p>\n<h3><span class=\"ez-toc-section\" id=\"Kann_ich_2CB_fur_therapeutische_Zwecke_verwenden\"><\/span><span id=\"Kann_ich_2CB_fuer_therapeutische_Zwecke_verwenden\" class=\"ez-toc-section\"><\/span>Kann ich 2CB f\u00fcr therapeutische Zwecke verwenden?<span class=\"ez-toc-section-end\"><\/span><\/h3>\n<p>W\u00e4hrend die Forschung noch andauert, berichten einige Nutzer von therapeutischen Vorteilen. Konsultieren Sie einen Arzt f\u00fcr individuelle Beratung.<\/p>\n<h2><span class=\"ez-toc-section\" id=\"Fazit\"><\/span><span id=\"Fazit\" class=\"ez-toc-section\"><\/span>Wnioski<span class=\"ez-toc-section-end\"><\/span><\/h2>\n<p>2CB-Tabletten bieten eine einzigartige und kraftvolle M\u00f6glichkeit, Ihre sensorischen und emotionalen Erfahrungen zu verbessern. Ob Sie pers\u00f6nliche Einsichten, Freizeitvergn\u00fcgen oder potenzielle therapeutische Vorteile suchen, unsere hochwertigen 2CB-Tabletten sind die perfekte Wahl. Kaufen Sie 2CB-Tabletten noch heute und beginnen Sie Ihre Reise der Entdeckung und Transformation. Unser Engagement f\u00fcr Qualit\u00e4t, Sicherheit und Kundenzufriedenheit stellt sicher, dass Sie das bestm\u00f6gliche Erlebnis haben.<\/p>","protected":false},"excerpt":{"rendered":"<p>\u2713 Gesch\u00fctzter, vakuumverpackter und getarnter Versand.<br \/>\n\u2713 Anonyme Zahlung per Bitcoin und Bank\u00fcberweisung<br \/>\n\u2713 Absoluter Datenschutz dank Verschl\u00fcsselung<\/p>","protected":false},"featured_media":4677,"comment_status":"open","ping_status":"closed","template":"","meta":[],"product_brand":[],"product_cat":[32],"product_tag":[],"class_list":{"0":"post-4676","1":"product","2":"type-product","3":"status-publish","4":"has-post-thumbnail","6":"product_cat-mdma","7":"sales-flash-overlay","8":"woocommerce-text-align-center","9":"woocommerce-image-align-center","10":"do-quantity-buttons","12":"first","13":"instock","14":"shipping-taxable","15":"purchasable","16":"product-type-variable"},"_links":{"self":[{"href":"https:\/\/xtcdrogenhaus.com\/pl\/wp-json\/wp\/v2\/product\/4676","targetHints":{"allow":["GET"]}}],"collection":[{"href":"https:\/\/xtcdrogenhaus.com\/pl\/wp-json\/wp\/v2\/product"}],"about":[{"href":"https:\/\/xtcdrogenhaus.com\/pl\/wp-json\/wp\/v2\/types\/product"}],"replies":[{"embeddable":true,"href":"https:\/\/xtcdrogenhaus.com\/pl\/wp-json\/wp\/v2\/comments?post=4676"}],"wp:featuredmedia":[{"embeddable":true,"href":"https:\/\/xtcdrogenhaus.com\/pl\/wp-json\/wp\/v2\/media\/4677"}],"wp:attachment":[{"href":"https:\/\/xtcdrogenhaus.com\/pl\/wp-json\/wp\/v2\/media?parent=4676"}],"wp:term":[{"taxonomy":"product_brand","embeddable":true,"href":"https:\/\/xtcdrogenhaus.com\/pl\/wp-json\/wp\/v2\/product_brand?post=4676"},{"taxonomy":"product_cat","embeddable":true,"href":"https:\/\/xtcdrogenhaus.com\/pl\/wp-json\/wp\/v2\/product_cat?post=4676"},{"taxonomy":"product_tag","embeddable":true,"href":"https:\/\/xtcdrogenhaus.com\/pl\/wp-json\/wp\/v2\/product_tag?post=4676"}],"curies":[{"name":"wp","href":"https:\/\/api.w.org\/{rel}","templated":true}]}}