{"id":4646,"date":"2025-04-17T03:59:58","date_gmt":"2025-04-17T03:59:58","guid":{"rendered":"https:\/\/xtcdrogenhaus.com\/?post_type=product&#038;p=4646"},"modified":"2025-04-17T03:59:59","modified_gmt":"2025-04-17T03:59:59","slug":"bestille-ketamin-uten-resept","status":"publish","type":"product","link":"https:\/\/xtcdrogenhaus.com\/nb\/produkt-2\/bestille-ketamin-uten-resept\/","title":{"rendered":"Ketamin"},"content":{"rendered":"<div id=\"ez-toc-container\" class=\"ez-toc-v2_0_82_2 counter-hierarchy ez-toc-counter ez-toc-grey ez-toc-container-direction\">\n<div class=\"ez-toc-title-container\">\n<p class=\"ez-toc-title\" style=\"cursor:inherit\">Innholdsfortegnelse<\/p>\n<span class=\"ez-toc-title-toggle\"><a href=\"#\" class=\"ez-toc-pull-right ez-toc-btn ez-toc-btn-xs ez-toc-btn-default ez-toc-toggle\" aria-label=\"Toggle Table of Content\"><span class=\"ez-toc-js-icon-con\"><span class=\"\"><span class=\"eztoc-hide\" style=\"display:none;\">Toggle<\/span><span class=\"ez-toc-icon-toggle-span\"><svg style=\"fill: #999;color:#999\" xmlns=\"http:\/\/www.w3.org\/2000\/svg\" class=\"list-377408\" width=\"20px\" height=\"20px\" viewbox=\"0 0 24 24\" fill=\"none\"><path d=\"M6 6H4v2h2V6zm14 0H8v2h12V6zM4 11h2v2H4v-2zm16 0H8v2h12v-2zM4 16h2v2H4v-2zm16 0H8v2h12v-2z\" fill=\"currentColor\"><\/path><\/svg><svg style=\"fill: #999;color:#999\" class=\"arrow-unsorted-368013\" xmlns=\"http:\/\/www.w3.org\/2000\/svg\" width=\"10px\" height=\"10px\" viewbox=\"0 0 24 24\" version=\"1.2\" baseprofile=\"tiny\"><path d=\"M18.2 9.3l-6.2-6.3-6.2 6.3c-.2.2-.3.4-.3.7s.1.5.3.7c.2.2.4.3.7.3h11c.3 0 .5-.1.7-.3.2-.2.3-.5.3-.7s-.1-.5-.3-.7zM5.8 14.7l6.2 6.3 6.2-6.3c.2-.2.3-.5.3-.7s-.1-.5-.3-.7c-.2-.2-.4-.3-.7-.3h-11c-.3 0-.5.1-.7.3-.2.2-.3.5-.3.7s.1.5.3.7z\"\/><\/svg><\/span><\/span><\/span><\/a><\/span><\/div>\n<nav><ul class='ez-toc-list ez-toc-list-level-1' ><li class='ez-toc-page-1 ez-toc-heading-level-2'><a class=\"ez-toc-link ez-toc-heading-1\" href=\"https:\/\/xtcdrogenhaus.com\/nb\/produkt-2\/bestille-ketamin-uten-resept\/#Ketamin_bestellen_ohne_rezept\" >Bestill ketamin uten resept<\/a><\/li><li class='ez-toc-page-1 ez-toc-heading-level-2'><a class=\"ez-toc-link ez-toc-heading-2\" href=\"https:\/\/xtcdrogenhaus.com\/nb\/produkt-2\/bestille-ketamin-uten-resept\/#Hauptanwendungen\" >Viktigste bruksomr\u00e5der<\/a><\/li><li class='ez-toc-page-1 ez-toc-heading-level-2'><a class=\"ez-toc-link ez-toc-heading-3\" href=\"https:\/\/xtcdrogenhaus.com\/nb\/produkt-2\/bestille-ketamin-uten-resept\/#Vorteile\" >Fordeler<\/a><\/li><li class='ez-toc-page-1 ez-toc-heading-level-2'><a class=\"ez-toc-link ez-toc-heading-4\" href=\"https:\/\/xtcdrogenhaus.com\/nb\/produkt-2\/bestille-ketamin-uten-resept\/#Haufig_gestellte_Fragen\" >Ofte stilte sp\u00f8rsm\u00e5l<\/a><\/li><\/ul><\/nav><\/div>\n<h2><span class=\"ez-toc-section\" id=\"Ketamin_bestellen_ohne_rezept\"><\/span>Bestill ketamin uten resept<span class=\"ez-toc-section-end\"><\/span><\/h2>\n<p>Ketamine bestellen ohne rezept - Ketamin er et allsidig anestesi- og smertestillende middel som brukes b\u00e5de innen human- og veterin\u00e6rmedisin. Det gir rask smertelindring og induksjon av anestesi, samtidig som det i stor grad bevarer luftveisreflekser og kardiovaskul\u00e6r stabilitet, og i lave doser har det en imponerende rask antidepressiv effekt ved behandlingsresistent depresjon. Takket v\u00e6re de opioidsparende effektene reduserer ketamin behovet for konvensjonelle analgetika og kan tilpasses en rekke ulike bruksomr\u00e5der for \u00e5 gi effektiv st\u00f8tte til pasienter i akutte og kroniske situasjoner.<\/p>\n<h2 class=\"\" data-start=\"670\" data-end=\"693\"><span class=\"ez-toc-section\" id=\"Hauptanwendungen\"><\/span>Viktigste bruksomr\u00e5der<span class=\"ez-toc-section-end\"><\/span><\/h2>\n<ul data-start=\"694\" data-end=\"1480\">\n<li class=\"\" data-start=\"694\" data-end=\"845\">\n<p class=\"\" data-start=\"696\" data-end=\"845\"><strong data-start=\"696\" data-end=\"729\">Humanmedisinsk anestesi:<\/strong> Induksjon og vedlikehold av anestesi under kirurgiske inngrep.<\/p>\n<\/li>\n<li class=\"\" data-start=\"846\" data-end=\"1061\">\n<p class=\"\" data-start=\"848\" data-end=\"1061\"><strong data-start=\"848\" data-end=\"885\">Akutt og akutt smertebehandling:<\/strong> Lavdoserte bolusinjeksjoner (0,1-0,3 mg\/kg) reduserer smerteintensiteten og behovet for opioider uten \u00e5 p\u00e5virke luftveiene.<\/p>\n<\/li>\n<li class=\"\" data-start=\"846\" data-end=\"1061\">\n<p class=\"\" data-start=\"848\" data-end=\"1061\"><strong data-start=\"1064\" data-end=\"1092\">Psykiatrisk terapi:<\/strong> Subanestetiske doser f\u00f8rer til antidepressive effekter i l\u00f8pet av timer, som kan vare i opptil en uke.<\/p>\n<\/li>\n<li class=\"\" data-start=\"1247\" data-end=\"1344\">\n<p class=\"\" data-start=\"1249\" data-end=\"1344\"><strong data-start=\"1249\" data-end=\"1270\">Veterin\u00e6rmedisin:<\/strong> Sedasjon, anestesi og smertebehandling hos en rekke dyrearter .<\/p>\n<\/li>\n<li class=\"\" data-start=\"1345\" data-end=\"1480\">\n<p class=\"\" data-start=\"1347\" data-end=\"1480\"><strong data-start=\"1347\" data-end=\"1373\">Off-label bruk:<\/strong> Brukes i kliniske studier for behandling av PTSD og angstlidelser <span class=\"ms-1 inline-flex max-w-full items-center relative top-[-0.094rem] animate-[show_150ms_ease-in]\"><a class=\"flex h-6 overflow-hidden rounded-xl px-2.5 text-[0.5625em] font-medium text-token-text-secondary! bg-[#F4F4F4]! dark:bg-[#303030]! transition-colors duration-150 ease-in-out\" href=\"https:\/\/www.painnewsnetwork.org\/stories\/2024\/1\/26\/patients-should-know-the-health-benefits-of-ketamine-not-just-its-risks?utm_source=chatgpt.com\" target=\"_blank\" rel=\"noopener\"><span class=\"relative start-0 bottom-0 flex h-full w-full items-center\"><span class=\"flex h-4 w-full items-center justify-between overflow-hidden\"><span class=\"max-w-full grow truncate overflow-hidden text-center\">Pain News Network<\/span><\/span><\/span><\/a><\/span>.<\/p>\n<\/li>\n<\/ul>\n<h2 class=\"\" data-start=\"1482\" data-end=\"1498\"><span class=\"ez-toc-section\" id=\"Vorteile\"><\/span>Fordeler<span class=\"ez-toc-section-end\"><\/span><\/h2>\n<ul data-start=\"1499\" data-end=\"2198\">\n<li class=\"\" data-start=\"1499\" data-end=\"1623\">\n<p class=\"\" data-start=\"1501\" data-end=\"1623\"><strong data-start=\"1501\" data-end=\"1532\">Rask innsettende virkning:<\/strong> Merkes bare noen minutter etter administrering.<\/p>\n<\/li>\n<li class=\"\" data-start=\"1624\" data-end=\"1754\">\n<p class=\"\" data-start=\"1626\" data-end=\"1754\"><strong data-start=\"1626\" data-end=\"1650\">Bevaring av luftveiene:<\/strong> Bevaring av beskyttende reflekser og bronkodilaterende effekter.<\/p>\n<\/li>\n<li class=\"\" data-start=\"1755\" data-end=\"1897\">\n<p class=\"\" data-start=\"1757\" data-end=\"1897\"><strong data-start=\"1757\" data-end=\"1776\">Opioidbesparende:<\/strong> Reduserer behovet for opioider og minimerer tilh\u00f8rende bivirkninger.<\/p>\n<\/li>\n<li class=\"\" data-start=\"1898\" data-end=\"2037\">\n<p class=\"\" data-start=\"1900\" data-end=\"2037\"><strong data-start=\"1900\" data-end=\"1928\">Nevroplastiske effekter:<\/strong> Fremme av nevronale tilpasningsprosesser for stabilisering av stemningsleiet.<\/p>\n<\/li>\n<li class=\"\" data-start=\"2038\" data-end=\"2198\">\n<p class=\"\" data-start=\"2040\" data-end=\"2198\"><strong data-start=\"2040\" data-end=\"2075\">Allsidige s\u00f8knadsskjemaer:<\/strong> IV, IM, intranasal, oral, sublingual, rektal - tilpasning til kliniske behov.<\/p>\n<\/li>\n<\/ul>\n<h2 class=\"\" data-start=\"2200\" data-end=\"2229\"><span class=\"ez-toc-section\" id=\"Haufig_gestellte_Fragen\"><\/span>Ofte stilte sp\u00f8rsm\u00e5l<span class=\"ez-toc-section-end\"><\/span><\/h2>\n<ol data-start=\"2231\" data-end=\"3858\">\n<li class=\"\" data-start=\"2231\" data-end=\"2475\">\n<p class=\"\" data-start=\"2234\" data-end=\"2475\"><strong data-start=\"2234\" data-end=\"2267\">Hvordan administreres ketamin?<\/strong><br data-start=\"2267\" data-end=\"2270\" \/>Ketamin kan administreres intraven\u00f8st (IV), intramuskul\u00e6rt (IM), intranasalt (f.eks. esketaminspray), oralt (kapsler\/tabletter), sublingualt, rektalt og subkutant.<\/p>\n<\/li>\n<li class=\"\" data-start=\"2477\" data-end=\"2740\">\n<p class=\"\" data-start=\"2480\" data-end=\"2740\"><strong data-start=\"2480\" data-end=\"2512\">Hva er den vanlige dosen?<\/strong><br data-start=\"2512\" data-end=\"2515\" \/>Ved smertebehandling brukes 0,1-0,3 mg\/kg som bolus, ved depresjonsbehandling er det tilstrekkelig med 0,25-0,5 mg\/kg i.v. Orale doser er 0,25-7 mg\/kg (avhengig av indikasjon).<\/p>\n<\/li>\n<li class=\"\" data-start=\"2742\" data-end=\"3028\">\n<p class=\"\" data-start=\"2745\" data-end=\"3028\"><strong data-start=\"2745\" data-end=\"2778\">Hvem er ketamin egnet for?<\/strong><br data-start=\"2778\" data-end=\"2781\" \/>Egnet for pasienter med akutte smerter, traumatiske skader, terapiresistent depresjon og pasienter med respiratoriske risikofaktorer som andre anestesimidler er mindre egnet for.<\/p>\n<\/li>\n<li class=\"\" data-start=\"3030\" data-end=\"3261\">\n<p class=\"\" data-start=\"3033\" data-end=\"3261\"><strong data-start=\"3033\" data-end=\"3067\">Hvor lenge varer effekten?<\/strong><br data-start=\"3067\" data-end=\"3070\" \/>IV: 10-20 minutter, IM: 15-30 minutter, intranasalt: opptil 60 minutter, oralt: 4-6 timer; den antidepressive effekten kan vare i opptil en uke.<\/p>\n<\/li>\n<li class=\"\" data-start=\"3263\" data-end=\"3556\">\n<p class=\"\" data-start=\"3266\" data-end=\"3556\"><strong data-start=\"3266\" data-end=\"3320\">Er det noen interaksjoner med andre medisiner?<\/strong><br data-start=\"3320\" data-end=\"3323\" \/>Ja, s\u00e6rlig med sentraldeprimerende stoffer (opioider, benzodiazepiner) kan det oppst\u00e5 respirasjonsdepresjon og kardiovaskul\u00e6re effekter. Medisinsk tilsyn er derfor avgj\u00f8rende.<\/p>\n<\/li>\n<li class=\"\" data-start=\"3558\" data-end=\"3858\">\n<p class=\"\" data-start=\"3561\" data-end=\"3858\"><strong data-start=\"3561\" data-end=\"3605\">Hva er forskjellen mellom esketamin og ketamin?<\/strong><br data-start=\"3605\" data-end=\"3608\" \/>Esketamin er S-enantiomeren, vanligvis godkjent som intranasal spray (Spravato). Det har lignende antidepressive effekter ved en lavere dose og er spesielt godkjent for behandlingsresistent depresjon.<\/p>\n<\/li>\n<\/ol>","protected":false},"excerpt":{"rendered":"<p>\u2713Ugjennomsiktig og vakuumpakket kamuflasjefrakt<br \/>\n\u2713Anonym betaling med Bitcoin\/krypto og bankoverf\u00f8ring<br \/>\n\u2713 Fullstendig databeskyttelse gjennom kryptering<\/p>","protected":false},"featured_media":4651,"comment_status":"open","ping_status":"closed","template":"","meta":[],"product_brand":[],"product_cat":[29],"product_tag":[],"class_list":{"0":"post-4646","1":"product","2":"type-product","3":"status-publish","4":"has-post-thumbnail","6":"product_cat-ketamin","7":"sales-flash-overlay","8":"woocommerce-text-align-center","9":"woocommerce-image-align-center","10":"do-quantity-buttons","12":"first","13":"instock","14":"shipping-taxable","15":"purchasable","16":"product-type-variable"},"_links":{"self":[{"href":"https:\/\/xtcdrogenhaus.com\/nb\/wp-json\/wp\/v2\/product\/4646","targetHints":{"allow":["GET"]}}],"collection":[{"href":"https:\/\/xtcdrogenhaus.com\/nb\/wp-json\/wp\/v2\/product"}],"about":[{"href":"https:\/\/xtcdrogenhaus.com\/nb\/wp-json\/wp\/v2\/types\/product"}],"replies":[{"embeddable":true,"href":"https:\/\/xtcdrogenhaus.com\/nb\/wp-json\/wp\/v2\/comments?post=4646"}],"wp:featuredmedia":[{"embeddable":true,"href":"https:\/\/xtcdrogenhaus.com\/nb\/wp-json\/wp\/v2\/media\/4651"}],"wp:attachment":[{"href":"https:\/\/xtcdrogenhaus.com\/nb\/wp-json\/wp\/v2\/media?parent=4646"}],"wp:term":[{"taxonomy":"product_brand","embeddable":true,"href":"https:\/\/xtcdrogenhaus.com\/nb\/wp-json\/wp\/v2\/product_brand?post=4646"},{"taxonomy":"product_cat","embeddable":true,"href":"https:\/\/xtcdrogenhaus.com\/nb\/wp-json\/wp\/v2\/product_cat?post=4646"},{"taxonomy":"product_tag","embeddable":true,"href":"https:\/\/xtcdrogenhaus.com\/nb\/wp-json\/wp\/v2\/product_tag?post=4646"}],"curies":[{"name":"wp","href":"https:\/\/api.w.org\/{rel}","templated":true}]}}