{"id":4269,"date":"2021-02-07T17:31:33","date_gmt":"2021-02-07T17:31:33","guid":{"rendered":"https:\/\/sites.generatepress.com\/shop\/?post_type=product&#038;p=4269"},"modified":"2025-06-01T09:50:54","modified_gmt":"2025-06-01T09:50:54","slug":"kjope-amfetamin-pa-nettet","status":"publish","type":"product","link":"https:\/\/xtcdrogenhaus.com\/nb\/produkt-2\/kjope-amfetamin-pa-nettet\/","title":{"rendered":"Amfetamin"},"content":{"rendered":"<div id=\"ez-toc-container\" class=\"ez-toc-v2_0_82_2 counter-hierarchy ez-toc-counter ez-toc-grey ez-toc-container-direction\">\n<div class=\"ez-toc-title-container\">\n<p class=\"ez-toc-title\" style=\"cursor:inherit\">Innholdsfortegnelse<\/p>\n<span class=\"ez-toc-title-toggle\"><a href=\"#\" class=\"ez-toc-pull-right ez-toc-btn ez-toc-btn-xs ez-toc-btn-default ez-toc-toggle\" aria-label=\"Toggle Table of Content\"><span class=\"ez-toc-js-icon-con\"><span class=\"\"><span class=\"eztoc-hide\" style=\"display:none;\">Toggle<\/span><span class=\"ez-toc-icon-toggle-span\"><svg style=\"fill: #999;color:#999\" xmlns=\"http:\/\/www.w3.org\/2000\/svg\" class=\"list-377408\" width=\"20px\" height=\"20px\" viewbox=\"0 0 24 24\" fill=\"none\"><path d=\"M6 6H4v2h2V6zm14 0H8v2h12V6zM4 11h2v2H4v-2zm16 0H8v2h12v-2zM4 16h2v2H4v-2zm16 0H8v2h12v-2z\" fill=\"currentColor\"><\/path><\/svg><svg style=\"fill: #999;color:#999\" class=\"arrow-unsorted-368013\" xmlns=\"http:\/\/www.w3.org\/2000\/svg\" width=\"10px\" height=\"10px\" viewbox=\"0 0 24 24\" version=\"1.2\" baseprofile=\"tiny\"><path d=\"M18.2 9.3l-6.2-6.3-6.2 6.3c-.2.2-.3.4-.3.7s.1.5.3.7c.2.2.4.3.7.3h11c.3 0 .5-.1.7-.3.2-.2.3-.5.3-.7s-.1-.5-.3-.7zM5.8 14.7l6.2 6.3 6.2-6.3c.2-.2.3-.5.3-.7s-.1-.5-.3-.7c-.2-.2-.4-.3-.7-.3h-11c-.3 0-.5.1-.7.3-.2.2-.3.5-.3.7s.1.5.3.7z\"\/><\/svg><\/span><\/span><\/span><\/a><\/span><\/div>\n<nav><ul class='ez-toc-list ez-toc-list-level-1' ><li class='ez-toc-page-1 ez-toc-heading-level-2'><a class=\"ez-toc-link ez-toc-heading-1\" href=\"https:\/\/xtcdrogenhaus.com\/nb\/produkt-2\/kjope-amfetamin-pa-nettet\/#Amphetamine_online_kaufen\" >Kj\u00f8p amfetamin p\u00e5 nett<\/a><ul class='ez-toc-list-level-3' ><li class='ez-toc-heading-level-3'><a class=\"ez-toc-link ez-toc-heading-2\" href=\"https:\/\/xtcdrogenhaus.com\/nb\/produkt-2\/kjope-amfetamin-pa-nettet\/#Amphetamin_Ihr_Energieschub_fur_besondere_Herausforderungen\" >Amfetamin: din energiboost for spesielle utfordringer<\/a><\/li><li class='ez-toc-page-1 ez-toc-heading-level-3'><a class=\"ez-toc-link ez-toc-heading-3\" href=\"https:\/\/xtcdrogenhaus.com\/nb\/produkt-2\/kjope-amfetamin-pa-nettet\/#Eigenschaften_und_Vorteile\" >Funksjoner og fordeler:<\/a><\/li><\/ul><\/li><li class='ez-toc-page-1 ez-toc-heading-level-2'><a class=\"ez-toc-link ez-toc-heading-4\" href=\"https:\/\/xtcdrogenhaus.com\/nb\/produkt-2\/kjope-amfetamin-pa-nettet\/#Haufig_gestellte_Fragen_FAQ\" >Ofte stilte sp\u00f8rsm\u00e5l (FAQ)<\/a><ul class='ez-toc-list-level-3' ><li class='ez-toc-heading-level-3'><a class=\"ez-toc-link ez-toc-heading-5\" href=\"https:\/\/xtcdrogenhaus.com\/nb\/produkt-2\/kjope-amfetamin-pa-nettet\/#Ist_der_Kauf_von_Amphetamin_legal\" >Er det lovlig \u00e5 kj\u00f8pe amfetamin?<\/a><\/li><li class='ez-toc-page-1 ez-toc-heading-level-3'><a class=\"ez-toc-link ez-toc-heading-6\" href=\"https:\/\/xtcdrogenhaus.com\/nb\/produkt-2\/kjope-amfetamin-pa-nettet\/#Wie_wird_Amphetamin_eingenommen\" >Hvordan tas amfetamin?<\/a><\/li><li class='ez-toc-page-1 ez-toc-heading-level-3'><a class=\"ez-toc-link ez-toc-heading-7\" href=\"https:\/\/xtcdrogenhaus.com\/nb\/produkt-2\/kjope-amfetamin-pa-nettet\/#Welche_Nebenwirkungen_kann_Amphetamin_haben\" >Hvilke bivirkninger kan amfetamin ha?<\/a><\/li><li class='ez-toc-page-1 ez-toc-heading-level-3'><a class=\"ez-toc-link ez-toc-heading-8\" href=\"https:\/\/xtcdrogenhaus.com\/nb\/produkt-2\/kjope-amfetamin-pa-nettet\/#Kann_ich_Amphetamin_online_sicher_kaufen\" >Kan jeg kj\u00f8pe amfetamin p\u00e5 nettet trygt?<\/a><\/li><li class='ez-toc-page-1 ez-toc-heading-level-3'><a class=\"ez-toc-link ez-toc-heading-9\" href=\"https:\/\/xtcdrogenhaus.com\/nb\/produkt-2\/kjope-amfetamin-pa-nettet\/#Wie_lange_halt_die_Wirkung_von_Amphetamin_an\" >Hvor lenge varer effekten av amfetamin?<\/a><\/li><li class='ez-toc-page-1 ez-toc-heading-level-3'><a class=\"ez-toc-link ez-toc-heading-10\" href=\"https:\/\/xtcdrogenhaus.com\/nb\/produkt-2\/kjope-amfetamin-pa-nettet\/#Was_sollte_ich_tun_wenn_ich_Nebenwirkungen_verspure\" >Hva skal jeg gj\u00f8re hvis jeg opplever bivirkninger?<\/a><\/li><\/ul><\/li><\/ul><\/nav><\/div>\n<h2><span class=\"ez-toc-section\" id=\"Amphetamine_online_kaufen\"><\/span>Kj\u00f8p amfetamin p\u00e5 nett<span class=\"ez-toc-section-end\"><\/span><\/h2>\n<h3><span class=\"ez-toc-section\" id=\"Amphetamin_Ihr_Energieschub_fur_besondere_Herausforderungen\"><\/span><span id=\"Amphetamin_Ihr_Energieschub_fuer_besondere_Herausforderungen\" class=\"ez-toc-section\"><\/span>Amfetamin: din energiboost for spesielle utfordringer<span class=\"ez-toc-section-end\"><\/span><\/h3>\n<p>Kj\u00f8p amfetamin p\u00e5 nett - Amfetamin, ofte referert til som \"speed\" eller \"pep\", er et prestasjonsfremmende sentralstimulerende middel som opprinnelig ble brukt til \u00e5 behandle\u00a0<a href=\"https:\/\/web.archive.org\/web\/20241211200104\/https:\/\/adhs-deutschland.de\/begleitstoerungen\/adhs-oder-epilepsie-oder-beides\" target=\"_blank\" rel=\"noopener\">ADHD<\/a>\u00a0og narkolepsi. I dag brukes det b\u00e5de til medisinske form\u00e5l og for \u00e5 \u00f8ke fysisk og mental yteevne.<\/p>\n<h3><span class=\"ez-toc-section\" id=\"Eigenschaften_und_Vorteile\"><\/span><span id=\"Eigenschaften_und_Vorteile\" class=\"ez-toc-section\"><\/span>Funksjoner og fordeler:<span class=\"ez-toc-section-end\"><\/span><\/h3>\n<ul>\n<li><strong>\u00d8kt oppmerksomhet:\u00a0<\/strong>\u00d8ker \u00e5rv\u00e5kenheten og konsentrasjonen, ideelt for lange perioder med arbeid eller studier.<\/li>\n<li><strong>\u00d8ke den fysiske utholdenheten:<\/strong>\u00a0St\u00f8tter fysisk anstrengende aktiviteter, ideelt for idrettsut\u00f8vere og treningsentusiaster.<\/li>\n<li><strong>Forbedring av hum\u00f8ret:<\/strong>\u00a0Fremmer en f\u00f8lelse av eufori og selvtillit, nyttig for sosiale anledninger og fester.<\/li>\n<\/ul>\n<p><strong>S\u00f8knad:<\/strong>\u00a0Amfetamin tas vanligvis oralt, men kan ogs\u00e5 sniffes eller injiseres. Effekten inntrer i l\u00f8pet av 30 minutter og kan vare i flere timer.<\/p>\n<p><strong>Forsiktighetstiltak:<\/strong>\u00a0Ved bruk av amfetamin b\u00f8r doseringen alltid overholdes for \u00e5 unng\u00e5 overdoser og u\u00f8nskede bivirkninger som s\u00f8vnl\u00f8shet, hjertebank og forh\u00f8yet blodtrykk.<\/p>\n<h2><span class=\"ez-toc-section\" id=\"Haufig_gestellte_Fragen_FAQ\"><\/span><span id=\"Haeufig_gestellte_Fragen_FAQ\" class=\"ez-toc-section\"><\/span>Ofte stilte sp\u00f8rsm\u00e5l (FAQ)<span class=\"ez-toc-section-end\"><\/span><\/h2>\n<h3><span class=\"ez-toc-section\" id=\"Ist_der_Kauf_von_Amphetamin_legal\"><\/span><span id=\"Ist_der_Kauf_von_Amphetamin_legal\" class=\"ez-toc-section\"><\/span>Er det lovlig \u00e5 kj\u00f8pe amfetamin?<span class=\"ez-toc-section-end\"><\/span><\/h3>\n<p>Nei, kj\u00f8p og besittelse av amfetamin uten resept er ulovlig i de fleste land. Ulovlig handel blir strengt straffeforfulgt.<\/p>\n<h3><span class=\"ez-toc-section\" id=\"Wie_wird_Amphetamin_eingenommen\"><\/span><span id=\"Wie_wird_Amphetamin_eingenommen\" class=\"ez-toc-section\"><\/span>Hvordan tas amfetamin?<span class=\"ez-toc-section-end\"><\/span><\/h3>\n<p>Amfetamin kan tas oralt, nasalt eller intraven\u00f8st. Den vanligste metoden er oralt inntak i tablettform.<\/p>\n<h3><span class=\"ez-toc-section\" id=\"Welche_Nebenwirkungen_kann_Amphetamin_haben\"><\/span><span id=\"Welche_Nebenwirkungen_kann_Amphetamin_haben\" class=\"ez-toc-section\"><\/span>Hvilke bivirkninger kan amfetamin ha?<span class=\"ez-toc-section-end\"><\/span><\/h3>\n<p>De vanligste bivirkningene er s\u00f8vnl\u00f8shet, \u00f8kt blodtrykk, hjertebank, nerv\u00f8sitet og, i alvorlige tilfeller, psykotiske episoder.<\/p>\n<h3><span class=\"ez-toc-section\" id=\"Kann_ich_Amphetamin_online_sicher_kaufen\"><\/span><span id=\"Kann_ich_Amphetamin_online_sicher_kaufen\" class=\"ez-toc-section\"><\/span>Kan jeg kj\u00f8pe amfetamin p\u00e5 nettet trygt?<span class=\"ez-toc-section-end\"><\/span><\/h3>\n<p>Det er ulovlig \u00e5 kj\u00f8pe amfetamin p\u00e5 nettet, og det kan inneb\u00e6re risikoer som produkter av d\u00e5rlig kvalitet og juridiske konsekvenser. Det anbefales \u00e5 ikke kj\u00f8pe slike stoffer p\u00e5 nettet.<\/p>\n<h3><span class=\"ez-toc-section\" id=\"Wie_lange_halt_die_Wirkung_von_Amphetamin_an\"><\/span><span id=\"Wie_lange_haelt_die_Wirkung_von_Amphetamin_an\" class=\"ez-toc-section\"><\/span>Hvor lenge varer effekten av amfetamin?<span class=\"ez-toc-section-end\"><\/span><\/h3>\n<p>Effekten kan vare i flere timer, avhengig av dosering og individuell toleranse. Den varer vanligvis mellom 4 og 8 timer.<\/p>\n<h3><span class=\"ez-toc-section\" id=\"Was_sollte_ich_tun_wenn_ich_Nebenwirkungen_verspure\"><\/span><span id=\"Was_sollte_ich_tun_wenn_ich_Nebenwirkungen_verspuere\" class=\"ez-toc-section\"><\/span>Hva skal jeg gj\u00f8re hvis jeg opplever bivirkninger?<span class=\"ez-toc-section-end\"><\/span><\/h3>\n<p>Hvis du opplever alvorlige bivirkninger som hjertebank, angst eller hallusinasjoner, b\u00f8r du s\u00f8ke medisinsk hjelp umiddelbart.<\/p>","protected":false},"excerpt":{"rendered":"<p>\u2713 Beskyttet og vakuumpakket kamuflasjefrakt<br \/>\n\u2713Anonym betaling med Bitcoin og bankoverf\u00f8ring<br \/>\n\u2713Full databeskyttelse gjennom kryptering<\/p>\n<p>&nbsp;<\/p>","protected":false},"featured_media":4615,"comment_status":"open","ping_status":"closed","template":"","meta":[],"product_brand":[],"product_cat":[24],"product_tag":[],"class_list":{"0":"post-4269","1":"product","2":"type-product","3":"status-publish","4":"has-post-thumbnail","6":"product_cat-amphetamin","7":"sales-flash-overlay","8":"woocommerce-text-align-center","9":"woocommerce-image-align-center","10":"do-quantity-buttons","12":"first","13":"instock","14":"shipping-taxable","15":"purchasable","16":"product-type-variable"},"_links":{"self":[{"href":"https:\/\/xtcdrogenhaus.com\/nb\/wp-json\/wp\/v2\/product\/4269","targetHints":{"allow":["GET"]}}],"collection":[{"href":"https:\/\/xtcdrogenhaus.com\/nb\/wp-json\/wp\/v2\/product"}],"about":[{"href":"https:\/\/xtcdrogenhaus.com\/nb\/wp-json\/wp\/v2\/types\/product"}],"replies":[{"embeddable":true,"href":"https:\/\/xtcdrogenhaus.com\/nb\/wp-json\/wp\/v2\/comments?post=4269"}],"wp:featuredmedia":[{"embeddable":true,"href":"https:\/\/xtcdrogenhaus.com\/nb\/wp-json\/wp\/v2\/media\/4615"}],"wp:attachment":[{"href":"https:\/\/xtcdrogenhaus.com\/nb\/wp-json\/wp\/v2\/media?parent=4269"}],"wp:term":[{"taxonomy":"product_brand","embeddable":true,"href":"https:\/\/xtcdrogenhaus.com\/nb\/wp-json\/wp\/v2\/product_brand?post=4269"},{"taxonomy":"product_cat","embeddable":true,"href":"https:\/\/xtcdrogenhaus.com\/nb\/wp-json\/wp\/v2\/product_cat?post=4269"},{"taxonomy":"product_tag","embeddable":true,"href":"https:\/\/xtcdrogenhaus.com\/nb\/wp-json\/wp\/v2\/product_tag?post=4269"}],"curies":[{"name":"wp","href":"https:\/\/api.w.org\/{rel}","templated":true}]}}