{"id":3864,"date":"2021-02-04T18:49:27","date_gmt":"2021-02-04T18:49:27","guid":{"rendered":"https:\/\/sites.generatepress.com\/shop\/?post_type=product&#038;p=3864"},"modified":"2025-04-20T19:16:46","modified_gmt":"2025-04-20T19:16:46","slug":"kjope-dmt-medikament","status":"publish","type":"product","link":"https:\/\/xtcdrogenhaus.com\/nb\/produkt-2\/kjope-dmt-medikament\/","title":{"rendered":"4 ACO DMT"},"content":{"rendered":"<div id=\"ez-toc-container\" class=\"ez-toc-v2_0_82_2 counter-hierarchy ez-toc-counter ez-toc-grey ez-toc-container-direction\">\n<div class=\"ez-toc-title-container\">\n<p class=\"ez-toc-title\" style=\"cursor:inherit\">Innholdsfortegnelse<\/p>\n<span class=\"ez-toc-title-toggle\"><a href=\"#\" class=\"ez-toc-pull-right ez-toc-btn ez-toc-btn-xs ez-toc-btn-default ez-toc-toggle\" aria-label=\"Toggle Table of Content\"><span class=\"ez-toc-js-icon-con\"><span class=\"\"><span class=\"eztoc-hide\" style=\"display:none;\">Toggle<\/span><span class=\"ez-toc-icon-toggle-span\"><svg style=\"fill: #999;color:#999\" xmlns=\"http:\/\/www.w3.org\/2000\/svg\" class=\"list-377408\" width=\"20px\" height=\"20px\" viewbox=\"0 0 24 24\" fill=\"none\"><path d=\"M6 6H4v2h2V6zm14 0H8v2h12V6zM4 11h2v2H4v-2zm16 0H8v2h12v-2zM4 16h2v2H4v-2zm16 0H8v2h12v-2z\" fill=\"currentColor\"><\/path><\/svg><svg style=\"fill: #999;color:#999\" class=\"arrow-unsorted-368013\" xmlns=\"http:\/\/www.w3.org\/2000\/svg\" width=\"10px\" height=\"10px\" viewbox=\"0 0 24 24\" version=\"1.2\" baseprofile=\"tiny\"><path d=\"M18.2 9.3l-6.2-6.3-6.2 6.3c-.2.2-.3.4-.3.7s.1.5.3.7c.2.2.4.3.7.3h11c.3 0 .5-.1.7-.3.2-.2.3-.5.3-.7s-.1-.5-.3-.7zM5.8 14.7l6.2 6.3 6.2-6.3c.2-.2.3-.5.3-.7s-.1-.5-.3-.7c-.2-.2-.4-.3-.7-.3h-11c-.3 0-.5.1-.7.3-.2.2-.3.5-.3.7s.1.5.3.7z\"\/><\/svg><\/span><\/span><\/span><\/a><\/span><\/div>\n<nav><ul class='ez-toc-list ez-toc-list-level-1' ><li class='ez-toc-page-1 ez-toc-heading-level-1'><a class=\"ez-toc-link ez-toc-heading-1\" href=\"https:\/\/xtcdrogenhaus.com\/nb\/produkt-2\/kjope-dmt-medikament\/#DMT_droge_kaufen\" >Kj\u00f8p DMT-legemiddel<\/a><ul class='ez-toc-list-level-2' ><li class='ez-toc-heading-level-2'><a class=\"ez-toc-link ez-toc-heading-2\" href=\"https:\/\/xtcdrogenhaus.com\/nb\/produkt-2\/kjope-dmt-medikament\/#Kaufen_4-Aco-DMT_Verkaufer\" >Kj\u00f8p 4-Aco-DMT selger<\/a><\/li><li class='ez-toc-page-1 ez-toc-heading-level-2'><a class=\"ez-toc-link ez-toc-heading-3\" href=\"https:\/\/xtcdrogenhaus.com\/nb\/produkt-2\/kjope-dmt-medikament\/#4_aco_dmt_zu_verkaufen_bei_Psyche_Society\" >4 aco dmt til salgs hos Psyche Society<\/a><\/li><li class='ez-toc-page-1 ez-toc-heading-level-2'><a class=\"ez-toc-link ez-toc-heading-4\" href=\"https:\/\/xtcdrogenhaus.com\/nb\/produkt-2\/kjope-dmt-medikament\/#4_aco_dmt_zu_verkaufen\" >4 aco dmt til salgs<\/a><\/li><li class='ez-toc-page-1 ez-toc-heading-level-2'><a class=\"ez-toc-link ez-toc-heading-5\" href=\"https:\/\/xtcdrogenhaus.com\/nb\/produkt-2\/kjope-dmt-medikament\/#4-AcO-DMT_bestellen\" >Bestill 4-AcO-DMT<\/a><\/li><li class='ez-toc-page-1 ez-toc-heading-level-2'><a class=\"ez-toc-link ez-toc-heading-6\" href=\"https:\/\/xtcdrogenhaus.com\/nb\/produkt-2\/kjope-dmt-medikament\/#Auswirkungen_von_4_aco_dmt_zum_Verkauf_online\" >Innvirkning av 4 aco dmt til salgs p\u00e5 nettet<\/a><\/li><li class='ez-toc-page-1 ez-toc-heading-level-2'><a class=\"ez-toc-link ez-toc-heading-7\" href=\"https:\/\/xtcdrogenhaus.com\/nb\/produkt-2\/kjope-dmt-medikament\/#Erwunschte_Wirkungen_bester_Ort_um_4_ACO_DMT_zu_kaufen\" >\u00d8nskede effekter _ beste stedet \u00e5 kj\u00f8pe 4 ACO DMT<\/a><\/li><\/ul><\/li><\/ul><\/nav><\/div>\n<h1 class=\"product-title product_title entry-title\"><span class=\"ez-toc-section\" id=\"DMT_droge_kaufen\"><\/span>Kj\u00f8p DMT-legemiddel<span class=\"ez-toc-section-end\"><\/span><\/h1>\n<p>Kj\u00f8p 4 ACO DMT online. Acetylpsilocin er et halvsyntetisk psykoaktivt medikament foresl\u00e5tt av David Nichols som et potensielt nyttig alternativ til psilocybin for farmakologiske studier, da begge regnes som prodroger av psilocin.<\/p>\n<h2><span class=\"ez-toc-section\" id=\"Kaufen_4-Aco-DMT_Verkaufer\"><\/span><span id=\"Kaufen_4-Aco-DMT_Verkaeufer\" class=\"ez-toc-section\"><\/span>Kj\u00f8p 4-Aco-DMT selger<span class=\"ez-toc-section-end\"><\/span><\/h2>\n<p>4 ACO DMT til salgs p\u00e5 nettet. Gj\u00f8r deg selv en stor fordel og kj\u00f8p 4-Aco-DMT online fra en meget anerkjent nettbutikk med en fantastisk leveringskunnskap. Vi har et veldig erfarent personale som er involvert i all vellykket levering. Pakken din er 100 diskret og sikker. All personlig informasjon er 100% trygg hos oss, vi deler ikke kundens personlige informasjon med noen tredjepart. Alle v\u00e5re kunder har stor tillit til oss. Mange mennesker har klaget gjennom \u00e5rene at de ikke kan finne en virkelig p\u00e5litelig leverand\u00f8r av 4-Aco-DMT online, dette er mens vi g\u00e5r inn for \u00e5 tilby dem denne flotte muligheten.<\/p>\n<h2><span class=\"ez-toc-section\" id=\"4_aco_dmt_zu_verkaufen_bei_Psyche_Society\"><\/span><span id=\"4_aco_dmt_zu_verkaufen_bei_Psyche_Society\" class=\"ez-toc-section\"><\/span>4 aco dmt til salgs hos Psyche Society<span class=\"ez-toc-section-end\"><\/span><\/h2>\n<p>Til \u00e5 begynne med, 4 aco dmt til salgs og kj\u00f8p 4 aco dmt - O-acetylpsilocin er et halvsyntetisk psykoaktivt medikament (ogs\u00e5 kjent som psilacetin, 4-acetoxy-DMT eller 4-AcO DMT) foresl\u00e5tt av David Nichols. Det ville v\u00e6re et potensielt nyttig alternativ til psilocybin for farmakologisk forskning. Imidlertid forventes de ogs\u00e5 \u00e5 v\u00e6re prodroger for psilocin.<\/p>\n<h2><span class=\"ez-toc-section\" id=\"4_aco_dmt_zu_verkaufen\"><\/span><span id=\"4_aco_dmt_zu_verkaufen\" class=\"ez-toc-section\"><\/span>4 aco dmt til salgs<span class=\"ez-toc-section-end\"><\/span><\/h2>\n<p>Det er et krystallinsk, hvitt eller beige pulver uten spesifikk vedheft (noen ganger m\u00f8rkt). Noen produsenter selger ogs\u00e5 dette pulveret i kapselform, mer sjelden i hetteglass. I dag er syntetiske\/semisyntetiske tryptaminer de mest brukte, selv om bruken av disse stoffene fortsatt er begrenset.<\/p>\n<h2><span class=\"ez-toc-section\" id=\"4-AcO-DMT_bestellen\"><\/span><span id=\"4-AcO-DMT_bestellen\" class=\"ez-toc-section\"><\/span>Bestill 4-AcO-DMT<span class=\"ez-toc-section-end\"><\/span><\/h2>\n<p>Det brukes ofte som saltfumarat, som i gjennomsnitt inneholder 1 mg rent 4-AcO-DMT per 1,24 mg pulver (4-AcO-DMT-fumarat). Hvis det er hydrokloridsalt, inneholder det i gjennomsnitt 1 mg rent salt per 1,15 mg pulver. Forskjellen er kanskje bare marginal, men det er verdt \u00e5 vite.<\/p>\n<h2><span class=\"ez-toc-section\" id=\"Auswirkungen_von_4_aco_dmt_zum_Verkauf_online\"><\/span><span id=\"Auswirkungen_von_4_aco_dmt_zum_Verkauf_online\" class=\"ez-toc-section\"><\/span>Innvirkning av 4 aco dmt til salgs p\u00e5 nettet<span class=\"ez-toc-section-end\"><\/span><\/h2>\n<p>Overraskende nok er effekten av molekylet lik effekten av magiske sopper, som for eksempel slekten Psilocybe. Ordtaket er veldig meningsfylt i denne sammenhengen. Avhengig av dosering og pasient, er den gjennomsnittlige varigheten av turen rundt 3 til 6 timer. 4 Kj\u00f8p ACO DMT<\/p>\n<h2><span class=\"ez-toc-section\" id=\"Erwunschte_Wirkungen_bester_Ort_um_4_ACO_DMT_zu_kaufen\"><\/span><span id=\"Erwuenschte_Wirkungen_bester_Ort_um_4_ACO_DMT_zu_kaufen\" class=\"ez-toc-section\"><\/span>\u00d8nskede effekter _ beste stedet \u00e5 kj\u00f8pe 4 ACO DMT<span class=\"ez-toc-section-end\"><\/span><\/h2>\n<p>Som med psilocin er den relative toksisiteten til 4-AcO-DMT, spesielt i nevrologiske termer, ganske lav: nesten ingen nevrotoksisitet. Dette er imidlertid bare overdrivelser, og faktum er at det ikke er noen vesentlig vitenskapelig forskning om emnet. 4 Kj\u00f8p ACO DMT<\/p>\n<p>Fysiske farer som oppkast, bevisstl\u00f8shet og kramper er spesielt merkbare, men de er sjeldne. S\u00e5 vidt vi vet, har ingen d\u00f8dd av \u00e5 ta DMT, og det er usannsynlig at det er fysisk farlig for folk flest.<\/p>\n<p>Som med andre psykedelika, b\u00f8r gravide eller ammende kvinner eller personer som er utsatt for kramper, unng\u00e5s for enhver pris. Som en generell regel: hjerteinfarkt, blodtrykksproblemer eller psykiske problemer som alvorlig angst. Med tanke p\u00e5 mangelen p\u00e5 kliniske studier b\u00f8r man rett og slett v\u00e6re forsiktig.<\/p>","protected":false},"excerpt":{"rendered":"<p>\u2713Ugjennomsiktig og vakuumpakket kamuflasjefrakt<br \/>\n\u2713Anonym betaling med Bitcoin og bankoverf\u00f8ring<br \/>\n\u2713 Fullstendig databeskyttelse gjennom kryptering<\/p>","protected":false},"featured_media":4627,"comment_status":"open","ping_status":"closed","template":"","meta":[],"product_brand":[],"product_cat":[26],"product_tag":[],"class_list":{"0":"post-3864","1":"product","2":"type-product","3":"status-publish","4":"has-post-thumbnail","6":"product_cat-dmt-kaufen","7":"sales-flash-overlay","8":"woocommerce-text-align-center","9":"woocommerce-image-align-center","10":"do-quantity-buttons","12":"first","13":"instock","14":"shipping-taxable","15":"purchasable","16":"product-type-variable"},"_links":{"self":[{"href":"https:\/\/xtcdrogenhaus.com\/nb\/wp-json\/wp\/v2\/product\/3864","targetHints":{"allow":["GET"]}}],"collection":[{"href":"https:\/\/xtcdrogenhaus.com\/nb\/wp-json\/wp\/v2\/product"}],"about":[{"href":"https:\/\/xtcdrogenhaus.com\/nb\/wp-json\/wp\/v2\/types\/product"}],"replies":[{"embeddable":true,"href":"https:\/\/xtcdrogenhaus.com\/nb\/wp-json\/wp\/v2\/comments?post=3864"}],"wp:featuredmedia":[{"embeddable":true,"href":"https:\/\/xtcdrogenhaus.com\/nb\/wp-json\/wp\/v2\/media\/4627"}],"wp:attachment":[{"href":"https:\/\/xtcdrogenhaus.com\/nb\/wp-json\/wp\/v2\/media?parent=3864"}],"wp:term":[{"taxonomy":"product_brand","embeddable":true,"href":"https:\/\/xtcdrogenhaus.com\/nb\/wp-json\/wp\/v2\/product_brand?post=3864"},{"taxonomy":"product_cat","embeddable":true,"href":"https:\/\/xtcdrogenhaus.com\/nb\/wp-json\/wp\/v2\/product_cat?post=3864"},{"taxonomy":"product_tag","embeddable":true,"href":"https:\/\/xtcdrogenhaus.com\/nb\/wp-json\/wp\/v2\/product_tag?post=3864"}],"curies":[{"name":"wp","href":"https:\/\/api.w.org\/{rel}","templated":true}]}}