{"id":4804,"date":"2025-04-20T20:09:35","date_gmt":"2025-04-20T20:09:35","guid":{"rendered":"https:\/\/xtcdrogenhaus.com\/?page_id=4804"},"modified":"2025-04-20T20:09:55","modified_gmt":"2025-04-20T20:09:55","slug":"zahlung","status":"publish","type":"page","link":"https:\/\/xtcdrogenhaus.com\/nb\/zahlung\/","title":{"rendered":"Betaling"},"content":{"rendered":"<div id=\"ez-toc-container\" class=\"ez-toc-v2_0_82_2 counter-hierarchy ez-toc-counter ez-toc-grey ez-toc-container-direction\">\n<div class=\"ez-toc-title-container\">\n<p class=\"ez-toc-title\" style=\"cursor:inherit\">Innholdsfortegnelse<\/p>\n<span class=\"ez-toc-title-toggle\"><a href=\"#\" class=\"ez-toc-pull-right ez-toc-btn ez-toc-btn-xs ez-toc-btn-default ez-toc-toggle\" aria-label=\"Toggle Table of Content\"><span class=\"ez-toc-js-icon-con\"><span class=\"\"><span class=\"eztoc-hide\" style=\"display:none;\">Toggle<\/span><span class=\"ez-toc-icon-toggle-span\"><svg style=\"fill: #999;color:#999\" xmlns=\"http:\/\/www.w3.org\/2000\/svg\" class=\"list-377408\" width=\"20px\" height=\"20px\" viewbox=\"0 0 24 24\" fill=\"none\"><path d=\"M6 6H4v2h2V6zm14 0H8v2h12V6zM4 11h2v2H4v-2zm16 0H8v2h12v-2zM4 16h2v2H4v-2zm16 0H8v2h12v-2z\" fill=\"currentColor\"><\/path><\/svg><svg style=\"fill: #999;color:#999\" class=\"arrow-unsorted-368013\" xmlns=\"http:\/\/www.w3.org\/2000\/svg\" width=\"10px\" height=\"10px\" viewbox=\"0 0 24 24\" version=\"1.2\" baseprofile=\"tiny\"><path d=\"M18.2 9.3l-6.2-6.3-6.2 6.3c-.2.2-.3.4-.3.7s.1.5.3.7c.2.2.4.3.7.3h11c.3 0 .5-.1.7-.3.2-.2.3-.5.3-.7s-.1-.5-.3-.7zM5.8 14.7l6.2 6.3 6.2-6.3c.2-.2.3-.5.3-.7s-.1-.5-.3-.7c-.2-.2-.4-.3-.7-.3h-11c-.3 0-.5.1-.7.3-.2.2-.3.5-.3.7s.1.5.3.7z\"\/><\/svg><\/span><\/span><\/span><\/a><\/span><\/div>\n<nav><ul class='ez-toc-list ez-toc-list-level-1' ><li class='ez-toc-page-1 ez-toc-heading-level-1'><a class=\"ez-toc-link ez-toc-heading-1\" href=\"https:\/\/xtcdrogenhaus.com\/nb\/zahlung\/#Xtcdrogenhaus_%E2%80%93_Deine_Adresse_fur_diskrete_Drogenbestellung_in_Europa\" >Xtcdrogenhaus \u2013 Deine Adresse f\u00fcr diskrete Drogenbestellung in Europa<\/a><ul class='ez-toc-list-level-2' ><li class='ez-toc-heading-level-2'><a class=\"ez-toc-link ez-toc-heading-2\" href=\"https:\/\/xtcdrogenhaus.com\/nb\/zahlung\/#Warum_Xtcdrogenhaus\" >Warum Xtcdrogenhaus?<\/a><\/li><li class='ez-toc-page-1 ez-toc-heading-level-2'><a class=\"ez-toc-link ez-toc-heading-3\" href=\"https:\/\/xtcdrogenhaus.com\/nb\/zahlung\/#Vorteile_von_Kryptowahrungen\" >Vorteile von Kryptow\u00e4hrungen<\/a><ul class='ez-toc-list-level-3' ><li class='ez-toc-heading-level-3'><a class=\"ez-toc-link ez-toc-heading-4\" href=\"https:\/\/xtcdrogenhaus.com\/nb\/zahlung\/#1_Unubertroffene_Privatsphare\" >1. Un\u00fcbertroffene Privatsph\u00e4re<\/a><\/li><li class='ez-toc-page-1 ez-toc-heading-level-3'><a class=\"ez-toc-link ez-toc-heading-5\" href=\"https:\/\/xtcdrogenhaus.com\/nb\/zahlung\/#2_Sekundenschnelle_Bestatigung\" >2. Sekundenschnelle Best\u00e4tigung<\/a><\/li><li class='ez-toc-page-1 ez-toc-heading-level-3'><a class=\"ez-toc-link ez-toc-heading-6\" href=\"https:\/\/xtcdrogenhaus.com\/nb\/zahlung\/#3_Keine_Grenzen_keine_Gebuhren\" >3. Keine Grenzen, keine Geb\u00fchren<\/a><\/li><\/ul><\/li><li class='ez-toc-page-1 ez-toc-heading-level-2'><a class=\"ez-toc-link ez-toc-heading-7\" href=\"https:\/\/xtcdrogenhaus.com\/nb\/zahlung\/#So_startest_du_sicher_mit_Kryptowahrungen\" >So startest du sicher mit Kryptow\u00e4hrungen<\/a><\/li><li class='ez-toc-page-1 ez-toc-heading-level-2'><a class=\"ez-toc-link ez-toc-heading-8\" href=\"https:\/\/xtcdrogenhaus.com\/nb\/zahlung\/#Alternative_Zahlungsmethoden\" >Alternative Zahlungsmethoden<\/a><\/li><li class='ez-toc-page-1 ez-toc-heading-level-2'><a class=\"ez-toc-link ez-toc-heading-9\" href=\"https:\/\/xtcdrogenhaus.com\/nb\/zahlung\/#Haufige_Fragen_FAQ\" >H\u00e4ufige Fragen (FAQ)<\/a><\/li><li class='ez-toc-page-1 ez-toc-heading-level-2'><a class=\"ez-toc-link ez-toc-heading-10\" href=\"https:\/\/xtcdrogenhaus.com\/nb\/zahlung\/#Dein_diskretes_Einkaufserlebnis\" >Dein diskretes Einkaufserlebnis<\/a><\/li><\/ul><\/li><\/ul><\/nav><\/div>\n<h1 class=\"wp-block-heading\"><span class=\"ez-toc-section\" id=\"Xtcdrogenhaus_%E2%80%93_Deine_Adresse_fur_diskrete_Drogenbestellung_in_Europa\"><\/span>Xtcdrogenhaus \u2013 Deine Adresse f\u00fcr diskrete Drogenbestellung in Europa<span class=\"ez-toc-section-end\"><\/span><\/h1>\n\n\n\n<p>Bei <strong>Xtcdrogenhaus<\/strong> setzen wir neue Ma\u00dfst\u00e4be f\u00fcr Bequemlichkeit und Vertraulichkeit im Online-Drogenhandel. Ob Gro\u00dfbesteller oder Erstk\u00e4ufer \u2013 wir bieten dir:<\/p>\n\n\n\n<ul class=\"wp-block-list\">\n<li><strong>Absolute Diskretion<\/strong> durch moderne Kryptow\u00e4hrungs\u00adl\u00f6sungen<\/li>\n\n\n\n<li><strong>Blitzschnelle Abwicklung<\/strong>: Best\u00e4tigung in wenigen Minuten<\/li>\n\n\n\n<li><strong>Europaweite Lieferung<\/strong> ohne W\u00e4hrungs\u00adbarrieren<\/li>\n<\/ul>\n\n\n\n<hr class=\"wp-block-separator has-alpha-channel-opacity\"\/>\n\n\n\n<h2 class=\"wp-block-heading\"><span class=\"ez-toc-section\" id=\"Warum_Xtcdrogenhaus\"><\/span>Warum Xtcdrogenhaus?<span class=\"ez-toc-section-end\"><\/span><\/h2>\n\n\n\n<ol class=\"wp-block-list\">\n<li><strong>Einfach &amp; Anonym<\/strong><br>Unsere Zahlungsl\u00f6sungen mit Bitcoin, Monero &amp; Co. hinterlassen keine pers\u00f6nlichen Spuren. Deine Identit\u00e4t bleibt gesch\u00fctzt \u2013 von der Bestellung bis zur Lieferung.<\/li>\n\n\n\n<li><strong>H\u00f6chste Sicherheit<\/strong><br>End\u2011to\u2011end\u2011Verschl\u00fcsselung und gepr\u00fcfte Lieferpartner garantieren, dass dein Paket unversehrt und anonym bei dir ankommt.<\/li>\n\n\n\n<li><strong>Rund-um-die-Uhr\u2011Support<\/strong><br>Unser deutschsprachiger Kundenservice ist 24\/7 f\u00fcr dich da \u2013 bei Fragen zur Bestellung, Zahlung oder Lieferung.<\/li>\n<\/ol>\n\n\n\n<hr class=\"wp-block-separator has-alpha-channel-opacity\"\/>\n\n\n\n<h2 class=\"wp-block-heading\"><span class=\"ez-toc-section\" id=\"Vorteile_von_Kryptowahrungen\"><\/span>Vorteile von Kryptow\u00e4hrungen<span class=\"ez-toc-section-end\"><\/span><\/h2>\n\n\n\n<h3 class=\"wp-block-heading\"><span class=\"ez-toc-section\" id=\"1_Unubertroffene_Privatsphare\"><\/span>1. Un\u00fcbertroffene Privatsph\u00e4re<span class=\"ez-toc-section-end\"><\/span><\/h3>\n\n\n\n<p>Krypto-Transaktionen hinterlassen keine Bankdaten. So bleibst du komplett anonym.<\/p>\n\n\n\n<h3 class=\"wp-block-heading\"><span class=\"ez-toc-section\" id=\"2_Sekundenschnelle_Bestatigung\"><\/span>2. Sekundenschnelle Best\u00e4tigung<span class=\"ez-toc-section-end\"><\/span><\/h3>\n\n\n\n<p>Vergiss lange Wartezeiten: Mit Bitcoin &amp; Co. wird deine Zahlung in Minuten best\u00e4tigt.<\/p>\n\n\n\n<h3 class=\"wp-block-heading\"><span class=\"ez-toc-section\" id=\"3_Keine_Grenzen_keine_Gebuhren\"><\/span>3. Keine Grenzen, keine Geb\u00fchren<span class=\"ez-toc-section-end\"><\/span><\/h3>\n\n\n\n<p>Zahle ohne Umtauschkosten direkt von deinem Wallet \u2013 europaweit und jederzeit.<\/p>\n\n\n\n<hr class=\"wp-block-separator has-alpha-channel-opacity\"\/>\n\n\n\n<h2 class=\"wp-block-heading\"><span class=\"ez-toc-section\" id=\"So_startest_du_sicher_mit_Kryptowahrungen\"><\/span>So startest du sicher mit Kryptow\u00e4hrungen<span class=\"ez-toc-section-end\"><\/span><\/h2>\n\n\n\n<ol class=\"wp-block-list\">\n<li><strong>Registriere dich bei einer vertrauensw\u00fcrdigen B\u00f6rse:<\/strong>\n<ul class=\"wp-block-list\">\n<li><strong>Kraken<\/strong>: Intuitive Oberfl\u00e4che f\u00fcr Einsteiger<\/li>\n\n\n\n<li><strong>Bitstamp<\/strong>: Schritt\u2011f\u00fcr\u2011Schritt\u2011Anleitungen<\/li>\n\n\n\n<li><strong>Binance<\/strong>: Niedrige Geb\u00fchren f\u00fcr erfahrene Trader<\/li>\n<\/ul>\n<\/li>\n\n\n\n<li><strong>Kaufe anonym an einem Krypto-Automaten:<\/strong><br>Finde Geldautomaten in deiner N\u00e4he mit <a class=\"\" href=\"https:\/\/www.cryptomap.io\" target=\"_blank\" rel=\"noopener\">CryptoMap<\/a> und tausche Bar in Krypto \u2013 ganz ohne Registrierung.<\/li>\n<\/ol>\n\n\n\n<hr class=\"wp-block-separator has-alpha-channel-opacity\"\/>\n\n\n\n<h2 class=\"wp-block-heading\"><span class=\"ez-toc-section\" id=\"Alternative_Zahlungsmethoden\"><\/span>Alternative Zahlungsmethoden<span class=\"ez-toc-section-end\"><\/span><\/h2>\n\n\n\n<blockquote class=\"wp-block-quote is-layout-flow wp-block-quote-is-layout-flow\">\n<p><em>Hinweis:<\/em> F\u00fcr h\u00f6chste Geschwindigkeit und Anonymit\u00e4t empfehlen wir weiterhin Kryptow\u00e4hrungen.<\/p>\n<\/blockquote>\n\n\n\n<figure class=\"wp-block-table\"><table class=\"has-fixed-layout\"><thead><tr><th>Zahlungsmethode<\/th><th>Fordeler<\/th><th>Nachteile<\/th><\/tr><\/thead><tbody><tr><td><strong>Bank\u00fcberweisung<\/strong><\/td><td>Weit verbreitet<\/td><td>Langsam, mit pers\u00f6nlichem Konto verkn\u00fcpft<\/td><\/tr><tr><td><strong>E\u2011Wallets (PayPal, Skrill)<\/strong><\/td><td>Schnell &amp; bequem<\/td><td>Eingeschr\u00e4nkte Privatsph\u00e4re, Drittanbieter\u2011Kontrolle<\/td><\/tr><\/tbody><\/table><\/figure>\n\n\n\n<hr class=\"wp-block-separator has-alpha-channel-opacity\"\/>\n\n\n\n<h2 class=\"wp-block-heading\"><span class=\"ez-toc-section\" id=\"Haufige_Fragen_FAQ\"><\/span>H\u00e4ufige Fragen (FAQ)<span class=\"ez-toc-section-end\"><\/span><\/h2>\n\n\n\n<p><strong>1. Warum Krypto statt klassischer Methoden?<\/strong><br>Kryptow\u00e4hrungen bieten den besten Schutz deiner Daten \u2013 sie sind schnell, sicher und anonym.<\/p>\n\n\n\n<p><strong>2. Wie kaufe ich als Anf\u00e4nger Krypto?<\/strong><br>Nutze B\u00f6rsen wie Kraken oder Bitstamp f\u00fcr den ersten Kauf. Mit CryptoMap tauscht du Bargeld an Automaten ein.<\/p>\n\n\n\n<p><strong>3. Sind alternative Zahlungen wirklich anonym?<\/strong><br>Nein. Bank\u00fcberweisungen und E\u2011Wallets k\u00f6nnen pers\u00f6nliche Daten preisgeben.<\/p>\n\n\n\n<hr class=\"wp-block-separator has-alpha-channel-opacity\"\/>\n\n\n\n<h2 class=\"wp-block-heading\"><span class=\"ez-toc-section\" id=\"Dein_diskretes_Einkaufserlebnis\"><\/span>Dein diskretes Einkaufserlebnis<span class=\"ez-toc-section-end\"><\/span><\/h2>\n\n\n\n<p>Mit <strong>Xtcdrogenhaus<\/strong> entscheidest du dich f\u00fcr Innovation, Sicherheit und Vertrauen. Erlebe jetzt:<\/p>\n\n\n\n<ul class=\"wp-block-list\">\n<li><strong>Stressfreie Bestellung<\/strong><\/li>\n\n\n\n<li><strong>Anonyme Bezahlung<\/strong> per Krypto<\/li>\n\n\n\n<li><strong>Express\u2011Lieferung<\/strong> in ganz Europa<\/li>\n<\/ul>\n\n\n\n<p><strong>Fragen?<\/strong> Unser Support ist rund um die Uhr f\u00fcr dich erreichbar.<br><strong>Jetzt entdecken &amp; anonym bestellen!<\/strong><\/p>","protected":false},"excerpt":{"rendered":"<p>Xtcdrogenhaus \u2013 Deine Adresse f\u00fcr diskrete Drogenbestellung in Europa Bei Xtcdrogenhaus setzen wir neue Ma\u00dfst\u00e4be f\u00fcr Bequemlichkeit und Vertraulichkeit im Online-Drogenhandel. Ob &#8230; <a title=\"Betaling\" class=\"read-more\" href=\"https:\/\/xtcdrogenhaus.com\/nb\/zahlung\/\" aria-label=\"Read more about Zahlung\">Les mer<\/a><\/p>","protected":false},"author":1,"featured_media":0,"parent":0,"menu_order":0,"comment_status":"closed","ping_status":"closed","template":"","meta":{"footnotes":""},"class_list":["post-4804","page","type-page","status-publish"],"_links":{"self":[{"href":"https:\/\/xtcdrogenhaus.com\/nb\/wp-json\/wp\/v2\/pages\/4804","targetHints":{"allow":["GET"]}}],"collection":[{"href":"https:\/\/xtcdrogenhaus.com\/nb\/wp-json\/wp\/v2\/pages"}],"about":[{"href":"https:\/\/xtcdrogenhaus.com\/nb\/wp-json\/wp\/v2\/types\/page"}],"author":[{"embeddable":true,"href":"https:\/\/xtcdrogenhaus.com\/nb\/wp-json\/wp\/v2\/users\/1"}],"replies":[{"embeddable":true,"href":"https:\/\/xtcdrogenhaus.com\/nb\/wp-json\/wp\/v2\/comments?post=4804"}],"version-history":[{"count":1,"href":"https:\/\/xtcdrogenhaus.com\/nb\/wp-json\/wp\/v2\/pages\/4804\/revisions"}],"predecessor-version":[{"id":4805,"href":"https:\/\/xtcdrogenhaus.com\/nb\/wp-json\/wp\/v2\/pages\/4804\/revisions\/4805"}],"wp:attachment":[{"href":"https:\/\/xtcdrogenhaus.com\/nb\/wp-json\/wp\/v2\/media?parent=4804"}],"curies":[{"name":"wp","href":"https:\/\/api.w.org\/{rel}","templated":true}]}}