{"id":4682,"date":"2025-04-20T06:52:59","date_gmt":"2025-04-20T06:52:59","guid":{"rendered":"https:\/\/xtcdrogenhaus.com\/?post_type=product&#038;p=4682"},"modified":"2025-10-02T05:06:16","modified_gmt":"2025-10-02T05:06:16","slug":"estasi","status":"publish","type":"product","link":"https:\/\/xtcdrogenhaus.com\/it\/prodotto-2\/estasi\/","title":{"rendered":"Estasi"},"content":{"rendered":"<div id=\"ez-toc-container\" class=\"ez-toc-v2_0_82_2 counter-hierarchy ez-toc-counter ez-toc-grey ez-toc-container-direction\">\n<div class=\"ez-toc-title-container\">\n<p class=\"ez-toc-title\" style=\"cursor:inherit\">Indice dei contenuti<\/p>\n<span class=\"ez-toc-title-toggle\"><a href=\"#\" class=\"ez-toc-pull-right ez-toc-btn ez-toc-btn-xs ez-toc-btn-default ez-toc-toggle\" aria-label=\"Toggle Table of Content\"><span class=\"ez-toc-js-icon-con\"><span class=\"\"><span class=\"eztoc-hide\" style=\"display:none;\">Toggle<\/span><span class=\"ez-toc-icon-toggle-span\"><svg style=\"fill: #999;color:#999\" xmlns=\"http:\/\/www.w3.org\/2000\/svg\" class=\"list-377408\" width=\"20px\" height=\"20px\" viewbox=\"0 0 24 24\" fill=\"none\"><path d=\"M6 6H4v2h2V6zm14 0H8v2h12V6zM4 11h2v2H4v-2zm16 0H8v2h12v-2zM4 16h2v2H4v-2zm16 0H8v2h12v-2z\" fill=\"currentColor\"><\/path><\/svg><svg style=\"fill: #999;color:#999\" class=\"arrow-unsorted-368013\" xmlns=\"http:\/\/www.w3.org\/2000\/svg\" width=\"10px\" height=\"10px\" viewbox=\"0 0 24 24\" version=\"1.2\" baseprofile=\"tiny\"><path d=\"M18.2 9.3l-6.2-6.3-6.2 6.3c-.2.2-.3.4-.3.7s.1.5.3.7c.2.2.4.3.7.3h11c.3 0 .5-.1.7-.3.2-.2.3-.5.3-.7s-.1-.5-.3-.7zM5.8 14.7l6.2 6.3 6.2-6.3c.2-.2.3-.5.3-.7s-.1-.5-.3-.7c-.2-.2-.4-.3-.7-.3h-11c-.3 0-.5.1-.7.3-.2.2-.3.5-.3.7s.1.5.3.7z\"\/><\/svg><\/span><\/span><\/span><\/a><\/span><\/div>\n<nav><ul class='ez-toc-list ez-toc-list-level-1' ><li class='ez-toc-page-1 ez-toc-heading-level-1'><a class=\"ez-toc-link ez-toc-heading-1\" href=\"https:\/\/xtcdrogenhaus.com\/it\/prodotto-2\/estasi\/#Ecstasy_kaufen_%E2%80%93_Fur_intensive_Erlebnisse_emotionale_Tiefe\" >Comprare ecstasy - Per esperienze intense e profondit\u00e0 emotiva<\/a><ul class='ez-toc-list-level-3' ><li class='ez-toc-heading-level-3'><ul class='ez-toc-list-level-3' ><li class='ez-toc-heading-level-3'><a class=\"ez-toc-link ez-toc-heading-2\" href=\"https:\/\/xtcdrogenhaus.com\/it\/prodotto-2\/estasi\/#Was_ist_Ecstasy\" >Che cos'\u00e8 l'ecstasy?<\/a><\/li><li class='ez-toc-page-1 ez-toc-heading-level-3'><a class=\"ez-toc-link ez-toc-heading-3\" href=\"https:\/\/xtcdrogenhaus.com\/it\/prodotto-2\/estasi\/#Vorteile_von_Ecstasy\" >Vantaggi dell'ecstasy<\/a><\/li><li class='ez-toc-page-1 ez-toc-heading-level-3'><a class=\"ez-toc-link ez-toc-heading-4\" href=\"https:\/\/xtcdrogenhaus.com\/it\/prodotto-2\/estasi\/#Anwendung_Dosierung\" >Applicazione e dosaggio<\/a><\/li><li class='ez-toc-page-1 ez-toc-heading-level-3'><a class=\"ez-toc-link ez-toc-heading-5\" href=\"https:\/\/xtcdrogenhaus.com\/it\/prodotto-2\/estasi\/#Tipps_fur_eine_gute_Erfahrung\" >Consigli per una buona esperienza<\/a><\/li><li class='ez-toc-page-1 ez-toc-heading-level-3'><a class=\"ez-toc-link ez-toc-heading-6\" href=\"https:\/\/xtcdrogenhaus.com\/it\/prodotto-2\/estasi\/#FAQs_%E2%80%93_Haufig_gestellte_Fragen\" >FAQ - Domande frequenti<\/a><\/li><li class='ez-toc-page-1 ez-toc-heading-level-3'><a class=\"ez-toc-link ez-toc-heading-7\" href=\"https:\/\/xtcdrogenhaus.com\/it\/prodotto-2\/estasi\/#Fazit\" >Conclusione<\/a><\/li><\/ul><\/li><\/ul><\/li><\/ul><\/nav><\/div>\n<h1 data-start=\"220\" data-end=\"288\"><span class=\"ez-toc-section\" id=\"Ecstasy_kaufen_%E2%80%93_Fur_intensive_Erlebnisse_emotionale_Tiefe\"><\/span><strong data-start=\"224\" data-end=\"288\">Comprare ecstasy - Per esperienze intense e profondit\u00e0 emotiva<\/strong><span class=\"ez-toc-section-end\"><\/span><\/h1>\n<p class=\"\" data-start=\"290\" data-end=\"568\">L'ecstasy (nota anche come MDMA) \u00e8 una sostanza popolare apprezzata per i suoi intensi effetti emotivi, sociali e sensoriali. Che si tratti di festival, momenti intimi o viaggi creativi, l'ecstasy pu\u00f2 espandere la percezione e consentire nuove esperienze.<\/p>\n<h3 class=\"\" data-start=\"575\" data-end=\"599\"><span class=\"ez-toc-section\" id=\"Was_ist_Ecstasy\"><\/span><strong data-start=\"579\" data-end=\"599\">Che cos'\u00e8 l'ecstasy?<\/strong><span class=\"ez-toc-section-end\"><\/span><\/h3>\n<p class=\"\" data-start=\"601\" data-end=\"855\">L'ecstasy (MDMA) \u00e8 un principio attivo che pu\u00f2 aumentare l'esperienza emotiva, l'empatia e i livelli di energia. Molte persone usano l'ecstasy per connettersi pi\u00f9 profondamente con se stesse o con gli altri e per vivere momenti speciali in modo ancora pi\u00f9 intenso.<\/p>\n<h3 class=\"\" data-start=\"862\" data-end=\"890\"><span class=\"ez-toc-section\" id=\"Vorteile_von_Ecstasy\"><\/span><strong data-start=\"866\" data-end=\"890\">Vantaggi dell'ecstasy<\/strong><span class=\"ez-toc-section-end\"><\/span><\/h3>\n<ul data-start=\"892\" data-end=\"1257\">\n<li class=\"\" data-start=\"892\" data-end=\"954\">\n<p class=\"\" data-start=\"894\" data-end=\"954\"><strong data-start=\"894\" data-end=\"923\">Euforia e sensazioni di felicit\u00e0:<\/strong> Migliora sensibilmente l'umore<\/p>\n<\/li>\n<li class=\"\" data-start=\"955\" data-end=\"1015\">\n<p class=\"\" data-start=\"957\" data-end=\"1015\"><strong data-start=\"957\" data-end=\"975\">Pi\u00f9 empatia:<\/strong> Promuove vicinanza, fiducia e apertura<\/p>\n<\/li>\n<li class=\"\" data-start=\"1016\" data-end=\"1090\">\n<p class=\"\" data-start=\"1018\" data-end=\"1090\"><strong data-start=\"1018\" data-end=\"1040\">Profondit\u00e0 sensoriale:<\/strong> I colori, la musica e il tatto diventano pi\u00f9 intensi<\/p>\n<\/li>\n<li class=\"\" data-start=\"1091\" data-end=\"1171\">\n<p class=\"\" data-start=\"1093\" data-end=\"1171\"><strong data-start=\"1093\" data-end=\"1118\">Energia e motivazione:<\/strong> Ideale per balli, celebrazioni o attivit\u00e0 creative<\/p>\n<\/li>\n<li class=\"\" data-start=\"1172\" data-end=\"1257\">\n<p class=\"\" data-start=\"1174\" data-end=\"1257\"><strong data-start=\"1174\" data-end=\"1200\">Legame emotivo:<\/strong> Supporta conversazioni profonde e approfondimenti personali<\/p>\n<\/li>\n<\/ul>\n<h3 class=\"\" data-start=\"1264\" data-end=\"1293\"><span class=\"ez-toc-section\" id=\"Anwendung_Dosierung\"><\/span><strong data-start=\"1268\" data-end=\"1293\">Applicazione e dosaggio<\/strong><span class=\"ez-toc-section-end\"><\/span><\/h3>\n<p class=\"\" data-start=\"1295\" data-end=\"1316\"><strong data-start=\"1295\" data-end=\"1316\">Dose raccomandata:<\/strong><\/p>\n<ul data-start=\"1317\" data-end=\"1407\">\n<li class=\"\" data-start=\"1317\" data-end=\"1339\">\n<p class=\"\" data-start=\"1319\" data-end=\"1339\">Principiante: 50-75 mg<\/p>\n<\/li>\n<li class=\"\" data-start=\"1340\" data-end=\"1371\">\n<p class=\"\" data-start=\"1342\" data-end=\"1371\">Avanzato: 75-125 mg<\/p>\n<\/li>\n<li class=\"\" data-start=\"1372\" data-end=\"1407\">\n<p class=\"\" data-start=\"1374\" data-end=\"1407\">Utenti esperti: fino a 150 mg<\/p>\n<\/li>\n<\/ul>\n<p class=\"\" data-start=\"1409\" data-end=\"1511\"><strong data-start=\"1409\" data-end=\"1422\">Assunzione:<\/strong> Assunzione orale con acqua<br data-start=\"1448\" data-end=\"1451\" \/><strong data-start=\"1451\" data-end=\"1466\">Inizio dell'effetto:<\/strong> 30-45 minuti<br data-start=\"1480\" data-end=\"1483\" \/><strong data-start=\"1483\" data-end=\"1497\">Durata d'azione:<\/strong> 3-6 ore<\/p>\n<h3 class=\"\" data-start=\"1518\" data-end=\"1555\"><span class=\"ez-toc-section\" id=\"Tipps_fur_eine_gute_Erfahrung\"><\/span><strong data-start=\"1522\" data-end=\"1555\">Consigli per una buona esperienza<\/strong><span class=\"ez-toc-section-end\"><\/span><\/h3>\n<ul data-start=\"1557\" data-end=\"1788\">\n<li class=\"\" data-start=\"1557\" data-end=\"1607\">\n<p class=\"\" data-start=\"1559\" data-end=\"1607\">Bere acqua regolarmente (senza esagerare)<\/p>\n<\/li>\n<li class=\"\" data-start=\"1608\" data-end=\"1646\">\n<p class=\"\" data-start=\"1610\" data-end=\"1646\">Garantire un ambiente rilassato<\/p>\n<\/li>\n<li class=\"\" data-start=\"1647\" data-end=\"1685\">\n<p class=\"\" data-start=\"1649\" data-end=\"1685\">Fate delle pause e concedetevi un po' di riposo<\/p>\n<\/li>\n<li class=\"\" data-start=\"1686\" data-end=\"1736\">\n<p class=\"\" data-start=\"1688\" data-end=\"1736\">Ascoltate il vostro corpo e non esagerate<\/p>\n<\/li>\n<li class=\"\" data-start=\"1737\" data-end=\"1788\">\n<p class=\"\" data-start=\"1739\" data-end=\"1788\">Conservare l'ecstasy in un luogo asciutto e fresco, al riparo dalla luce.<\/p>\n<\/li>\n<\/ul>\n<h3 class=\"\" data-start=\"1795\" data-end=\"1833\"><span class=\"ez-toc-section\" id=\"FAQs_%E2%80%93_Haufig_gestellte_Fragen\"><\/span><strong data-start=\"1799\" data-end=\"1833\">FAQ - Domande frequenti<\/strong><span class=\"ez-toc-section-end\"><\/span><\/h3>\n<p class=\"\" data-start=\"1835\" data-end=\"1922\"><strong data-start=\"1835\" data-end=\"1859\">Cosa fa l'ecstasy?<\/strong><br data-start=\"1859\" data-end=\"1862\" \/>Aumento dell'umore, della vicinanza, dell'energia e delle impressioni sensoriali.<\/p>\n<p class=\"\" data-start=\"1924\" data-end=\"2025\"><strong data-start=\"1924\" data-end=\"1954\">Cosa si prova con l'estasi?<\/strong><br data-start=\"1954\" data-end=\"1957\" \/>Caldo, aperto, euforico: molti lo trovano emotivamente intenso.<\/p>\n<p class=\"\" data-start=\"2027\" data-end=\"2126\"><strong data-start=\"2027\" data-end=\"2061\">Quanto dura l'effetto?<\/strong><br data-start=\"2061\" data-end=\"2064\" \/>Di solito 3-6 ore, a seconda della dose e del metabolismo.<\/p>\n<p class=\"\" data-start=\"2128\" data-end=\"2244\"><strong data-start=\"2128\" data-end=\"2162\">Come conservare l'ecstasy?<\/strong><br data-start=\"2162\" data-end=\"2165\" \/>Conservare in un luogo asciutto e buio, possibilmente in un contenitore con coperchio.<\/p>\n<p class=\"\" data-start=\"2246\" data-end=\"2358\"><strong data-start=\"2246\" data-end=\"2273\">Ci sono effetti collaterali?<\/strong><br data-start=\"2273\" data-end=\"2276\" \/>I possibili sintomi includono secchezza delle fauci, perdita di appetito o un leggero digrignamento dei denti.<\/p>\n<h3 class=\"\" data-start=\"2365\" data-end=\"2378\"><span class=\"ez-toc-section\" id=\"Fazit\"><\/span><strong data-start=\"2369\" data-end=\"2378\">Conclusione<\/strong><span class=\"ez-toc-section-end\"><\/span><\/h3>\n<p class=\"\" data-start=\"2380\" data-end=\"2633\">L'estasi offre un'opportunit\u00e0 speciale per sperimentare profondit\u00e0 emotiva, euforia e connessione. Ideale per occasioni speciali, viaggi creativi o momenti di vera vicinanza. Acquistate Ecstasy e scoprite una nuova dimensione del sentimento e dell'esperienza.<\/p>","protected":false},"excerpt":{"rendered":"<p>\u2713 Spedizione mimetica protetta e sottovuoto<br \/>\n\u2713 Pagamento anonimo con Bitcoin e bonifico bancario<br \/>\n\u2713 Protezione completa dei dati tramite crittografia<\/p>","protected":false},"featured_media":4695,"comment_status":"open","ping_status":"closed","template":"","meta":[],"product_brand":[],"product_cat":[32],"product_tag":[],"class_list":{"0":"post-4682","1":"product","2":"type-product","3":"status-publish","4":"has-post-thumbnail","6":"product_cat-mdma","7":"sales-flash-overlay","8":"woocommerce-text-align-center","9":"woocommerce-image-align-center","10":"do-quantity-buttons","12":"first","13":"instock","14":"shipping-taxable","15":"purchasable","16":"product-type-variable"},"_links":{"self":[{"href":"https:\/\/xtcdrogenhaus.com\/it\/wp-json\/wp\/v2\/product\/4682","targetHints":{"allow":["GET"]}}],"collection":[{"href":"https:\/\/xtcdrogenhaus.com\/it\/wp-json\/wp\/v2\/product"}],"about":[{"href":"https:\/\/xtcdrogenhaus.com\/it\/wp-json\/wp\/v2\/types\/product"}],"replies":[{"embeddable":true,"href":"https:\/\/xtcdrogenhaus.com\/it\/wp-json\/wp\/v2\/comments?post=4682"}],"wp:featuredmedia":[{"embeddable":true,"href":"https:\/\/xtcdrogenhaus.com\/it\/wp-json\/wp\/v2\/media\/4695"}],"wp:attachment":[{"href":"https:\/\/xtcdrogenhaus.com\/it\/wp-json\/wp\/v2\/media?parent=4682"}],"wp:term":[{"taxonomy":"product_brand","embeddable":true,"href":"https:\/\/xtcdrogenhaus.com\/it\/wp-json\/wp\/v2\/product_brand?post=4682"},{"taxonomy":"product_cat","embeddable":true,"href":"https:\/\/xtcdrogenhaus.com\/it\/wp-json\/wp\/v2\/product_cat?post=4682"},{"taxonomy":"product_tag","embeddable":true,"href":"https:\/\/xtcdrogenhaus.com\/it\/wp-json\/wp\/v2\/product_tag?post=4682"}],"curies":[{"name":"wp","href":"https:\/\/api.w.org\/{rel}","templated":true}]}}