{"id":4269,"date":"2021-02-07T17:31:33","date_gmt":"2021-02-07T17:31:33","guid":{"rendered":"https:\/\/sites.generatepress.com\/shop\/?post_type=product&#038;p=4269"},"modified":"2025-06-01T09:50:54","modified_gmt":"2025-06-01T09:50:54","slug":"acquistare-anfetamine-online","status":"publish","type":"product","link":"https:\/\/xtcdrogenhaus.com\/it\/prodotto-2\/acquistare-anfetamine-online\/","title":{"rendered":"Anfetamina"},"content":{"rendered":"<div id=\"ez-toc-container\" class=\"ez-toc-v2_0_82_2 counter-hierarchy ez-toc-counter ez-toc-grey ez-toc-container-direction\">\n<div class=\"ez-toc-title-container\">\n<p class=\"ez-toc-title\" style=\"cursor:inherit\">Indice dei contenuti<\/p>\n<span class=\"ez-toc-title-toggle\"><a href=\"#\" class=\"ez-toc-pull-right ez-toc-btn ez-toc-btn-xs ez-toc-btn-default ez-toc-toggle\" aria-label=\"Toggle Table of Content\"><span class=\"ez-toc-js-icon-con\"><span class=\"\"><span class=\"eztoc-hide\" style=\"display:none;\">Toggle<\/span><span class=\"ez-toc-icon-toggle-span\"><svg style=\"fill: #999;color:#999\" xmlns=\"http:\/\/www.w3.org\/2000\/svg\" class=\"list-377408\" width=\"20px\" height=\"20px\" viewbox=\"0 0 24 24\" fill=\"none\"><path d=\"M6 6H4v2h2V6zm14 0H8v2h12V6zM4 11h2v2H4v-2zm16 0H8v2h12v-2zM4 16h2v2H4v-2zm16 0H8v2h12v-2z\" fill=\"currentColor\"><\/path><\/svg><svg style=\"fill: #999;color:#999\" class=\"arrow-unsorted-368013\" xmlns=\"http:\/\/www.w3.org\/2000\/svg\" width=\"10px\" height=\"10px\" viewbox=\"0 0 24 24\" version=\"1.2\" baseprofile=\"tiny\"><path d=\"M18.2 9.3l-6.2-6.3-6.2 6.3c-.2.2-.3.4-.3.7s.1.5.3.7c.2.2.4.3.7.3h11c.3 0 .5-.1.7-.3.2-.2.3-.5.3-.7s-.1-.5-.3-.7zM5.8 14.7l6.2 6.3 6.2-6.3c.2-.2.3-.5.3-.7s-.1-.5-.3-.7c-.2-.2-.4-.3-.7-.3h-11c-.3 0-.5.1-.7.3-.2.2-.3.5-.3.7s.1.5.3.7z\"\/><\/svg><\/span><\/span><\/span><\/a><\/span><\/div>\n<nav><ul class='ez-toc-list ez-toc-list-level-1' ><li class='ez-toc-page-1 ez-toc-heading-level-2'><a class=\"ez-toc-link ez-toc-heading-1\" href=\"https:\/\/xtcdrogenhaus.com\/it\/prodotto-2\/acquistare-anfetamine-online\/#Amphetamine_online_kaufen\" >Acquistare anfetamine online<\/a><ul class='ez-toc-list-level-3' ><li class='ez-toc-heading-level-3'><a class=\"ez-toc-link ez-toc-heading-2\" href=\"https:\/\/xtcdrogenhaus.com\/it\/prodotto-2\/acquistare-anfetamine-online\/#Amphetamin_Ihr_Energieschub_fur_besondere_Herausforderungen\" >Anfetamina: la vostra carica di energia per le sfide speciali<\/a><\/li><li class='ez-toc-page-1 ez-toc-heading-level-3'><a class=\"ez-toc-link ez-toc-heading-3\" href=\"https:\/\/xtcdrogenhaus.com\/it\/prodotto-2\/acquistare-anfetamine-online\/#Eigenschaften_und_Vorteile\" >Caratteristiche e vantaggi:<\/a><\/li><\/ul><\/li><li class='ez-toc-page-1 ez-toc-heading-level-2'><a class=\"ez-toc-link ez-toc-heading-4\" href=\"https:\/\/xtcdrogenhaus.com\/it\/prodotto-2\/acquistare-anfetamine-online\/#Haufig_gestellte_Fragen_FAQ\" >Domande frequenti (FAQ)<\/a><ul class='ez-toc-list-level-3' ><li class='ez-toc-heading-level-3'><a class=\"ez-toc-link ez-toc-heading-5\" href=\"https:\/\/xtcdrogenhaus.com\/it\/prodotto-2\/acquistare-anfetamine-online\/#Ist_der_Kauf_von_Amphetamin_legal\" >\u00c8 legale acquistare anfetamine?<\/a><\/li><li class='ez-toc-page-1 ez-toc-heading-level-3'><a class=\"ez-toc-link ez-toc-heading-6\" href=\"https:\/\/xtcdrogenhaus.com\/it\/prodotto-2\/acquistare-anfetamine-online\/#Wie_wird_Amphetamin_eingenommen\" >Come si assume l'anfetamina?<\/a><\/li><li class='ez-toc-page-1 ez-toc-heading-level-3'><a class=\"ez-toc-link ez-toc-heading-7\" href=\"https:\/\/xtcdrogenhaus.com\/it\/prodotto-2\/acquistare-anfetamine-online\/#Welche_Nebenwirkungen_kann_Amphetamin_haben\" >Quali effetti collaterali pu\u00f2 avere l'anfetamina?<\/a><\/li><li class='ez-toc-page-1 ez-toc-heading-level-3'><a class=\"ez-toc-link ez-toc-heading-8\" href=\"https:\/\/xtcdrogenhaus.com\/it\/prodotto-2\/acquistare-anfetamine-online\/#Kann_ich_Amphetamin_online_sicher_kaufen\" >Posso acquistare anfetamina online in modo sicuro?<\/a><\/li><li class='ez-toc-page-1 ez-toc-heading-level-3'><a class=\"ez-toc-link ez-toc-heading-9\" href=\"https:\/\/xtcdrogenhaus.com\/it\/prodotto-2\/acquistare-anfetamine-online\/#Wie_lange_halt_die_Wirkung_von_Amphetamin_an\" >Quanto durano gli effetti dell'anfetamina?<\/a><\/li><li class='ez-toc-page-1 ez-toc-heading-level-3'><a class=\"ez-toc-link ez-toc-heading-10\" href=\"https:\/\/xtcdrogenhaus.com\/it\/prodotto-2\/acquistare-anfetamine-online\/#Was_sollte_ich_tun_wenn_ich_Nebenwirkungen_verspure\" >Cosa devo fare se manifesto effetti collaterali?<\/a><\/li><\/ul><\/li><\/ul><\/nav><\/div>\n<h2><span class=\"ez-toc-section\" id=\"Amphetamine_online_kaufen\"><\/span>Acquistare anfetamine online<span class=\"ez-toc-section-end\"><\/span><\/h2>\n<h3><span class=\"ez-toc-section\" id=\"Amphetamin_Ihr_Energieschub_fur_besondere_Herausforderungen\"><\/span><span id=\"Amphetamin_Ihr_Energieschub_fuer_besondere_Herausforderungen\" class=\"ez-toc-section\"><\/span>Anfetamina: la vostra carica di energia per le sfide speciali<span class=\"ez-toc-section-end\"><\/span><\/h3>\n<p>Acquistare anfetamine online - L'anfetamina, spesso chiamata \"speed\" o \"pep\", \u00e8 uno stimolante che migliora le prestazioni e che \u00e8 stato originariamente utilizzato per trattare le malattie del corpo.\u00a0<a href=\"https:\/\/web.archive.org\/web\/20241211200104\/https:\/\/adhs-deutschland.de\/begleitstoerungen\/adhs-oder-epilepsie-oder-beides\" target=\"_blank\" rel=\"noopener\">ADHD<\/a>\u00a0e narcolessia. Oggi viene utilizzata sia per scopi medici che per aumentare le prestazioni fisiche e mentali.<\/p>\n<h3><span class=\"ez-toc-section\" id=\"Eigenschaften_und_Vorteile\"><\/span><span id=\"Eigenschaften_und_Vorteile\" class=\"ez-toc-section\"><\/span>Caratteristiche e vantaggi:<span class=\"ez-toc-section-end\"><\/span><\/h3>\n<ul>\n<li><strong>Maggiore attenzione:\u00a0<\/strong>Aumenta la vigilanza e la concentrazione, ideale per lunghi periodi di lavoro o di studio.<\/li>\n<li><strong>Aumentare la resistenza fisica:<\/strong>\u00a0Supporta le attivit\u00e0 fisicamente faticose, ideale per gli atleti e gli amanti del fitness.<\/li>\n<li><strong>Miglioramento dell'umore:<\/strong>\u00a0Promuove una sensazione di euforia e fiducia in se stessi, utile per le occasioni sociali e le feste.<\/li>\n<\/ul>\n<p><strong>Applicazione:<\/strong>\u00a0L'anfetamina viene solitamente assunta per via orale, ma pu\u00f2 anche essere sniffata o iniettata. L'effetto si manifesta entro 30 minuti e pu\u00f2 durare per diverse ore.<\/p>\n<p><strong>Misure precauzionali:<\/strong>\u00a0Quando si usa l'anfetamina, il dosaggio deve essere sempre rispettato per evitare sovradosaggi ed effetti collaterali indesiderati come insonnia, palpitazioni e aumento della pressione sanguigna.<\/p>\n<h2><span class=\"ez-toc-section\" id=\"Haufig_gestellte_Fragen_FAQ\"><\/span><span id=\"Haeufig_gestellte_Fragen_FAQ\" class=\"ez-toc-section\"><\/span>Domande frequenti (FAQ)<span class=\"ez-toc-section-end\"><\/span><\/h2>\n<h3><span class=\"ez-toc-section\" id=\"Ist_der_Kauf_von_Amphetamin_legal\"><\/span><span id=\"Ist_der_Kauf_von_Amphetamin_legal\" class=\"ez-toc-section\"><\/span>\u00c8 legale acquistare anfetamine?<span class=\"ez-toc-section-end\"><\/span><\/h3>\n<p>No, l'acquisto e il possesso di anfetamine senza prescrizione medica sono illegali nella maggior parte dei Paesi. Il commercio illegale \u00e8 severamente perseguito.<\/p>\n<h3><span class=\"ez-toc-section\" id=\"Wie_wird_Amphetamin_eingenommen\"><\/span><span id=\"Wie_wird_Amphetamin_eingenommen\" class=\"ez-toc-section\"><\/span>Come si assume l'anfetamina?<span class=\"ez-toc-section-end\"><\/span><\/h3>\n<p>L'anfetamina pu\u00f2 essere assunta per via orale, nasale o endovenosa. Il metodo pi\u00f9 comune \u00e8 l'assunzione orale sotto forma di compresse.<\/p>\n<h3><span class=\"ez-toc-section\" id=\"Welche_Nebenwirkungen_kann_Amphetamin_haben\"><\/span><span id=\"Welche_Nebenwirkungen_kann_Amphetamin_haben\" class=\"ez-toc-section\"><\/span>Quali effetti collaterali pu\u00f2 avere l'anfetamina?<span class=\"ez-toc-section-end\"><\/span><\/h3>\n<p>Gli effetti collaterali pi\u00f9 comuni includono insonnia, aumento della pressione sanguigna, palpitazioni, nervosismo e, nei casi pi\u00f9 gravi, episodi psicotici.<\/p>\n<h3><span class=\"ez-toc-section\" id=\"Kann_ich_Amphetamin_online_sicher_kaufen\"><\/span><span id=\"Kann_ich_Amphetamin_online_sicher_kaufen\" class=\"ez-toc-section\"><\/span>Posso acquistare anfetamina online in modo sicuro?<span class=\"ez-toc-section-end\"><\/span><\/h3>\n<p>L'acquisto di anfetamina online \u00e8 illegale e pu\u00f2 comportare rischi quali prodotti di qualit\u00e0 inferiore e conseguenze legali. Si raccomanda di non acquistare tali sostanze online.<\/p>\n<h3><span class=\"ez-toc-section\" id=\"Wie_lange_halt_die_Wirkung_von_Amphetamin_an\"><\/span><span id=\"Wie_lange_haelt_die_Wirkung_von_Amphetamin_an\" class=\"ez-toc-section\"><\/span>Quanto durano gli effetti dell'anfetamina?<span class=\"ez-toc-section-end\"><\/span><\/h3>\n<p>L'effetto pu\u00f2 durare diverse ore, a seconda del dosaggio e della tolleranza individuale. In genere dura tra le 4 e le 8 ore.<\/p>\n<h3><span class=\"ez-toc-section\" id=\"Was_sollte_ich_tun_wenn_ich_Nebenwirkungen_verspure\"><\/span><span id=\"Was_sollte_ich_tun_wenn_ich_Nebenwirkungen_verspuere\" class=\"ez-toc-section\"><\/span>Cosa devo fare se manifesto effetti collaterali?<span class=\"ez-toc-section-end\"><\/span><\/h3>\n<p>Se si verificano effetti collaterali gravi, come palpitazioni, ansia o allucinazioni, \u00e8 necessario rivolgersi immediatamente a un medico.<\/p>","protected":false},"excerpt":{"rendered":"<p>\u2713 Spedizione mimetica protetta e sottovuoto<br \/>\n\u2713 Pagamento anonimo con Bitcoin e bonifico bancario<br \/>\n\u2713 Protezione completa dei dati tramite crittografia<\/p>\n<p>&nbsp;<\/p>","protected":false},"featured_media":4615,"comment_status":"open","ping_status":"closed","template":"","meta":[],"product_brand":[],"product_cat":[24],"product_tag":[],"class_list":{"0":"post-4269","1":"product","2":"type-product","3":"status-publish","4":"has-post-thumbnail","6":"product_cat-amphetamin","7":"sales-flash-overlay","8":"woocommerce-text-align-center","9":"woocommerce-image-align-center","10":"do-quantity-buttons","12":"first","13":"instock","14":"shipping-taxable","15":"purchasable","16":"product-type-variable"},"_links":{"self":[{"href":"https:\/\/xtcdrogenhaus.com\/it\/wp-json\/wp\/v2\/product\/4269","targetHints":{"allow":["GET"]}}],"collection":[{"href":"https:\/\/xtcdrogenhaus.com\/it\/wp-json\/wp\/v2\/product"}],"about":[{"href":"https:\/\/xtcdrogenhaus.com\/it\/wp-json\/wp\/v2\/types\/product"}],"replies":[{"embeddable":true,"href":"https:\/\/xtcdrogenhaus.com\/it\/wp-json\/wp\/v2\/comments?post=4269"}],"wp:featuredmedia":[{"embeddable":true,"href":"https:\/\/xtcdrogenhaus.com\/it\/wp-json\/wp\/v2\/media\/4615"}],"wp:attachment":[{"href":"https:\/\/xtcdrogenhaus.com\/it\/wp-json\/wp\/v2\/media?parent=4269"}],"wp:term":[{"taxonomy":"product_brand","embeddable":true,"href":"https:\/\/xtcdrogenhaus.com\/it\/wp-json\/wp\/v2\/product_brand?post=4269"},{"taxonomy":"product_cat","embeddable":true,"href":"https:\/\/xtcdrogenhaus.com\/it\/wp-json\/wp\/v2\/product_cat?post=4269"},{"taxonomy":"product_tag","embeddable":true,"href":"https:\/\/xtcdrogenhaus.com\/it\/wp-json\/wp\/v2\/product_tag?post=4269"}],"curies":[{"name":"wp","href":"https:\/\/api.w.org\/{rel}","templated":true}]}}