{"id":4804,"date":"2025-04-20T20:09:35","date_gmt":"2025-04-20T20:09:35","guid":{"rendered":"https:\/\/xtcdrogenhaus.com\/?page_id=4804"},"modified":"2025-04-20T20:09:55","modified_gmt":"2025-04-20T20:09:55","slug":"pagamento","status":"publish","type":"page","link":"https:\/\/xtcdrogenhaus.com\/it\/pagamento\/","title":{"rendered":"Pagamento"},"content":{"rendered":"<div id=\"ez-toc-container\" class=\"ez-toc-v2_0_82_2 counter-hierarchy ez-toc-counter ez-toc-grey ez-toc-container-direction\">\n<div class=\"ez-toc-title-container\">\n<p class=\"ez-toc-title\" style=\"cursor:inherit\">Indice dei contenuti<\/p>\n<span class=\"ez-toc-title-toggle\"><a href=\"#\" class=\"ez-toc-pull-right ez-toc-btn ez-toc-btn-xs ez-toc-btn-default ez-toc-toggle\" aria-label=\"Toggle Table of Content\"><span class=\"ez-toc-js-icon-con\"><span class=\"\"><span class=\"eztoc-hide\" style=\"display:none;\">Toggle<\/span><span class=\"ez-toc-icon-toggle-span\"><svg style=\"fill: #999;color:#999\" xmlns=\"http:\/\/www.w3.org\/2000\/svg\" class=\"list-377408\" width=\"20px\" height=\"20px\" viewbox=\"0 0 24 24\" fill=\"none\"><path d=\"M6 6H4v2h2V6zm14 0H8v2h12V6zM4 11h2v2H4v-2zm16 0H8v2h12v-2zM4 16h2v2H4v-2zm16 0H8v2h12v-2z\" fill=\"currentColor\"><\/path><\/svg><svg style=\"fill: #999;color:#999\" class=\"arrow-unsorted-368013\" xmlns=\"http:\/\/www.w3.org\/2000\/svg\" width=\"10px\" height=\"10px\" viewbox=\"0 0 24 24\" version=\"1.2\" baseprofile=\"tiny\"><path d=\"M18.2 9.3l-6.2-6.3-6.2 6.3c-.2.2-.3.4-.3.7s.1.5.3.7c.2.2.4.3.7.3h11c.3 0 .5-.1.7-.3.2-.2.3-.5.3-.7s-.1-.5-.3-.7zM5.8 14.7l6.2 6.3 6.2-6.3c.2-.2.3-.5.3-.7s-.1-.5-.3-.7c-.2-.2-.4-.3-.7-.3h-11c-.3 0-.5.1-.7.3-.2.2-.3.5-.3.7s.1.5.3.7z\"\/><\/svg><\/span><\/span><\/span><\/a><\/span><\/div>\n<nav><ul class='ez-toc-list ez-toc-list-level-1' ><li class='ez-toc-page-1 ez-toc-heading-level-1'><a class=\"ez-toc-link ez-toc-heading-1\" href=\"https:\/\/xtcdrogenhaus.com\/it\/pagamento\/#Xtcdrogenhaus_%E2%80%93_Deine_Adresse_fur_diskrete_Drogenbestellung_in_Europa\" >Xtcdrogenhaus - Il vostro indirizzo per ordinare farmaci discreti in Europa<\/a><ul class='ez-toc-list-level-2' ><li class='ez-toc-heading-level-2'><a class=\"ez-toc-link ez-toc-heading-2\" href=\"https:\/\/xtcdrogenhaus.com\/it\/pagamento\/#Warum_Xtcdrogenhaus\" >Perch\u00e9 Xtcdrug house?<\/a><\/li><li class='ez-toc-page-1 ez-toc-heading-level-2'><a class=\"ez-toc-link ez-toc-heading-3\" href=\"https:\/\/xtcdrogenhaus.com\/it\/pagamento\/#Vorteile_von_Kryptowahrungen\" >Vantaggi delle criptovalute<\/a><ul class='ez-toc-list-level-3' ><li class='ez-toc-heading-level-3'><a class=\"ez-toc-link ez-toc-heading-4\" href=\"https:\/\/xtcdrogenhaus.com\/it\/pagamento\/#1_Unubertroffene_Privatsphare\" >1. privacy impareggiabile<\/a><\/li><li class='ez-toc-page-1 ez-toc-heading-level-3'><a class=\"ez-toc-link ez-toc-heading-5\" href=\"https:\/\/xtcdrogenhaus.com\/it\/pagamento\/#2_Sekundenschnelle_Bestatigung\" >2. conferma in pochi secondi<\/a><\/li><li class='ez-toc-page-1 ez-toc-heading-level-3'><a class=\"ez-toc-link ez-toc-heading-6\" href=\"https:\/\/xtcdrogenhaus.com\/it\/pagamento\/#3_Keine_Grenzen_keine_Gebuhren\" >3. nessun limite, nessuna commissione<\/a><\/li><\/ul><\/li><li class='ez-toc-page-1 ez-toc-heading-level-2'><a class=\"ez-toc-link ez-toc-heading-7\" href=\"https:\/\/xtcdrogenhaus.com\/it\/pagamento\/#So_startest_du_sicher_mit_Kryptowahrungen\" >Come iniziare a utilizzare le criptovalute in modo sicuro<\/a><\/li><li class='ez-toc-page-1 ez-toc-heading-level-2'><a class=\"ez-toc-link ez-toc-heading-8\" href=\"https:\/\/xtcdrogenhaus.com\/it\/pagamento\/#Alternative_Zahlungsmethoden\" >Metodi di pagamento alternativi<\/a><\/li><li class='ez-toc-page-1 ez-toc-heading-level-2'><a class=\"ez-toc-link ez-toc-heading-9\" href=\"https:\/\/xtcdrogenhaus.com\/it\/pagamento\/#Haufige_Fragen_FAQ\" >Domande frequenti (FAQ)<\/a><\/li><li class='ez-toc-page-1 ez-toc-heading-level-2'><a class=\"ez-toc-link ez-toc-heading-10\" href=\"https:\/\/xtcdrogenhaus.com\/it\/pagamento\/#Dein_diskretes_Einkaufserlebnis\" >La vostra esperienza di acquisto discreta<\/a><\/li><\/ul><\/li><\/ul><\/nav><\/div>\n<h1 class=\"wp-block-heading\"><span class=\"ez-toc-section\" id=\"Xtcdrogenhaus_%E2%80%93_Deine_Adresse_fur_diskrete_Drogenbestellung_in_Europa\"><\/span>Xtcdrogenhaus - Il vostro indirizzo per ordinare farmaci discreti in Europa<span class=\"ez-toc-section-end\"><\/span><\/h1>\n\n\n\n<p>Con <strong>Casa Xtcdrug<\/strong> stiamo definendo nuovi standard di convenienza e riservatezza nel commercio di droga online. Che si tratti di un acquirente di massa o di un acquirente alle prime armi, noi vi offriamo:<\/p>\n\n\n\n<ul class=\"wp-block-list\">\n<li><strong>Assoluta discrezione<\/strong> attraverso moderne soluzioni di criptovaluta<\/li>\n\n\n\n<li><strong>Elaborazione rapida e veloce<\/strong>Conferma in pochi minuti<\/li>\n\n\n\n<li><strong>Consegna in tutta Europa<\/strong> senza barriere valutarie<\/li>\n<\/ul>\n\n\n\n<hr class=\"wp-block-separator has-alpha-channel-opacity\"\/>\n\n\n\n<h2 class=\"wp-block-heading\"><span class=\"ez-toc-section\" id=\"Warum_Xtcdrogenhaus\"><\/span>Perch\u00e9 Xtcdrug house?<span class=\"ez-toc-section-end\"><\/span><\/h2>\n\n\n\n<ol class=\"wp-block-list\">\n<li><strong>Semplice e anonimo<\/strong><br>Le nostre soluzioni di pagamento con Bitcoin, Monero &amp; Co. non lasciano tracce personali. La vostra identit\u00e0 rimane protetta, dall'ordine alla consegna.<\/li>\n\n\n\n<li><strong>Massima sicurezza<\/strong><br>La crittografia end-to-end e i partner di consegna verificati garantiscono che il vostro pacco arrivi in modo sicuro e anonimo.<\/li>\n\n\n\n<li><strong>Assistenza 24 ore su 24<\/strong><br>Il nostro servizio clienti di lingua tedesca \u00e8 a vostra disposizione 24 ore su 24, 7 giorni su 7, per domande sull'ordine, il pagamento o la consegna.<\/li>\n<\/ol>\n\n\n\n<hr class=\"wp-block-separator has-alpha-channel-opacity\"\/>\n\n\n\n<h2 class=\"wp-block-heading\"><span class=\"ez-toc-section\" id=\"Vorteile_von_Kryptowahrungen\"><\/span>Vantaggi delle criptovalute<span class=\"ez-toc-section-end\"><\/span><\/h2>\n\n\n\n<h3 class=\"wp-block-heading\"><span class=\"ez-toc-section\" id=\"1_Unubertroffene_Privatsphare\"><\/span>1. privacy impareggiabile<span class=\"ez-toc-section-end\"><\/span><\/h3>\n\n\n\n<p>Le transazioni in criptovaluta non lasciano alcun dato bancario. In questo modo si rimane completamente anonimi.<\/p>\n\n\n\n<h3 class=\"wp-block-heading\"><span class=\"ez-toc-section\" id=\"2_Sekundenschnelle_Bestatigung\"><\/span>2. conferma in pochi secondi<span class=\"ez-toc-section-end\"><\/span><\/h3>\n\n\n\n<p>Dimenticate i lunghi tempi di attesa: Con Bitcoin &amp; Co. il vostro pagamento \u00e8 confermato in pochi minuti.<\/p>\n\n\n\n<h3 class=\"wp-block-heading\"><span class=\"ez-toc-section\" id=\"3_Keine_Grenzen_keine_Gebuhren\"><\/span>3. nessun limite, nessuna commissione<span class=\"ez-toc-section-end\"><\/span><\/h3>\n\n\n\n<p>Pagate direttamente dal vostro portafoglio senza costi di cambio - ovunque in Europa e in qualsiasi momento.<\/p>\n\n\n\n<hr class=\"wp-block-separator has-alpha-channel-opacity\"\/>\n\n\n\n<h2 class=\"wp-block-heading\"><span class=\"ez-toc-section\" id=\"So_startest_du_sicher_mit_Kryptowahrungen\"><\/span>Come iniziare a utilizzare le criptovalute in modo sicuro<span class=\"ez-toc-section-end\"><\/span><\/h2>\n\n\n\n<ol class=\"wp-block-list\">\n<li><strong>Registratevi presso una borsa valori affidabile:<\/strong>\n<ul class=\"wp-block-list\">\n<li><strong>Polpo<\/strong>Interfaccia intuitiva per i principianti<\/li>\n\n\n\n<li><strong>Bitstamp<\/strong>Istruzioni passo-passo<\/li>\n\n\n\n<li><strong>Binance<\/strong>Basse commissioni per i trader esperti<\/li>\n<\/ul>\n<\/li>\n\n\n\n<li><strong>Acquistare in modo anonimo presso un bancomat di criptovalute:<\/strong><br>Trovate i bancomat pi\u00f9 vicini a voi con <a class=\"\" href=\"https:\/\/www.cryptomap.io\" target=\"_blank\" rel=\"noopener\">CriptoMappa<\/a> e scambiare contanti con criptovalute senza registrazione.<\/li>\n<\/ol>\n\n\n\n<hr class=\"wp-block-separator has-alpha-channel-opacity\"\/>\n\n\n\n<h2 class=\"wp-block-heading\"><span class=\"ez-toc-section\" id=\"Alternative_Zahlungsmethoden\"><\/span>Metodi di pagamento alternativi<span class=\"ez-toc-section-end\"><\/span><\/h2>\n\n\n\n<blockquote class=\"wp-block-quote is-layout-flow wp-block-quote-is-layout-flow\">\n<p><em>Nota:<\/em> Per ottenere la massima velocit\u00e0 e anonimato, continuiamo a consigliare le criptovalute.<\/p>\n<\/blockquote>\n\n\n\n<figure class=\"wp-block-table\"><table class=\"has-fixed-layout\"><thead><tr><th>Metodo di pagamento<\/th><th>Vantaggi<\/th><th>Svantaggi<\/th><\/tr><\/thead><tbody><tr><td><strong>Bonifico bancario<\/strong><\/td><td>Ampiamente utilizzato<\/td><td>Lento, collegato al conto personale<\/td><\/tr><tr><td><strong>Portafogli elettronici (PayPal, Skrill)<\/strong><\/td><td>Veloce e conveniente<\/td><td>Privacy limitata, controllo da parte di fornitori terzi<\/td><\/tr><\/tbody><\/table><\/figure>\n\n\n\n<hr class=\"wp-block-separator has-alpha-channel-opacity\"\/>\n\n\n\n<h2 class=\"wp-block-heading\"><span class=\"ez-toc-section\" id=\"Haufige_Fragen_FAQ\"><\/span>Domande frequenti (FAQ)<span class=\"ez-toc-section-end\"><\/span><\/h2>\n\n\n\n<p><strong>1 Perch\u00e9 le criptovalute invece dei metodi tradizionali?<\/strong><br>Le criptovalute offrono la migliore protezione per i vostri dati: sono veloci, sicure e anonime.<\/p>\n\n\n\n<p><strong>2 Come posso acquistare criptovalute come principiante?<\/strong><br>Utilizzate scambi come Kraken o Bitstamp per il vostro primo acquisto. Con CryptoMap potete scambiare contanti presso gli sportelli automatici.<\/p>\n\n\n\n<p><strong>3. i pagamenti alternativi sono davvero anonimi?<\/strong><br>No. I bonifici bancari e i portafogli elettronici possono rivelare dati personali.<\/p>\n\n\n\n<hr class=\"wp-block-separator has-alpha-channel-opacity\"\/>\n\n\n\n<h2 class=\"wp-block-heading\"><span class=\"ez-toc-section\" id=\"Dein_diskretes_Einkaufserlebnis\"><\/span>La vostra esperienza di acquisto discreta<span class=\"ez-toc-section-end\"><\/span><\/h2>\n\n\n\n<p>Con <strong>Casa Xtcdrug<\/strong> scegliete l'innovazione, la sicurezza e la fiducia. Provatelo ora:<\/p>\n\n\n\n<ul class=\"wp-block-list\">\n<li><strong>Ordini senza stress<\/strong><\/li>\n\n\n\n<li><strong>Pagamento anonimo<\/strong> da crypto<\/li>\n\n\n\n<li><strong>Consegna espressa<\/strong> in tutta Europa<\/li>\n<\/ul>\n\n\n\n<p><strong>Domande?<\/strong> Il nostro team di supporto \u00e8 a vostra disposizione 24 ore su 24.<br><strong>Scoprite e ordinate subito in modo anonimo!<\/strong><\/p>","protected":false},"excerpt":{"rendered":"<p>Xtcdrogenhaus \u2013 Deine Adresse f\u00fcr diskrete Drogenbestellung in Europa Bei Xtcdrogenhaus setzen wir neue Ma\u00dfst\u00e4be f\u00fcr Bequemlichkeit und Vertraulichkeit im Online-Drogenhandel. Ob &#8230; <a title=\"Pagamento\" class=\"read-more\" href=\"https:\/\/xtcdrogenhaus.com\/it\/pagamento\/\" aria-label=\"Per saperne di pi\u00f9 su Zahlung\">Leggi tutto<\/a><\/p>","protected":false},"author":1,"featured_media":0,"parent":0,"menu_order":0,"comment_status":"closed","ping_status":"closed","template":"","meta":{"footnotes":""},"class_list":["post-4804","page","type-page","status-publish"],"_links":{"self":[{"href":"https:\/\/xtcdrogenhaus.com\/it\/wp-json\/wp\/v2\/pages\/4804","targetHints":{"allow":["GET"]}}],"collection":[{"href":"https:\/\/xtcdrogenhaus.com\/it\/wp-json\/wp\/v2\/pages"}],"about":[{"href":"https:\/\/xtcdrogenhaus.com\/it\/wp-json\/wp\/v2\/types\/page"}],"author":[{"embeddable":true,"href":"https:\/\/xtcdrogenhaus.com\/it\/wp-json\/wp\/v2\/users\/1"}],"replies":[{"embeddable":true,"href":"https:\/\/xtcdrogenhaus.com\/it\/wp-json\/wp\/v2\/comments?post=4804"}],"version-history":[{"count":1,"href":"https:\/\/xtcdrogenhaus.com\/it\/wp-json\/wp\/v2\/pages\/4804\/revisions"}],"predecessor-version":[{"id":4805,"href":"https:\/\/xtcdrogenhaus.com\/it\/wp-json\/wp\/v2\/pages\/4804\/revisions\/4805"}],"wp:attachment":[{"href":"https:\/\/xtcdrogenhaus.com\/it\/wp-json\/wp\/v2\/media?parent=4804"}],"curies":[{"name":"wp","href":"https:\/\/api.w.org\/{rel}","templated":true}]}}