{"id":4724,"date":"2025-04-20T09:50:07","date_gmt":"2025-04-20T09:50:07","guid":{"rendered":"https:\/\/xtcdrogenhaus.com\/?post_type=product&#038;p=4724"},"modified":"2026-05-05T10:28:20","modified_gmt":"2026-05-05T10:28:20","slug":"psilocybe-semilanceata","status":"publish","type":"product","link":"https:\/\/xtcdrogenhaus.com\/fr\/produit-2\/psilocybe-semilanceata\/","title":{"rendered":"Psilocybe Semilanceata"},"content":{"rendered":"<div id=\"ez-toc-container\" class=\"ez-toc-v2_0_82_2 counter-hierarchy ez-toc-counter ez-toc-grey ez-toc-container-direction\">\n<div class=\"ez-toc-title-container\">\n<p class=\"ez-toc-title\" style=\"cursor:inherit\">Aper\u00e7u du contenu<\/p>\n<span class=\"ez-toc-title-toggle\"><a href=\"#\" class=\"ez-toc-pull-right ez-toc-btn ez-toc-btn-xs ez-toc-btn-default ez-toc-toggle\" aria-label=\"Toggle Table of Content\"><span class=\"ez-toc-js-icon-con\"><span class=\"\"><span class=\"eztoc-hide\" style=\"display:none;\">Toggle<\/span><span class=\"ez-toc-icon-toggle-span\"><svg style=\"fill: #999;color:#999\" xmlns=\"http:\/\/www.w3.org\/2000\/svg\" class=\"list-377408\" width=\"20px\" height=\"20px\" viewbox=\"0 0 24 24\" fill=\"none\"><path d=\"M6 6H4v2h2V6zm14 0H8v2h12V6zM4 11h2v2H4v-2zm16 0H8v2h12v-2zM4 16h2v2H4v-2zm16 0H8v2h12v-2z\" fill=\"currentColor\"><\/path><\/svg><svg style=\"fill: #999;color:#999\" class=\"arrow-unsorted-368013\" xmlns=\"http:\/\/www.w3.org\/2000\/svg\" width=\"10px\" height=\"10px\" viewbox=\"0 0 24 24\" version=\"1.2\" baseprofile=\"tiny\"><path d=\"M18.2 9.3l-6.2-6.3-6.2 6.3c-.2.2-.3.4-.3.7s.1.5.3.7c.2.2.4.3.7.3h11c.3 0 .5-.1.7-.3.2-.2.3-.5.3-.7s-.1-.5-.3-.7zM5.8 14.7l6.2 6.3 6.2-6.3c.2-.2.3-.5.3-.7s-.1-.5-.3-.7c-.2-.2-.4-.3-.7-.3h-11c-.3 0-.5.1-.7.3-.2.2-.3.5-.3.7s.1.5.3.7z\"\/><\/svg><\/span><\/span><\/span><\/a><\/span><\/div>\n<nav><ul class='ez-toc-list ez-toc-list-level-1' ><li class='ez-toc-page-1 ez-toc-heading-level-1'><a class=\"ez-toc-link ez-toc-heading-1\" href=\"https:\/\/xtcdrogenhaus.com\/fr\/produit-2\/psilocybe-semilanceata\/#Psilocybe_semilanceata_Was_du_wissen_solltest\" >Psilocybe semilanceata : ce que tu dois savoir<\/a><ul class='ez-toc-list-level-3' ><li class='ez-toc-heading-level-3'><ul class='ez-toc-list-level-3' ><li class='ez-toc-heading-level-3'><a class=\"ez-toc-link ez-toc-heading-2\" href=\"https:\/\/xtcdrogenhaus.com\/fr\/produit-2\/psilocybe-semilanceata\/#Warum_Psilocybin_semilanceata_so_beliebt_ist\" >Pourquoi la psilocybine semilanceata est-elle si populaire ?<\/a><\/li><li class='ez-toc-page-1 ez-toc-heading-level-3'><a class=\"ez-toc-link ez-toc-heading-3\" href=\"https:\/\/xtcdrogenhaus.com\/fr\/produit-2\/psilocybe-semilanceata\/#Psilocybe_semilanceata_sicher_verwenden\" >Utiliser Psilocybe semilanceata en toute s\u00e9curit\u00e9<\/a><\/li><li class='ez-toc-page-1 ez-toc-heading-level-3'><a class=\"ez-toc-link ez-toc-heading-4\" href=\"https:\/\/xtcdrogenhaus.com\/fr\/produit-2\/psilocybe-semilanceata\/#FAQs_zu_Psilocybin_semilanceata\" >FAQ sur la psilocybine semilanceata<\/a><\/li><li class='ez-toc-page-1 ez-toc-heading-level-3'><a class=\"ez-toc-link ez-toc-heading-5\" href=\"https:\/\/xtcdrogenhaus.com\/fr\/produit-2\/psilocybe-semilanceata\/#Tipps_zum_Sammeln_von_Psilocybe_semilanceata\" >Conseils pour la cueillette de Psilocybe semilanceata<\/a><\/li><\/ul><\/li><\/ul><\/li><\/ul><\/nav><\/div>\n<h1><span class=\"ez-toc-section\" id=\"Psilocybe_semilanceata_Was_du_wissen_solltest\"><\/span>Psilocybe semilanceata : ce que tu dois savoir<span class=\"ez-toc-section-end\"><\/span><\/h1>\n<p>Si tu es curieux de conna\u00eetre le psilocybe semilanceata, \u00e9galement connu sous le nom de Liberty Caps, tu n'es pas seul. Ces champignons font partie des champignons contenant de la psilocybine les plus populaires et les plus puissants que l'on puisse trouver dans la nature.<\/p>\n<h3><span class=\"ez-toc-section\" id=\"Warum_Psilocybin_semilanceata_so_beliebt_ist\"><\/span><span id=\"Warum_Psilocybin_semilanceata_so_beliebt_ist\" class=\"ez-toc-section\"><\/span>Pourquoi la psilocybine semilanceata est-elle si populaire ?<span class=\"ez-toc-section-end\"><\/span><\/h3>\n<p>La psilocybine semilanceata est connue pour ses effets intenses, qui provoquent souvent de fortes hallucinations visuelles et des exp\u00e9riences spirituelles profondes. De nombreuses personnes qui utilisent ces champignons rapportent des exp\u00e9riences qui \u00e9largissent leur compr\u00e9hension de la r\u00e9alit\u00e9 et de la conscience.<\/p>\n<h3><span class=\"ez-toc-section\" id=\"Psilocybe_semilanceata_sicher_verwenden\"><\/span><span id=\"Psilocybe_semilanceata_sicher_verwenden\" class=\"ez-toc-section\"><\/span>Utiliser Psilocybe semilanceata en toute s\u00e9curit\u00e9<span class=\"ez-toc-section-end\"><\/span><\/h3>\n<p>Avant d'utiliser la psilocybine semilanceata, tu devrais suivre les conseils suivants :<\/p>\n<ul>\n<li><strong>Commence par une petite dose<\/strong>Ces champignons sont tr\u00e8s puissants, il est donc important de commencer avec une petite quantit\u00e9, surtout si tu es inexp\u00e9riment\u00e9.<\/li>\n<li><strong>Utilise un environnement s\u00fbr<\/strong>Assure-toi que tu te trouves dans un environnement familier et s\u00fbr, id\u00e9alement avec quelqu'un en qui tu as confiance.<\/li>\n<li><strong>Sois pr\u00e9par\u00e9<\/strong>L'effet peut \u00eatre intense, il est donc bon de s'y pr\u00e9parer mentalement.<\/li>\n<\/ul>\n<h3><span class=\"ez-toc-section\" id=\"FAQs_zu_Psilocybin_semilanceata\"><\/span><span id=\"FAQs_zu_Psilocybin_semilanceata\" class=\"ez-toc-section\"><\/span>FAQ sur la psilocybine semilanceata<span class=\"ez-toc-section-end\"><\/span><\/h3>\n<ul>\n<li><strong>O\u00f9 trouver la psilocybine semilanceata ?<\/strong><br \/>\nCes champignons poussent souvent dans les prairies et les p\u00e2turages humides, surtout en automne. En Allemagne, ils sont relativement fr\u00e9quents dans certaines r\u00e9gions.<\/li>\n<li><strong>Comment distinguer le psilocybe semilanceata des autres champignons ?<\/strong><br \/>\nIls ont un chapeau pointu caract\u00e9ristique et un pied fin et flexible. La prudence est toutefois de mise, car il existe des champignons toxiques d'apparence similaire.<\/li>\n<li><strong>Quelle est la dur\u00e9e de l'effet ?<\/strong><br \/>\nL'effet peut durer de 4 \u00e0 6 heures, le pic \u00e9tant atteint environ 2 \u00e0 3 heures apr\u00e8s la prise.<\/li>\n<\/ul>\n<h3><span class=\"ez-toc-section\" id=\"Tipps_zum_Sammeln_von_Psilocybe_semilanceata\"><\/span><span id=\"Tipps_zum_Sammeln_von_Psilocybe_semilanceata\" class=\"ez-toc-section\"><\/span>Conseils pour la cueillette de Psilocybe semilanceata<span class=\"ez-toc-section-end\"><\/span><\/h3>\n<p>Si tu envisages de cueillir toi-m\u00eame le psilocybe semilanceata, tiens compte de ces conseils :<\/p>\n<ul>\n<li><strong>Veille \u00e0 choisir la bonne saison<\/strong>: L'automne est la meilleure p\u00e9riode pour trouver ces champignons dans la nature.<\/li>\n<li><strong>Sois s\u00fbr de ton identification<\/strong>Si tu n'es pas s\u00fbr d'avoir trouv\u00e9 le bon champignon, il vaut mieux le laisser. Il existe quelques champignons toxiques qui peuvent facilement \u00eatre confondus avec le Psilocybe semilanceata.<\/li>\n<\/ul>\n<p>\u00c0 la fin de la journ\u00e9e, si tu veux essayer la psilocybine semilanceata, il est important d'\u00eatre pr\u00e9par\u00e9 et de l'utiliser de mani\u00e8re responsable.<\/p>","protected":false},"excerpt":{"rendered":"<p>\u2713Exp\u00e9dition camouflage opaque et emball\u00e9e sous vide<br \/>\n\u2713Paiement anonyme par bitcoin et virement bancaire<br \/>\n\u2713Protection compl\u00e8te des donn\u00e9es gr\u00e2ce au cryptage<\/p>","protected":false},"featured_media":4725,"comment_status":"open","ping_status":"closed","template":"","meta":[],"product_brand":[],"product_cat":[34],"product_tag":[],"class_list":{"0":"post-4724","1":"product","2":"type-product","3":"status-publish","4":"has-post-thumbnail","6":"product_cat-zauberpilze","7":"sales-flash-overlay","8":"woocommerce-text-align-center","9":"woocommerce-image-align-center","10":"do-quantity-buttons","12":"first","13":"instock","14":"shipping-taxable","15":"purchasable","16":"product-type-variable"},"_links":{"self":[{"href":"https:\/\/xtcdrogenhaus.com\/fr\/wp-json\/wp\/v2\/product\/4724","targetHints":{"allow":["GET"]}}],"collection":[{"href":"https:\/\/xtcdrogenhaus.com\/fr\/wp-json\/wp\/v2\/product"}],"about":[{"href":"https:\/\/xtcdrogenhaus.com\/fr\/wp-json\/wp\/v2\/types\/product"}],"replies":[{"embeddable":true,"href":"https:\/\/xtcdrogenhaus.com\/fr\/wp-json\/wp\/v2\/comments?post=4724"}],"wp:featuredmedia":[{"embeddable":true,"href":"https:\/\/xtcdrogenhaus.com\/fr\/wp-json\/wp\/v2\/media\/4725"}],"wp:attachment":[{"href":"https:\/\/xtcdrogenhaus.com\/fr\/wp-json\/wp\/v2\/media?parent=4724"}],"wp:term":[{"taxonomy":"product_brand","embeddable":true,"href":"https:\/\/xtcdrogenhaus.com\/fr\/wp-json\/wp\/v2\/product_brand?post=4724"},{"taxonomy":"product_cat","embeddable":true,"href":"https:\/\/xtcdrogenhaus.com\/fr\/wp-json\/wp\/v2\/product_cat?post=4724"},{"taxonomy":"product_tag","embeddable":true,"href":"https:\/\/xtcdrogenhaus.com\/fr\/wp-json\/wp\/v2\/product_tag?post=4724"}],"curies":[{"name":"wp","href":"https:\/\/api.w.org\/{rel}","templated":true}]}}