{"id":4718,"date":"2025-04-20T09:36:15","date_gmt":"2025-04-20T09:36:15","guid":{"rendered":"https:\/\/xtcdrogenhaus.com\/?post_type=product&#038;p=4718"},"modified":"2025-04-20T09:37:57","modified_gmt":"2025-04-20T09:37:57","slug":"psilocybe-cubensis","status":"publish","type":"product","link":"https:\/\/xtcdrogenhaus.com\/fr\/produit-2\/psilocybe-cubensis\/","title":{"rendered":"Psilocybe Cubensis"},"content":{"rendered":"<div id=\"ez-toc-container\" class=\"ez-toc-v2_0_82_2 counter-hierarchy ez-toc-counter ez-toc-grey ez-toc-container-direction\">\n<div class=\"ez-toc-title-container\">\n<p class=\"ez-toc-title\" style=\"cursor:inherit\">Aper\u00e7u du contenu<\/p>\n<span class=\"ez-toc-title-toggle\"><a href=\"#\" class=\"ez-toc-pull-right ez-toc-btn ez-toc-btn-xs ez-toc-btn-default ez-toc-toggle\" aria-label=\"Toggle Table of Content\"><span class=\"ez-toc-js-icon-con\"><span class=\"\"><span class=\"eztoc-hide\" style=\"display:none;\">Toggle<\/span><span class=\"ez-toc-icon-toggle-span\"><svg style=\"fill: #999;color:#999\" xmlns=\"http:\/\/www.w3.org\/2000\/svg\" class=\"list-377408\" width=\"20px\" height=\"20px\" viewbox=\"0 0 24 24\" fill=\"none\"><path d=\"M6 6H4v2h2V6zm14 0H8v2h12V6zM4 11h2v2H4v-2zm16 0H8v2h12v-2zM4 16h2v2H4v-2zm16 0H8v2h12v-2z\" fill=\"currentColor\"><\/path><\/svg><svg style=\"fill: #999;color:#999\" class=\"arrow-unsorted-368013\" xmlns=\"http:\/\/www.w3.org\/2000\/svg\" width=\"10px\" height=\"10px\" viewbox=\"0 0 24 24\" version=\"1.2\" baseprofile=\"tiny\"><path d=\"M18.2 9.3l-6.2-6.3-6.2 6.3c-.2.2-.3.4-.3.7s.1.5.3.7c.2.2.4.3.7.3h11c.3 0 .5-.1.7-.3.2-.2.3-.5.3-.7s-.1-.5-.3-.7zM5.8 14.7l6.2 6.3 6.2-6.3c.2-.2.3-.5.3-.7s-.1-.5-.3-.7c-.2-.2-.4-.3-.7-.3h-11c-.3 0-.5.1-.7.3-.2.2-.3.5-.3.7s.1.5.3.7z\"\/><\/svg><\/span><\/span><\/span><\/a><\/span><\/div>\n<nav><ul class='ez-toc-list ez-toc-list-level-1' ><li class='ez-toc-page-1 ez-toc-heading-level-2'><a class=\"ez-toc-link ez-toc-heading-1\" href=\"https:\/\/xtcdrogenhaus.com\/fr\/produit-2\/psilocybe-cubensis\/#Psilocybe_cubensis_bestellen_Worauf_du_achten_solltest\" >Commander un psilocybe cubensis : Ce \u00e0 quoi tu dois faire attention<\/a><ul class='ez-toc-list-level-3' ><li class='ez-toc-heading-level-3'><a class=\"ez-toc-link ez-toc-heading-2\" href=\"https:\/\/xtcdrogenhaus.com\/fr\/produit-2\/psilocybe-cubensis\/#Warum_Psilocybe_cubensis_kaufen\" >Pourquoi acheter Psilocybe cubensis ?<\/a><\/li><li class='ez-toc-page-1 ez-toc-heading-level-3'><a class=\"ez-toc-link ez-toc-heading-3\" href=\"https:\/\/xtcdrogenhaus.com\/fr\/produit-2\/psilocybe-cubensis\/#Psilocybe_cubensis_bestellen_Tipps_fur_den_Kauf\" >Commander un psilocybe cubensis : Conseils pour l'achat<\/a><\/li><li class='ez-toc-page-1 ez-toc-heading-level-3'><a class=\"ez-toc-link ez-toc-heading-4\" href=\"https:\/\/xtcdrogenhaus.com\/fr\/produit-2\/psilocybe-cubensis\/#FAQs_zu_Psilocybe_cubensis_bestellen\" >Commander la FAQ sur le Psilocybe cubensis<\/a><\/li><li class='ez-toc-page-1 ez-toc-heading-level-3'><a class=\"ez-toc-link ez-toc-heading-5\" href=\"https:\/\/xtcdrogenhaus.com\/fr\/produit-2\/psilocybe-cubensis\/#Wie_du_sicher_Psilocybe_cubensis_kaufen_kannst\" >Comment acheter en toute s\u00e9curit\u00e9 Psilocybe cubensis<\/a><\/li><\/ul><\/li><\/ul><\/nav><\/div>\n<h2><span class=\"ez-toc-section\" id=\"Psilocybe_cubensis_bestellen_Worauf_du_achten_solltest\"><\/span>Commander un psilocybe cubensis : Ce \u00e0 quoi tu dois faire attention<span class=\"ez-toc-section-end\"><\/span><\/h2>\n<p>Si tu veux commander des Psilocybe cubensis, tu as probablement quelques questions en t\u00eate. Ces champignons magiques sont appr\u00e9ci\u00e9s par de nombreuses personnes, mais il y a quelques choses que tu dois savoir avant de les ajouter \u00e0 ton panier.<\/p>\n<h3><span class=\"ez-toc-section\" id=\"Warum_Psilocybe_cubensis_kaufen\"><\/span><span id=\"Warum_Psilocybe_cubensis_kaufen\" class=\"ez-toc-section\"><\/span>Pourquoi acheter Psilocybe cubensis ?<span class=\"ez-toc-section-end\"><\/span><\/h3>\n<p>Beaucoup choisissent d'acheter des psilocybes cubensis parce que ces champignons sont connus pour leur puissance mod\u00e9r\u00e9e et leur capacit\u00e9 \u00e0 offrir des exp\u00e9riences spirituelles et mentales profondes. Ils sont parfaits pour les d\u00e9butants, car leurs effets sont souvent plus doux que ceux d'autres vari\u00e9t\u00e9s plus puissantes.<\/p>\n<h3><span class=\"ez-toc-section\" id=\"Psilocybe_cubensis_bestellen_Tipps_fur_den_Kauf\"><\/span><span id=\"Psilocybe_cubensis_bestellen_Tipps_fuer_den_Kauf\" class=\"ez-toc-section\"><\/span>Commander un psilocybe cubensis : Conseils pour l'achat<span class=\"ez-toc-section-end\"><\/span><\/h3>\n<p>Avant de commander du Psilocybe cubensis, tiens compte des points suivants :<\/p>\n<ul>\n<li><strong>V\u00e9rifier la source<\/strong>Assure-toi que tu ach\u00e8tes aupr\u00e8s d'un fournisseur s\u00e9rieux. Lis les \u00e9valuations et fais des recherches approfondies.<\/li>\n<li><strong>Situation juridique<\/strong>V\u00e9rifie la situation juridique dans ton pays ou ta r\u00e9gion. En Allemagne, ces champignons ne sont pas l\u00e9gaux.<\/li>\n<li><strong>Stockage<\/strong>: Veille \u00e0 stocker correctement les champignons apr\u00e8s l'achat afin de pr\u00e9server leur puissance.<\/li>\n<\/ul>\n<h3><span class=\"ez-toc-section\" id=\"FAQs_zu_Psilocybe_cubensis_bestellen\"><\/span><span id=\"FAQs_zu_Psilocybe_cubensis_bestellen\" class=\"ez-toc-section\"><\/span>Commander la FAQ sur le Psilocybe cubensis<span class=\"ez-toc-section-end\"><\/span><\/h3>\n<ul>\n<li><strong>Est-il l\u00e9gal d'acheter du psilocybe cubensis ?<\/strong><br \/>\nDans de nombreux pays, y compris en Allemagne, l'achat et la possession de Psilocybe cubensis sont ill\u00e9gaux. Informe-toi sur les lois en vigueur dans ton pays.<\/li>\n<li><strong>Quel est le dosage appropri\u00e9 pour les d\u00e9butants ?<\/strong><br \/>\nPour les d\u00e9butants, on recommande souvent une dose de 1-1,5 grammes de Psilocybe cubensis s\u00e9ch\u00e9. Commence toujours par une dose faible et augmente progressivement.<\/li>\n<li><strong>Combien de temps faut-il pour que les effets se fassent sentir ?<\/strong><br \/>\nLes effets commencent g\u00e9n\u00e9ralement \u00e0 se manifester dans les 30 \u00e0 60 minutes suivant la prise et peuvent durer de 4 \u00e0 6 heures.<\/li>\n<li><strong>O\u00f9 puis-je commander en toute s\u00e9curit\u00e9 Psilocybe cubensis ?<\/strong><br \/>\nIl est important de ne commander que sur des boutiques en ligne s\u00e9rieuses qui livrent discr\u00e8tement et en toute s\u00e9curit\u00e9. Fais attention aux \u00e9valuations et aux recommandations.<\/li>\n<\/ul>\n<h3><span class=\"ez-toc-section\" id=\"Wie_du_sicher_Psilocybe_cubensis_kaufen_kannst\"><\/span><span id=\"Wie_du_sicher_Psilocybe_cubensis_kaufen_kannst\" class=\"ez-toc-section\"><\/span>Comment acheter en toute s\u00e9curit\u00e9 Psilocybe cubensis<span class=\"ez-toc-section-end\"><\/span><\/h3>\n<p>Si tu d\u00e9cides de commander des psilocybes cubensis, pense \u00e0 cela :<\/p>\n<ul>\n<li><strong>Commence par une petite quantit\u00e9<\/strong>Surtout la premi\u00e8re fois, moins c'est plus.<\/li>\n<li><strong>Utilise les champignons dans un environnement s\u00fbr<\/strong>Veille \u00e0 te sentir \u00e0 l'aise et, dans l'id\u00e9al, \u00e0 avoir quelqu'un avec toi.<\/li>\n<li><strong>Informe-toi<\/strong>Il est toujours bon d'en apprendre le plus possible sur ces champignons.<\/li>\n<\/ul>\n<p>\u00c0 la fin de la journ\u00e9e, si tu veux acheter du Psilocybe cubensis, assure-toi d'\u00eatre bien pr\u00e9par\u00e9 et de le traiter de mani\u00e8re responsable.<\/p>","protected":false},"excerpt":{"rendered":"<p>\u2713Exp\u00e9dition camouflage opaque et emball\u00e9e sous vide<br \/>\n\u2713Paiement anonyme par bitcoin et virement bancaire<br \/>\n\u2713Protection compl\u00e8te des donn\u00e9es gr\u00e2ce au cryptage<\/p>","protected":false},"featured_media":4723,"comment_status":"open","ping_status":"closed","template":"","meta":[],"product_brand":[],"product_cat":[34],"product_tag":[],"class_list":{"0":"post-4718","1":"product","2":"type-product","3":"status-publish","4":"has-post-thumbnail","6":"product_cat-zauberpilze","7":"sales-flash-overlay","8":"woocommerce-text-align-center","9":"woocommerce-image-align-center","10":"do-quantity-buttons","12":"first","13":"instock","14":"shipping-taxable","15":"purchasable","16":"product-type-variable"},"_links":{"self":[{"href":"https:\/\/xtcdrogenhaus.com\/fr\/wp-json\/wp\/v2\/product\/4718","targetHints":{"allow":["GET"]}}],"collection":[{"href":"https:\/\/xtcdrogenhaus.com\/fr\/wp-json\/wp\/v2\/product"}],"about":[{"href":"https:\/\/xtcdrogenhaus.com\/fr\/wp-json\/wp\/v2\/types\/product"}],"replies":[{"embeddable":true,"href":"https:\/\/xtcdrogenhaus.com\/fr\/wp-json\/wp\/v2\/comments?post=4718"}],"wp:featuredmedia":[{"embeddable":true,"href":"https:\/\/xtcdrogenhaus.com\/fr\/wp-json\/wp\/v2\/media\/4723"}],"wp:attachment":[{"href":"https:\/\/xtcdrogenhaus.com\/fr\/wp-json\/wp\/v2\/media?parent=4718"}],"wp:term":[{"taxonomy":"product_brand","embeddable":true,"href":"https:\/\/xtcdrogenhaus.com\/fr\/wp-json\/wp\/v2\/product_brand?post=4718"},{"taxonomy":"product_cat","embeddable":true,"href":"https:\/\/xtcdrogenhaus.com\/fr\/wp-json\/wp\/v2\/product_cat?post=4718"},{"taxonomy":"product_tag","embeddable":true,"href":"https:\/\/xtcdrogenhaus.com\/fr\/wp-json\/wp\/v2\/product_tag?post=4718"}],"curies":[{"name":"wp","href":"https:\/\/api.w.org\/{rel}","templated":true}]}}