{"id":4696,"date":"2025-04-20T07:31:15","date_gmt":"2025-04-20T07:31:15","guid":{"rendered":"https:\/\/xtcdrogenhaus.com\/?post_type=product&#038;p=4696"},"modified":"2025-04-20T08:45:58","modified_gmt":"2025-04-20T08:45:58","slug":"mdma-online-kaufen","status":"publish","type":"product","link":"https:\/\/xtcdrogenhaus.com\/fr\/produit-2\/mdma-online-kaufen\/","title":{"rendered":"MDMA"},"content":{"rendered":"<div id=\"ez-toc-container\" class=\"ez-toc-v2_0_82_2 counter-hierarchy ez-toc-counter ez-toc-grey ez-toc-container-direction\">\n<div class=\"ez-toc-title-container\">\n<p class=\"ez-toc-title\" style=\"cursor:inherit\">Aper\u00e7u du contenu<\/p>\n<span class=\"ez-toc-title-toggle\"><a href=\"#\" class=\"ez-toc-pull-right ez-toc-btn ez-toc-btn-xs ez-toc-btn-default ez-toc-toggle\" aria-label=\"Toggle Table of Content\"><span class=\"ez-toc-js-icon-con\"><span class=\"\"><span class=\"eztoc-hide\" style=\"display:none;\">Toggle<\/span><span class=\"ez-toc-icon-toggle-span\"><svg style=\"fill: #999;color:#999\" xmlns=\"http:\/\/www.w3.org\/2000\/svg\" class=\"list-377408\" width=\"20px\" height=\"20px\" viewbox=\"0 0 24 24\" fill=\"none\"><path d=\"M6 6H4v2h2V6zm14 0H8v2h12V6zM4 11h2v2H4v-2zm16 0H8v2h12v-2zM4 16h2v2H4v-2zm16 0H8v2h12v-2z\" fill=\"currentColor\"><\/path><\/svg><svg style=\"fill: #999;color:#999\" class=\"arrow-unsorted-368013\" xmlns=\"http:\/\/www.w3.org\/2000\/svg\" width=\"10px\" height=\"10px\" viewbox=\"0 0 24 24\" version=\"1.2\" baseprofile=\"tiny\"><path d=\"M18.2 9.3l-6.2-6.3-6.2 6.3c-.2.2-.3.4-.3.7s.1.5.3.7c.2.2.4.3.7.3h11c.3 0 .5-.1.7-.3.2-.2.3-.5.3-.7s-.1-.5-.3-.7zM5.8 14.7l6.2 6.3 6.2-6.3c.2-.2.3-.5.3-.7s-.1-.5-.3-.7c-.2-.2-.4-.3-.7-.3h-11c-.3 0-.5.1-.7.3-.2.2-.3.5-.3.7s.1.5.3.7z\"\/><\/svg><\/span><\/span><\/span><\/a><\/span><\/div>\n<nav><ul class='ez-toc-list ez-toc-list-level-1' ><li class='ez-toc-page-1 ez-toc-heading-level-1'><a class=\"ez-toc-link ez-toc-heading-1\" href=\"https:\/\/xtcdrogenhaus.com\/fr\/produit-2\/mdma-online-kaufen\/#MDMA_online_kaufen\" >Acheter de la MDMA en ligne<\/a><ul class='ez-toc-list-level-2' ><li class='ez-toc-heading-level-2'><a class=\"ez-toc-link ez-toc-heading-2\" href=\"https:\/\/xtcdrogenhaus.com\/fr\/produit-2\/mdma-online-kaufen\/#Was_ist_MDMA\" >Qu'est-ce que la MDMA ?<\/a><\/li><li class='ez-toc-page-1 ez-toc-heading-level-2'><a class=\"ez-toc-link ez-toc-heading-3\" href=\"https:\/\/xtcdrogenhaus.com\/fr\/produit-2\/mdma-online-kaufen\/#Warum_unseren_MDMA_Kristall_wahlen\" >Pourquoi choisir notre cristal MDMA ?<\/a><ul class='ez-toc-list-level-3' ><li class='ez-toc-heading-level-3'><a class=\"ez-toc-link ez-toc-heading-4\" href=\"https:\/\/xtcdrogenhaus.com\/fr\/produit-2\/mdma-online-kaufen\/#Reinheit_und_Qualitat\" >Puret\u00e9 et qualit\u00e9<\/a><\/li><li class='ez-toc-page-1 ez-toc-heading-level-3'><a class=\"ez-toc-link ez-toc-heading-5\" href=\"https:\/\/xtcdrogenhaus.com\/fr\/produit-2\/mdma-online-kaufen\/#Unvergleichliches_Erlebnis\" >Une exp\u00e9rience incomparable<\/a><\/li><li class='ez-toc-page-1 ez-toc-heading-level-3'><a class=\"ez-toc-link ez-toc-heading-6\" href=\"https:\/\/xtcdrogenhaus.com\/fr\/produit-2\/mdma-online-kaufen\/#Sicherheit_und_Diskretion\" >S\u00e9curit\u00e9 et discr\u00e9tion<\/a><\/li><\/ul><\/li><li class='ez-toc-page-1 ez-toc-heading-level-2'><a class=\"ez-toc-link ez-toc-heading-7\" href=\"https:\/\/xtcdrogenhaus.com\/fr\/produit-2\/mdma-online-kaufen\/#Wie_man_MDMA_Kristall_verwendet\" >Comment utiliser le cristal MDMA<\/a><ul class='ez-toc-list-level-3' ><li class='ez-toc-heading-level-3'><a class=\"ez-toc-link ez-toc-heading-8\" href=\"https:\/\/xtcdrogenhaus.com\/fr\/produit-2\/mdma-online-kaufen\/#Vorbereitung\" >Pr\u00e9paration<\/a><\/li><li class='ez-toc-page-1 ez-toc-heading-level-3'><a class=\"ez-toc-link ez-toc-heading-9\" href=\"https:\/\/xtcdrogenhaus.com\/fr\/produit-2\/mdma-online-kaufen\/#Konsummethoden\" >M\u00e9thodes de consommation<\/a><\/li><li class='ez-toc-page-1 ez-toc-heading-level-3'><a class=\"ez-toc-link ez-toc-heading-10\" href=\"https:\/\/xtcdrogenhaus.com\/fr\/produit-2\/mdma-online-kaufen\/#Dosierungsempfehlungen\" >Recommandations de dosage<\/a><\/li><\/ul><\/li><li class='ez-toc-page-1 ez-toc-heading-level-2'><a class=\"ez-toc-link ez-toc-heading-11\" href=\"https:\/\/xtcdrogenhaus.com\/fr\/produit-2\/mdma-online-kaufen\/#Vorteile_von_MDMA_Kristall\" >Avantages du cristal MDMA<\/a><ul class='ez-toc-list-level-3' ><li class='ez-toc-heading-level-3'><a class=\"ez-toc-link ez-toc-heading-12\" href=\"https:\/\/xtcdrogenhaus.com\/fr\/produit-2\/mdma-online-kaufen\/#Verbesserte_emotionale_Verbindung\" >Am\u00e9lioration de la connexion \u00e9motionnelle<\/a><\/li><li class='ez-toc-page-1 ez-toc-heading-level-3'><a class=\"ez-toc-link ez-toc-heading-13\" href=\"https:\/\/xtcdrogenhaus.com\/fr\/produit-2\/mdma-online-kaufen\/#Erhohte_sensorische_Wahrnehmung\" >Augmentation de la perception sensorielle<\/a><\/li><li class='ez-toc-page-1 ez-toc-heading-level-3'><a class=\"ez-toc-link ez-toc-heading-14\" href=\"https:\/\/xtcdrogenhaus.com\/fr\/produit-2\/mdma-online-kaufen\/#Stimmungsaufhellung\" >Am\u00e9lioration de l'humeur<\/a><\/li><li class='ez-toc-page-1 ez-toc-heading-level-3'><a class=\"ez-toc-link ez-toc-heading-15\" href=\"https:\/\/xtcdrogenhaus.com\/fr\/produit-2\/mdma-online-kaufen\/#Therapeutische_Anwendungen\" >Applications th\u00e9rapeutiques<\/a><\/li><\/ul><\/li><li class='ez-toc-page-1 ez-toc-heading-level-2'><a class=\"ez-toc-link ez-toc-heading-16\" href=\"https:\/\/xtcdrogenhaus.com\/fr\/produit-2\/mdma-online-kaufen\/#FAQs\" >FAQ<\/a><ul class='ez-toc-list-level-3' ><li class='ez-toc-heading-level-3'><a class=\"ez-toc-link ez-toc-heading-17\" href=\"https:\/\/xtcdrogenhaus.com\/fr\/produit-2\/mdma-online-kaufen\/#Ist_es_legal_MDMA_online_zu_kaufen\" >Est-il l\u00e9gal d'acheter de la MDMA en ligne ?<\/a><\/li><li class='ez-toc-page-1 ez-toc-heading-level-3'><a class=\"ez-toc-link ez-toc-heading-18\" href=\"https:\/\/xtcdrogenhaus.com\/fr\/produit-2\/mdma-online-kaufen\/#Wie_weis_ich_dass_das_MDMA_rein_ist\" >Comment savoir si la MDMA est pure ?<\/a><\/li><li class='ez-toc-page-1 ez-toc-heading-level-3'><a class=\"ez-toc-link ez-toc-heading-19\" href=\"https:\/\/xtcdrogenhaus.com\/fr\/produit-2\/mdma-online-kaufen\/#Wie_sollte_ich_MDMA_Kristall_lagern\" >Comment dois-je stocker le cristal MDMA ?<\/a><\/li><li class='ez-toc-page-1 ez-toc-heading-level-3'><a class=\"ez-toc-link ez-toc-heading-20\" href=\"https:\/\/xtcdrogenhaus.com\/fr\/produit-2\/mdma-online-kaufen\/#Was_sind_die_moglichen_Nebenwirkungen\" >Quels sont les effets secondaires possibles ?<\/a><\/li><li class='ez-toc-page-1 ez-toc-heading-level-3'><a class=\"ez-toc-link ez-toc-heading-21\" href=\"https:\/\/xtcdrogenhaus.com\/fr\/produit-2\/mdma-online-kaufen\/#Kann_ich_MDMA_Kristall_fur_therapeutische_Zwecke_verwenden\" >Puis-je utiliser du cristal de MDMA \u00e0 des fins th\u00e9rapeutiques ?<\/a><\/li><\/ul><\/li><li class='ez-toc-page-1 ez-toc-heading-level-2'><a class=\"ez-toc-link ez-toc-heading-22\" href=\"https:\/\/xtcdrogenhaus.com\/fr\/produit-2\/mdma-online-kaufen\/#Fazit\" >Conclusion<\/a><\/li><\/ul><\/li><\/ul><\/nav><\/div>\n<h1><span class=\"ez-toc-section\" id=\"MDMA_online_kaufen\"><\/span><span class=\"___SText_8k3ll-ko_\" data-ui-name=\"Link.Text\">Acheter de la MDMA en ligne<\/span><span class=\"ez-toc-section-end\"><\/span><\/h1>\n<p>Bienvenue \u00e0 la meilleure source pour\u00a0<strong>Acheter de la MDMA en ligne<\/strong>. Notre cristal MDMA haut de gamme est r\u00e9put\u00e9 pour sa puret\u00e9, sa puissance et sa qualit\u00e9 exceptionnelle. Que vous soyez un premier acheteur ou un utilisateur exp\u00e9riment\u00e9, nous vous proposons le produit de la plus haute qualit\u00e9 pour vous garantir une exp\u00e9rience sup\u00e9rieure.<\/p>\n<h2><span class=\"ez-toc-section\" id=\"Was_ist_MDMA\"><\/span><span id=\"Was_ist_MDMA\" class=\"ez-toc-section\"><\/span>Qu'est-ce que la MDMA ?<span class=\"ez-toc-section-end\"><\/span><\/h2>\n<p>MDMA (<a href=\"https:\/\/en.wikipedia.org\/wiki\/3,4-Methylenedioxy-N-hydroxy-N-methylamphetamine\" target=\"_blank\" rel=\"noopener\">3,4-M\u00e9thyl\u00e8nedioxy-N-m\u00e9thylamph\u00e9tamine<\/a>), commun\u00e9ment appel\u00e9\u00a0<a href=\"https:\/\/xtcdrogenhaus.com\/fr\/produit-2\/ecstasy\/\">Ecstasy<\/a>\u00a0ou Molly, est une drogue de synth\u00e8se connue pour ses effets sur l'humeur et l'empathie. Elle a gagn\u00e9 en popularit\u00e9 \u00e0 la fois \u00e0 des fins r\u00e9cr\u00e9atives et th\u00e9rapeutiques, offrant aux utilisateurs un profond sentiment de connexion et d'euphorie.<\/p>\n<h2><span class=\"ez-toc-section\" id=\"Warum_unseren_MDMA_Kristall_wahlen\"><\/span><span id=\"Warum_unseren_MDMA_Kristall_waehlen\" class=\"ez-toc-section\"><\/span>Pourquoi choisir notre cristal MDMA ?<span class=\"ez-toc-section-end\"><\/span><\/h2>\n<h3><span class=\"ez-toc-section\" id=\"Reinheit_und_Qualitat\"><\/span><span id=\"Reinheit_und_Qualitaet\" class=\"ez-toc-section\"><\/span>Puret\u00e9 et qualit\u00e9<span class=\"ez-toc-section-end\"><\/span><\/h3>\n<ul>\n<li><strong>99,9% cristal pur<\/strong>Notre cristal MDMA est soigneusement purifi\u00e9 afin de vous garantir un produit pur \u00e0 99,9%, exempt d'impuret\u00e9s et de diluants.<\/li>\n<li><strong>Test\u00e9 en laboratoire<\/strong>Chaque lot est soumis \u00e0 des tests rigoureux dans des laboratoires certifi\u00e9s afin de v\u00e9rifier sa puret\u00e9 et sa puissance.<\/li>\n<li><strong>Excellent approvisionnement<\/strong>Nous nous approvisionnons en MDMA aupr\u00e8s de fournisseurs s\u00e9rieux qui respectent des normes de fabrication strictes.<\/li>\n<\/ul>\n<h3><span class=\"ez-toc-section\" id=\"Unvergleichliches_Erlebnis\"><\/span><span id=\"Unvergleichliches_Erlebnis\" class=\"ez-toc-section\"><\/span>Une exp\u00e9rience incomparable<span class=\"ez-toc-section-end\"><\/span><\/h3>\n<ul>\n<li><strong>Dosage coh\u00e9rent<\/strong>Notre cristal offre un dosage coh\u00e9rent et fiable, ce qui vous permet de contr\u00f4ler votre exp\u00e9rience avec pr\u00e9cision.<\/li>\n<li><strong>Effets renforc\u00e9s<\/strong>: Exp\u00e9rience de toute la gamme des effets de la MDMA, y compris l'empathie accrue, l'euphorie et la perception sensorielle.<\/li>\n<li><strong>Potentiel th\u00e9rapeutique<\/strong>Notre cristal MDMA peut \u00eatre utilis\u00e9 de mani\u00e8re responsable pour la croissance et la gu\u00e9rison personnelles et est reconnu pour son potentiel dans des environnements th\u00e9rapeutiques.<\/li>\n<\/ul>\n<h3><span class=\"ez-toc-section\" id=\"Sicherheit_und_Diskretion\"><\/span><span id=\"Sicherheit_und_Diskretion\" class=\"ez-toc-section\"><\/span>S\u00e9curit\u00e9 et discr\u00e9tion<span class=\"ez-toc-section-end\"><\/span><\/h3>\n<ul>\n<li><strong>Un emballage s\u00fbr<\/strong>: Nous utilisons des emballages discrets et s\u00e9curis\u00e9s afin de garantir votre vie priv\u00e9e et l'int\u00e9grit\u00e9 du produit pendant le transport.<\/li>\n<li><strong>Envoi confidentiel<\/strong>: Notre processus d'exp\u00e9dition est con\u00e7u pour \u00eatre confidentiel et ne comporte aucune r\u00e9f\u00e9rence au produit sur l'emballage.<\/li>\n<li><strong>Livraison fiable<\/strong>Nous proposons des options de livraison fiables et tra\u00e7ables afin de garantir que votre commande arrive \u00e0 temps et en toute s\u00e9curit\u00e9.<\/li>\n<\/ul>\n<h2><span class=\"ez-toc-section\" id=\"Wie_man_MDMA_Kristall_verwendet\"><\/span><span id=\"Wie_man_MDMA_Kristall_verwendet\" class=\"ez-toc-section\"><\/span>Comment utiliser le cristal MDMA<span class=\"ez-toc-section-end\"><\/span><\/h2>\n<h3><span class=\"ez-toc-section\" id=\"Vorbereitung\"><\/span><span id=\"Vorbereitung\" class=\"ez-toc-section\"><\/span>Pr\u00e9paration<span class=\"ez-toc-section-end\"><\/span><\/h3>\n<ol>\n<li><strong>Peser avec pr\u00e9cision<\/strong>: Utilisez une balance pr\u00e9cise pour mesurer votre dose avec exactitude. Nous vous recommandons de commencer par une dose plus faible si vous \u00eates d\u00e9butant.<\/li>\n<li><strong>Broyer le cristal<\/strong>: Pour une prise plus facile, vous pouvez r\u00e9duire le cristal en une poudre fine.<\/li>\n<li><strong>Hydratation<\/strong>Boire beaucoup d'eau avant, pendant et apr\u00e8s l'exp\u00e9rience afin de rester hydrat\u00e9.<\/li>\n<\/ol>\n<h3><span class=\"ez-toc-section\" id=\"Konsummethoden\"><\/span><span id=\"Konsummethoden\" class=\"ez-toc-section\"><\/span>M\u00e9thodes de consommation<span class=\"ez-toc-section-end\"><\/span><\/h3>\n<ul>\n<li><strong>Prise orale<\/strong>: La m\u00e9thode la plus courante, il suffit de dissoudre le cristal dans de l'eau ou de le mettre dans une capsule.<\/li>\n<li><strong>Sublingual<\/strong>: Placez le cristal sous la langue pour une absorption plus rapide.<\/li>\n<li><strong>Parachutage<\/strong>: Enveloppez le cristal broy\u00e9 dans un morceau de tissu et avalez-le.<\/li>\n<\/ul>\n<h3><span class=\"ez-toc-section\" id=\"Dosierungsempfehlungen\"><\/span><span id=\"Dosierungsempfehlungen\" class=\"ez-toc-section\"><\/span>Recommandations de dosage<span class=\"ez-toc-section-end\"><\/span><\/h3>\n<ul>\n<li><strong>D\u00e9butant<\/strong>: Commencer par une dose de 75-100 mg.<\/li>\n<li><strong>Niveau interm\u00e9diaire<\/strong>: Normalement, 100-150 mg suffisent.<\/li>\n<li><strong>Utilisateurs exp\u00e9riment\u00e9s<\/strong>: Jusqu'\u00e0 200 mg, mais faites attention.<\/li>\n<\/ul>\n<h2><span class=\"ez-toc-section\" id=\"Vorteile_von_MDMA_Kristall\"><\/span><span id=\"Vorteile_von_MDMA_Kristall\" class=\"ez-toc-section\"><\/span>Avantages du cristal MDMA<span class=\"ez-toc-section-end\"><\/span><\/h2>\n<h3><span class=\"ez-toc-section\" id=\"Verbesserte_emotionale_Verbindung\"><\/span><span id=\"Verbesserte_emotionale_Verbindung\" class=\"ez-toc-section\"><\/span>Am\u00e9lioration de la connexion \u00e9motionnelle<span class=\"ez-toc-section-end\"><\/span><\/h3>\n<p>La MDMA est connue pour sa capacit\u00e9 \u00e0 renforcer la proximit\u00e9 \u00e9motionnelle et l'empathie, ce qui la rend populaire dans les environnements sociaux et th\u00e9rapeutiques.<\/p>\n<h3><span class=\"ez-toc-section\" id=\"Erhohte_sensorische_Wahrnehmung\"><\/span><span id=\"Erhoehte_sensorische_Wahrnehmung\" class=\"ez-toc-section\"><\/span>Augmentation de la perception sensorielle<span class=\"ez-toc-section-end\"><\/span><\/h3>\n<p>Les utilisateurs rapportent souvent des exp\u00e9riences sensorielles accrues, y compris des couleurs, des sons et des sensations tactiles plus intenses.<\/p>\n<h3><span class=\"ez-toc-section\" id=\"Stimmungsaufhellung\"><\/span><span id=\"Stimmungsaufhellung\" class=\"ez-toc-section\"><\/span>Am\u00e9lioration de l'humeur<span class=\"ez-toc-section-end\"><\/span><\/h3>\n<p>Exp\u00e9rience d'une am\u00e9lioration consid\u00e9rable de l'humeur et d'un bien-\u00eatre g\u00e9n\u00e9ral qui conduit souvent \u00e0 des sentiments d'euphorie et de bonheur.<\/p>\n<h3><span class=\"ez-toc-section\" id=\"Therapeutische_Anwendungen\"><\/span><span id=\"Therapeutische_Anwendungen\" class=\"ez-toc-section\"><\/span>Applications th\u00e9rapeutiques<span class=\"ez-toc-section-end\"><\/span><\/h3>\n<p>La MDMA s'est r\u00e9v\u00e9l\u00e9e prometteuse dans le traitement du SSPT, de l'anxi\u00e9t\u00e9 et de la d\u00e9pression, offrant un soulagement l\u00e0 o\u00f9 les th\u00e9rapies traditionnelles peuvent \u00e9chouer.<\/p>\n<h2><span class=\"ez-toc-section\" id=\"FAQs\"><\/span><span id=\"FAQs\" class=\"ez-toc-section\"><\/span>FAQ<span class=\"ez-toc-section-end\"><\/span><\/h2>\n<h3><span class=\"ez-toc-section\" id=\"Ist_es_legal_MDMA_online_zu_kaufen\"><\/span><span id=\"Ist_es_legal_MDMA_online_zu_kaufen\" class=\"ez-toc-section\"><\/span>Est-il l\u00e9gal d'acheter de la MDMA en ligne ?<span class=\"ez-toc-section-end\"><\/span><\/h3>\n<p>La MDMA est une substance contr\u00f4l\u00e9e dans de nombreux pays. Assurez-vous de conna\u00eetre le statut l\u00e9gal de votre lieu de r\u00e9sidence avant de faire un achat.<\/p>\n<h3><span class=\"ez-toc-section\" id=\"Wie_weis_ich_dass_das_MDMA_rein_ist\"><\/span><span id=\"Wie_weiss_ich_dass_das_MDMA_rein_ist\" class=\"ez-toc-section\"><\/span>Comment savoir si la MDMA est pure ?<span class=\"ez-toc-section-end\"><\/span><\/h3>\n<p>La puret\u00e9 et la puissance de notre cristal MDMA sont test\u00e9es en laboratoire. Nous fournissons des rapports d\u00e9taill\u00e9s pour chaque lot \u00e0 des fins de transparence et pour votre s\u00e9curit\u00e9.<\/p>\n<h3><span class=\"ez-toc-section\" id=\"Wie_sollte_ich_MDMA_Kristall_lagern\"><\/span><span id=\"Wie_sollte_ich_MDMA_Kristall_lagern\" class=\"ez-toc-section\"><\/span>Comment dois-je stocker le cristal MDMA ?<span class=\"ez-toc-section-end\"><\/span><\/h3>\n<p>Conservez votre cristal de MDMA dans un endroit frais et sec, loin de la lumi\u00e8re directe du soleil et de l'humidit\u00e9, afin de pr\u00e9server sa qualit\u00e9 et sa puissance.<\/p>\n<h3><span class=\"ez-toc-section\" id=\"Was_sind_die_moglichen_Nebenwirkungen\"><\/span><span id=\"Was_sind_die_moeglichen_Nebenwirkungen\" class=\"ez-toc-section\"><\/span>Quels sont les effets secondaires possibles ?<span class=\"ez-toc-section-end\"><\/span><\/h3>\n<p>Les effets secondaires fr\u00e9quents sont la d\u00e9shydratation, l'augmentation du rythme cardiaque et une l\u00e9g\u00e8re anxi\u00e9t\u00e9. Il est important de rester hydrat\u00e9 et de consommer de mani\u00e8re responsable.<\/p>\n<h3><span class=\"ez-toc-section\" id=\"Kann_ich_MDMA_Kristall_fur_therapeutische_Zwecke_verwenden\"><\/span><span id=\"Kann_ich_MDMA_Kristall_fuer_therapeutische_Zwecke_verwenden\" class=\"ez-toc-section\"><\/span>Puis-je utiliser du cristal de MDMA \u00e0 des fins th\u00e9rapeutiques ?<span class=\"ez-toc-section-end\"><\/span><\/h3>\n<p>Bien que la MDMA soit prometteuse dans des environnements th\u00e9rapeutiques, elle doit \u00eatre utilis\u00e9e sous la supervision de professionnels afin de garantir sa s\u00e9curit\u00e9 et son efficacit\u00e9.<\/p>\n<h2><span class=\"ez-toc-section\" id=\"Fazit\"><\/span><span id=\"Fazit\" class=\"ez-toc-section\"><\/span>Conclusion<span class=\"ez-toc-section-end\"><\/span><\/h2>\n<p>Si vous d\u00e9cidez\u00a0<strong>Acheter de la MDMA en ligne chez nous<\/strong>vous choisissez un produit d'une qualit\u00e9, d'une puret\u00e9 et d'une fiabilit\u00e9 in\u00e9gal\u00e9es. Notre engagement envers l'excellence vous garantit un produit qui r\u00e9pond aux normes les plus \u00e9lev\u00e9es et vous offre une exp\u00e9rience sup\u00e9rieure \u00e0 chaque fois. Profitez des effets profonds de notre cristal MDMA de premi\u00e8re qualit\u00e9 et d\u00e9couvrez pourquoi tant de personnes nous font confiance pour leurs besoins.<\/p>\n<p>Commandez d\u00e8s maintenant et commencez un voyage extraordinaire avec notre cristal MDMA de qualit\u00e9 sup\u00e9rieure. Votre satisfaction et votre s\u00e9curit\u00e9 sont nos priorit\u00e9s absolues et nous nous effor\u00e7ons de vous offrir le meilleur service et le meilleur produit possible.<\/p>","protected":false},"excerpt":{"rendered":"<p>\u2713 Envoi camouflage prot\u00e9g\u00e9 et emball\u00e9 sous vide<br \/>\n\u2713Paiement anonyme par bitcoin et virement bancaire<br \/>\n\u2713Pleine protection des donn\u00e9es gr\u00e2ce au cryptage<\/p>","protected":false},"featured_media":4697,"comment_status":"open","ping_status":"closed","template":"","meta":[],"product_brand":[],"product_cat":[32],"product_tag":[],"class_list":{"0":"post-4696","1":"product","2":"type-product","3":"status-publish","4":"has-post-thumbnail","6":"product_cat-mdma","7":"sales-flash-overlay","8":"woocommerce-text-align-center","9":"woocommerce-image-align-center","10":"do-quantity-buttons","12":"first","13":"instock","14":"shipping-taxable","15":"purchasable","16":"product-type-variable"},"_links":{"self":[{"href":"https:\/\/xtcdrogenhaus.com\/fr\/wp-json\/wp\/v2\/product\/4696","targetHints":{"allow":["GET"]}}],"collection":[{"href":"https:\/\/xtcdrogenhaus.com\/fr\/wp-json\/wp\/v2\/product"}],"about":[{"href":"https:\/\/xtcdrogenhaus.com\/fr\/wp-json\/wp\/v2\/types\/product"}],"replies":[{"embeddable":true,"href":"https:\/\/xtcdrogenhaus.com\/fr\/wp-json\/wp\/v2\/comments?post=4696"}],"wp:featuredmedia":[{"embeddable":true,"href":"https:\/\/xtcdrogenhaus.com\/fr\/wp-json\/wp\/v2\/media\/4697"}],"wp:attachment":[{"href":"https:\/\/xtcdrogenhaus.com\/fr\/wp-json\/wp\/v2\/media?parent=4696"}],"wp:term":[{"taxonomy":"product_brand","embeddable":true,"href":"https:\/\/xtcdrogenhaus.com\/fr\/wp-json\/wp\/v2\/product_brand?post=4696"},{"taxonomy":"product_cat","embeddable":true,"href":"https:\/\/xtcdrogenhaus.com\/fr\/wp-json\/wp\/v2\/product_cat?post=4696"},{"taxonomy":"product_tag","embeddable":true,"href":"https:\/\/xtcdrogenhaus.com\/fr\/wp-json\/wp\/v2\/product_tag?post=4696"}],"curies":[{"name":"wp","href":"https:\/\/api.w.org\/{rel}","templated":true}]}}