{"id":4676,"date":"2025-04-17T05:11:05","date_gmt":"2025-04-17T05:11:05","guid":{"rendered":"https:\/\/xtcdrogenhaus.com\/?post_type=product&#038;p=4676"},"modified":"2025-05-21T02:07:24","modified_gmt":"2025-05-21T02:07:24","slug":"acheter-2cb","status":"publish","type":"product","link":"https:\/\/xtcdrogenhaus.com\/fr\/produit-2\/acheter-2cb\/","title":{"rendered":"2CB Comprim\u00e9s"},"content":{"rendered":"<div id=\"ez-toc-container\" class=\"ez-toc-v2_0_82_2 counter-hierarchy ez-toc-counter ez-toc-grey ez-toc-container-direction\">\n<div class=\"ez-toc-title-container\">\n<p class=\"ez-toc-title\" style=\"cursor:inherit\">Aper\u00e7u du contenu<\/p>\n<span class=\"ez-toc-title-toggle\"><a href=\"#\" class=\"ez-toc-pull-right ez-toc-btn ez-toc-btn-xs ez-toc-btn-default ez-toc-toggle\" aria-label=\"Toggle Table of Content\"><span class=\"ez-toc-js-icon-con\"><span class=\"\"><span class=\"eztoc-hide\" style=\"display:none;\">Toggle<\/span><span class=\"ez-toc-icon-toggle-span\"><svg style=\"fill: #999;color:#999\" xmlns=\"http:\/\/www.w3.org\/2000\/svg\" class=\"list-377408\" width=\"20px\" height=\"20px\" viewbox=\"0 0 24 24\" fill=\"none\"><path d=\"M6 6H4v2h2V6zm14 0H8v2h12V6zM4 11h2v2H4v-2zm16 0H8v2h12v-2zM4 16h2v2H4v-2zm16 0H8v2h12v-2z\" fill=\"currentColor\"><\/path><\/svg><svg style=\"fill: #999;color:#999\" class=\"arrow-unsorted-368013\" xmlns=\"http:\/\/www.w3.org\/2000\/svg\" width=\"10px\" height=\"10px\" viewbox=\"0 0 24 24\" version=\"1.2\" baseprofile=\"tiny\"><path d=\"M18.2 9.3l-6.2-6.3-6.2 6.3c-.2.2-.3.4-.3.7s.1.5.3.7c.2.2.4.3.7.3h11c.3 0 .5-.1.7-.3.2-.2.3-.5.3-.7s-.1-.5-.3-.7zM5.8 14.7l6.2 6.3 6.2-6.3c.2-.2.3-.5.3-.7s-.1-.5-.3-.7c-.2-.2-.4-.3-.7-.3h-11c-.3 0-.5.1-.7.3-.2.2-.3.5-.3.7s.1.5.3.7z\"\/><\/svg><\/span><\/span><\/span><\/a><\/span><\/div>\n<nav><ul class='ez-toc-list ez-toc-list-level-1' ><li class='ez-toc-page-1 ez-toc-heading-level-1'><a class=\"ez-toc-link ez-toc-heading-1\" href=\"https:\/\/xtcdrogenhaus.com\/fr\/produit-2\/acheter-2cb\/#2CB_kaufen\" >Acheter 2CB<\/a><ul class='ez-toc-list-level-2' ><li class='ez-toc-heading-level-2'><a class=\"ez-toc-link ez-toc-heading-2\" href=\"https:\/\/xtcdrogenhaus.com\/fr\/produit-2\/acheter-2cb\/#Was_ist_2CB\" >Qu'est-ce que le 2CB ?<\/a><ul class='ez-toc-list-level-3' ><li class='ez-toc-heading-level-3'><a class=\"ez-toc-link ez-toc-heading-3\" href=\"https:\/\/xtcdrogenhaus.com\/fr\/produit-2\/acheter-2cb\/#Eigenschaften_von_2CB\" >Caract\u00e9ristiques du 2CB :<\/a><\/li><\/ul><\/li><li class='ez-toc-page-1 ez-toc-heading-level-2'><a class=\"ez-toc-link ez-toc-heading-4\" href=\"https:\/\/xtcdrogenhaus.com\/fr\/produit-2\/acheter-2cb\/#Vorteile_von_2CB-Tabletten\" >Avantages des comprim\u00e9s de 2CB<\/a><ul class='ez-toc-list-level-3' ><li class='ez-toc-heading-level-3'><a class=\"ez-toc-link ez-toc-heading-5\" href=\"https:\/\/xtcdrogenhaus.com\/fr\/produit-2\/acheter-2cb\/#Sensorische_Verstarkung\" >Renforcement sensoriel<\/a><\/li><li class='ez-toc-page-1 ez-toc-heading-level-3'><a class=\"ez-toc-link ez-toc-heading-6\" href=\"https:\/\/xtcdrogenhaus.com\/fr\/produit-2\/acheter-2cb\/#Emotionale_Einsicht\" >R\u00e9trospection \u00e9motionnelle<\/a><\/li><li class='ez-toc-page-1 ez-toc-heading-level-3'><a class=\"ez-toc-link ez-toc-heading-7\" href=\"https:\/\/xtcdrogenhaus.com\/fr\/produit-2\/acheter-2cb\/#Freizeitvergnugen\" >Loisirs<\/a><\/li><li class='ez-toc-page-1 ez-toc-heading-level-3'><a class=\"ez-toc-link ez-toc-heading-8\" href=\"https:\/\/xtcdrogenhaus.com\/fr\/produit-2\/acheter-2cb\/#Therapeutisches_Potenzial\" >Potentiel th\u00e9rapeutique<\/a><\/li><\/ul><\/li><li class='ez-toc-page-1 ez-toc-heading-level-2'><a class=\"ez-toc-link ez-toc-heading-9\" href=\"https:\/\/xtcdrogenhaus.com\/fr\/produit-2\/acheter-2cb\/#Anwendung_von_2CB-Tabletten\" >Utilisation des comprim\u00e9s de 2CB<\/a><ul class='ez-toc-list-level-3' ><li class='ez-toc-heading-level-3'><a class=\"ez-toc-link ez-toc-heading-10\" href=\"https:\/\/xtcdrogenhaus.com\/fr\/produit-2\/acheter-2cb\/#Dosierungsrichtlinien\" >Directives de dosage<\/a><\/li><li class='ez-toc-page-1 ez-toc-heading-level-3'><a class=\"ez-toc-link ez-toc-heading-11\" href=\"https:\/\/xtcdrogenhaus.com\/fr\/produit-2\/acheter-2cb\/#Verabreichung\" >Administration<\/a><\/li><li class='ez-toc-page-1 ez-toc-heading-level-3'><a class=\"ez-toc-link ez-toc-heading-12\" href=\"https:\/\/xtcdrogenhaus.com\/fr\/produit-2\/acheter-2cb\/#Umfeld_und_Vorbereitung\" >Environnement et pr\u00e9paration<\/a><\/li><li class='ez-toc-page-1 ez-toc-heading-level-3'><a class=\"ez-toc-link ez-toc-heading-13\" href=\"https:\/\/xtcdrogenhaus.com\/fr\/produit-2\/acheter-2cb\/#Dauer_und_Nachsorge\" >Dur\u00e9e et suivi<\/a><\/li><\/ul><\/li><li class='ez-toc-page-1 ez-toc-heading-level-2'><a class=\"ez-toc-link ez-toc-heading-14\" href=\"https:\/\/xtcdrogenhaus.com\/fr\/produit-2\/acheter-2cb\/#Sicherheit_und_Vorsichtsmasnahmen\" >S\u00e9curit\u00e9 et pr\u00e9cautions<\/a><ul class='ez-toc-list-level-3' ><li class='ez-toc-heading-level-3'><a class=\"ez-toc-link ez-toc-heading-15\" href=\"https:\/\/xtcdrogenhaus.com\/fr\/produit-2\/acheter-2cb\/#Gesundheitliche_Uberlegungen\" >Consid\u00e9rations relatives \u00e0 la sant\u00e9<\/a><\/li><li class='ez-toc-page-1 ez-toc-heading-level-3'><a class=\"ez-toc-link ez-toc-heading-16\" href=\"https:\/\/xtcdrogenhaus.com\/fr\/produit-2\/acheter-2cb\/#Wechselwirkungen_mit_anderen_Substanzen\" >Interactions avec d'autres substances<\/a><\/li><li class='ez-toc-page-1 ez-toc-heading-level-3'><a class=\"ez-toc-link ez-toc-heading-17\" href=\"https:\/\/xtcdrogenhaus.com\/fr\/produit-2\/acheter-2cb\/#Verantwortungsbewusster_Gebrauch\" >Utilisation responsable<\/a><\/li><\/ul><\/li><li class='ez-toc-page-1 ez-toc-heading-level-2'><a class=\"ez-toc-link ez-toc-heading-18\" href=\"https:\/\/xtcdrogenhaus.com\/fr\/produit-2\/acheter-2cb\/#Warum_unsere_2CB-Tabletten_wahlen\" >Pourquoi choisir nos comprim\u00e9s 2CB ?<\/a><ul class='ez-toc-list-level-3' ><li class='ez-toc-heading-level-3'><a class=\"ez-toc-link ez-toc-heading-19\" href=\"https:\/\/xtcdrogenhaus.com\/fr\/produit-2\/acheter-2cb\/#Qualitatskontrolle\" >Contr\u00f4le de qualit\u00e9<\/a><\/li><li class='ez-toc-page-1 ez-toc-heading-level-3'><a class=\"ez-toc-link ez-toc-heading-20\" href=\"https:\/\/xtcdrogenhaus.com\/fr\/produit-2\/acheter-2cb\/#Diskrete_Verpackung\" >Emballage discret<\/a><\/li><li class='ez-toc-page-1 ez-toc-heading-level-3'><a class=\"ez-toc-link ez-toc-heading-21\" href=\"https:\/\/xtcdrogenhaus.com\/fr\/produit-2\/acheter-2cb\/#Kundensupport\" >Support client<\/a><\/li><li class='ez-toc-page-1 ez-toc-heading-level-3'><a class=\"ez-toc-link ez-toc-heading-22\" href=\"https:\/\/xtcdrogenhaus.com\/fr\/produit-2\/acheter-2cb\/#Wettbewerbsfahige_Preise\" >Des prix comp\u00e9titifs<\/a><\/li><\/ul><\/li><li class='ez-toc-page-1 ez-toc-heading-level-2'><a class=\"ez-toc-link ez-toc-heading-23\" href=\"https:\/\/xtcdrogenhaus.com\/fr\/produit-2\/acheter-2cb\/#FAQs\" >FAQ<\/a><ul class='ez-toc-list-level-3' ><li class='ez-toc-heading-level-3'><a class=\"ez-toc-link ez-toc-heading-24\" href=\"https:\/\/xtcdrogenhaus.com\/fr\/produit-2\/acheter-2cb\/#Ist_2CB_legal\" >Le 2CB est-il l\u00e9gal ?<\/a><\/li><li class='ez-toc-page-1 ez-toc-heading-level-3'><a class=\"ez-toc-link ez-toc-heading-25\" href=\"https:\/\/xtcdrogenhaus.com\/fr\/produit-2\/acheter-2cb\/#Wie_lange_dauern_die_Effekte_von_2CB_an\" >Combien de temps durent les effets du 2CB ?<\/a><\/li><li class='ez-toc-page-1 ez-toc-heading-level-3'><a class=\"ez-toc-link ez-toc-heading-26\" href=\"https:\/\/xtcdrogenhaus.com\/fr\/produit-2\/acheter-2cb\/#Kann_2CB_Nebenwirkungen_verursachen\" >Le 2CB peut-il provoquer des effets secondaires ?<\/a><\/li><li class='ez-toc-page-1 ez-toc-heading-level-3'><a class=\"ez-toc-link ez-toc-heading-27\" href=\"https:\/\/xtcdrogenhaus.com\/fr\/produit-2\/acheter-2cb\/#Wie_sollte_ich_2CB-Tabletten_lagern\" >Comment dois-je stocker les comprim\u00e9s de 2CB ?<\/a><\/li><li class='ez-toc-page-1 ez-toc-heading-level-3'><a class=\"ez-toc-link ez-toc-heading-28\" href=\"https:\/\/xtcdrogenhaus.com\/fr\/produit-2\/acheter-2cb\/#Kann_ich_2CB_fur_therapeutische_Zwecke_verwenden\" >Puis-je utiliser le 2CB \u00e0 des fins th\u00e9rapeutiques ?<\/a><\/li><\/ul><\/li><li class='ez-toc-page-1 ez-toc-heading-level-2'><a class=\"ez-toc-link ez-toc-heading-29\" href=\"https:\/\/xtcdrogenhaus.com\/fr\/produit-2\/acheter-2cb\/#Fazit\" >Conclusion<\/a><\/li><\/ul><\/li><\/ul><\/nav><\/div>\n<h1><span class=\"ez-toc-section\" id=\"2CB_kaufen\"><\/span>Acheter 2CB<span class=\"ez-toc-section-end\"><\/span><\/h1>\n<p>Peut-\u00eatre \u00eates-vous \u00e0 la recherche d'une exp\u00e9rience sensuelle \u00e0 nulle autre pareille ? Vous voulez vivre de nouveaux sommets qui feront battre votre esprit et votre c\u0153ur plus vite ? Ne cherchez pas plus loin ! Achetez des tablettes 2CB - Le prochain niveau d'exp\u00e9rience sensorielle et \u00e9motionnelle Cette description d\u00e9taill\u00e9e du produit vous donne un aper\u00e7u du 2CB, de ses avantages, de son utilit\u00e9 et des raisons pour lesquelles il se distingue des autres flottes disponibles. Nous allons essayer de combler toutes les lacunes afin que vous n'ayez pas \u00e0 parcourir les caract\u00e9ristiques de cet appareil et \u00e0 en tirer des conclusions aussi insignifiantes que possible.<\/p>\n<h2><span class=\"ez-toc-section\" id=\"Was_ist_2CB\"><\/span><span id=\"Was_ist_2CB\" class=\"ez-toc-section\"><\/span>Qu'est-ce que le 2CB ?<span class=\"ez-toc-section-end\"><\/span><\/h2>\n<p>La substance psych\u00e9d\u00e9lique synth\u00e9tique 2CB (4-bromo-2,5-dim\u00e9thoxyph\u00e9n\u00e9thylamine) est une nouvelle substance psychoactive dont il a \u00e9t\u00e9 d\u00e9montr\u00e9 qu'elle avait des effets uniques sur la perception, l'humeur et la cognition. Le 2CB a \u00e9t\u00e9 fabriqu\u00e9 dans les ann\u00e9es 1970 par le c\u00e9l\u00e8bre chimiste Alexander Shulgin et est connu depuis pour sa capacit\u00e9 \u00e0 induire de profondes hallucinations visuelles et auditives, une perception sensorielle accrue et une introspection \u00e9motionnelle.<\/p>\n<h3><span class=\"ez-toc-section\" id=\"Eigenschaften_von_2CB\"><\/span><span id=\"Eigenschaften_von_2CB\" class=\"ez-toc-section\"><\/span>Caract\u00e9ristiques du 2CB :<span class=\"ez-toc-section-end\"><\/span><\/h3>\n<ul>\n<li><strong>Effets psych\u00e9d\u00e9liques<\/strong>: Exp\u00e9riences visuelles et auditives vivantes.<\/li>\n<li><strong>Perception sensorielle renforc\u00e9e<\/strong>: Couleurs, sons et textures intensifi\u00e9s.<\/li>\n<li><strong>Introspection \u00e9motionnelle<\/strong>: profonde compr\u00e9hension \u00e9motionnelle et psychologique.<\/li>\n<li><strong>Dur\u00e9e plus courte<\/strong>: Les effets durent de 4 \u00e0 6 heures et conviennent donc \u00e0 diff\u00e9rentes occasions.<\/li>\n<li><strong>Dosage contr\u00f4l\u00e9<\/strong>: les comprim\u00e9s permettent un dosage pr\u00e9cis et pratique.<\/li>\n<\/ul>\n<h2><span class=\"ez-toc-section\" id=\"Vorteile_von_2CB-Tabletten\"><\/span><span id=\"Vorteile_von_2CB-Tabletten\" class=\"ez-toc-section\"><\/span>Avantages des comprim\u00e9s de 2CB<span class=\"ez-toc-section-end\"><\/span><\/h2>\n<h3><span class=\"ez-toc-section\" id=\"Sensorische_Verstarkung\"><\/span><span id=\"Sensorische_Verstaerkung\" class=\"ez-toc-section\"><\/span>Renforcement sensoriel<span class=\"ez-toc-section-end\"><\/span><\/h3>\n<p>Les comprim\u00e9s de 2CB sont connus pour leur capacit\u00e9 \u00e0 amplifier la perception sensorielle. Les utilisateurs rapportent des couleurs plus vives, des motifs compliqu\u00e9s et des sons amplifi\u00e9s. Cela fait du 2CB un excellent choix pour ceux qui souhaitent approfondir leur appr\u00e9ciation de l'art, de la musique et de la nature.<\/p>\n<h3><span class=\"ez-toc-section\" id=\"Emotionale_Einsicht\"><\/span><span id=\"Emotionale_Einsicht\" class=\"ez-toc-section\"><\/span>R\u00e9trospection \u00e9motionnelle<span class=\"ez-toc-section-end\"><\/span><\/h3>\n<p>De nombreux utilisateurs trouvent que le 2CB facilite les introspections \u00e9motionnelles profondes et les compr\u00e9hensions personnelles. Il peut aider \u00e0 g\u00e9rer les \u00e9motions, \u00e0 comprendre les relations et \u00e0 acqu\u00e9rir de nouvelles perspectives sur les probl\u00e8mes personnels. Cela en fait un outil pr\u00e9cieux pour la d\u00e9couverte de soi et la croissance psychologique.<\/p>\n<h3><span class=\"ez-toc-section\" id=\"Freizeitvergnugen\"><\/span><span id=\"Freizeitvergnuegen\" class=\"ez-toc-section\"><\/span>Loisirs<span class=\"ez-toc-section-end\"><\/span><\/h3>\n<p>Pour ceux qui recherchent une exp\u00e9rience r\u00e9cr\u00e9ative, le 2CB offre un high euphorique et agr\u00e9able. Il est souvent d\u00e9crit comme un m\u00e9lange de\u00a0<a href=\"https:\/\/web.archive.org\/web\/20241106084615\/https:\/\/xtcdrogenhaus.com\/Produkt\/mdma-online-kaufen\/\">MDMA<\/a>\u00a0et\u00a0<a href=\"https:\/\/web.archive.org\/web\/20241106084615\/https:\/\/xtcdrogenhaus.com\/Produkt\/lsd-online-kaufen\/\">LSD<\/a>\u00a0et offre des effets \u00e0 la fois empathiques et hallucinog\u00e8nes. Cela en fait un choix populaire pour les rassemblements sociaux, les festivals et les exp\u00e9riences intimes.<\/p>\n<h3><span class=\"ez-toc-section\" id=\"Therapeutisches_Potenzial\"><\/span><span id=\"Therapeutisches_Potenzial\" class=\"ez-toc-section\"><\/span>Potentiel th\u00e9rapeutique<span class=\"ez-toc-section-end\"><\/span><\/h3>\n<p>De nouvelles recherches sugg\u00e8rent que le 2CB pourrait avoir un potentiel th\u00e9rapeutique pour traiter des \u00e9tats tels que le PTSD, la d\u00e9pression et l'anxi\u00e9t\u00e9. Sa capacit\u00e9 \u00e0 induire une lib\u00e9ration \u00e9motionnelle et une flexibilit\u00e9 cognitive peut \u00eatre b\u00e9n\u00e9fique dans des cadres th\u00e9rapeutiques.<\/p>\n<h2><span class=\"ez-toc-section\" id=\"Anwendung_von_2CB-Tabletten\"><\/span><span id=\"Anwendung_von_2CB-Tabletten\" class=\"ez-toc-section\"><\/span>Utilisation des comprim\u00e9s de 2CB<span class=\"ez-toc-section-end\"><\/span><\/h2>\n<h3><span class=\"ez-toc-section\" id=\"Dosierungsrichtlinien\"><\/span><span id=\"Dosierungsrichtlinien\" class=\"ez-toc-section\"><\/span>Directives de dosage<span class=\"ez-toc-section-end\"><\/span><\/h3>\n<ul>\n<li><strong>D\u00e9butant<\/strong>: 10-15 mg - Effets l\u00e9gers, convient aux premiers utilisateurs.<\/li>\n<li><strong>Avanc\u00e9<\/strong>: 15-25 mg - Effets mod\u00e9r\u00e9s, bons pour les utilisateurs r\u00e9guliers.<\/li>\n<li><strong>Exp\u00e9riment\u00e9<\/strong>: 25-40 mg - Effets puissants, convient aux utilisateurs exp\u00e9riment\u00e9s.<\/li>\n<\/ul>\n<h3><span class=\"ez-toc-section\" id=\"Verabreichung\"><\/span><span id=\"Verabreichung\" class=\"ez-toc-section\"><\/span>Administration<span class=\"ez-toc-section-end\"><\/span><\/h3>\n<ul>\n<li><strong>Prise orale<\/strong>: Avalez le comprim\u00e9 avec de l'eau.<\/li>\n<li><strong>Prise sublinguale<\/strong>: Placez le comprim\u00e9 sous la langue pour un effet plus rapide.<\/li>\n<\/ul>\n<h3><span class=\"ez-toc-section\" id=\"Umfeld_und_Vorbereitung\"><\/span><span id=\"Umfeld_und_Vorbereitung\" class=\"ez-toc-section\"><\/span>Environnement et pr\u00e9paration<span class=\"ez-toc-section-end\"><\/span><\/h3>\n<ul>\n<li><strong>Environs<\/strong>Choisir un environnement s\u00fbr, confortable et familier.<\/li>\n<li><strong>Accompagnement<\/strong>Avoir un ami ou un compagnon de confiance avec soi, surtout si c'est la premi\u00e8re fois que l'on prend du 2CB.<\/li>\n<li><strong>\u00c9tat d'esprit<\/strong>Abordez l'exp\u00e9rience avec une attitude ouverte et positive.<\/li>\n<\/ul>\n<h3><span class=\"ez-toc-section\" id=\"Dauer_und_Nachsorge\"><\/span><span id=\"Dauer_und_Nachsorge\" class=\"ez-toc-section\"><\/span>Dur\u00e9e et suivi<span class=\"ez-toc-section-end\"><\/span><\/h3>\n<ul>\n<li><strong>D\u00e9but de l'effet<\/strong>30 \u00e0 90 minutes apr\u00e8s l'ingestion.<\/li>\n<li><strong>Point culminant<\/strong>2-3 heures apr\u00e8s le d\u00e9but de l'effet.<\/li>\n<li><strong>Dur\u00e9e totale<\/strong>4 \u00e0 6 heures.<\/li>\n<li><strong>Soins postop\u00e9ratoires<\/strong>Boire suffisamment d'eau, se reposer et int\u00e9grer l'exp\u00e9rience dans les jours suivants.<\/li>\n<\/ul>\n<h2><span class=\"ez-toc-section\" id=\"Sicherheit_und_Vorsichtsmasnahmen\"><\/span><span id=\"Sicherheit_und_Vorsichtsmassnahmen\" class=\"ez-toc-section\"><\/span>S\u00e9curit\u00e9 et pr\u00e9cautions<span class=\"ez-toc-section-end\"><\/span><\/h2>\n<h3><span class=\"ez-toc-section\" id=\"Gesundheitliche_Uberlegungen\"><\/span><span id=\"Gesundheitliche_Ueberlegungen\" class=\"ez-toc-section\"><\/span>Consid\u00e9rations relatives \u00e0 la sant\u00e9<span class=\"ez-toc-section-end\"><\/span><\/h3>\n<ul>\n<li>Consultez un m\u00e9decin si vous avez des ant\u00e9c\u00e9dents m\u00e9dicaux.<\/li>\n<li>\u00c9vitez de prendre du 2CB si vous \u00eates enceinte, si vous allaitez ou si vous avez des ant\u00e9c\u00e9dents de probl\u00e8mes psychologiques.<\/li>\n<\/ul>\n<h3><span class=\"ez-toc-section\" id=\"Wechselwirkungen_mit_anderen_Substanzen\"><\/span><span id=\"Wechselwirkungen_mit_anderen_Substanzen\" class=\"ez-toc-section\"><\/span>Interactions avec d'autres substances<span class=\"ez-toc-section-end\"><\/span><\/h3>\n<ul>\n<li>\u00c9vitez de m\u00e9langer le 2CB avec de l'alcool ou d'autres drogues.<\/li>\n<li>Faites attention aux interactions possibles avec des m\u00e9dicaments sur ordonnance.<\/li>\n<\/ul>\n<h3><span class=\"ez-toc-section\" id=\"Verantwortungsbewusster_Gebrauch\"><\/span><span id=\"Verantwortungsbewusster_Gebrauch\" class=\"ez-toc-section\"><\/span>Utilisation responsable<span class=\"ez-toc-section-end\"><\/span><\/h3>\n<ul>\n<li>Commencez par une faible dose pour tester votre sensibilit\u00e9.<\/li>\n<li>Ne conduisez pas et n'utilisez pas de machines lourdes pendant que vous \u00eates sous l'influence de ce m\u00e9dicament.<\/li>\n<li>Tenir hors de port\u00e9e des enfants et des animaux domestiques.<\/li>\n<\/ul>\n<h2><span class=\"ez-toc-section\" id=\"Warum_unsere_2CB-Tabletten_wahlen\"><\/span><span id=\"Warum_unsere_2CB-Tabletten_waehlen\" class=\"ez-toc-section\"><\/span>Pourquoi choisir nos comprim\u00e9s 2CB ?<span class=\"ez-toc-section-end\"><\/span><\/h2>\n<h3><span class=\"ez-toc-section\" id=\"Qualitatskontrolle\"><\/span><span id=\"Qualitaetskontrolle\" class=\"ez-toc-section\"><\/span>Contr\u00f4le de qualit\u00e9<span class=\"ez-toc-section-end\"><\/span><\/h3>\n<p>Nos comprim\u00e9s de 2CB sont fabriqu\u00e9s selon des normes de contr\u00f4le qualit\u00e9 strictes afin de garantir leur puret\u00e9, leur puissance et leur consistance. Nous nous procurons nos ingr\u00e9dients aupr\u00e8s de fournisseurs r\u00e9put\u00e9s et testons chaque lot pour v\u00e9rifier qu'il ne contient pas d'impuret\u00e9s.<\/p>\n<h3><span class=\"ez-toc-section\" id=\"Diskrete_Verpackung\"><\/span><span id=\"Diskrete_Verpackung\" class=\"ez-toc-section\"><\/span>Emballage discret<span class=\"ez-toc-section-end\"><\/span><\/h3>\n<p>Nous comprenons l'importance de la confidentialit\u00e9. Nos comprim\u00e9s de 2CB sont emball\u00e9s discr\u00e8tement afin de garantir que votre achat reste confidentiel.<\/p>\n<h3><span class=\"ez-toc-section\" id=\"Kundensupport\"><\/span><span id=\"Kundensupport\" class=\"ez-toc-section\"><\/span>Support client<span class=\"ez-toc-section-end\"><\/span><\/h3>\n<p>Notre \u00e9quipe d'assistance client\u00e8le d\u00e9di\u00e9e est \u00e0 votre disposition pour r\u00e9pondre \u00e0 toutes vos questions. Nous nous effor\u00e7ons de vous offrir la meilleure exp\u00e9rience possible, de l'achat au suivi.<\/p>\n<h3><span class=\"ez-toc-section\" id=\"Wettbewerbsfahige_Preise\"><\/span><span id=\"Wettbewerbsfaehige_Preise\" class=\"ez-toc-section\"><\/span>Des prix comp\u00e9titifs<span class=\"ez-toc-section-end\"><\/span><\/h3>\n<p>Nous proposons nos comprim\u00e9s de 2CB \u00e0 des prix comp\u00e9titifs, sans en compromettre la qualit\u00e9. Notre politique de prix vise \u00e0 rendre ce produit exceptionnel accessible \u00e0 tous.<\/p>\n<h2><span class=\"ez-toc-section\" id=\"FAQs\"><\/span><span id=\"FAQs\" class=\"ez-toc-section\"><\/span>FAQ<span class=\"ez-toc-section-end\"><\/span><\/h2>\n<h3><span class=\"ez-toc-section\" id=\"Ist_2CB_legal\"><\/span><span id=\"Ist_2CB_legal\" class=\"ez-toc-section\"><\/span>Le 2CB est-il l\u00e9gal ?<span class=\"ez-toc-section-end\"><\/span><\/h3>\n<p>La l\u00e9galit\u00e9 du 2CB varie selon les pays. Veuillez v\u00e9rifier votre r\u00e9glementation locale avant d'acheter.<\/p>\n<h3><span class=\"ez-toc-section\" id=\"Wie_lange_dauern_die_Effekte_von_2CB_an\"><\/span><span id=\"Wie_lange_dauern_die_Effekte_von_2CB_an\" class=\"ez-toc-section\"><\/span>Combien de temps durent les effets du 2CB ?<span class=\"ez-toc-section-end\"><\/span><\/h3>\n<p>Les effets durent g\u00e9n\u00e9ralement entre 4 et 6 heures, en fonction du dosage et du m\u00e9tabolisme individuel.<\/p>\n<h3><span class=\"ez-toc-section\" id=\"Kann_2CB_Nebenwirkungen_verursachen\"><\/span><span id=\"Kann_2CB_Nebenwirkungen_verursachen\" class=\"ez-toc-section\"><\/span>Le 2CB peut-il provoquer des effets secondaires ?<span class=\"ez-toc-section-end\"><\/span><\/h3>\n<p>Les effets secondaires possibles sont les naus\u00e9es, les vertiges et l'anxi\u00e9t\u00e9. Ceux-ci sont g\u00e9n\u00e9ralement l\u00e9gers et passagers.<\/p>\n<h3><span class=\"ez-toc-section\" id=\"Wie_sollte_ich_2CB-Tabletten_lagern\"><\/span><span id=\"Wie_sollte_ich_2CB-Tabletten_lagern\" class=\"ez-toc-section\"><\/span>Comment dois-je stocker les comprim\u00e9s de 2CB ?<span class=\"ez-toc-section-end\"><\/span><\/h3>\n<p>Conservez-les dans un endroit frais et sec, loin de la lumi\u00e8re directe du soleil et de l'humidit\u00e9.<\/p>\n<h3><span class=\"ez-toc-section\" id=\"Kann_ich_2CB_fur_therapeutische_Zwecke_verwenden\"><\/span><span id=\"Kann_ich_2CB_fuer_therapeutische_Zwecke_verwenden\" class=\"ez-toc-section\"><\/span>Puis-je utiliser le 2CB \u00e0 des fins th\u00e9rapeutiques ?<span class=\"ez-toc-section-end\"><\/span><\/h3>\n<p>Alors que la recherche se poursuit, certains utilisateurs font \u00e9tat de b\u00e9n\u00e9fices th\u00e9rapeutiques. Consultez un m\u00e9decin pour des conseils personnalis\u00e9s.<\/p>\n<h2><span class=\"ez-toc-section\" id=\"Fazit\"><\/span><span id=\"Fazit\" class=\"ez-toc-section\"><\/span>Conclusion<span class=\"ez-toc-section-end\"><\/span><\/h2>\n<p>Les comprim\u00e9s 2CB offrent un moyen unique et puissant d'am\u00e9liorer vos exp\u00e9riences sensorielles et \u00e9motionnelles. Que vous soyez \u00e0 la recherche de perspicacit\u00e9 personnelle, de plaisirs r\u00e9cr\u00e9atifs ou de b\u00e9n\u00e9fices th\u00e9rapeutiques potentiels, nos comprim\u00e9s 2CB de haute qualit\u00e9 sont le choix parfait. Achetez les comprim\u00e9s 2CB d\u00e8s aujourd'hui et commencez votre voyage de d\u00e9couverte et de transformation. Notre engagement en faveur de la qualit\u00e9, de la s\u00e9curit\u00e9 et de la satisfaction des clients vous garantit la meilleure exp\u00e9rience possible.<\/p>","protected":false},"excerpt":{"rendered":"<p>\u2713 Envoi prot\u00e9g\u00e9, emball\u00e9 sous vide et camoufl\u00e9.<br \/>\n\u2713 Paiement anonyme par bitcoin et virement bancaire<br \/>\n\u2713 Protection absolue des donn\u00e9es gr\u00e2ce au cryptage<\/p>","protected":false},"featured_media":4677,"comment_status":"open","ping_status":"closed","template":"","meta":[],"product_brand":[],"product_cat":[32],"product_tag":[],"class_list":{"0":"post-4676","1":"product","2":"type-product","3":"status-publish","4":"has-post-thumbnail","6":"product_cat-mdma","7":"sales-flash-overlay","8":"woocommerce-text-align-center","9":"woocommerce-image-align-center","10":"do-quantity-buttons","12":"first","13":"instock","14":"shipping-taxable","15":"purchasable","16":"product-type-variable"},"_links":{"self":[{"href":"https:\/\/xtcdrogenhaus.com\/fr\/wp-json\/wp\/v2\/product\/4676","targetHints":{"allow":["GET"]}}],"collection":[{"href":"https:\/\/xtcdrogenhaus.com\/fr\/wp-json\/wp\/v2\/product"}],"about":[{"href":"https:\/\/xtcdrogenhaus.com\/fr\/wp-json\/wp\/v2\/types\/product"}],"replies":[{"embeddable":true,"href":"https:\/\/xtcdrogenhaus.com\/fr\/wp-json\/wp\/v2\/comments?post=4676"}],"wp:featuredmedia":[{"embeddable":true,"href":"https:\/\/xtcdrogenhaus.com\/fr\/wp-json\/wp\/v2\/media\/4677"}],"wp:attachment":[{"href":"https:\/\/xtcdrogenhaus.com\/fr\/wp-json\/wp\/v2\/media?parent=4676"}],"wp:term":[{"taxonomy":"product_brand","embeddable":true,"href":"https:\/\/xtcdrogenhaus.com\/fr\/wp-json\/wp\/v2\/product_brand?post=4676"},{"taxonomy":"product_cat","embeddable":true,"href":"https:\/\/xtcdrogenhaus.com\/fr\/wp-json\/wp\/v2\/product_cat?post=4676"},{"taxonomy":"product_tag","embeddable":true,"href":"https:\/\/xtcdrogenhaus.com\/fr\/wp-json\/wp\/v2\/product_tag?post=4676"}],"curies":[{"name":"wp","href":"https:\/\/api.w.org\/{rel}","templated":true}]}}