{"id":4646,"date":"2025-04-17T03:59:58","date_gmt":"2025-04-17T03:59:58","guid":{"rendered":"https:\/\/xtcdrogenhaus.com\/?post_type=product&#038;p=4646"},"modified":"2025-04-17T03:59:59","modified_gmt":"2025-04-17T03:59:59","slug":"achat-ketamine-sur-le-net","status":"publish","type":"product","link":"https:\/\/xtcdrogenhaus.com\/fr\/produit-2\/achat-ketamine-sur-le-net\/","title":{"rendered":"K\u00e9tamine"},"content":{"rendered":"<div id=\"ez-toc-container\" class=\"ez-toc-v2_0_82_2 counter-hierarchy ez-toc-counter ez-toc-grey ez-toc-container-direction\">\n<div class=\"ez-toc-title-container\">\n<p class=\"ez-toc-title\" style=\"cursor:inherit\">Aper\u00e7u du contenu<\/p>\n<span class=\"ez-toc-title-toggle\"><a href=\"#\" class=\"ez-toc-pull-right ez-toc-btn ez-toc-btn-xs ez-toc-btn-default ez-toc-toggle\" aria-label=\"Toggle Table of Content\"><span class=\"ez-toc-js-icon-con\"><span class=\"\"><span class=\"eztoc-hide\" style=\"display:none;\">Toggle<\/span><span class=\"ez-toc-icon-toggle-span\"><svg style=\"fill: #999;color:#999\" xmlns=\"http:\/\/www.w3.org\/2000\/svg\" class=\"list-377408\" width=\"20px\" height=\"20px\" viewbox=\"0 0 24 24\" fill=\"none\"><path d=\"M6 6H4v2h2V6zm14 0H8v2h12V6zM4 11h2v2H4v-2zm16 0H8v2h12v-2zM4 16h2v2H4v-2zm16 0H8v2h12v-2z\" fill=\"currentColor\"><\/path><\/svg><svg style=\"fill: #999;color:#999\" class=\"arrow-unsorted-368013\" xmlns=\"http:\/\/www.w3.org\/2000\/svg\" width=\"10px\" height=\"10px\" viewbox=\"0 0 24 24\" version=\"1.2\" baseprofile=\"tiny\"><path d=\"M18.2 9.3l-6.2-6.3-6.2 6.3c-.2.2-.3.4-.3.7s.1.5.3.7c.2.2.4.3.7.3h11c.3 0 .5-.1.7-.3.2-.2.3-.5.3-.7s-.1-.5-.3-.7zM5.8 14.7l6.2 6.3 6.2-6.3c.2-.2.3-.5.3-.7s-.1-.5-.3-.7c-.2-.2-.4-.3-.7-.3h-11c-.3 0-.5.1-.7.3-.2.2-.3.5-.3.7s.1.5.3.7z\"\/><\/svg><\/span><\/span><\/span><\/a><\/span><\/div>\n<nav><ul class='ez-toc-list ez-toc-list-level-1' ><li class='ez-toc-page-1 ez-toc-heading-level-2'><a class=\"ez-toc-link ez-toc-heading-1\" href=\"https:\/\/xtcdrogenhaus.com\/fr\/produit-2\/achat-ketamine-sur-le-net\/#Ketamin_bestellen_ohne_rezept\" >Acheter de la k\u00e9tamine sans ordonnance<\/a><\/li><li class='ez-toc-page-1 ez-toc-heading-level-2'><a class=\"ez-toc-link ez-toc-heading-2\" href=\"https:\/\/xtcdrogenhaus.com\/fr\/produit-2\/achat-ketamine-sur-le-net\/#Hauptanwendungen\" >Principales applications<\/a><\/li><li class='ez-toc-page-1 ez-toc-heading-level-2'><a class=\"ez-toc-link ez-toc-heading-3\" href=\"https:\/\/xtcdrogenhaus.com\/fr\/produit-2\/achat-ketamine-sur-le-net\/#Vorteile\" >Avantages<\/a><\/li><li class='ez-toc-page-1 ez-toc-heading-level-2'><a class=\"ez-toc-link ez-toc-heading-4\" href=\"https:\/\/xtcdrogenhaus.com\/fr\/produit-2\/achat-ketamine-sur-le-net\/#Haufig_gestellte_Fragen\" >Foire aux questions<\/a><\/li><\/ul><\/nav><\/div>\n<h2><span class=\"ez-toc-section\" id=\"Ketamin_bestellen_ohne_rezept\"><\/span>Acheter de la k\u00e9tamine sans ordonnance<span class=\"ez-toc-section-end\"><\/span><\/h2>\n<p>K\u00e9tamine prix en ligne - La k\u00e9tamine est un anesth\u00e9sique et analg\u00e9sique polyvalent utilis\u00e9 en m\u00e9decine humaine et v\u00e9t\u00e9rinaire. Elle permet de soulager rapidement la douleur et d'induire l'anesth\u00e9sie, tout en pr\u00e9servant largement les r\u00e9flexes respiratoires et la stabilit\u00e9 cardiovasculaire, et pr\u00e9sente \u00e0 faible dose un effet antid\u00e9presseur impressionnant et rapide en cas de d\u00e9pression r\u00e9sistante aux traitements. Gr\u00e2ce \u00e0 ses effets d'\u00e9conomie d'opio\u00efdes, la k\u00e9tamine r\u00e9duit le besoin d'analg\u00e9siques traditionnels et peut \u00eatre adapt\u00e9e dans les formes d'administration les plus diverses afin de soutenir efficacement les patients dans des situations aigu\u00ebs et chroniques.<\/p>\n<h2 class=\"\" data-start=\"670\" data-end=\"693\"><span class=\"ez-toc-section\" id=\"Hauptanwendungen\"><\/span>Principales applications<span class=\"ez-toc-section-end\"><\/span><\/h2>\n<ul data-start=\"694\" data-end=\"1480\">\n<li class=\"\" data-start=\"694\" data-end=\"845\">\n<p class=\"\" data-start=\"696\" data-end=\"845\"><strong data-start=\"696\" data-end=\"729\">Anesth\u00e9sie en m\u00e9decine humaine :<\/strong> Induction et maintien de l'anesth\u00e9sie lors d'interventions chirurgicales.<\/p>\n<\/li>\n<li class=\"\" data-start=\"846\" data-end=\"1061\">\n<p class=\"\" data-start=\"848\" data-end=\"1061\"><strong data-start=\"848\" data-end=\"885\">Traitement d'urgence et de la douleur aigu\u00eb :<\/strong> Des injections en bolus \u00e0 faible dose (0,1-0,3 mg\/kg) r\u00e9duisent l'intensit\u00e9 de la douleur et les besoins en opio\u00efdes, sans affecter les voies respiratoires.<\/p>\n<\/li>\n<li class=\"\" data-start=\"846\" data-end=\"1061\">\n<p class=\"\" data-start=\"848\" data-end=\"1061\"><strong data-start=\"1064\" data-end=\"1092\">Th\u00e9rapie psychiatrique :<\/strong> Les doses subanesth\u00e9siques produisent en quelques heures des effets antid\u00e9presseurs qui peuvent durer jusqu'\u00e0 une semaine.<\/p>\n<\/li>\n<li class=\"\" data-start=\"1247\" data-end=\"1344\">\n<p class=\"\" data-start=\"1249\" data-end=\"1344\"><strong data-start=\"1249\" data-end=\"1270\">M\u00e9decine v\u00e9t\u00e9rinaire :<\/strong> S\u00e9dation, anesth\u00e9sie et gestion de la douleur chez de nombreuses esp\u00e8ces animales .<\/p>\n<\/li>\n<li class=\"\" data-start=\"1345\" data-end=\"1480\">\n<p class=\"\" data-start=\"1347\" data-end=\"1480\"><strong data-start=\"1347\" data-end=\"1373\">Applications hors \u00e9tiquette :<\/strong> Utilisation dans les th\u00e9rapies du PTSD et des troubles anxieux en cours d'essai clinique <span class=\"ms-1 inline-flex max-w-full items-center relative top-[-0.094rem] animate-[show_150ms_ease-in]\"><a class=\"flex h-6 overflow-hidden rounded-xl px-2.5 text-[0.5625em] font-medium text-token-text-secondary! bg-[#F4F4F4]! dark:bg-[#303030]! transition-colors duration-150 ease-in-out\" href=\"https:\/\/www.painnewsnetwork.org\/stories\/2024\/1\/26\/patients-should-know-the-health-benefits-of-ketamine-not-just-its-risks?utm_source=chatgpt.com\" target=\"_blank\" rel=\"noopener\"><span class=\"relative start-0 bottom-0 flex h-full w-full items-center\"><span class=\"flex h-4 w-full items-center justify-between overflow-hidden\"><span class=\"max-w-full grow truncate overflow-hidden text-center\">R\u00e9seau d'information sur la douleur<\/span><\/span><\/span><\/a><\/span>.<\/p>\n<\/li>\n<\/ul>\n<h2 class=\"\" data-start=\"1482\" data-end=\"1498\"><span class=\"ez-toc-section\" id=\"Vorteile\"><\/span>Avantages<span class=\"ez-toc-section-end\"><\/span><\/h2>\n<ul data-start=\"1499\" data-end=\"2198\">\n<li class=\"\" data-start=\"1499\" data-end=\"1623\">\n<p class=\"\" data-start=\"1501\" data-end=\"1623\"><strong data-start=\"1501\" data-end=\"1532\">D\u00e9but d'action rapide :<\/strong> D\u00e9j\u00e0 perceptible quelques minutes apr\u00e8s l'administration.<\/p>\n<\/li>\n<li class=\"\" data-start=\"1624\" data-end=\"1754\">\n<p class=\"\" data-start=\"1626\" data-end=\"1754\"><strong data-start=\"1626\" data-end=\"1650\">Pr\u00e9servation des voies respiratoires :<\/strong> Pr\u00e9servation des r\u00e9flexes de protection et effets bronchodilatateurs.<\/p>\n<\/li>\n<li class=\"\" data-start=\"1755\" data-end=\"1897\">\n<p class=\"\" data-start=\"1757\" data-end=\"1897\"><strong data-start=\"1757\" data-end=\"1776\">\u00c9conome en opio\u00efdes :<\/strong> R\u00e9duit le besoin d'opio\u00efdes et minimise les effets secondaires associ\u00e9s.<\/p>\n<\/li>\n<li class=\"\" data-start=\"1898\" data-end=\"2037\">\n<p class=\"\" data-start=\"1900\" data-end=\"2037\"><strong data-start=\"1900\" data-end=\"1928\">Effets neuroplastiques :<\/strong> Favoriser les processus d'adaptation neuronale pour stabiliser l'humeur.<\/p>\n<\/li>\n<li class=\"\" data-start=\"2038\" data-end=\"2198\">\n<p class=\"\" data-start=\"2040\" data-end=\"2198\"><strong data-start=\"2040\" data-end=\"2075\">Des formes d'application vari\u00e9es :<\/strong> IV, IM, intranasal, oral, sublingual, rectal - Adaptation aux exigences cliniques.<\/p>\n<\/li>\n<\/ul>\n<h2 class=\"\" data-start=\"2200\" data-end=\"2229\"><span class=\"ez-toc-section\" id=\"Haufig_gestellte_Fragen\"><\/span>Foire aux questions<span class=\"ez-toc-section-end\"><\/span><\/h2>\n<ol data-start=\"2231\" data-end=\"3858\">\n<li class=\"\" data-start=\"2231\" data-end=\"2475\">\n<p class=\"\" data-start=\"2234\" data-end=\"2475\"><strong data-start=\"2234\" data-end=\"2267\">Comment la k\u00e9tamine est-elle administr\u00e9e ?<\/strong><br data-start=\"2267\" data-end=\"2270\" \/>La k\u00e9tamine peut \u00eatre administr\u00e9e par voie intraveineuse (IV), intramusculaire (IM), intranasale (par ex. spray d'esk\u00e9tamine), orale (capsules\/comprim\u00e9s), sublinguale, rectale et sous-cutan\u00e9e.<\/p>\n<\/li>\n<li class=\"\" data-start=\"2477\" data-end=\"2740\">\n<p class=\"\" data-start=\"2480\" data-end=\"2740\"><strong data-start=\"2480\" data-end=\"2512\">Quel est le dosage habituel ?<\/strong><br data-start=\"2512\" data-end=\"2515\" \/>Dans le traitement de la douleur, on utilise 0,1-0,3 mg\/kg en bolus, dans le traitement de la d\u00e9pression, 0,25-0,5 mg\/kg IV suffisent. Les doses orales sont de 0,25-7 mg\/kg (selon l'indication).<\/p>\n<\/li>\n<li class=\"\" data-start=\"2742\" data-end=\"3028\">\n<p class=\"\" data-start=\"2745\" data-end=\"3028\"><strong data-start=\"2745\" data-end=\"2778\">A qui la k\u00e9tamine est-elle destin\u00e9e ?<\/strong><br data-start=\"2778\" data-end=\"2781\" \/>Convient aux patients souffrant d'\u00e9tats douloureux aigus, de blessures traumatiques, de d\u00e9pression r\u00e9fractaire ainsi qu'\u00e0 ceux pr\u00e9sentant des facteurs de risque respiratoires pour lesquels d'autres anesth\u00e9siques sont moins appropri\u00e9s.<\/p>\n<\/li>\n<li class=\"\" data-start=\"3030\" data-end=\"3261\">\n<p class=\"\" data-start=\"3033\" data-end=\"3261\"><strong data-start=\"3033\" data-end=\"3067\">Quelle est la dur\u00e9e de l'effet ?<\/strong><br data-start=\"3067\" data-end=\"3070\" \/>IV : 10-20 minutes, IM : 15-30 minutes, intranasal : jusqu'\u00e0 60 minutes, oral : 4-6 heures ; l'effet antid\u00e9presseur peut durer jusqu'\u00e0 une semaine.<\/p>\n<\/li>\n<li class=\"\" data-start=\"3263\" data-end=\"3556\">\n<p class=\"\" data-start=\"3266\" data-end=\"3556\"><strong data-start=\"3266\" data-end=\"3320\">Y a-t-il des interactions avec d'autres m\u00e9dicaments ?<\/strong><br data-start=\"3320\" data-end=\"3323\" \/>Oui, surtout avec des substances \u00e0 effet d\u00e9presseur central (opio\u00efdes, benzodiaz\u00e9pines), une d\u00e9pression respiratoire et des effets cardiovasculaires peuvent survenir. Une surveillance m\u00e9dicale est donc indispensable.<\/p>\n<\/li>\n<li class=\"\" data-start=\"3558\" data-end=\"3858\">\n<p class=\"\" data-start=\"3561\" data-end=\"3858\"><strong data-start=\"3561\" data-end=\"3605\">Quelle est la diff\u00e9rence entre l'esk\u00e9tamine et la k\u00e9tamine ?<\/strong><br data-start=\"3605\" data-end=\"3608\" \/>L'esk\u00e9tamine est l'\u00e9nantiom\u00e8re S, g\u00e9n\u00e9ralement autoris\u00e9 sous forme de spray intranasal (Spravato). Elle pr\u00e9sente des effets antid\u00e9presseurs similaires \u00e0 une dose plus faible et une autorisation sp\u00e9cifique pour la d\u00e9pression r\u00e9sistante au traitement.<\/p>\n<\/li>\n<\/ol>","protected":false},"excerpt":{"rendered":"<p>\u2713Exp\u00e9dition camouflage opaque et emball\u00e9e sous vide<br \/>\n\u2713Paiement anonyme par bitcoin\/crypto et virement bancaire<br \/>\n\u2713Protection compl\u00e8te des donn\u00e9es gr\u00e2ce au cryptage<\/p>","protected":false},"featured_media":4651,"comment_status":"open","ping_status":"closed","template":"","meta":[],"product_brand":[],"product_cat":[29],"product_tag":[],"class_list":{"0":"post-4646","1":"product","2":"type-product","3":"status-publish","4":"has-post-thumbnail","6":"product_cat-ketamin","7":"sales-flash-overlay","8":"woocommerce-text-align-center","9":"woocommerce-image-align-center","10":"do-quantity-buttons","12":"first","13":"instock","14":"shipping-taxable","15":"purchasable","16":"product-type-variable"},"_links":{"self":[{"href":"https:\/\/xtcdrogenhaus.com\/fr\/wp-json\/wp\/v2\/product\/4646","targetHints":{"allow":["GET"]}}],"collection":[{"href":"https:\/\/xtcdrogenhaus.com\/fr\/wp-json\/wp\/v2\/product"}],"about":[{"href":"https:\/\/xtcdrogenhaus.com\/fr\/wp-json\/wp\/v2\/types\/product"}],"replies":[{"embeddable":true,"href":"https:\/\/xtcdrogenhaus.com\/fr\/wp-json\/wp\/v2\/comments?post=4646"}],"wp:featuredmedia":[{"embeddable":true,"href":"https:\/\/xtcdrogenhaus.com\/fr\/wp-json\/wp\/v2\/media\/4651"}],"wp:attachment":[{"href":"https:\/\/xtcdrogenhaus.com\/fr\/wp-json\/wp\/v2\/media?parent=4646"}],"wp:term":[{"taxonomy":"product_brand","embeddable":true,"href":"https:\/\/xtcdrogenhaus.com\/fr\/wp-json\/wp\/v2\/product_brand?post=4646"},{"taxonomy":"product_cat","embeddable":true,"href":"https:\/\/xtcdrogenhaus.com\/fr\/wp-json\/wp\/v2\/product_cat?post=4646"},{"taxonomy":"product_tag","embeddable":true,"href":"https:\/\/xtcdrogenhaus.com\/fr\/wp-json\/wp\/v2\/product_tag?post=4646"}],"curies":[{"name":"wp","href":"https:\/\/api.w.org\/{rel}","templated":true}]}}