{"id":4269,"date":"2021-02-07T17:31:33","date_gmt":"2021-02-07T17:31:33","guid":{"rendered":"https:\/\/sites.generatepress.com\/shop\/?post_type=product&#038;p=4269"},"modified":"2025-06-01T09:50:54","modified_gmt":"2025-06-01T09:50:54","slug":"acheter-des-amphetamines-en-ligne","status":"publish","type":"product","link":"https:\/\/xtcdrogenhaus.com\/fr\/produit-2\/acheter-des-amphetamines-en-ligne\/","title":{"rendered":"Amph\u00e9tamine"},"content":{"rendered":"<div id=\"ez-toc-container\" class=\"ez-toc-v2_0_82_2 counter-hierarchy ez-toc-counter ez-toc-grey ez-toc-container-direction\">\n<div class=\"ez-toc-title-container\">\n<p class=\"ez-toc-title\" style=\"cursor:inherit\">Aper\u00e7u du contenu<\/p>\n<span class=\"ez-toc-title-toggle\"><a href=\"#\" class=\"ez-toc-pull-right ez-toc-btn ez-toc-btn-xs ez-toc-btn-default ez-toc-toggle\" aria-label=\"Toggle Table of Content\"><span class=\"ez-toc-js-icon-con\"><span class=\"\"><span class=\"eztoc-hide\" style=\"display:none;\">Toggle<\/span><span class=\"ez-toc-icon-toggle-span\"><svg style=\"fill: #999;color:#999\" xmlns=\"http:\/\/www.w3.org\/2000\/svg\" class=\"list-377408\" width=\"20px\" height=\"20px\" viewbox=\"0 0 24 24\" fill=\"none\"><path d=\"M6 6H4v2h2V6zm14 0H8v2h12V6zM4 11h2v2H4v-2zm16 0H8v2h12v-2zM4 16h2v2H4v-2zm16 0H8v2h12v-2z\" fill=\"currentColor\"><\/path><\/svg><svg style=\"fill: #999;color:#999\" class=\"arrow-unsorted-368013\" xmlns=\"http:\/\/www.w3.org\/2000\/svg\" width=\"10px\" height=\"10px\" viewbox=\"0 0 24 24\" version=\"1.2\" baseprofile=\"tiny\"><path d=\"M18.2 9.3l-6.2-6.3-6.2 6.3c-.2.2-.3.4-.3.7s.1.5.3.7c.2.2.4.3.7.3h11c.3 0 .5-.1.7-.3.2-.2.3-.5.3-.7s-.1-.5-.3-.7zM5.8 14.7l6.2 6.3 6.2-6.3c.2-.2.3-.5.3-.7s-.1-.5-.3-.7c-.2-.2-.4-.3-.7-.3h-11c-.3 0-.5.1-.7.3-.2.2-.3.5-.3.7s.1.5.3.7z\"\/><\/svg><\/span><\/span><\/span><\/a><\/span><\/div>\n<nav><ul class='ez-toc-list ez-toc-list-level-1' ><li class='ez-toc-page-1 ez-toc-heading-level-2'><a class=\"ez-toc-link ez-toc-heading-1\" href=\"https:\/\/xtcdrogenhaus.com\/fr\/produit-2\/acheter-des-amphetamines-en-ligne\/#Amphetamine_online_kaufen\" >Acheter des amph\u00e9tamines en ligne<\/a><ul class='ez-toc-list-level-3' ><li class='ez-toc-heading-level-3'><a class=\"ez-toc-link ez-toc-heading-2\" href=\"https:\/\/xtcdrogenhaus.com\/fr\/produit-2\/acheter-des-amphetamines-en-ligne\/#Amphetamin_Ihr_Energieschub_fur_besondere_Herausforderungen\" >Amph\u00e9tamine : votre booster d'\u00e9nergie pour des d\u00e9fis particuliers<\/a><\/li><li class='ez-toc-page-1 ez-toc-heading-level-3'><a class=\"ez-toc-link ez-toc-heading-3\" href=\"https:\/\/xtcdrogenhaus.com\/fr\/produit-2\/acheter-des-amphetamines-en-ligne\/#Eigenschaften_und_Vorteile\" >Caract\u00e9ristiques et avantages :<\/a><\/li><\/ul><\/li><li class='ez-toc-page-1 ez-toc-heading-level-2'><a class=\"ez-toc-link ez-toc-heading-4\" href=\"https:\/\/xtcdrogenhaus.com\/fr\/produit-2\/acheter-des-amphetamines-en-ligne\/#Haufig_gestellte_Fragen_FAQ\" >Foire aux questions (FAQ)<\/a><ul class='ez-toc-list-level-3' ><li class='ez-toc-heading-level-3'><a class=\"ez-toc-link ez-toc-heading-5\" href=\"https:\/\/xtcdrogenhaus.com\/fr\/produit-2\/acheter-des-amphetamines-en-ligne\/#Ist_der_Kauf_von_Amphetamin_legal\" >L'achat d'amph\u00e9tamines est-il l\u00e9gal ?<\/a><\/li><li class='ez-toc-page-1 ez-toc-heading-level-3'><a class=\"ez-toc-link ez-toc-heading-6\" href=\"https:\/\/xtcdrogenhaus.com\/fr\/produit-2\/acheter-des-amphetamines-en-ligne\/#Wie_wird_Amphetamin_eingenommen\" >Comment prendre de l'amph\u00e9tamine ?<\/a><\/li><li class='ez-toc-page-1 ez-toc-heading-level-3'><a class=\"ez-toc-link ez-toc-heading-7\" href=\"https:\/\/xtcdrogenhaus.com\/fr\/produit-2\/acheter-des-amphetamines-en-ligne\/#Welche_Nebenwirkungen_kann_Amphetamin_haben\" >Quels sont les effets secondaires de l'amph\u00e9tamine ?<\/a><\/li><li class='ez-toc-page-1 ez-toc-heading-level-3'><a class=\"ez-toc-link ez-toc-heading-8\" href=\"https:\/\/xtcdrogenhaus.com\/fr\/produit-2\/acheter-des-amphetamines-en-ligne\/#Kann_ich_Amphetamin_online_sicher_kaufen\" >Puis-je acheter de l'amph\u00e9tamine en ligne en toute s\u00e9curit\u00e9 ?<\/a><\/li><li class='ez-toc-page-1 ez-toc-heading-level-3'><a class=\"ez-toc-link ez-toc-heading-9\" href=\"https:\/\/xtcdrogenhaus.com\/fr\/produit-2\/acheter-des-amphetamines-en-ligne\/#Wie_lange_halt_die_Wirkung_von_Amphetamin_an\" >Combien de temps durent les effets de l'amph\u00e9tamine ?<\/a><\/li><li class='ez-toc-page-1 ez-toc-heading-level-3'><a class=\"ez-toc-link ez-toc-heading-10\" href=\"https:\/\/xtcdrogenhaus.com\/fr\/produit-2\/acheter-des-amphetamines-en-ligne\/#Was_sollte_ich_tun_wenn_ich_Nebenwirkungen_verspure\" >Que dois-je faire si je ressens des effets secondaires ?<\/a><\/li><\/ul><\/li><\/ul><\/nav><\/div>\n<h2><span class=\"ez-toc-section\" id=\"Amphetamine_online_kaufen\"><\/span>Acheter des amph\u00e9tamines en ligne<span class=\"ez-toc-section-end\"><\/span><\/h2>\n<h3><span class=\"ez-toc-section\" id=\"Amphetamin_Ihr_Energieschub_fur_besondere_Herausforderungen\"><\/span><span id=\"Amphetamin_Ihr_Energieschub_fuer_besondere_Herausforderungen\" class=\"ez-toc-section\"><\/span>Amph\u00e9tamine : votre booster d'\u00e9nergie pour des d\u00e9fis particuliers<span class=\"ez-toc-section-end\"><\/span><\/h3>\n<p>Acheter des amph\u00e9tamines en ligne - L'amph\u00e9tamine, souvent appel\u00e9e \"speed\" ou \"pep\", est un stimulant am\u00e9liorant les performances, utilis\u00e9 \u00e0 l'origine pour traiter les\u00a0<a href=\"https:\/\/web.archive.org\/web\/20241211200104\/https:\/\/adhs-deutschland.de\/begleitstoerungen\/adhs-oder-epilepsie-oder-beides\" target=\"_blank\" rel=\"noopener\">TDAH<\/a>\u00a0et la narcolepsie ont \u00e9t\u00e9 d\u00e9velopp\u00e9s. Aujourd'hui, il est utilis\u00e9 \u00e0 la fois \u00e0 des fins m\u00e9dicales et pour am\u00e9liorer les performances physiques et mentales.<\/p>\n<h3><span class=\"ez-toc-section\" id=\"Eigenschaften_und_Vorteile\"><\/span><span id=\"Eigenschaften_und_Vorteile\" class=\"ez-toc-section\"><\/span>Caract\u00e9ristiques et avantages :<span class=\"ez-toc-section-end\"><\/span><\/h3>\n<ul>\n<li><strong>Augmentation de l'attention :\u00a0<\/strong>Augmente la vigilance et la concentration, id\u00e9al pour les longues p\u00e9riodes de travail ou d'\u00e9tude.<\/li>\n<li><strong>Augmentation de l'endurance physique :<\/strong>\u00a0Soutient les activit\u00e9s physiques exigeantes, id\u00e9al pour les sportifs et les passionn\u00e9s de fitness.<\/li>\n<li><strong>Am\u00e9lioration de l'humeur :<\/strong>\u00a0Favorise le sentiment d'euphorie et de confiance en soi, utile pour les occasions sociales et les f\u00eates.<\/li>\n<\/ul>\n<p><strong>Application :<\/strong>\u00a0L'amph\u00e9tamine est g\u00e9n\u00e9ralement prise par voie orale, mais peut \u00e9galement \u00eatre sniff\u00e9e ou inject\u00e9e. Les effets apparaissent dans les 30 minutes et peuvent durer plusieurs heures.<\/p>\n<p><strong>Pr\u00e9cautions \u00e0 prendre :<\/strong>\u00a0Lors de l'utilisation d'amph\u00e9tamine, il convient de toujours respecter la posologie afin d'\u00e9viter les surdoses et les effets secondaires ind\u00e9sirables tels que l'insomnie, la tachycardie et l'hypertension.<\/p>\n<h2><span class=\"ez-toc-section\" id=\"Haufig_gestellte_Fragen_FAQ\"><\/span><span id=\"Haeufig_gestellte_Fragen_FAQ\" class=\"ez-toc-section\"><\/span>Foire aux questions (FAQ)<span class=\"ez-toc-section-end\"><\/span><\/h2>\n<h3><span class=\"ez-toc-section\" id=\"Ist_der_Kauf_von_Amphetamin_legal\"><\/span><span id=\"Ist_der_Kauf_von_Amphetamin_legal\" class=\"ez-toc-section\"><\/span>L'achat d'amph\u00e9tamines est-il l\u00e9gal ?<span class=\"ez-toc-section-end\"><\/span><\/h3>\n<p>Non, l'achat et la possession d'amph\u00e9tamine sans ordonnance sont ill\u00e9gaux dans la plupart des pays. Le commerce ill\u00e9gal est s\u00e9v\u00e8rement poursuivi.<\/p>\n<h3><span class=\"ez-toc-section\" id=\"Wie_wird_Amphetamin_eingenommen\"><\/span><span id=\"Wie_wird_Amphetamin_eingenommen\" class=\"ez-toc-section\"><\/span>Comment prendre de l'amph\u00e9tamine ?<span class=\"ez-toc-section-end\"><\/span><\/h3>\n<p>L'amph\u00e9tamine peut \u00eatre prise par voie orale, nasale ou intraveineuse. La m\u00e9thode la plus courante est la prise orale sous forme de comprim\u00e9s.<\/p>\n<h3><span class=\"ez-toc-section\" id=\"Welche_Nebenwirkungen_kann_Amphetamin_haben\"><\/span><span id=\"Welche_Nebenwirkungen_kann_Amphetamin_haben\" class=\"ez-toc-section\"><\/span>Quels sont les effets secondaires de l'amph\u00e9tamine ?<span class=\"ez-toc-section-end\"><\/span><\/h3>\n<p>Les effets secondaires les plus fr\u00e9quents sont l'insomnie, l'augmentation de la pression art\u00e9rielle, les palpitations cardiaques, la nervosit\u00e9 et, dans les cas graves, des \u00e9pisodes psychotiques.<\/p>\n<h3><span class=\"ez-toc-section\" id=\"Kann_ich_Amphetamin_online_sicher_kaufen\"><\/span><span id=\"Kann_ich_Amphetamin_online_sicher_kaufen\" class=\"ez-toc-section\"><\/span>Puis-je acheter de l'amph\u00e9tamine en ligne en toute s\u00e9curit\u00e9 ?<span class=\"ez-toc-section-end\"><\/span><\/h3>\n<p>L'achat d'amph\u00e9tamine en ligne est ill\u00e9gal et peut comporter des risques tels que des produits de qualit\u00e9 inf\u00e9rieure et des cons\u00e9quences juridiques. Il est recommand\u00e9 de ne pas acheter de telles substances en ligne.<\/p>\n<h3><span class=\"ez-toc-section\" id=\"Wie_lange_halt_die_Wirkung_von_Amphetamin_an\"><\/span><span id=\"Wie_lange_haelt_die_Wirkung_von_Amphetamin_an\" class=\"ez-toc-section\"><\/span>Combien de temps durent les effets de l'amph\u00e9tamine ?<span class=\"ez-toc-section-end\"><\/span><\/h3>\n<p>L'effet peut durer plusieurs heures en fonction du dosage et de la tol\u00e9rance individuelle. Typiquement, il dure entre 4 et 8 heures.<\/p>\n<h3><span class=\"ez-toc-section\" id=\"Was_sollte_ich_tun_wenn_ich_Nebenwirkungen_verspure\"><\/span><span id=\"Was_sollte_ich_tun_wenn_ich_Nebenwirkungen_verspuere\" class=\"ez-toc-section\"><\/span>Que dois-je faire si je ressens des effets secondaires ?<span class=\"ez-toc-section-end\"><\/span><\/h3>\n<p>En cas d'apparition d'effets secondaires importants tels que tachycardie, anxi\u00e9t\u00e9 ou hallucinations, consultez imm\u00e9diatement un m\u00e9decin.<\/p>","protected":false},"excerpt":{"rendered":"<p>\u2713 Envoi camouflage prot\u00e9g\u00e9 et emball\u00e9 sous vide<br \/>\n\u2713Paiement anonyme par bitcoin et virement bancaire<br \/>\n\u2713Pleine protection des donn\u00e9es gr\u00e2ce au cryptage<\/p>\n<p>&nbsp;<\/p>","protected":false},"featured_media":4615,"comment_status":"open","ping_status":"closed","template":"","meta":[],"product_brand":[],"product_cat":[24],"product_tag":[],"class_list":{"0":"post-4269","1":"product","2":"type-product","3":"status-publish","4":"has-post-thumbnail","6":"product_cat-amphetamin","7":"sales-flash-overlay","8":"woocommerce-text-align-center","9":"woocommerce-image-align-center","10":"do-quantity-buttons","12":"first","13":"instock","14":"shipping-taxable","15":"purchasable","16":"product-type-variable"},"_links":{"self":[{"href":"https:\/\/xtcdrogenhaus.com\/fr\/wp-json\/wp\/v2\/product\/4269","targetHints":{"allow":["GET"]}}],"collection":[{"href":"https:\/\/xtcdrogenhaus.com\/fr\/wp-json\/wp\/v2\/product"}],"about":[{"href":"https:\/\/xtcdrogenhaus.com\/fr\/wp-json\/wp\/v2\/types\/product"}],"replies":[{"embeddable":true,"href":"https:\/\/xtcdrogenhaus.com\/fr\/wp-json\/wp\/v2\/comments?post=4269"}],"wp:featuredmedia":[{"embeddable":true,"href":"https:\/\/xtcdrogenhaus.com\/fr\/wp-json\/wp\/v2\/media\/4615"}],"wp:attachment":[{"href":"https:\/\/xtcdrogenhaus.com\/fr\/wp-json\/wp\/v2\/media?parent=4269"}],"wp:term":[{"taxonomy":"product_brand","embeddable":true,"href":"https:\/\/xtcdrogenhaus.com\/fr\/wp-json\/wp\/v2\/product_brand?post=4269"},{"taxonomy":"product_cat","embeddable":true,"href":"https:\/\/xtcdrogenhaus.com\/fr\/wp-json\/wp\/v2\/product_cat?post=4269"},{"taxonomy":"product_tag","embeddable":true,"href":"https:\/\/xtcdrogenhaus.com\/fr\/wp-json\/wp\/v2\/product_tag?post=4269"}],"curies":[{"name":"wp","href":"https:\/\/api.w.org\/{rel}","templated":true}]}}