{"id":4661,"date":"2025-04-17T04:35:35","date_gmt":"2025-04-17T04:35:35","guid":{"rendered":"https:\/\/xtcdrogenhaus.com\/?post_type=product&#038;p=4661"},"modified":"2025-07-14T09:48:02","modified_gmt":"2025-07-14T09:48:02","slug":"kokain-kaufen-online","status":"publish","type":"product","link":"https:\/\/xtcdrogenhaus.com\/fi\/tuote-2\/kokain-kaufen-online\/","title":{"rendered":"Kolumbien Kokain"},"content":{"rendered":"<div id=\"ez-toc-container\" class=\"ez-toc-v2_0_82_2 counter-hierarchy ez-toc-counter ez-toc-grey ez-toc-container-direction\">\n<div class=\"ez-toc-title-container\">\n<p class=\"ez-toc-title\" style=\"cursor:inherit\">Sis\u00e4llysluettelo<\/p>\n<span class=\"ez-toc-title-toggle\"><a href=\"#\" class=\"ez-toc-pull-right ez-toc-btn ez-toc-btn-xs ez-toc-btn-default ez-toc-toggle\" aria-label=\"Toggle Table of Content\"><span class=\"ez-toc-js-icon-con\"><span class=\"\"><span class=\"eztoc-hide\" style=\"display:none;\">Toggle<\/span><span class=\"ez-toc-icon-toggle-span\"><svg style=\"fill: #999;color:#999\" xmlns=\"http:\/\/www.w3.org\/2000\/svg\" class=\"list-377408\" width=\"20px\" height=\"20px\" viewbox=\"0 0 24 24\" fill=\"none\"><path d=\"M6 6H4v2h2V6zm14 0H8v2h12V6zM4 11h2v2H4v-2zm16 0H8v2h12v-2zM4 16h2v2H4v-2zm16 0H8v2h12v-2z\" fill=\"currentColor\"><\/path><\/svg><svg style=\"fill: #999;color:#999\" class=\"arrow-unsorted-368013\" xmlns=\"http:\/\/www.w3.org\/2000\/svg\" width=\"10px\" height=\"10px\" viewbox=\"0 0 24 24\" version=\"1.2\" baseprofile=\"tiny\"><path d=\"M18.2 9.3l-6.2-6.3-6.2 6.3c-.2.2-.3.4-.3.7s.1.5.3.7c.2.2.4.3.7.3h11c.3 0 .5-.1.7-.3.2-.2.3-.5.3-.7s-.1-.5-.3-.7zM5.8 14.7l6.2 6.3 6.2-6.3c.2-.2.3-.5.3-.7s-.1-.5-.3-.7c-.2-.2-.4-.3-.7-.3h-11c-.3 0-.5.1-.7.3-.2.2-.3.5-.3.7s.1.5.3.7z\"\/><\/svg><\/span><\/span><\/span><\/a><\/span><\/div>\n<nav><ul class='ez-toc-list ez-toc-list-level-1' ><li class='ez-toc-page-1 ez-toc-heading-level-1'><a class=\"ez-toc-link ez-toc-heading-1\" href=\"https:\/\/xtcdrogenhaus.com\/fi\/tuote-2\/kokain-kaufen-online\/#Kokain_kaufen_online_%E2%80%93_Wirkung_Anwendung\" >Kokain kaufen online \u2013 Wirkung &amp; Anwendung<\/a><ul class='ez-toc-list-level-3' ><li class='ez-toc-heading-level-3'><ul class='ez-toc-list-level-3' ><li class='ez-toc-heading-level-3'><a class=\"ez-toc-link ez-toc-heading-2\" href=\"https:\/\/xtcdrogenhaus.com\/fi\/tuote-2\/kokain-kaufen-online\/#Hauptwirkungen_von_Kokain\" >Hauptwirkungen von Kokain:<\/a><\/li><\/ul><\/li><li class='ez-toc-page-1 ez-toc-heading-level-2'><a class=\"ez-toc-link ez-toc-heading-3\" href=\"https:\/\/xtcdrogenhaus.com\/fi\/tuote-2\/kokain-kaufen-online\/#Haufig_gestellte_Fragen_FAQs\" >H\u00e4ufig gestellte Fragen (FAQs)<\/a><\/li><\/ul><\/li><\/ul><\/nav><\/div>\n<h1 data-start=\"229\" data-end=\"278\"><span class=\"ez-toc-section\" id=\"Kokain_kaufen_online_%E2%80%93_Wirkung_Anwendung\"><\/span>Kokain kaufen online \u2013 Wirkung &amp; Anwendung<span class=\"ez-toc-section-end\"><\/span><\/h1>\n<p class=\"\" data-start=\"280\" data-end=\"559\">Kokain ist bekannt f\u00fcr seine stimulierende Wirkung und wird oft mit einem intensiven, kurzzeitigen Hochgef\u00fchl in Verbindung gebracht. Viele Menschen sch\u00e4tzen es wegen seines energiegeladenen Effekts, der gesteigerten Konzentration und dem Gef\u00fchl von Selbstvertrauen und Euphorie.<\/p>\n<h3 class=\"\" data-start=\"561\" data-end=\"593\"><span class=\"ez-toc-section\" id=\"Hauptwirkungen_von_Kokain\"><\/span>Hauptwirkungen von Kokain:<span class=\"ez-toc-section-end\"><\/span><\/h3>\n<ul data-start=\"594\" data-end=\"928\">\n<li class=\"\" data-start=\"594\" data-end=\"647\">\n<p class=\"\" data-start=\"596\" data-end=\"647\"><strong data-start=\"596\" data-end=\"616\">Erh\u00f6hte Energie:<\/strong> F\u00f6rdert Wachheit und Ausdauer.<\/p>\n<\/li>\n<li class=\"\" data-start=\"648\" data-end=\"754\">\n<p class=\"\" data-start=\"650\" data-end=\"754\"><strong data-start=\"650\" data-end=\"685\">Gesteigertes Selbstbewusstsein:<\/strong> Viele berichten von einem intensiven Gef\u00fchl von St\u00e4rke und Klarheit.<\/p>\n<\/li>\n<li class=\"\" data-start=\"755\" data-end=\"826\">\n<p class=\"\" data-start=\"757\" data-end=\"826\"><strong data-start=\"757\" data-end=\"782\">Kurzzeitige Euphorie:<\/strong> Ein Gef\u00fchl von Gl\u00fcck, das schnell eintritt.<\/p>\n<\/li>\n<li class=\"\" data-start=\"827\" data-end=\"928\">\n<p class=\"\" data-start=\"829\" data-end=\"928\"><strong data-start=\"829\" data-end=\"872\">Unterdr\u00fcckung von M\u00fcdigkeit und Hunger:<\/strong> Besonders in aktiven oder sozialen Kontexten gesch\u00e4tzt.<\/p>\n<\/li>\n<\/ul>\n<p class=\"\" data-start=\"930\" data-end=\"1072\">XTCDrogenhaus bietet hochwertiges Kokain aus Kolumbien in feinster Qualit\u00e4t. Der Versand erfolgt diskret und z\u00fcgig \u2013 direkt zu dir nach Hause.<\/p>\n<h2 class=\"\" data-start=\"1079\" data-end=\"1114\"><span class=\"ez-toc-section\" id=\"Haufig_gestellte_Fragen_FAQs\"><\/span>H\u00e4ufig gestellte Fragen (FAQs)<span class=\"ez-toc-section-end\"><\/span><\/h2>\n<p class=\"\" data-start=\"1116\" data-end=\"1294\"><strong data-start=\"1116\" data-end=\"1152\">1. Wof\u00fcr wird Kokain konsumiert?<\/strong><br data-start=\"1152\" data-end=\"1155\" \/>Kokain wird haupts\u00e4chlich f\u00fcr seine wachmachende und euphorisierende Wirkung genutzt \u2013 oft in sozialen oder leistungsbezogenen Situationen.<\/p>\n<p class=\"\" data-start=\"1296\" data-end=\"1452\"><strong data-start=\"1296\" data-end=\"1326\">2. Wie lange wirkt Kokain?<\/strong><br data-start=\"1326\" data-end=\"1329\" \/>Die Wirkung setzt meist innerhalb weniger Minuten ein und h\u00e4lt zwischen 20 Minuten und einer Stunde an, je nach Konsumform.<\/p>\n<p class=\"\" data-start=\"1454\" data-end=\"1589\"><strong data-start=\"1454\" data-end=\"1499\">3. In welcher Form wird Kokain angeboten?<\/strong><br data-start=\"1499\" data-end=\"1502\" \/>Meist in wei\u00dfem Pulver \u2013 in kristalliner, feiner Struktur, bereit f\u00fcr nasale Anwendung.<\/p>\n<p class=\"\" data-start=\"1591\" data-end=\"1759\"><strong data-start=\"1591\" data-end=\"1635\">4. Gibt es Unterschiede in der Qualit\u00e4t?<\/strong><br data-start=\"1635\" data-end=\"1638\" \/>Ja, die Reinheit kann variieren. Hochwertiges Kokain hat eine feinere Konsistenz und wirkt deutlich schneller und klarer.<\/p>\n<p class=\"\" data-start=\"1761\" data-end=\"1897\"><strong data-start=\"1761\" data-end=\"1795\">5. Wie wird Kokain konsumiert?<\/strong><br data-start=\"1795\" data-end=\"1798\" \/>Klassischerweise wird es nasally (geschnupft) konsumiert. Andere Varianten sind weniger verbreitet.<\/p>\n<p class=\"\" data-start=\"1899\" data-end=\"2037\"><strong data-start=\"1899\" data-end=\"1939\">6. Wo kann man Kokain online kaufen?<\/strong><br data-start=\"1939\" data-end=\"1942\" \/>Plattformen wie XTCDrogenhaus bieten die M\u00f6glichkeit, online zu bestellen \u2013 diskret und anonym.<\/p>","protected":false},"excerpt":{"rendered":"<p>\u2713 L\u00e4pin\u00e4kym\u00e4t\u00f6n ja tyhji\u00f6pakattu naamiointilaivaus<br \/>\n\u2713 Anonyymi maksu Bitcoinilla ja pankkisiirrolla<br \/>\n\u2713 T\u00e4ydellinen tietosuoja salauksen avulla<\/p>","protected":false},"featured_media":4662,"comment_status":"open","ping_status":"closed","template":"","meta":[],"product_brand":[],"product_cat":[30],"product_tag":[],"class_list":{"0":"post-4661","1":"product","2":"type-product","3":"status-publish","4":"has-post-thumbnail","6":"product_cat-kokain","7":"sales-flash-overlay","8":"woocommerce-text-align-center","9":"woocommerce-image-align-center","10":"do-quantity-buttons","11":"wc-has-gallery","13":"first","14":"instock","15":"shipping-taxable","16":"purchasable","17":"product-type-variable"},"_links":{"self":[{"href":"https:\/\/xtcdrogenhaus.com\/fi\/wp-json\/wp\/v2\/product\/4661","targetHints":{"allow":["GET"]}}],"collection":[{"href":"https:\/\/xtcdrogenhaus.com\/fi\/wp-json\/wp\/v2\/product"}],"about":[{"href":"https:\/\/xtcdrogenhaus.com\/fi\/wp-json\/wp\/v2\/types\/product"}],"replies":[{"embeddable":true,"href":"https:\/\/xtcdrogenhaus.com\/fi\/wp-json\/wp\/v2\/comments?post=4661"}],"wp:featuredmedia":[{"embeddable":true,"href":"https:\/\/xtcdrogenhaus.com\/fi\/wp-json\/wp\/v2\/media\/4662"}],"wp:attachment":[{"href":"https:\/\/xtcdrogenhaus.com\/fi\/wp-json\/wp\/v2\/media?parent=4661"}],"wp:term":[{"taxonomy":"product_brand","embeddable":true,"href":"https:\/\/xtcdrogenhaus.com\/fi\/wp-json\/wp\/v2\/product_brand?post=4661"},{"taxonomy":"product_cat","embeddable":true,"href":"https:\/\/xtcdrogenhaus.com\/fi\/wp-json\/wp\/v2\/product_cat?post=4661"},{"taxonomy":"product_tag","embeddable":true,"href":"https:\/\/xtcdrogenhaus.com\/fi\/wp-json\/wp\/v2\/product_tag?post=4661"}],"curies":[{"name":"wp","href":"https:\/\/api.w.org\/{rel}","templated":true}]}}