{"id":4804,"date":"2025-04-20T20:09:35","date_gmt":"2025-04-20T20:09:35","guid":{"rendered":"https:\/\/xtcdrogenhaus.com\/?page_id=4804"},"modified":"2025-04-20T20:09:55","modified_gmt":"2025-04-20T20:09:55","slug":"maksu","status":"publish","type":"page","link":"https:\/\/xtcdrogenhaus.com\/fi\/maksu\/","title":{"rendered":"Maksu"},"content":{"rendered":"<div id=\"ez-toc-container\" class=\"ez-toc-v2_0_83 counter-hierarchy ez-toc-counter ez-toc-grey ez-toc-container-direction\">\n<div class=\"ez-toc-title-container\">\n<p class=\"ez-toc-title\" style=\"cursor:inherit\">Sis\u00e4llysluettelo<\/p>\n<span class=\"ez-toc-title-toggle\"><a href=\"#\" class=\"ez-toc-pull-right ez-toc-btn ez-toc-btn-xs ez-toc-btn-default ez-toc-toggle\" aria-label=\"Toggle Table of Content\"><span class=\"ez-toc-js-icon-con\"><span class=\"\"><span class=\"eztoc-hide\" style=\"display:none;\">Toggle<\/span><span class=\"ez-toc-icon-toggle-span\"><svg style=\"fill: #999;color:#999\" xmlns=\"http:\/\/www.w3.org\/2000\/svg\" class=\"list-377408\" width=\"20px\" height=\"20px\" viewbox=\"0 0 24 24\" fill=\"none\"><path d=\"M6 6H4v2h2V6zm14 0H8v2h12V6zM4 11h2v2H4v-2zm16 0H8v2h12v-2zM4 16h2v2H4v-2zm16 0H8v2h12v-2z\" fill=\"currentColor\"><\/path><\/svg><svg style=\"fill: #999;color:#999\" class=\"arrow-unsorted-368013\" xmlns=\"http:\/\/www.w3.org\/2000\/svg\" width=\"10px\" height=\"10px\" viewbox=\"0 0 24 24\" version=\"1.2\" baseprofile=\"tiny\"><path d=\"M18.2 9.3l-6.2-6.3-6.2 6.3c-.2.2-.3.4-.3.7s.1.5.3.7c.2.2.4.3.7.3h11c.3 0 .5-.1.7-.3.2-.2.3-.5.3-.7s-.1-.5-.3-.7zM5.8 14.7l6.2 6.3 6.2-6.3c.2-.2.3-.5.3-.7s-.1-.5-.3-.7c-.2-.2-.4-.3-.7-.3h-11c-.3 0-.5.1-.7.3-.2.2-.3.5-.3.7s.1.5.3.7z\"\/><\/svg><\/span><\/span><\/span><\/a><\/span><\/div>\n<nav><ul class='ez-toc-list ez-toc-list-level-1' ><li class='ez-toc-page-1 ez-toc-heading-level-1'><a class=\"ez-toc-link ez-toc-heading-1\" href=\"https:\/\/xtcdrogenhaus.com\/fi\/maksu\/#Xtcdrogenhaus_%E2%80%93_Deine_Adresse_fur_diskrete_Drogenbestellung_in_Europa\" >Xtcdrogenhaus - osoitteesi huomaamattomaan l\u00e4\u00e4ketilaukseen Euroopassa<\/a><ul class='ez-toc-list-level-2' ><li class='ez-toc-heading-level-2'><a class=\"ez-toc-link ez-toc-heading-2\" href=\"https:\/\/xtcdrogenhaus.com\/fi\/maksu\/#Warum_Xtcdrogenhaus\" >Miksi Xtcdrug house?<\/a><\/li><li class='ez-toc-page-1 ez-toc-heading-level-2'><a class=\"ez-toc-link ez-toc-heading-3\" href=\"https:\/\/xtcdrogenhaus.com\/fi\/maksu\/#Vorteile_von_Kryptowahrungen\" >Kryptovaluuttojen edut<\/a><ul class='ez-toc-list-level-3' ><li class='ez-toc-heading-level-3'><a class=\"ez-toc-link ez-toc-heading-4\" href=\"https:\/\/xtcdrogenhaus.com\/fi\/maksu\/#1_Unubertroffene_Privatsphare\" >1. vertaansa vailla oleva yksityisyys<\/a><\/li><li class='ez-toc-page-1 ez-toc-heading-level-3'><a class=\"ez-toc-link ez-toc-heading-5\" href=\"https:\/\/xtcdrogenhaus.com\/fi\/maksu\/#2_Sekundenschnelle_Bestatigung\" >2. vahvistus muutamassa sekunnissa<\/a><\/li><li class='ez-toc-page-1 ez-toc-heading-level-3'><a class=\"ez-toc-link ez-toc-heading-6\" href=\"https:\/\/xtcdrogenhaus.com\/fi\/maksu\/#3_Keine_Grenzen_keine_Gebuhren\" >3. ei rajoja, ei maksuja<\/a><\/li><\/ul><\/li><li class='ez-toc-page-1 ez-toc-heading-level-2'><a class=\"ez-toc-link ez-toc-heading-7\" href=\"https:\/\/xtcdrogenhaus.com\/fi\/maksu\/#So_startest_du_sicher_mit_Kryptowahrungen\" >Kuinka aloittaa turvallisesti kryptovaluutat<\/a><\/li><li class='ez-toc-page-1 ez-toc-heading-level-2'><a class=\"ez-toc-link ez-toc-heading-8\" href=\"https:\/\/xtcdrogenhaus.com\/fi\/maksu\/#Alternative_Zahlungsmethoden\" >Vaihtoehtoiset maksutavat<\/a><\/li><li class='ez-toc-page-1 ez-toc-heading-level-2'><a class=\"ez-toc-link ez-toc-heading-9\" href=\"https:\/\/xtcdrogenhaus.com\/fi\/maksu\/#Haufige_Fragen_FAQ\" >Usein kysytyt kysymykset (FAQ)<\/a><\/li><li class='ez-toc-page-1 ez-toc-heading-level-2'><a class=\"ez-toc-link ez-toc-heading-10\" href=\"https:\/\/xtcdrogenhaus.com\/fi\/maksu\/#Dein_diskretes_Einkaufserlebnis\" >Hienovarainen ostokokemus<\/a><\/li><\/ul><\/li><\/ul><\/nav><\/div>\n<h1 class=\"wp-block-heading\"><span class=\"ez-toc-section\" id=\"Xtcdrogenhaus_%E2%80%93_Deine_Adresse_fur_diskrete_Drogenbestellung_in_Europa\"><\/span>Xtcdrogenhaus - osoitteesi huomaamattomaan l\u00e4\u00e4ketilaukseen Euroopassa<span class=\"ez-toc-section-end\"><\/span><\/h1>\n\n\n\n<p>Osoitteessa <strong>Xtcdrug house<\/strong> asetamme uusia standardeja k\u00e4tevyydelle ja luottamuksellisuudelle huumausaineiden verkkokaupassa. Olitpa sitten tukkuostajasi tai ensikertalainen ostaja - me tarjoamme sinulle:<\/p>\n\n\n\n<ul class=\"wp-block-list\">\n<li><strong>Ehdoton harkintavalta<\/strong> nykyaikaisten kryptovaluuttaratkaisujen avulla<\/li>\n\n\n\n<li><strong>Salamannopea k\u00e4sittely<\/strong>Vahvistus muutamassa minuutissa<\/li>\n\n\n\n<li><strong>Euroopan laajuinen toimitus<\/strong> ilman valuuttaesteit\u00e4<\/li>\n<\/ul>\n\n\n\n<hr class=\"wp-block-separator has-alpha-channel-opacity\"\/>\n\n\n\n<h2 class=\"wp-block-heading\"><span class=\"ez-toc-section\" id=\"Warum_Xtcdrogenhaus\"><\/span>Miksi Xtcdrug house?<span class=\"ez-toc-section-end\"><\/span><\/h2>\n\n\n\n<ol class=\"wp-block-list\">\n<li><strong>Yksinkertainen &amp; nimet\u00f6n<\/strong><br>Maksuratkaisumme Bitcoinilla, Monerolla ja kumppaneilla eiv\u00e4t j\u00e4t\u00e4 henkil\u00f6kohtaisia j\u00e4lki\u00e4. Identiteettisi pysyy suojattuna - tilauksesta toimitukseen.<\/li>\n\n\n\n<li><strong>Huipputurvallisuus<\/strong><br>Loppuun asti kest\u00e4v\u00e4 salaus ja tarkistetut jakelukumppanit takaavat, ett\u00e4 pakettisi saapuu perille turvallisesti ja nimett\u00f6m\u00e4n\u00e4.<\/li>\n\n\n\n<li><strong>Ymp\u00e4rivuorokautinen tuki<\/strong><br>Saksankielinen asiakaspalvelumme palvelee sinua ymp\u00e4ri vuorokauden - jos sinulla on kysytt\u00e4v\u00e4\u00e4 tilauksesta, maksusta tai toimituksesta.<\/li>\n<\/ol>\n\n\n\n<hr class=\"wp-block-separator has-alpha-channel-opacity\"\/>\n\n\n\n<h2 class=\"wp-block-heading\"><span class=\"ez-toc-section\" id=\"Vorteile_von_Kryptowahrungen\"><\/span>Kryptovaluuttojen edut<span class=\"ez-toc-section-end\"><\/span><\/h2>\n\n\n\n<h3 class=\"wp-block-heading\"><span class=\"ez-toc-section\" id=\"1_Unubertroffene_Privatsphare\"><\/span>1. vertaansa vailla oleva yksityisyys<span class=\"ez-toc-section-end\"><\/span><\/h3>\n\n\n\n<p>Kryptotapahtumat eiv\u00e4t j\u00e4t\u00e4 j\u00e4lkeens\u00e4 pankkitietoja. Pysyt siis t\u00e4ysin anonyymin\u00e4.<\/p>\n\n\n\n<h3 class=\"wp-block-heading\"><span class=\"ez-toc-section\" id=\"2_Sekundenschnelle_Bestatigung\"><\/span>2. vahvistus muutamassa sekunnissa<span class=\"ez-toc-section-end\"><\/span><\/h3>\n\n\n\n<p>Unohda pitk\u00e4t odotusajat: Bitcoin &amp; Co:n avulla maksusi vahvistetaan muutamassa minuutissa.<\/p>\n\n\n\n<h3 class=\"wp-block-heading\"><span class=\"ez-toc-section\" id=\"3_Keine_Grenzen_keine_Gebuhren\"><\/span>3. ei rajoja, ei maksuja<span class=\"ez-toc-section-end\"><\/span><\/h3>\n\n\n\n<p>Maksa suoraan lompakostasi ilman vaihtokuluja - miss\u00e4 tahansa Euroopassa ja milloin tahansa.<\/p>\n\n\n\n<hr class=\"wp-block-separator has-alpha-channel-opacity\"\/>\n\n\n\n<h2 class=\"wp-block-heading\"><span class=\"ez-toc-section\" id=\"So_startest_du_sicher_mit_Kryptowahrungen\"><\/span>Kuinka aloittaa turvallisesti kryptovaluutat<span class=\"ez-toc-section-end\"><\/span><\/h2>\n\n\n\n<ol class=\"wp-block-list\">\n<li><strong>Rekister\u00f6idy luotettavaan p\u00f6rssiin:<\/strong>\n<ul class=\"wp-block-list\">\n<li><strong>Octopus<\/strong>Intuitiivinen k\u00e4ytt\u00f6liittym\u00e4 aloittelijoille<\/li>\n\n\n\n<li><strong>Bittileima<\/strong>Vaiheittaiset ohjeet<\/li>\n\n\n\n<li><strong>Binance<\/strong>: Alhaiset maksut kokeneille kauppiaille<\/li>\n<\/ul>\n<\/li>\n\n\n\n<li><strong>Osta nimett\u00f6m\u00e4n\u00e4 kryptoautomaatista:<\/strong><br>Etsi l\u00e4hell\u00e4si olevat pankkiautomaatit <a class=\"\" href=\"https:\/\/www.cryptomap.io\" target=\"_blank\" rel=\"noopener\">CryptoMap<\/a> ja vaihtaa k\u00e4teist\u00e4 kryptoon - ilman rekister\u00f6itymist\u00e4.<\/li>\n<\/ol>\n\n\n\n<hr class=\"wp-block-separator has-alpha-channel-opacity\"\/>\n\n\n\n<h2 class=\"wp-block-heading\"><span class=\"ez-toc-section\" id=\"Alternative_Zahlungsmethoden\"><\/span>Vaihtoehtoiset maksutavat<span class=\"ez-toc-section-end\"><\/span><\/h2>\n\n\n\n<blockquote class=\"wp-block-quote is-layout-flow wp-block-quote-is-layout-flow\">\n<p><em>Huom:<\/em> Suosittelemme edelleen kryptovaluuttoja, jos haluat maksiminopeuden ja anonymiteetin.<\/p>\n<\/blockquote>\n\n\n\n<figure class=\"wp-block-table\"><table class=\"has-fixed-layout\"><thead><tr><th>Maksutapa<\/th><th>Edut<\/th><th>Haitat<\/th><\/tr><\/thead><tbody><tr><td><strong>Pankkisiirto<\/strong><\/td><td>Laajasti k\u00e4ytetty<\/td><td>Hidas, liittyy henkil\u00f6kohtaiseen tiliin<\/td><\/tr><tr><td><strong>S\u00e4hk\u00f6iset lompakot (PayPal, Skrill)<\/strong><\/td><td>Nopea &amp; k\u00e4tev\u00e4<\/td><td>Rajoitettu yksityisyys, kolmannen osapuolen tarjoajan valvonta<\/td><\/tr><\/tbody><\/table><\/figure>\n\n\n\n<hr class=\"wp-block-separator has-alpha-channel-opacity\"\/>\n\n\n\n<h2 class=\"wp-block-heading\"><span class=\"ez-toc-section\" id=\"Haufige_Fragen_FAQ\"><\/span>Usein kysytyt kysymykset (FAQ)<span class=\"ez-toc-section-end\"><\/span><\/h2>\n\n\n\n<p><strong>1 Miksi krypto perinteisten menetelmien sijaan?<\/strong><br>Kryptovaluutat tarjoavat parhaan suojan tiedoillesi - ne ovat nopeita, turvallisia ja nimett\u00f6mi\u00e4.<\/p>\n\n\n\n<p><strong>2 Miten voin ostaa kryptoa aloittelijana?<\/strong><br>K\u00e4yt\u00e4 Krakenin tai Bitstampin kaltaisia p\u00f6rssej\u00e4 ensimm\u00e4iseen ostoosi. CryptoMapin avulla voit vaihtaa k\u00e4teist\u00e4 automaateissa.<\/p>\n\n\n\n<p><strong>3. Ovatko vaihtoehtoiset maksut todella nimett\u00f6mi\u00e4?<\/strong><br>Ei. Pankkisiirrot ja s\u00e4hk\u00f6iset lompakot voivat paljastaa henkil\u00f6tietoja.<\/p>\n\n\n\n<hr class=\"wp-block-separator has-alpha-channel-opacity\"\/>\n\n\n\n<h2 class=\"wp-block-heading\"><span class=\"ez-toc-section\" id=\"Dein_diskretes_Einkaufserlebnis\"><\/span>Hienovarainen ostokokemus<span class=\"ez-toc-section-end\"><\/span><\/h2>\n\n\n\n<p>Osoitteessa <strong>Xtcdrug house<\/strong> valitset innovaation, turvallisuuden ja luottamuksen. Koe se nyt:<\/p>\n\n\n\n<ul class=\"wp-block-list\">\n<li><strong>Stressit\u00f6n tilaaminen<\/strong><\/li>\n\n\n\n<li><strong>Anonyymi maksu<\/strong> krypto<\/li>\n\n\n\n<li><strong>Pikatoimitus<\/strong> kaikkialla Euroopassa<\/li>\n<\/ul>\n\n\n\n<p><strong>Kysymyksi\u00e4?<\/strong> Tukitiimimme on k\u00e4ytett\u00e4viss\u00e4si ymp\u00e4ri vuorokauden.<br><strong>Tutustu &amp; tilaa anonyymisti nyt!<\/strong><\/p>","protected":false},"excerpt":{"rendered":"<p>Xtcdrogenhaus \u2013 Deine Adresse f\u00fcr diskrete Drogenbestellung in Europa Bei Xtcdrogenhaus setzen wir neue Ma\u00dfst\u00e4be f\u00fcr Bequemlichkeit und Vertraulichkeit im Online-Drogenhandel. Ob &#8230; <a title=\"Maksu\" class=\"read-more\" href=\"https:\/\/xtcdrogenhaus.com\/fi\/maksu\/\" aria-label=\"Lue lis\u00e4\u00e4 aiheesta Zahlung\">Lue lis\u00e4\u00e4<\/a><\/p>","protected":false},"author":1,"featured_media":0,"parent":0,"menu_order":0,"comment_status":"closed","ping_status":"closed","template":"","meta":{"footnotes":""},"class_list":["post-4804","page","type-page","status-publish"],"_links":{"self":[{"href":"https:\/\/xtcdrogenhaus.com\/fi\/wp-json\/wp\/v2\/pages\/4804","targetHints":{"allow":["GET"]}}],"collection":[{"href":"https:\/\/xtcdrogenhaus.com\/fi\/wp-json\/wp\/v2\/pages"}],"about":[{"href":"https:\/\/xtcdrogenhaus.com\/fi\/wp-json\/wp\/v2\/types\/page"}],"author":[{"embeddable":true,"href":"https:\/\/xtcdrogenhaus.com\/fi\/wp-json\/wp\/v2\/users\/1"}],"replies":[{"embeddable":true,"href":"https:\/\/xtcdrogenhaus.com\/fi\/wp-json\/wp\/v2\/comments?post=4804"}],"version-history":[{"count":1,"href":"https:\/\/xtcdrogenhaus.com\/fi\/wp-json\/wp\/v2\/pages\/4804\/revisions"}],"predecessor-version":[{"id":4805,"href":"https:\/\/xtcdrogenhaus.com\/fi\/wp-json\/wp\/v2\/pages\/4804\/revisions\/4805"}],"wp:attachment":[{"href":"https:\/\/xtcdrogenhaus.com\/fi\/wp-json\/wp\/v2\/media?parent=4804"}],"curies":[{"name":"wp","href":"https:\/\/api.w.org\/{rel}","templated":true}]}}