{"id":4269,"date":"2021-02-07T17:31:33","date_gmt":"2021-02-07T17:31:33","guid":{"rendered":"https:\/\/sites.generatepress.com\/shop\/?post_type=product&#038;p=4269"},"modified":"2025-06-01T09:50:54","modified_gmt":"2025-06-01T09:50:54","slug":"comprar-anfetaminas-online","status":"publish","type":"product","link":"https:\/\/xtcdrogenhaus.com\/es\/producto-2\/comprar-anfetaminas-online\/","title":{"rendered":"Anfetamina"},"content":{"rendered":"<div id=\"ez-toc-container\" class=\"ez-toc-v2_0_82_2 counter-hierarchy ez-toc-counter ez-toc-grey ez-toc-container-direction\">\n<div class=\"ez-toc-title-container\">\n<p class=\"ez-toc-title\" style=\"cursor:inherit\">\u00cdndice<\/p>\n<span class=\"ez-toc-title-toggle\"><a href=\"#\" class=\"ez-toc-pull-right ez-toc-btn ez-toc-btn-xs ez-toc-btn-default ez-toc-toggle\" aria-label=\"Alternar tabla de contenidos\"><span class=\"ez-toc-js-icon-con\"><span class=\"\"><span class=\"eztoc-hide\" style=\"display:none;\">Toggle<\/span><span class=\"ez-toc-icon-toggle-span\"><svg style=\"fill: #999;color:#999\" xmlns=\"http:\/\/www.w3.org\/2000\/svg\" class=\"list-377408\" width=\"20px\" height=\"20px\" viewbox=\"0 0 24 24\" fill=\"none\"><path d=\"M6 6H4v2h2V6zm14 0H8v2h12V6zM4 11h2v2H4v-2zm16 0H8v2h12v-2zM4 16h2v2H4v-2zm16 0H8v2h12v-2z\" fill=\"currentColor\"><\/path><\/svg><svg style=\"fill: #999;color:#999\" class=\"arrow-unsorted-368013\" xmlns=\"http:\/\/www.w3.org\/2000\/svg\" width=\"10px\" height=\"10px\" viewbox=\"0 0 24 24\" version=\"1.2\" baseprofile=\"tiny\"><path d=\"M18.2 9.3l-6.2-6.3-6.2 6.3c-.2.2-.3.4-.3.7s.1.5.3.7c.2.2.4.3.7.3h11c.3 0 .5-.1.7-.3.2-.2.3-.5.3-.7s-.1-.5-.3-.7zM5.8 14.7l6.2 6.3 6.2-6.3c.2-.2.3-.5.3-.7s-.1-.5-.3-.7c-.2-.2-.4-.3-.7-.3h-11c-.3 0-.5.1-.7.3-.2.2-.3.5-.3.7s.1.5.3.7z\"\/><\/svg><\/span><\/span><\/span><\/a><\/span><\/div>\n<nav><ul class='ez-toc-list ez-toc-list-level-1' ><li class='ez-toc-page-1 ez-toc-heading-level-2'><a class=\"ez-toc-link ez-toc-heading-1\" href=\"https:\/\/xtcdrogenhaus.com\/es\/producto-2\/comprar-anfetaminas-online\/#Amphetamine_online_kaufen\" >Comprar anfetaminas en l\u00ednea<\/a><ul class='ez-toc-list-level-3' ><li class='ez-toc-heading-level-3'><a class=\"ez-toc-link ez-toc-heading-2\" href=\"https:\/\/xtcdrogenhaus.com\/es\/producto-2\/comprar-anfetaminas-online\/#Amphetamin_Ihr_Energieschub_fur_besondere_Herausforderungen\" >Anfetamina: tu inyecci\u00f3n de energ\u00eda para retos especiales<\/a><\/li><li class='ez-toc-page-1 ez-toc-heading-level-3'><a class=\"ez-toc-link ez-toc-heading-3\" href=\"https:\/\/xtcdrogenhaus.com\/es\/producto-2\/comprar-anfetaminas-online\/#Eigenschaften_und_Vorteile\" >Caracter\u00edsticas y ventajas:<\/a><\/li><\/ul><\/li><li class='ez-toc-page-1 ez-toc-heading-level-2'><a class=\"ez-toc-link ez-toc-heading-4\" href=\"https:\/\/xtcdrogenhaus.com\/es\/producto-2\/comprar-anfetaminas-online\/#Haufig_gestellte_Fragen_FAQ\" >Preguntas m\u00e1s frecuentes (FAQ)<\/a><ul class='ez-toc-list-level-3' ><li class='ez-toc-heading-level-3'><a class=\"ez-toc-link ez-toc-heading-5\" href=\"https:\/\/xtcdrogenhaus.com\/es\/producto-2\/comprar-anfetaminas-online\/#Ist_der_Kauf_von_Amphetamin_legal\" >\u00bfEs legal comprar anfetamina?<\/a><\/li><li class='ez-toc-page-1 ez-toc-heading-level-3'><a class=\"ez-toc-link ez-toc-heading-6\" href=\"https:\/\/xtcdrogenhaus.com\/es\/producto-2\/comprar-anfetaminas-online\/#Wie_wird_Amphetamin_eingenommen\" >\u00bfC\u00f3mo se toma la anfetamina?<\/a><\/li><li class='ez-toc-page-1 ez-toc-heading-level-3'><a class=\"ez-toc-link ez-toc-heading-7\" href=\"https:\/\/xtcdrogenhaus.com\/es\/producto-2\/comprar-anfetaminas-online\/#Welche_Nebenwirkungen_kann_Amphetamin_haben\" >\u00bfQu\u00e9 efectos secundarios puede tener la anfetamina?<\/a><\/li><li class='ez-toc-page-1 ez-toc-heading-level-3'><a class=\"ez-toc-link ez-toc-heading-8\" href=\"https:\/\/xtcdrogenhaus.com\/es\/producto-2\/comprar-anfetaminas-online\/#Kann_ich_Amphetamin_online_sicher_kaufen\" >\u00bfPuedo comprar anfetamina online de forma segura?<\/a><\/li><li class='ez-toc-page-1 ez-toc-heading-level-3'><a class=\"ez-toc-link ez-toc-heading-9\" href=\"https:\/\/xtcdrogenhaus.com\/es\/producto-2\/comprar-anfetaminas-online\/#Wie_lange_halt_die_Wirkung_von_Amphetamin_an\" >\u00bfCu\u00e1nto duran los efectos de la anfetamina?<\/a><\/li><li class='ez-toc-page-1 ez-toc-heading-level-3'><a class=\"ez-toc-link ez-toc-heading-10\" href=\"https:\/\/xtcdrogenhaus.com\/es\/producto-2\/comprar-anfetaminas-online\/#Was_sollte_ich_tun_wenn_ich_Nebenwirkungen_verspure\" >\u00bfQu\u00e9 debo hacer si experimento efectos secundarios?<\/a><\/li><\/ul><\/li><\/ul><\/nav><\/div>\n<h2><span class=\"ez-toc-section\" id=\"Amphetamine_online_kaufen\"><\/span>Comprar anfetaminas en l\u00ednea<span class=\"ez-toc-section-end\"><\/span><\/h2>\n<h3><span class=\"ez-toc-section\" id=\"Amphetamin_Ihr_Energieschub_fur_besondere_Herausforderungen\"><\/span><span id=\"Amphetamin_Ihr_Energieschub_fuer_besondere_Herausforderungen\" class=\"ez-toc-section\"><\/span>Anfetamina: tu inyecci\u00f3n de energ\u00eda para retos especiales<span class=\"ez-toc-section-end\"><\/span><\/h3>\n<p>Comprar anfetaminas online - La anfetamina, a menudo conocida como \"speed\" o \"pep\", es un estimulante para mejorar el rendimiento que se utiliz\u00f3 originalmente para tratar la\u00a0<a href=\"https:\/\/web.archive.org\/web\/20241211200104\/https:\/\/adhs-deutschland.de\/begleitstoerungen\/adhs-oder-epilepsie-oder-beides\" target=\"_blank\" rel=\"noopener\">TDAH<\/a>\u00a0y la narcolepsia. Hoy en d\u00eda se utiliza tanto con fines m\u00e9dicos como para aumentar el rendimiento f\u00edsico y mental.<\/p>\n<h3><span class=\"ez-toc-section\" id=\"Eigenschaften_und_Vorteile\"><\/span><span id=\"Eigenschaften_und_Vorteile\" class=\"ez-toc-section\"><\/span>Caracter\u00edsticas y ventajas:<span class=\"ez-toc-section-end\"><\/span><\/h3>\n<ul>\n<li><strong>Mayor atenci\u00f3n:\u00a0<\/strong>Aumenta el estado de alerta y la concentraci\u00f3n, ideal para largos periodos de trabajo o estudio.<\/li>\n<li><strong>Aumentar la resistencia f\u00edsica:<\/strong>\u00a0Apoya actividades f\u00edsicamente extenuantes, ideal para atletas y entusiastas del fitness.<\/li>\n<li><strong>Mejora del estado de \u00e1nimo:<\/strong>\u00a0Promueve una sensaci\u00f3n de euforia y confianza en uno mismo, \u00fatil para ocasiones sociales y fiestas.<\/li>\n<\/ul>\n<p><strong>Aplicaci\u00f3n:<\/strong>\u00a0La anfetamina suele tomarse por v\u00eda oral, pero tambi\u00e9n puede esnifarse o inyectarse. El efecto se produce en 30 minutos y puede durar varias horas.<\/p>\n<p><strong>Medidas de precauci\u00f3n:<\/strong>\u00a0Al utilizar anfetamina, debe respetarse siempre la dosis para evitar sobredosis y efectos secundarios indeseables como insomnio, palpitaciones y aumento de la tensi\u00f3n arterial.<\/p>\n<h2><span class=\"ez-toc-section\" id=\"Haufig_gestellte_Fragen_FAQ\"><\/span><span id=\"Haeufig_gestellte_Fragen_FAQ\" class=\"ez-toc-section\"><\/span>Preguntas m\u00e1s frecuentes (FAQ)<span class=\"ez-toc-section-end\"><\/span><\/h2>\n<h3><span class=\"ez-toc-section\" id=\"Ist_der_Kauf_von_Amphetamin_legal\"><\/span><span id=\"Ist_der_Kauf_von_Amphetamin_legal\" class=\"ez-toc-section\"><\/span>\u00bfEs legal comprar anfetamina?<span class=\"ez-toc-section-end\"><\/span><\/h3>\n<p>No, la compra y posesi\u00f3n de anfetamina sin receta es ilegal en la mayor\u00eda de los pa\u00edses. El comercio ilegal se persigue estrictamente.<\/p>\n<h3><span class=\"ez-toc-section\" id=\"Wie_wird_Amphetamin_eingenommen\"><\/span><span id=\"Wie_wird_Amphetamin_eingenommen\" class=\"ez-toc-section\"><\/span>\u00bfC\u00f3mo se toma la anfetamina?<span class=\"ez-toc-section-end\"><\/span><\/h3>\n<p>La anfetamina puede tomarse por v\u00eda oral, nasal o intravenosa. El m\u00e9todo m\u00e1s habitual es la ingesta oral en forma de comprimidos.<\/p>\n<h3><span class=\"ez-toc-section\" id=\"Welche_Nebenwirkungen_kann_Amphetamin_haben\"><\/span><span id=\"Welche_Nebenwirkungen_kann_Amphetamin_haben\" class=\"ez-toc-section\"><\/span>\u00bfQu\u00e9 efectos secundarios puede tener la anfetamina?<span class=\"ez-toc-section-end\"><\/span><\/h3>\n<p>Los efectos secundarios m\u00e1s frecuentes son insomnio, aumento de la tensi\u00f3n arterial, palpitaciones, nerviosismo y, en casos graves, episodios psic\u00f3ticos.<\/p>\n<h3><span class=\"ez-toc-section\" id=\"Kann_ich_Amphetamin_online_sicher_kaufen\"><\/span><span id=\"Kann_ich_Amphetamin_online_sicher_kaufen\" class=\"ez-toc-section\"><\/span>\u00bfPuedo comprar anfetamina online de forma segura?<span class=\"ez-toc-section-end\"><\/span><\/h3>\n<p>Comprar anfetamina en l\u00ednea es ilegal y puede entra\u00f1ar riesgos como productos de calidad inferior y consecuencias legales. Se recomienda no comprar este tipo de sustancias en l\u00ednea.<\/p>\n<h3><span class=\"ez-toc-section\" id=\"Wie_lange_halt_die_Wirkung_von_Amphetamin_an\"><\/span><span id=\"Wie_lange_haelt_die_Wirkung_von_Amphetamin_an\" class=\"ez-toc-section\"><\/span>\u00bfCu\u00e1nto duran los efectos de la anfetamina?<span class=\"ez-toc-section-end\"><\/span><\/h3>\n<p>El efecto puede durar varias horas, dependiendo de la dosis y de la tolerancia individual. Normalmente dura entre 4 y 8 horas.<\/p>\n<h3><span class=\"ez-toc-section\" id=\"Was_sollte_ich_tun_wenn_ich_Nebenwirkungen_verspure\"><\/span><span id=\"Was_sollte_ich_tun_wenn_ich_Nebenwirkungen_verspuere\" class=\"ez-toc-section\"><\/span>\u00bfQu\u00e9 debo hacer si experimento efectos secundarios?<span class=\"ez-toc-section-end\"><\/span><\/h3>\n<p>Si experimenta efectos secundarios graves como palpitaciones, ansiedad o alucinaciones, debe buscar ayuda m\u00e9dica inmediatamente.<\/p>","protected":false},"excerpt":{"rendered":"<p>\u2713 Env\u00edo de camuflaje protegido y envasado al vac\u00edo.<br \/>\n\u2713Pago an\u00f3nimo con Bitcoin y transferencia bancaria<br \/>\n\u2713Protecci\u00f3n total de los datos mediante cifrado<\/p>\n<p>&nbsp;<\/p>","protected":false},"featured_media":4615,"comment_status":"open","ping_status":"closed","template":"","meta":[],"product_brand":[],"product_cat":[24],"product_tag":[],"class_list":{"0":"post-4269","1":"product","2":"type-product","3":"status-publish","4":"has-post-thumbnail","6":"product_cat-amphetamin","7":"sales-flash-overlay","8":"woocommerce-text-align-center","9":"woocommerce-image-align-center","10":"do-quantity-buttons","12":"first","13":"instock","14":"shipping-taxable","15":"purchasable","16":"product-type-variable"},"_links":{"self":[{"href":"https:\/\/xtcdrogenhaus.com\/es\/wp-json\/wp\/v2\/product\/4269","targetHints":{"allow":["GET"]}}],"collection":[{"href":"https:\/\/xtcdrogenhaus.com\/es\/wp-json\/wp\/v2\/product"}],"about":[{"href":"https:\/\/xtcdrogenhaus.com\/es\/wp-json\/wp\/v2\/types\/product"}],"replies":[{"embeddable":true,"href":"https:\/\/xtcdrogenhaus.com\/es\/wp-json\/wp\/v2\/comments?post=4269"}],"wp:featuredmedia":[{"embeddable":true,"href":"https:\/\/xtcdrogenhaus.com\/es\/wp-json\/wp\/v2\/media\/4615"}],"wp:attachment":[{"href":"https:\/\/xtcdrogenhaus.com\/es\/wp-json\/wp\/v2\/media?parent=4269"}],"wp:term":[{"taxonomy":"product_brand","embeddable":true,"href":"https:\/\/xtcdrogenhaus.com\/es\/wp-json\/wp\/v2\/product_brand?post=4269"},{"taxonomy":"product_cat","embeddable":true,"href":"https:\/\/xtcdrogenhaus.com\/es\/wp-json\/wp\/v2\/product_cat?post=4269"},{"taxonomy":"product_tag","embeddable":true,"href":"https:\/\/xtcdrogenhaus.com\/es\/wp-json\/wp\/v2\/product_tag?post=4269"}],"curies":[{"name":"wp","href":"https:\/\/api.w.org\/{rel}","templated":true}]}}