{"id":4696,"date":"2025-04-20T07:31:15","date_gmt":"2025-04-20T07:31:15","guid":{"rendered":"https:\/\/xtcdrogenhaus.com\/?post_type=product&#038;p=4696"},"modified":"2025-04-20T08:45:58","modified_gmt":"2025-04-20T08:45:58","slug":"mdma-online-kaufen","status":"publish","type":"product","link":"https:\/\/xtcdrogenhaus.com\/en\/product\/mdma-online-kaufen\/","title":{"rendered":"MDMA"},"content":{"rendered":"<div id=\"ez-toc-container\" class=\"ez-toc-v2_0_82_2 counter-hierarchy ez-toc-counter ez-toc-grey ez-toc-container-direction\">\n<div class=\"ez-toc-title-container\">\n<p class=\"ez-toc-title\" style=\"cursor:inherit\">Table of contents<\/p>\n<span class=\"ez-toc-title-toggle\"><a href=\"#\" class=\"ez-toc-pull-right ez-toc-btn ez-toc-btn-xs ez-toc-btn-default ez-toc-toggle\" aria-label=\"Toggle Table of Content\"><span class=\"ez-toc-js-icon-con\"><span class=\"\"><span class=\"eztoc-hide\" style=\"display:none;\">Toggle<\/span><span class=\"ez-toc-icon-toggle-span\"><svg style=\"fill: #999;color:#999\" xmlns=\"http:\/\/www.w3.org\/2000\/svg\" class=\"list-377408\" width=\"20px\" height=\"20px\" viewbox=\"0 0 24 24\" fill=\"none\"><path d=\"M6 6H4v2h2V6zm14 0H8v2h12V6zM4 11h2v2H4v-2zm16 0H8v2h12v-2zM4 16h2v2H4v-2zm16 0H8v2h12v-2z\" fill=\"currentColor\"><\/path><\/svg><svg style=\"fill: #999;color:#999\" class=\"arrow-unsorted-368013\" xmlns=\"http:\/\/www.w3.org\/2000\/svg\" width=\"10px\" height=\"10px\" viewbox=\"0 0 24 24\" version=\"1.2\" baseprofile=\"tiny\"><path d=\"M18.2 9.3l-6.2-6.3-6.2 6.3c-.2.2-.3.4-.3.7s.1.5.3.7c.2.2.4.3.7.3h11c.3 0 .5-.1.7-.3.2-.2.3-.5.3-.7s-.1-.5-.3-.7zM5.8 14.7l6.2 6.3 6.2-6.3c.2-.2.3-.5.3-.7s-.1-.5-.3-.7c-.2-.2-.4-.3-.7-.3h-11c-.3 0-.5.1-.7.3-.2.2-.3.5-.3.7s.1.5.3.7z\"\/><\/svg><\/span><\/span><\/span><\/a><\/span><\/div>\n<nav><ul class='ez-toc-list ez-toc-list-level-1' ><li class='ez-toc-page-1 ez-toc-heading-level-1'><a class=\"ez-toc-link ez-toc-heading-1\" href=\"https:\/\/xtcdrogenhaus.com\/en\/product\/mdma-online-kaufen\/#MDMA_online_kaufen\" >Buy MDMA online<\/a><ul class='ez-toc-list-level-2' ><li class='ez-toc-heading-level-2'><a class=\"ez-toc-link ez-toc-heading-2\" href=\"https:\/\/xtcdrogenhaus.com\/en\/product\/mdma-online-kaufen\/#Was_ist_MDMA\" >Was ist MDMA?<\/a><\/li><li class='ez-toc-page-1 ez-toc-heading-level-2'><a class=\"ez-toc-link ez-toc-heading-3\" href=\"https:\/\/xtcdrogenhaus.com\/en\/product\/mdma-online-kaufen\/#Warum_unseren_MDMA_Kristall_wahlen\" >Warum unseren MDMA Kristall w\u00e4hlen?<\/a><ul class='ez-toc-list-level-3' ><li class='ez-toc-heading-level-3'><a class=\"ez-toc-link ez-toc-heading-4\" href=\"https:\/\/xtcdrogenhaus.com\/en\/product\/mdma-online-kaufen\/#Reinheit_und_Qualitat\" >Reinheit und Qualit\u00e4t<\/a><\/li><li class='ez-toc-page-1 ez-toc-heading-level-3'><a class=\"ez-toc-link ez-toc-heading-5\" href=\"https:\/\/xtcdrogenhaus.com\/en\/product\/mdma-online-kaufen\/#Unvergleichliches_Erlebnis\" >Unvergleichliches Erlebnis<\/a><\/li><li class='ez-toc-page-1 ez-toc-heading-level-3'><a class=\"ez-toc-link ez-toc-heading-6\" href=\"https:\/\/xtcdrogenhaus.com\/en\/product\/mdma-online-kaufen\/#Sicherheit_und_Diskretion\" >Sicherheit und Diskretion<\/a><\/li><\/ul><\/li><li class='ez-toc-page-1 ez-toc-heading-level-2'><a class=\"ez-toc-link ez-toc-heading-7\" href=\"https:\/\/xtcdrogenhaus.com\/en\/product\/mdma-online-kaufen\/#Wie_man_MDMA_Kristall_verwendet\" >Wie man MDMA Kristall verwendet<\/a><ul class='ez-toc-list-level-3' ><li class='ez-toc-heading-level-3'><a class=\"ez-toc-link ez-toc-heading-8\" href=\"https:\/\/xtcdrogenhaus.com\/en\/product\/mdma-online-kaufen\/#Vorbereitung\" >Vorbereitung<\/a><\/li><li class='ez-toc-page-1 ez-toc-heading-level-3'><a class=\"ez-toc-link ez-toc-heading-9\" href=\"https:\/\/xtcdrogenhaus.com\/en\/product\/mdma-online-kaufen\/#Konsummethoden\" >Konsummethoden<\/a><\/li><li class='ez-toc-page-1 ez-toc-heading-level-3'><a class=\"ez-toc-link ez-toc-heading-10\" href=\"https:\/\/xtcdrogenhaus.com\/en\/product\/mdma-online-kaufen\/#Dosierungsempfehlungen\" >Dosierungsempfehlungen<\/a><\/li><\/ul><\/li><li class='ez-toc-page-1 ez-toc-heading-level-2'><a class=\"ez-toc-link ez-toc-heading-11\" href=\"https:\/\/xtcdrogenhaus.com\/en\/product\/mdma-online-kaufen\/#Vorteile_von_MDMA_Kristall\" >Vorteile von MDMA Kristall<\/a><ul class='ez-toc-list-level-3' ><li class='ez-toc-heading-level-3'><a class=\"ez-toc-link ez-toc-heading-12\" href=\"https:\/\/xtcdrogenhaus.com\/en\/product\/mdma-online-kaufen\/#Verbesserte_emotionale_Verbindung\" >Verbesserte emotionale Verbindung<\/a><\/li><li class='ez-toc-page-1 ez-toc-heading-level-3'><a class=\"ez-toc-link ez-toc-heading-13\" href=\"https:\/\/xtcdrogenhaus.com\/en\/product\/mdma-online-kaufen\/#Erhohte_sensorische_Wahrnehmung\" >Erh\u00f6hte sensorische Wahrnehmung<\/a><\/li><li class='ez-toc-page-1 ez-toc-heading-level-3'><a class=\"ez-toc-link ez-toc-heading-14\" href=\"https:\/\/xtcdrogenhaus.com\/en\/product\/mdma-online-kaufen\/#Stimmungsaufhellung\" >Stimmungsaufhellung<\/a><\/li><li class='ez-toc-page-1 ez-toc-heading-level-3'><a class=\"ez-toc-link ez-toc-heading-15\" href=\"https:\/\/xtcdrogenhaus.com\/en\/product\/mdma-online-kaufen\/#Therapeutische_Anwendungen\" >Therapeutische Anwendungen<\/a><\/li><\/ul><\/li><li class='ez-toc-page-1 ez-toc-heading-level-2'><a class=\"ez-toc-link ez-toc-heading-16\" href=\"https:\/\/xtcdrogenhaus.com\/en\/product\/mdma-online-kaufen\/#FAQs\" >FAQs<\/a><ul class='ez-toc-list-level-3' ><li class='ez-toc-heading-level-3'><a class=\"ez-toc-link ez-toc-heading-17\" href=\"https:\/\/xtcdrogenhaus.com\/en\/product\/mdma-online-kaufen\/#Ist_es_legal_MDMA_online_zu_kaufen\" >Ist es legal, MDMA online zu kaufen?<\/a><\/li><li class='ez-toc-page-1 ez-toc-heading-level-3'><a class=\"ez-toc-link ez-toc-heading-18\" href=\"https:\/\/xtcdrogenhaus.com\/en\/product\/mdma-online-kaufen\/#Wie_weis_ich_dass_das_MDMA_rein_ist\" >Wie wei\u00df ich, dass das MDMA rein ist?<\/a><\/li><li class='ez-toc-page-1 ez-toc-heading-level-3'><a class=\"ez-toc-link ez-toc-heading-19\" href=\"https:\/\/xtcdrogenhaus.com\/en\/product\/mdma-online-kaufen\/#Wie_sollte_ich_MDMA_Kristall_lagern\" >Wie sollte ich MDMA Kristall lagern?<\/a><\/li><li class='ez-toc-page-1 ez-toc-heading-level-3'><a class=\"ez-toc-link ez-toc-heading-20\" href=\"https:\/\/xtcdrogenhaus.com\/en\/product\/mdma-online-kaufen\/#Was_sind_die_moglichen_Nebenwirkungen\" >Was sind die m\u00f6glichen Nebenwirkungen?<\/a><\/li><li class='ez-toc-page-1 ez-toc-heading-level-3'><a class=\"ez-toc-link ez-toc-heading-21\" href=\"https:\/\/xtcdrogenhaus.com\/en\/product\/mdma-online-kaufen\/#Kann_ich_MDMA_Kristall_fur_therapeutische_Zwecke_verwenden\" >Kann ich MDMA Kristall f\u00fcr therapeutische Zwecke verwenden?<\/a><\/li><\/ul><\/li><li class='ez-toc-page-1 ez-toc-heading-level-2'><a class=\"ez-toc-link ez-toc-heading-22\" href=\"https:\/\/xtcdrogenhaus.com\/en\/product\/mdma-online-kaufen\/#Fazit\" >Conclusion<\/a><\/li><\/ul><\/li><\/ul><\/nav><\/div>\n<h1><span class=\"ez-toc-section\" id=\"MDMA_online_kaufen\"><\/span><span class=\"___SText_8k3ll-ko_\" data-ui-name=\"Link.Text\">Buy MDMA online<\/span><span class=\"ez-toc-section-end\"><\/span><\/h1>\n<p>Willkommen bei der besten Quelle, um\u00a0<strong>MDMA online zu kaufen<\/strong>. Unser Premium-MDMA Kristall ist bekannt f\u00fcr seine Reinheit, Potenz und au\u00dfergew\u00f6hnliche Qualit\u00e4t. Ob Sie ein Erstk\u00e4ufer oder ein erfahrener Benutzer sind, wir bieten das hochwertigste Produkt, um ein \u00fcberragendes Erlebnis zu gew\u00e4hrleisten.<\/p>\n<h2><span class=\"ez-toc-section\" id=\"Was_ist_MDMA\"><\/span><span id=\"Was_ist_MDMA\" class=\"ez-toc-section\"><\/span>Was ist MDMA?<span class=\"ez-toc-section-end\"><\/span><\/h2>\n<p>MDMA (<a href=\"https:\/\/en.wikipedia.org\/wiki\/3,4-Methylenedioxy-N-hydroxy-N-methylamphetamine\" target=\"_blank\" rel=\"noopener\">3,4-Methylendioxy-N-methylamphetamin<\/a>), allgemein bekannt als\u00a0<a href=\"https:\/\/xtcdrogenhaus.com\/en\/product\/ecstasy\/\">Ecstasy<\/a>\u00a0oder Molly, ist eine synthetische Droge, die f\u00fcr ihre stimmungsaufhellenden und empathischen Effekte bekannt ist. Es hat sowohl f\u00fcr Freizeit- als auch f\u00fcr therapeutische Zwecke an Beliebtheit gewonnen und bietet den Benutzern ein tiefes Gef\u00fchl der Verbindung und Euphorie.<\/p>\n<h2><span class=\"ez-toc-section\" id=\"Warum_unseren_MDMA_Kristall_wahlen\"><\/span><span id=\"Warum_unseren_MDMA_Kristall_waehlen\" class=\"ez-toc-section\"><\/span>Warum unseren MDMA Kristall w\u00e4hlen?<span class=\"ez-toc-section-end\"><\/span><\/h2>\n<h3><span class=\"ez-toc-section\" id=\"Reinheit_und_Qualitat\"><\/span><span id=\"Reinheit_und_Qualitaet\" class=\"ez-toc-section\"><\/span>Reinheit und Qualit\u00e4t<span class=\"ez-toc-section-end\"><\/span><\/h3>\n<ul>\n<li><strong>99,9% reiner Kristall<\/strong>: Unser MDMA Kristall wird sorgf\u00e4ltig gereinigt, um sicherzustellen, dass Sie ein Produkt erhalten, das zu 99,9% rein ist, frei von Verunreinigungen und Streckmitteln.<\/li>\n<li><strong>Laborgetestet<\/strong>: Jede Charge wird in zertifizierten Labors strengen Tests unterzogen, um ihre Reinheit und Potenz zu \u00fcberpr\u00fcfen.<\/li>\n<li><strong>Hervorragende Beschaffung<\/strong>: Wir beziehen unser MDMA von seri\u00f6sen Lieferanten, die strenge Herstellungsstandards einhalten.<\/li>\n<\/ul>\n<h3><span class=\"ez-toc-section\" id=\"Unvergleichliches_Erlebnis\"><\/span><span id=\"Unvergleichliches_Erlebnis\" class=\"ez-toc-section\"><\/span>Unvergleichliches Erlebnis<span class=\"ez-toc-section-end\"><\/span><\/h3>\n<ul>\n<li><strong>Konsistente Dosierung<\/strong>: Unser Kristall bietet eine konsistente und zuverl\u00e4ssige Dosierung, sodass Sie Ihr Erlebnis pr\u00e4zise steuern k\u00f6nnen.<\/li>\n<li><strong>Verst\u00e4rkte Effekte<\/strong>: Erleben Sie das gesamte Spektrum der MDMA-Effekte, einschlie\u00dflich gesteigerter Empathie, Euphorie und sensorischer Wahrnehmung.<\/li>\n<li><strong>Therapeutic potential<\/strong>: Unser MDMA Kristall kann verantwortungsvoll f\u00fcr pers\u00f6nliches Wachstum und Heilung verwendet werden und ist f\u00fcr sein Potenzial in therapeutischen Umgebungen anerkannt.<\/li>\n<\/ul>\n<h3><span class=\"ez-toc-section\" id=\"Sicherheit_und_Diskretion\"><\/span><span id=\"Sicherheit_und_Diskretion\" class=\"ez-toc-section\"><\/span>Sicherheit und Diskretion<span class=\"ez-toc-section-end\"><\/span><\/h3>\n<ul>\n<li><strong>Sichere Verpackung<\/strong>: Wir verwenden diskrete und sichere Verpackungen, um Ihre Privatsph\u00e4re und die Integrit\u00e4t des Produkts w\u00e4hrend des Transports zu gew\u00e4hrleisten.<\/li>\n<li><strong>Vertraulicher Versand<\/strong>: Unser Versandprozess ist so konzipiert, dass er vertraulich ist und keine Hinweise auf das Produkt auf der Verpackung enth\u00e4lt.<\/li>\n<li><strong>Zuverl\u00e4ssige Lieferung<\/strong>: Wir bieten zuverl\u00e4ssige und nachverfolgbare Lieferoptionen, um sicherzustellen, dass Ihre Bestellung sicher und p\u00fcnktlich ankommt.<\/li>\n<\/ul>\n<h2><span class=\"ez-toc-section\" id=\"Wie_man_MDMA_Kristall_verwendet\"><\/span><span id=\"Wie_man_MDMA_Kristall_verwendet\" class=\"ez-toc-section\"><\/span>Wie man MDMA Kristall verwendet<span class=\"ez-toc-section-end\"><\/span><\/h2>\n<h3><span class=\"ez-toc-section\" id=\"Vorbereitung\"><\/span><span id=\"Vorbereitung\" class=\"ez-toc-section\"><\/span>Vorbereitung<span class=\"ez-toc-section-end\"><\/span><\/h3>\n<ol>\n<li><strong>Genaues Wiegen<\/strong>: Verwenden Sie eine pr\u00e4zise Waage, um Ihre Dosis genau zu messen. Wir empfehlen, mit einer niedrigeren Dosis zu beginnen, wenn Sie ein Anf\u00e4nger sind.<\/li>\n<li><strong>Zerkleinern des Kristalls<\/strong>: F\u00fcr eine einfachere Einnahme k\u00f6nnen Sie den Kristall zu einem feinen Pulver zerkleinern.<\/li>\n<li><strong>Hydration<\/strong>: Trinken Sie vor, w\u00e4hrend und nach Ihrem Erlebnis viel Wasser, um hydriert zu bleiben.<\/li>\n<\/ol>\n<h3><span class=\"ez-toc-section\" id=\"Konsummethoden\"><\/span><span id=\"Konsummethoden\" class=\"ez-toc-section\"><\/span>Konsummethoden<span class=\"ez-toc-section-end\"><\/span><\/h3>\n<ul>\n<li><strong>Oral intake<\/strong>: Die h\u00e4ufigste Methode, einfach den Kristall in Wasser aufl\u00f6sen oder in eine Kapsel geben.<\/li>\n<li><strong>Sublingual<\/strong>: Legen Sie den Kristall unter die Zunge f\u00fcr eine schnellere Absorption.<\/li>\n<li><strong>Parachuting<\/strong>: Wickeln Sie den zerkleinerten Kristall in ein St\u00fcck Gewebe und schlucken Sie es.<\/li>\n<\/ul>\n<h3><span class=\"ez-toc-section\" id=\"Dosierungsempfehlungen\"><\/span><span id=\"Dosierungsempfehlungen\" class=\"ez-toc-section\"><\/span>Dosierungsempfehlungen<span class=\"ez-toc-section-end\"><\/span><\/h3>\n<ul>\n<li><strong>Beginners<\/strong>: Beginnen Sie mit einer Dosis von 75-100 mg.<\/li>\n<li><strong>Mittelstufe<\/strong>: Normalerweise reichen 100-150 mg aus.<\/li>\n<li><strong>Erfahrene Benutzer<\/strong>: Bis zu 200 mg, aber gehen Sie vorsichtig vor.<\/li>\n<\/ul>\n<h2><span class=\"ez-toc-section\" id=\"Vorteile_von_MDMA_Kristall\"><\/span><span id=\"Vorteile_von_MDMA_Kristall\" class=\"ez-toc-section\"><\/span>Vorteile von MDMA Kristall<span class=\"ez-toc-section-end\"><\/span><\/h2>\n<h3><span class=\"ez-toc-section\" id=\"Verbesserte_emotionale_Verbindung\"><\/span><span id=\"Verbesserte_emotionale_Verbindung\" class=\"ez-toc-section\"><\/span>Verbesserte emotionale Verbindung<span class=\"ez-toc-section-end\"><\/span><\/h3>\n<p>MDMA ist bekannt f\u00fcr seine F\u00e4higkeit, emotionale N\u00e4he und Empathie zu verst\u00e4rken, was es in sozialen und therapeutischen Umgebungen beliebt macht.<\/p>\n<h3><span class=\"ez-toc-section\" id=\"Erhohte_sensorische_Wahrnehmung\"><\/span><span id=\"Erhoehte_sensorische_Wahrnehmung\" class=\"ez-toc-section\"><\/span>Erh\u00f6hte sensorische Wahrnehmung<span class=\"ez-toc-section-end\"><\/span><\/h3>\n<p>Benutzer berichten oft von gesteigerten sensorischen Erfahrungen, einschlie\u00dflich intensiverer Farben, Ger\u00e4usche und taktiler Empfindungen.<\/p>\n<h3><span class=\"ez-toc-section\" id=\"Stimmungsaufhellung\"><\/span><span id=\"Stimmungsaufhellung\" class=\"ez-toc-section\"><\/span>Stimmungsaufhellung<span class=\"ez-toc-section-end\"><\/span><\/h3>\n<p>Erleben Sie eine erhebliche Stimmungsverbesserung und ein allgemeines Wohlbefinden, das oft zu Gef\u00fchlen der Euphorie und des Gl\u00fccks f\u00fchrt.<\/p>\n<h3><span class=\"ez-toc-section\" id=\"Therapeutische_Anwendungen\"><\/span><span id=\"Therapeutische_Anwendungen\" class=\"ez-toc-section\"><\/span>Therapeutische Anwendungen<span class=\"ez-toc-section-end\"><\/span><\/h3>\n<p>MDMA hat sich bei der Behandlung von PTSD, Angstzust\u00e4nden und Depressionen als vielversprechend erwiesen und bietet Linderung, wo traditionelle Therapien m\u00f6glicherweise versagen.<\/p>\n<h2><span class=\"ez-toc-section\" id=\"FAQs\"><\/span><span id=\"FAQs\" class=\"ez-toc-section\"><\/span>FAQs<span class=\"ez-toc-section-end\"><\/span><\/h2>\n<h3><span class=\"ez-toc-section\" id=\"Ist_es_legal_MDMA_online_zu_kaufen\"><\/span><span id=\"Ist_es_legal_MDMA_online_zu_kaufen\" class=\"ez-toc-section\"><\/span>Ist es legal, MDMA online zu kaufen?<span class=\"ez-toc-section-end\"><\/span><\/h3>\n<p>MDMA ist in vielen L\u00e4ndern eine kontrollierte Substanz. Stellen Sie sicher, dass Sie sich \u00fcber den rechtlichen Status an Ihrem Standort im Klaren sind, bevor Sie einen Kauf t\u00e4tigen.<\/p>\n<h3><span class=\"ez-toc-section\" id=\"Wie_weis_ich_dass_das_MDMA_rein_ist\"><\/span><span id=\"Wie_weiss_ich_dass_das_MDMA_rein_ist\" class=\"ez-toc-section\"><\/span>Wie wei\u00df ich, dass das MDMA rein ist?<span class=\"ez-toc-section-end\"><\/span><\/h3>\n<p>Unser MDMA Kristall wird auf Reinheit und Potenz im Labor getestet. Wir stellen f\u00fcr jede Charge detaillierte Berichte zur Transparenz und f\u00fcr Ihre Sicherheit zur Verf\u00fcgung.<\/p>\n<h3><span class=\"ez-toc-section\" id=\"Wie_sollte_ich_MDMA_Kristall_lagern\"><\/span><span id=\"Wie_sollte_ich_MDMA_Kristall_lagern\" class=\"ez-toc-section\"><\/span>Wie sollte ich MDMA Kristall lagern?<span class=\"ez-toc-section-end\"><\/span><\/h3>\n<p>Lagern Sie Ihren MDMA Kristall an einem k\u00fchlen, trockenen Ort, fern von direktem Sonnenlicht und Feuchtigkeit, um dessen Qualit\u00e4t und Potenz zu erhalten.<\/p>\n<h3><span class=\"ez-toc-section\" id=\"Was_sind_die_moglichen_Nebenwirkungen\"><\/span><span id=\"Was_sind_die_moeglichen_Nebenwirkungen\" class=\"ez-toc-section\"><\/span>Was sind die m\u00f6glichen Nebenwirkungen?<span class=\"ez-toc-section-end\"><\/span><\/h3>\n<p>H\u00e4ufige Nebenwirkungen sind Dehydrierung, erh\u00f6hte Herzfrequenz und leichte Angstzust\u00e4nde. Es ist wichtig, hydriert zu bleiben und verantwortungsvoll zu konsumieren.<\/p>\n<h3><span class=\"ez-toc-section\" id=\"Kann_ich_MDMA_Kristall_fur_therapeutische_Zwecke_verwenden\"><\/span><span id=\"Kann_ich_MDMA_Kristall_fuer_therapeutische_Zwecke_verwenden\" class=\"ez-toc-section\"><\/span>Kann ich MDMA Kristall f\u00fcr therapeutische Zwecke verwenden?<span class=\"ez-toc-section-end\"><\/span><\/h3>\n<p>Obwohl MDMA in therapeutischen Umgebungen vielversprechend ist, sollte es unter professioneller Anleitung verwendet werden, um Sicherheit und Wirksamkeit zu gew\u00e4hrleisten.<\/p>\n<h2><span class=\"ez-toc-section\" id=\"Fazit\"><\/span><span id=\"Fazit\" class=\"ez-toc-section\"><\/span>Conclusion<span class=\"ez-toc-section-end\"><\/span><\/h2>\n<p>Wenn Sie sich entscheiden,\u00a0<strong>MDMA online bei uns zu kaufen<\/strong>, w\u00e4hlen Sie ein Produkt von un\u00fcbertroffener Qualit\u00e4t, Reinheit und Zuverl\u00e4ssigkeit. Unser Engagement f\u00fcr Exzellenz stellt sicher, dass Sie ein Produkt erhalten, das den h\u00f6chsten Standards entspricht und Ihnen jedes Mal ein \u00fcberragendes Erlebnis bietet. Genie\u00dfen Sie die tiefgreifenden Effekte unseres erstklassigen MDMA Kristalls und entdecken Sie, warum so viele uns f\u00fcr ihre Bed\u00fcrfnisse vertrauen.<\/p>\n<p>Bestellen Sie jetzt und beginnen Sie eine au\u00dfergew\u00f6hnliche Reise mit unserem hochwertigen MDMA Kristall. Ihre Zufriedenheit und Sicherheit sind unsere obersten Priorit\u00e4ten, und wir sind bestrebt, Ihnen den bestm\u00f6glichen Service und das bestm\u00f6gliche Produkt zu bieten.<\/p>","protected":false},"excerpt":{"rendered":"<p>\u2713 Protected and vacuum-packed camouflage shipping<br \/>\n\u2713Anonymous payment with Bitcoin and bank transfer<br \/>\n\u2713Full data protection through encryption<\/p>","protected":false},"featured_media":4697,"comment_status":"open","ping_status":"closed","template":"","meta":[],"product_brand":[],"product_cat":[32],"product_tag":[],"class_list":{"0":"post-4696","1":"product","2":"type-product","3":"status-publish","4":"has-post-thumbnail","6":"product_cat-mdma","7":"sales-flash-overlay","8":"woocommerce-text-align-center","9":"woocommerce-image-align-center","10":"do-quantity-buttons","12":"first","13":"instock","14":"shipping-taxable","15":"purchasable","16":"product-type-variable"},"_links":{"self":[{"href":"https:\/\/xtcdrogenhaus.com\/en\/wp-json\/wp\/v2\/product\/4696","targetHints":{"allow":["GET"]}}],"collection":[{"href":"https:\/\/xtcdrogenhaus.com\/en\/wp-json\/wp\/v2\/product"}],"about":[{"href":"https:\/\/xtcdrogenhaus.com\/en\/wp-json\/wp\/v2\/types\/product"}],"replies":[{"embeddable":true,"href":"https:\/\/xtcdrogenhaus.com\/en\/wp-json\/wp\/v2\/comments?post=4696"}],"wp:featuredmedia":[{"embeddable":true,"href":"https:\/\/xtcdrogenhaus.com\/en\/wp-json\/wp\/v2\/media\/4697"}],"wp:attachment":[{"href":"https:\/\/xtcdrogenhaus.com\/en\/wp-json\/wp\/v2\/media?parent=4696"}],"wp:term":[{"taxonomy":"product_brand","embeddable":true,"href":"https:\/\/xtcdrogenhaus.com\/en\/wp-json\/wp\/v2\/product_brand?post=4696"},{"taxonomy":"product_cat","embeddable":true,"href":"https:\/\/xtcdrogenhaus.com\/en\/wp-json\/wp\/v2\/product_cat?post=4696"},{"taxonomy":"product_tag","embeddable":true,"href":"https:\/\/xtcdrogenhaus.com\/en\/wp-json\/wp\/v2\/product_tag?post=4696"}],"curies":[{"name":"wp","href":"https:\/\/api.w.org\/{rel}","templated":true}]}}