{"id":4682,"date":"2025-04-20T06:52:59","date_gmt":"2025-04-20T06:52:59","guid":{"rendered":"https:\/\/xtcdrogenhaus.com\/?post_type=product&#038;p=4682"},"modified":"2025-10-02T05:06:16","modified_gmt":"2025-10-02T05:06:16","slug":"ecstasy","status":"publish","type":"product","link":"https:\/\/xtcdrogenhaus.com\/da\/produkt-2\/ecstasy\/","title":{"rendered":"Ekstase"},"content":{"rendered":"<div id=\"ez-toc-container\" class=\"ez-toc-v2_0_82_2 counter-hierarchy ez-toc-counter ez-toc-grey ez-toc-container-direction\">\n<div class=\"ez-toc-title-container\">\n<p class=\"ez-toc-title\" style=\"cursor:inherit\">Indholdsfortegnelse<\/p>\n<span class=\"ez-toc-title-toggle\"><a href=\"#\" class=\"ez-toc-pull-right ez-toc-btn ez-toc-btn-xs ez-toc-btn-default ez-toc-toggle\" aria-label=\"Toggle Table of Content\"><span class=\"ez-toc-js-icon-con\"><span class=\"\"><span class=\"eztoc-hide\" style=\"display:none;\">Toggle<\/span><span class=\"ez-toc-icon-toggle-span\"><svg style=\"fill: #999;color:#999\" xmlns=\"http:\/\/www.w3.org\/2000\/svg\" class=\"list-377408\" width=\"20px\" height=\"20px\" viewbox=\"0 0 24 24\" fill=\"none\"><path d=\"M6 6H4v2h2V6zm14 0H8v2h12V6zM4 11h2v2H4v-2zm16 0H8v2h12v-2zM4 16h2v2H4v-2zm16 0H8v2h12v-2z\" fill=\"currentColor\"><\/path><\/svg><svg style=\"fill: #999;color:#999\" class=\"arrow-unsorted-368013\" xmlns=\"http:\/\/www.w3.org\/2000\/svg\" width=\"10px\" height=\"10px\" viewbox=\"0 0 24 24\" version=\"1.2\" baseprofile=\"tiny\"><path d=\"M18.2 9.3l-6.2-6.3-6.2 6.3c-.2.2-.3.4-.3.7s.1.5.3.7c.2.2.4.3.7.3h11c.3 0 .5-.1.7-.3.2-.2.3-.5.3-.7s-.1-.5-.3-.7zM5.8 14.7l6.2 6.3 6.2-6.3c.2-.2.3-.5.3-.7s-.1-.5-.3-.7c-.2-.2-.4-.3-.7-.3h-11c-.3 0-.5.1-.7.3-.2.2-.3.5-.3.7s.1.5.3.7z\"\/><\/svg><\/span><\/span><\/span><\/a><\/span><\/div>\n<nav><ul class='ez-toc-list ez-toc-list-level-1' ><li class='ez-toc-page-1 ez-toc-heading-level-1'><a class=\"ez-toc-link ez-toc-heading-1\" href=\"https:\/\/xtcdrogenhaus.com\/da\/produkt-2\/ecstasy\/#Ecstasy_kaufen_%E2%80%93_Fur_intensive_Erlebnisse_emotionale_Tiefe\" >K\u00f8b ecstasy - Til intense oplevelser og f\u00f8lelsesm\u00e6ssig dybde<\/a><ul class='ez-toc-list-level-3' ><li class='ez-toc-heading-level-3'><ul class='ez-toc-list-level-3' ><li class='ez-toc-heading-level-3'><a class=\"ez-toc-link ez-toc-heading-2\" href=\"https:\/\/xtcdrogenhaus.com\/da\/produkt-2\/ecstasy\/#Was_ist_Ecstasy\" >Hvad er ecstasy?<\/a><\/li><li class='ez-toc-page-1 ez-toc-heading-level-3'><a class=\"ez-toc-link ez-toc-heading-3\" href=\"https:\/\/xtcdrogenhaus.com\/da\/produkt-2\/ecstasy\/#Vorteile_von_Ecstasy\" >Fordele ved ecstasy<\/a><\/li><li class='ez-toc-page-1 ez-toc-heading-level-3'><a class=\"ez-toc-link ez-toc-heading-4\" href=\"https:\/\/xtcdrogenhaus.com\/da\/produkt-2\/ecstasy\/#Anwendung_Dosierung\" >Anvendelse og dosering<\/a><\/li><li class='ez-toc-page-1 ez-toc-heading-level-3'><a class=\"ez-toc-link ez-toc-heading-5\" href=\"https:\/\/xtcdrogenhaus.com\/da\/produkt-2\/ecstasy\/#Tipps_fur_eine_gute_Erfahrung\" >Tips til en god oplevelse<\/a><\/li><li class='ez-toc-page-1 ez-toc-heading-level-3'><a class=\"ez-toc-link ez-toc-heading-6\" href=\"https:\/\/xtcdrogenhaus.com\/da\/produkt-2\/ecstasy\/#FAQs_%E2%80%93_Haufig_gestellte_Fragen\" >FAQ - Ofte stillede sp\u00f8rgsm\u00e5l<\/a><\/li><li class='ez-toc-page-1 ez-toc-heading-level-3'><a class=\"ez-toc-link ez-toc-heading-7\" href=\"https:\/\/xtcdrogenhaus.com\/da\/produkt-2\/ecstasy\/#Fazit\" >Konklusion<\/a><\/li><\/ul><\/li><\/ul><\/li><\/ul><\/nav><\/div>\n<h1 data-start=\"220\" data-end=\"288\"><span class=\"ez-toc-section\" id=\"Ecstasy_kaufen_%E2%80%93_Fur_intensive_Erlebnisse_emotionale_Tiefe\"><\/span><strong data-start=\"224\" data-end=\"288\">K\u00f8b ecstasy - Til intense oplevelser og f\u00f8lelsesm\u00e6ssig dybde<\/strong><span class=\"ez-toc-section-end\"><\/span><\/h1>\n<p class=\"\" data-start=\"290\" data-end=\"568\">Ecstasy (ogs\u00e5 kendt som MDMA) er et popul\u00e6rt stof, der er v\u00e6rdsat for sine intense f\u00f8lelsesm\u00e6ssige, sociale og sensoriske effekter. Uanset om det er til festivaler, intime \u00f8jeblikke eller kreative rejser - ecstasy kan udvide din opfattelse og muligg\u00f8re nye oplevelser.<\/p>\n<h3 class=\"\" data-start=\"575\" data-end=\"599\"><span class=\"ez-toc-section\" id=\"Was_ist_Ecstasy\"><\/span><strong data-start=\"579\" data-end=\"599\">Hvad er ecstasy?<\/strong><span class=\"ez-toc-section-end\"><\/span><\/h3>\n<p class=\"\" data-start=\"601\" data-end=\"855\">Ecstasy (MDMA) er en aktiv ingrediens, der kan \u00f8ge den f\u00f8lelsesm\u00e6ssige oplevelse, empatien og energiniveauet. Mange mennesker bruger ecstasy til at komme dybere i kontakt med sig selv eller andre og til at opleve s\u00e6rlige \u00f8jeblikke endnu mere intenst.<\/p>\n<h3 class=\"\" data-start=\"862\" data-end=\"890\"><span class=\"ez-toc-section\" id=\"Vorteile_von_Ecstasy\"><\/span><strong data-start=\"866\" data-end=\"890\">Fordele ved ecstasy<\/strong><span class=\"ez-toc-section-end\"><\/span><\/h3>\n<ul data-start=\"892\" data-end=\"1257\">\n<li class=\"\" data-start=\"892\" data-end=\"954\">\n<p class=\"\" data-start=\"894\" data-end=\"954\"><strong data-start=\"894\" data-end=\"923\">Eufori og lykkef\u00f8lelse:<\/strong> L\u00f8fter hum\u00f8ret m\u00e6rkbart<\/p>\n<\/li>\n<li class=\"\" data-start=\"955\" data-end=\"1015\">\n<p class=\"\" data-start=\"957\" data-end=\"1015\"><strong data-start=\"957\" data-end=\"975\">Mere empati:<\/strong> Fremmer n\u00e6rhed, tillid og \u00e5benhed<\/p>\n<\/li>\n<li class=\"\" data-start=\"1016\" data-end=\"1090\">\n<p class=\"\" data-start=\"1018\" data-end=\"1090\"><strong data-start=\"1018\" data-end=\"1040\">Sensorisk dybde:<\/strong> Farver, musik og ber\u00f8ring bliver mere intense<\/p>\n<\/li>\n<li class=\"\" data-start=\"1091\" data-end=\"1171\">\n<p class=\"\" data-start=\"1093\" data-end=\"1171\"><strong data-start=\"1093\" data-end=\"1118\">Energi og motivation:<\/strong> Ideel til dans, fester eller kreative aktiviteter<\/p>\n<\/li>\n<li class=\"\" data-start=\"1172\" data-end=\"1257\">\n<p class=\"\" data-start=\"1174\" data-end=\"1257\"><strong data-start=\"1174\" data-end=\"1200\">F\u00f8lelsesm\u00e6ssig forbindelse:<\/strong> Underst\u00f8tter dybe samtaler og personlig indsigt<\/p>\n<\/li>\n<\/ul>\n<h3 class=\"\" data-start=\"1264\" data-end=\"1293\"><span class=\"ez-toc-section\" id=\"Anwendung_Dosierung\"><\/span><strong data-start=\"1268\" data-end=\"1293\">Anvendelse og dosering<\/strong><span class=\"ez-toc-section-end\"><\/span><\/h3>\n<p class=\"\" data-start=\"1295\" data-end=\"1316\"><strong data-start=\"1295\" data-end=\"1316\">Anbefalet dosis:<\/strong><\/p>\n<ul data-start=\"1317\" data-end=\"1407\">\n<li class=\"\" data-start=\"1317\" data-end=\"1339\">\n<p class=\"\" data-start=\"1319\" data-end=\"1339\">Begynder: 50-75 mg<\/p>\n<\/li>\n<li class=\"\" data-start=\"1340\" data-end=\"1371\">\n<p class=\"\" data-start=\"1342\" data-end=\"1371\">Avanceret: 75-125 mg<\/p>\n<\/li>\n<li class=\"\" data-start=\"1372\" data-end=\"1407\">\n<p class=\"\" data-start=\"1374\" data-end=\"1407\">Erfarne brugere: op til 150 mg<\/p>\n<\/li>\n<\/ul>\n<p class=\"\" data-start=\"1409\" data-end=\"1511\"><strong data-start=\"1409\" data-end=\"1422\">Indtagelse:<\/strong> Oralt indtag med vand<br data-start=\"1448\" data-end=\"1451\" \/><strong data-start=\"1451\" data-end=\"1466\">Begyndelse af virkning:<\/strong> 30-45 minutter<br data-start=\"1480\" data-end=\"1483\" \/><strong data-start=\"1483\" data-end=\"1497\">Virkningens varighed:<\/strong> 3-6 timer<\/p>\n<h3 class=\"\" data-start=\"1518\" data-end=\"1555\"><span class=\"ez-toc-section\" id=\"Tipps_fur_eine_gute_Erfahrung\"><\/span><strong data-start=\"1522\" data-end=\"1555\">Tips til en god oplevelse<\/strong><span class=\"ez-toc-section-end\"><\/span><\/h3>\n<ul data-start=\"1557\" data-end=\"1788\">\n<li class=\"\" data-start=\"1557\" data-end=\"1607\">\n<p class=\"\" data-start=\"1559\" data-end=\"1607\">Drik vand regelm\u00e6ssigt (uden at overdrive)<\/p>\n<\/li>\n<li class=\"\" data-start=\"1608\" data-end=\"1646\">\n<p class=\"\" data-start=\"1610\" data-end=\"1646\">S\u00f8rg for et afslappet milj\u00f8<\/p>\n<\/li>\n<li class=\"\" data-start=\"1647\" data-end=\"1685\">\n<p class=\"\" data-start=\"1649\" data-end=\"1685\">Tag pauser og fork\u00e6l dig selv med et hvil<\/p>\n<\/li>\n<li class=\"\" data-start=\"1686\" data-end=\"1736\">\n<p class=\"\" data-start=\"1688\" data-end=\"1736\">Lyt til din krop, og overdriv ikke<\/p>\n<\/li>\n<li class=\"\" data-start=\"1737\" data-end=\"1788\">\n<p class=\"\" data-start=\"1739\" data-end=\"1788\">Opbevar ecstasy p\u00e5 et t\u00f8rt, k\u00f8ligt sted v\u00e6k fra lys<\/p>\n<\/li>\n<\/ul>\n<h3 class=\"\" data-start=\"1795\" data-end=\"1833\"><span class=\"ez-toc-section\" id=\"FAQs_%E2%80%93_Haufig_gestellte_Fragen\"><\/span><strong data-start=\"1799\" data-end=\"1833\">FAQ - Ofte stillede sp\u00f8rgsm\u00e5l<\/strong><span class=\"ez-toc-section-end\"><\/span><\/h3>\n<p class=\"\" data-start=\"1835\" data-end=\"1922\"><strong data-start=\"1835\" data-end=\"1859\">Hvad g\u00f8r ecstasy?<\/strong><br data-start=\"1859\" data-end=\"1862\" \/>\u00d8get hum\u00f8r, n\u00e6rhed, energi og sanseindtryk.<\/p>\n<p class=\"\" data-start=\"1924\" data-end=\"2025\"><strong data-start=\"1924\" data-end=\"1954\">Hvordan f\u00f8les ecstasy?<\/strong><br data-start=\"1954\" data-end=\"1957\" \/>Varm, \u00e5ben, euforisk - mange finder den f\u00f8lelsesm\u00e6ssigt intens.<\/p>\n<p class=\"\" data-start=\"2027\" data-end=\"2126\"><strong data-start=\"2027\" data-end=\"2061\">Hvor l\u00e6nge varer virkningen?<\/strong><br data-start=\"2061\" data-end=\"2064\" \/>Normalt 3-6 timer, afh\u00e6ngigt af dosis og stofskifte.<\/p>\n<p class=\"\" data-start=\"2128\" data-end=\"2244\"><strong data-start=\"2128\" data-end=\"2162\">Hvordan skal jeg opbevare ecstasy?<\/strong><br data-start=\"2162\" data-end=\"2165\" \/>Opbevares p\u00e5 et t\u00f8rt, m\u00f8rkt sted, helst i en beholder med l\u00e5g.<\/p>\n<p class=\"\" data-start=\"2246\" data-end=\"2358\"><strong data-start=\"2246\" data-end=\"2273\">Er der nogen bivirkninger?<\/strong><br data-start=\"2273\" data-end=\"2276\" \/>Mulige symptomer er mundt\u00f8rhed, appetitl\u00f8shed eller let t\u00e6ndersk\u00e6ren.<\/p>\n<h3 class=\"\" data-start=\"2365\" data-end=\"2378\"><span class=\"ez-toc-section\" id=\"Fazit\"><\/span><strong data-start=\"2369\" data-end=\"2378\">Konklusion<\/strong><span class=\"ez-toc-section-end\"><\/span><\/h3>\n<p class=\"\" data-start=\"2380\" data-end=\"2633\">Ecstasy giver en s\u00e6rlig mulighed for at opleve f\u00f8lelsesm\u00e6ssig dybde, eufori og samh\u00f8righed. Ideel til s\u00e6rlige lejligheder, kreative rejser eller \u00f8jeblikke med \u00e6gte n\u00e6rhed. K\u00f8b Ecstasy, og opdag en ny dimension af f\u00f8lelser og oplevelser.<\/p>","protected":false},"excerpt":{"rendered":"<p>\u2713 Beskyttet og vakuumpakket camouflageforsendelse<br \/>\n\u2713Anonym betaling med Bitcoin og bankoverf\u00f8rsel<br \/>\n\u2713Fuld databeskyttelse gennem kryptering<\/p>","protected":false},"featured_media":4695,"comment_status":"open","ping_status":"closed","template":"","meta":[],"product_brand":[],"product_cat":[32],"product_tag":[],"class_list":{"0":"post-4682","1":"product","2":"type-product","3":"status-publish","4":"has-post-thumbnail","6":"product_cat-mdma","7":"sales-flash-overlay","8":"woocommerce-text-align-center","9":"woocommerce-image-align-center","10":"do-quantity-buttons","12":"first","13":"instock","14":"shipping-taxable","15":"purchasable","16":"product-type-variable"},"_links":{"self":[{"href":"https:\/\/xtcdrogenhaus.com\/da\/wp-json\/wp\/v2\/product\/4682","targetHints":{"allow":["GET"]}}],"collection":[{"href":"https:\/\/xtcdrogenhaus.com\/da\/wp-json\/wp\/v2\/product"}],"about":[{"href":"https:\/\/xtcdrogenhaus.com\/da\/wp-json\/wp\/v2\/types\/product"}],"replies":[{"embeddable":true,"href":"https:\/\/xtcdrogenhaus.com\/da\/wp-json\/wp\/v2\/comments?post=4682"}],"wp:featuredmedia":[{"embeddable":true,"href":"https:\/\/xtcdrogenhaus.com\/da\/wp-json\/wp\/v2\/media\/4695"}],"wp:attachment":[{"href":"https:\/\/xtcdrogenhaus.com\/da\/wp-json\/wp\/v2\/media?parent=4682"}],"wp:term":[{"taxonomy":"product_brand","embeddable":true,"href":"https:\/\/xtcdrogenhaus.com\/da\/wp-json\/wp\/v2\/product_brand?post=4682"},{"taxonomy":"product_cat","embeddable":true,"href":"https:\/\/xtcdrogenhaus.com\/da\/wp-json\/wp\/v2\/product_cat?post=4682"},{"taxonomy":"product_tag","embeddable":true,"href":"https:\/\/xtcdrogenhaus.com\/da\/wp-json\/wp\/v2\/product_tag?post=4682"}],"curies":[{"name":"wp","href":"https:\/\/api.w.org\/{rel}","templated":true}]}}