{"id":4682,"date":"2025-04-20T06:52:59","date_gmt":"2025-04-20T06:52:59","guid":{"rendered":"https:\/\/xtcdrogenhaus.com\/?post_type=product&#038;p=4682"},"modified":"2025-10-02T05:06:16","modified_gmt":"2025-10-02T05:06:16","slug":"extaze","status":"publish","type":"product","link":"https:\/\/xtcdrogenhaus.com\/cs\/produkt-2\/extaze\/","title":{"rendered":"Ext\u00e1ze"},"content":{"rendered":"<div id=\"ez-toc-container\" class=\"ez-toc-v2_0_82_2 counter-hierarchy ez-toc-counter ez-toc-grey ez-toc-container-direction\">\n<div class=\"ez-toc-title-container\">\n<p class=\"ez-toc-title\" style=\"cursor:inherit\">Obsah<\/p>\n<span class=\"ez-toc-title-toggle\"><a href=\"#\" class=\"ez-toc-pull-right ez-toc-btn ez-toc-btn-xs ez-toc-btn-default ez-toc-toggle\" aria-label=\"Toggle Table of Content\"><span class=\"ez-toc-js-icon-con\"><span class=\"\"><span class=\"eztoc-hide\" style=\"display:none;\">P\u0159ep\u00edn\u00e1n\u00ed<\/span><span class=\"ez-toc-icon-toggle-span\"><svg style=\"fill: #999;color:#999\" xmlns=\"http:\/\/www.w3.org\/2000\/svg\" class=\"list-377408\" width=\"20px\" height=\"20px\" viewbox=\"0 0 24 24\" fill=\"none\"><path d=\"M6 6H4v2h2V6zm14 0H8v2h12V6zM4 11h2v2H4v-2zm16 0H8v2h12v-2zM4 16h2v2H4v-2zm16 0H8v2h12v-2z\" fill=\"currentColor\"><\/path><\/svg><svg style=\"fill: #999;color:#999\" class=\"arrow-unsorted-368013\" xmlns=\"http:\/\/www.w3.org\/2000\/svg\" width=\"10px\" height=\"10px\" viewbox=\"0 0 24 24\" version=\"1.2\" baseprofile=\"tiny\"><path d=\"M18.2 9.3l-6.2-6.3-6.2 6.3c-.2.2-.3.4-.3.7s.1.5.3.7c.2.2.4.3.7.3h11c.3 0 .5-.1.7-.3.2-.2.3-.5.3-.7s-.1-.5-.3-.7zM5.8 14.7l6.2 6.3 6.2-6.3c.2-.2.3-.5.3-.7s-.1-.5-.3-.7c-.2-.2-.4-.3-.7-.3h-11c-.3 0-.5.1-.7.3-.2.2-.3.5-.3.7s.1.5.3.7z\"\/><\/svg><\/span><\/span><\/span><\/a><\/span><\/div>\n<nav><ul class='ez-toc-list ez-toc-list-level-1' ><li class='ez-toc-page-1 ez-toc-heading-level-1'><a class=\"ez-toc-link ez-toc-heading-1\" href=\"https:\/\/xtcdrogenhaus.com\/cs\/produkt-2\/extaze\/#Ecstasy_kaufen_%E2%80%93_Fur_intensive_Erlebnisse_emotionale_Tiefe\" >Koupit ext\u00e1zi - Pro intenzivn\u00ed z\u00e1\u017eitky a emocion\u00e1ln\u00ed hloubku<\/a><ul class='ez-toc-list-level-3' ><li class='ez-toc-heading-level-3'><ul class='ez-toc-list-level-3' ><li class='ez-toc-heading-level-3'><a class=\"ez-toc-link ez-toc-heading-2\" href=\"https:\/\/xtcdrogenhaus.com\/cs\/produkt-2\/extaze\/#Was_ist_Ecstasy\" >Co je ext\u00e1ze?<\/a><\/li><li class='ez-toc-page-1 ez-toc-heading-level-3'><a class=\"ez-toc-link ez-toc-heading-3\" href=\"https:\/\/xtcdrogenhaus.com\/cs\/produkt-2\/extaze\/#Vorteile_von_Ecstasy\" >V\u00fdhody ext\u00e1ze<\/a><\/li><li class='ez-toc-page-1 ez-toc-heading-level-3'><a class=\"ez-toc-link ez-toc-heading-4\" href=\"https:\/\/xtcdrogenhaus.com\/cs\/produkt-2\/extaze\/#Anwendung_Dosierung\" >Pou\u017eit\u00ed a d\u00e1vkov\u00e1n\u00ed<\/a><\/li><li class='ez-toc-page-1 ez-toc-heading-level-3'><a class=\"ez-toc-link ez-toc-heading-5\" href=\"https:\/\/xtcdrogenhaus.com\/cs\/produkt-2\/extaze\/#Tipps_fur_eine_gute_Erfahrung\" >Tipy pro dobrou zku\u0161enost<\/a><\/li><li class='ez-toc-page-1 ez-toc-heading-level-3'><a class=\"ez-toc-link ez-toc-heading-6\" href=\"https:\/\/xtcdrogenhaus.com\/cs\/produkt-2\/extaze\/#FAQs_%E2%80%93_Haufig_gestellte_Fragen\" >\u010casto kladen\u00e9 ot\u00e1zky - \u010casto kladen\u00e9 ot\u00e1zky<\/a><\/li><li class='ez-toc-page-1 ez-toc-heading-level-3'><a class=\"ez-toc-link ez-toc-heading-7\" href=\"https:\/\/xtcdrogenhaus.com\/cs\/produkt-2\/extaze\/#Fazit\" >Z\u00e1v\u011br<\/a><\/li><\/ul><\/li><\/ul><\/li><\/ul><\/nav><\/div>\n<h1 data-start=\"220\" data-end=\"288\"><span class=\"ez-toc-section\" id=\"Ecstasy_kaufen_%E2%80%93_Fur_intensive_Erlebnisse_emotionale_Tiefe\"><\/span><strong data-start=\"224\" data-end=\"288\">Koupit ext\u00e1zi - Pro intenzivn\u00ed z\u00e1\u017eitky a emocion\u00e1ln\u00ed hloubku<\/strong><span class=\"ez-toc-section-end\"><\/span><\/h1>\n<p class=\"\" data-start=\"290\" data-end=\"568\">Ext\u00e1ze (zn\u00e1m\u00e1 tak\u00e9 jako MDMA) je obl\u00edben\u00e1 l\u00e1tka, kter\u00e1 je cen\u011bna pro sv\u00e9 intenzivn\u00ed emocion\u00e1ln\u00ed, soci\u00e1ln\u00ed a smyslov\u00e9 \u00fa\u010dinky. A\u0165 u\u017e se jedn\u00e1 o festivaly, intimn\u00ed chv\u00edle nebo tv\u016fr\u010d\u00ed cesty - ext\u00e1ze m\u016f\u017ee roz\u0161\u00ed\u0159it va\u0161e vn\u00edm\u00e1n\u00ed a umo\u017enit nov\u00e9 z\u00e1\u017eitky.<\/p>\n<h3 class=\"\" data-start=\"575\" data-end=\"599\"><span class=\"ez-toc-section\" id=\"Was_ist_Ecstasy\"><\/span><strong data-start=\"579\" data-end=\"599\">Co je ext\u00e1ze?<\/strong><span class=\"ez-toc-section-end\"><\/span><\/h3>\n<p class=\"\" data-start=\"601\" data-end=\"855\">Ext\u00e1ze (MDMA) je \u00fa\u010dinn\u00e1 l\u00e1tka, kter\u00e1 m\u016f\u017ee zv\u00fd\u0161it emo\u010dn\u00ed pro\u017eitek, empatii a hladinu energie. Mnoho lid\u00ed u\u017e\u00edv\u00e1 ext\u00e1zi, aby se hloub\u011bji spojili sami se sebou nebo s druh\u00fdmi a je\u0161t\u011b intenzivn\u011bji pro\u017e\u00edvali v\u00fdjime\u010dn\u00e9 okam\u017eiky.<\/p>\n<h3 class=\"\" data-start=\"862\" data-end=\"890\"><span class=\"ez-toc-section\" id=\"Vorteile_von_Ecstasy\"><\/span><strong data-start=\"866\" data-end=\"890\">V\u00fdhody ext\u00e1ze<\/strong><span class=\"ez-toc-section-end\"><\/span><\/h3>\n<ul data-start=\"892\" data-end=\"1257\">\n<li class=\"\" data-start=\"892\" data-end=\"954\">\n<p class=\"\" data-start=\"894\" data-end=\"954\"><strong data-start=\"894\" data-end=\"923\">Euforie a pocity \u0161t\u011bst\u00ed:<\/strong> V\u00fdrazn\u011b zlep\u0161uje n\u00e1ladu<\/p>\n<\/li>\n<li class=\"\" data-start=\"955\" data-end=\"1015\">\n<p class=\"\" data-start=\"957\" data-end=\"1015\"><strong data-start=\"957\" data-end=\"975\">V\u00edce empatie:<\/strong> Podporuje bl\u00edzkost, d\u016fv\u011bru a otev\u0159enost<\/p>\n<\/li>\n<li class=\"\" data-start=\"1016\" data-end=\"1090\">\n<p class=\"\" data-start=\"1018\" data-end=\"1090\"><strong data-start=\"1018\" data-end=\"1040\">Smyslov\u00e1 hloubka:<\/strong> Barvy, hudba a doteky jsou intenzivn\u011bj\u0161\u00ed.<\/p>\n<\/li>\n<li class=\"\" data-start=\"1091\" data-end=\"1171\">\n<p class=\"\" data-start=\"1093\" data-end=\"1171\"><strong data-start=\"1093\" data-end=\"1118\">Energie a motivace:<\/strong> Ide\u00e1ln\u00ed pro tanec, oslavy nebo tv\u016fr\u010d\u00ed \u010dinnosti.<\/p>\n<\/li>\n<li class=\"\" data-start=\"1172\" data-end=\"1257\">\n<p class=\"\" data-start=\"1174\" data-end=\"1257\"><strong data-start=\"1174\" data-end=\"1200\">Emocion\u00e1ln\u00ed spojen\u00ed:<\/strong> Podporuje hlubok\u00e9 rozhovory a osobn\u00ed vhledy<\/p>\n<\/li>\n<\/ul>\n<h3 class=\"\" data-start=\"1264\" data-end=\"1293\"><span class=\"ez-toc-section\" id=\"Anwendung_Dosierung\"><\/span><strong data-start=\"1268\" data-end=\"1293\">Pou\u017eit\u00ed a d\u00e1vkov\u00e1n\u00ed<\/strong><span class=\"ez-toc-section-end\"><\/span><\/h3>\n<p class=\"\" data-start=\"1295\" data-end=\"1316\"><strong data-start=\"1295\" data-end=\"1316\">Doporu\u010den\u00e1 d\u00e1vka:<\/strong><\/p>\n<ul data-start=\"1317\" data-end=\"1407\">\n<li class=\"\" data-start=\"1317\" data-end=\"1339\">\n<p class=\"\" data-start=\"1319\" data-end=\"1339\">Za\u010d\u00e1te\u010dn\u00edk: 50-75 mg<\/p>\n<\/li>\n<li class=\"\" data-start=\"1340\" data-end=\"1371\">\n<p class=\"\" data-start=\"1342\" data-end=\"1371\">Pokro\u010dil\u00e9: 75-125 mg<\/p>\n<\/li>\n<li class=\"\" data-start=\"1372\" data-end=\"1407\">\n<p class=\"\" data-start=\"1374\" data-end=\"1407\">Zku\u0161en\u00ed u\u017eivatel\u00e9: a\u017e 150 mg<\/p>\n<\/li>\n<\/ul>\n<p class=\"\" data-start=\"1409\" data-end=\"1511\"><strong data-start=\"1409\" data-end=\"1422\">P\u0159\u00edjem:<\/strong> Peror\u00e1ln\u00ed pod\u00e1n\u00ed s vodou<br data-start=\"1448\" data-end=\"1451\" \/><strong data-start=\"1451\" data-end=\"1466\">Za\u010d\u00e1tek \u00fa\u010dinku:<\/strong> 30-45 minut<br data-start=\"1480\" data-end=\"1483\" \/><strong data-start=\"1483\" data-end=\"1497\">Doba p\u016fsoben\u00ed:<\/strong> 3-6 hodin<\/p>\n<h3 class=\"\" data-start=\"1518\" data-end=\"1555\"><span class=\"ez-toc-section\" id=\"Tipps_fur_eine_gute_Erfahrung\"><\/span><strong data-start=\"1522\" data-end=\"1555\">Tipy pro dobrou zku\u0161enost<\/strong><span class=\"ez-toc-section-end\"><\/span><\/h3>\n<ul data-start=\"1557\" data-end=\"1788\">\n<li class=\"\" data-start=\"1557\" data-end=\"1607\">\n<p class=\"\" data-start=\"1559\" data-end=\"1607\">Pravideln\u011b pijte vodu (ale nep\u0159eh\u00e1n\u011bjte to).<\/p>\n<\/li>\n<li class=\"\" data-start=\"1608\" data-end=\"1646\">\n<p class=\"\" data-start=\"1610\" data-end=\"1646\">Zajist\u011bte uvoln\u011bn\u00e9 prost\u0159ed\u00ed<\/p>\n<\/li>\n<li class=\"\" data-start=\"1647\" data-end=\"1685\">\n<p class=\"\" data-start=\"1649\" data-end=\"1685\">D\u011blejte si p\u0159est\u00e1vky a dop\u0159ejte si odpo\u010dinek<\/p>\n<\/li>\n<li class=\"\" data-start=\"1686\" data-end=\"1736\">\n<p class=\"\" data-start=\"1688\" data-end=\"1736\">Naslouchejte sv\u00e9mu t\u011blu a nep\u0159eh\u00e1n\u011bjte to.<\/p>\n<\/li>\n<li class=\"\" data-start=\"1737\" data-end=\"1788\">\n<p class=\"\" data-start=\"1739\" data-end=\"1788\">Skladujte ext\u00e1zi na such\u00e9m a chladn\u00e9m m\u00edst\u011b mimo dosah sv\u011btla.<\/p>\n<\/li>\n<\/ul>\n<h3 class=\"\" data-start=\"1795\" data-end=\"1833\"><span class=\"ez-toc-section\" id=\"FAQs_%E2%80%93_Haufig_gestellte_Fragen\"><\/span><strong data-start=\"1799\" data-end=\"1833\">\u010casto kladen\u00e9 ot\u00e1zky - \u010casto kladen\u00e9 ot\u00e1zky<\/strong><span class=\"ez-toc-section-end\"><\/span><\/h3>\n<p class=\"\" data-start=\"1835\" data-end=\"1922\"><strong data-start=\"1835\" data-end=\"1859\">Co d\u011bl\u00e1 ext\u00e1ze?<\/strong><br data-start=\"1859\" data-end=\"1862\" \/>Zv\u00fd\u0161en\u00ed n\u00e1lady, bl\u00edzkosti, energie a smyslov\u00fdch vjem\u016f.<\/p>\n<p class=\"\" data-start=\"1924\" data-end=\"2025\"><strong data-start=\"1924\" data-end=\"1954\">Jak\u00fd je pocit ext\u00e1ze?<\/strong><br data-start=\"1954\" data-end=\"1957\" \/>H\u0159ejiv\u00e1, otev\u0159en\u00e1, euforick\u00e1 - pro mnoh\u00e9 je emocion\u00e1ln\u011b intenzivn\u00ed.<\/p>\n<p class=\"\" data-start=\"2027\" data-end=\"2126\"><strong data-start=\"2027\" data-end=\"2061\">Jak dlouho \u00fa\u010dinek trv\u00e1?<\/strong><br data-start=\"2061\" data-end=\"2064\" \/>Obvykle 3-6 hodin, v z\u00e1vislosti na d\u00e1vce a metabolismu.<\/p>\n<p class=\"\" data-start=\"2128\" data-end=\"2244\"><strong data-start=\"2128\" data-end=\"2162\">Jak m\u00e1m uchov\u00e1vat ext\u00e1zi?<\/strong><br data-start=\"2162\" data-end=\"2165\" \/>Skladujte na such\u00e9m a tmav\u00e9m m\u00edst\u011b, nejl\u00e9pe v n\u00e1dob\u011b s v\u00edkem.<\/p>\n<p class=\"\" data-start=\"2246\" data-end=\"2358\"><strong data-start=\"2246\" data-end=\"2273\">Existuj\u00ed n\u011bjak\u00e9 vedlej\u0161\u00ed \u00fa\u010dinky?<\/strong><br data-start=\"2273\" data-end=\"2276\" \/>Mezi mo\u017en\u00e9 p\u0159\u00edznaky pat\u0159\u00ed sucho v \u00fastech, ztr\u00e1ta chuti k j\u00eddlu nebo m\u00edrn\u00e9 sk\u0159\u00edp\u00e1n\u00ed zub\u016f.<\/p>\n<h3 class=\"\" data-start=\"2365\" data-end=\"2378\"><span class=\"ez-toc-section\" id=\"Fazit\"><\/span><strong data-start=\"2369\" data-end=\"2378\">Z\u00e1v\u011br<\/strong><span class=\"ez-toc-section-end\"><\/span><\/h3>\n<p class=\"\" data-start=\"2380\" data-end=\"2633\">Ext\u00e1ze nab\u00edz\u00ed zvl\u00e1\u0161tn\u00ed p\u0159\u00edle\u017eitost za\u017e\u00edt emocion\u00e1ln\u00ed hloubku, euforii a spojen\u00ed. Ide\u00e1ln\u00ed pro zvl\u00e1\u0161tn\u00ed p\u0159\u00edle\u017eitosti, tv\u016fr\u010d\u00ed cesty nebo chv\u00edle skute\u010dn\u00e9 bl\u00edzkosti. Kupte si Ecstasy a objevte novou dimenzi pocit\u016f a pro\u017eitk\u016f.<\/p>","protected":false},"excerpt":{"rendered":"<p>\u2713 Chr\u00e1n\u011bn\u00e1 a vakuov\u011b balen\u00e1 kamufl\u00e1\u017en\u00ed p\u0159eprava<br \/>\n\u2713Anonymn\u00ed platba pomoc\u00ed Bitcoinu a bankovn\u00edho p\u0159evodu<br \/>\n\u2713\u00dapln\u00e1 ochrana dat pomoc\u00ed \u0161ifrov\u00e1n\u00ed<\/p>","protected":false},"featured_media":4695,"comment_status":"open","ping_status":"closed","template":"","meta":[],"product_brand":[],"product_cat":[32],"product_tag":[],"class_list":{"0":"post-4682","1":"product","2":"type-product","3":"status-publish","4":"has-post-thumbnail","6":"product_cat-mdma","7":"sales-flash-overlay","8":"woocommerce-text-align-center","9":"woocommerce-image-align-center","10":"do-quantity-buttons","12":"first","13":"instock","14":"shipping-taxable","15":"purchasable","16":"product-type-variable"},"_links":{"self":[{"href":"https:\/\/xtcdrogenhaus.com\/cs\/wp-json\/wp\/v2\/product\/4682","targetHints":{"allow":["GET"]}}],"collection":[{"href":"https:\/\/xtcdrogenhaus.com\/cs\/wp-json\/wp\/v2\/product"}],"about":[{"href":"https:\/\/xtcdrogenhaus.com\/cs\/wp-json\/wp\/v2\/types\/product"}],"replies":[{"embeddable":true,"href":"https:\/\/xtcdrogenhaus.com\/cs\/wp-json\/wp\/v2\/comments?post=4682"}],"wp:featuredmedia":[{"embeddable":true,"href":"https:\/\/xtcdrogenhaus.com\/cs\/wp-json\/wp\/v2\/media\/4695"}],"wp:attachment":[{"href":"https:\/\/xtcdrogenhaus.com\/cs\/wp-json\/wp\/v2\/media?parent=4682"}],"wp:term":[{"taxonomy":"product_brand","embeddable":true,"href":"https:\/\/xtcdrogenhaus.com\/cs\/wp-json\/wp\/v2\/product_brand?post=4682"},{"taxonomy":"product_cat","embeddable":true,"href":"https:\/\/xtcdrogenhaus.com\/cs\/wp-json\/wp\/v2\/product_cat?post=4682"},{"taxonomy":"product_tag","embeddable":true,"href":"https:\/\/xtcdrogenhaus.com\/cs\/wp-json\/wp\/v2\/product_tag?post=4682"}],"curies":[{"name":"wp","href":"https:\/\/api.w.org\/{rel}","templated":true}]}}