{"id":4646,"date":"2025-04-17T03:59:58","date_gmt":"2025-04-17T03:59:58","guid":{"rendered":"https:\/\/xtcdrogenhaus.com\/?post_type=product&#038;p=4646"},"modified":"2025-04-17T03:59:59","modified_gmt":"2025-04-17T03:59:59","slug":"objednat-ketamin-bez-lekarskeho-predpisu","status":"publish","type":"product","link":"https:\/\/xtcdrogenhaus.com\/cs\/produkt-2\/objednat-ketamin-bez-lekarskeho-predpisu\/","title":{"rendered":"Ketamin"},"content":{"rendered":"<div id=\"ez-toc-container\" class=\"ez-toc-v2_0_82_2 counter-hierarchy ez-toc-counter ez-toc-grey ez-toc-container-direction\">\n<div class=\"ez-toc-title-container\">\n<p class=\"ez-toc-title\" style=\"cursor:inherit\">Obsah<\/p>\n<span class=\"ez-toc-title-toggle\"><a href=\"#\" class=\"ez-toc-pull-right ez-toc-btn ez-toc-btn-xs ez-toc-btn-default ez-toc-toggle\" aria-label=\"Toggle Table of Content\"><span class=\"ez-toc-js-icon-con\"><span class=\"\"><span class=\"eztoc-hide\" style=\"display:none;\">P\u0159ep\u00edn\u00e1n\u00ed<\/span><span class=\"ez-toc-icon-toggle-span\"><svg style=\"fill: #999;color:#999\" xmlns=\"http:\/\/www.w3.org\/2000\/svg\" class=\"list-377408\" width=\"20px\" height=\"20px\" viewbox=\"0 0 24 24\" fill=\"none\"><path d=\"M6 6H4v2h2V6zm14 0H8v2h12V6zM4 11h2v2H4v-2zm16 0H8v2h12v-2zM4 16h2v2H4v-2zm16 0H8v2h12v-2z\" fill=\"currentColor\"><\/path><\/svg><svg style=\"fill: #999;color:#999\" class=\"arrow-unsorted-368013\" xmlns=\"http:\/\/www.w3.org\/2000\/svg\" width=\"10px\" height=\"10px\" viewbox=\"0 0 24 24\" version=\"1.2\" baseprofile=\"tiny\"><path d=\"M18.2 9.3l-6.2-6.3-6.2 6.3c-.2.2-.3.4-.3.7s.1.5.3.7c.2.2.4.3.7.3h11c.3 0 .5-.1.7-.3.2-.2.3-.5.3-.7s-.1-.5-.3-.7zM5.8 14.7l6.2 6.3 6.2-6.3c.2-.2.3-.5.3-.7s-.1-.5-.3-.7c-.2-.2-.4-.3-.7-.3h-11c-.3 0-.5.1-.7.3-.2.2-.3.5-.3.7s.1.5.3.7z\"\/><\/svg><\/span><\/span><\/span><\/a><\/span><\/div>\n<nav><ul class='ez-toc-list ez-toc-list-level-1' ><li class='ez-toc-page-1 ez-toc-heading-level-2'><a class=\"ez-toc-link ez-toc-heading-1\" href=\"https:\/\/xtcdrogenhaus.com\/cs\/produkt-2\/objednat-ketamin-bez-lekarskeho-predpisu\/#Ketamin_bestellen_ohne_rezept\" >Objednat ketamin bez l\u00e9ka\u0159sk\u00e9ho p\u0159edpisu<\/a><\/li><li class='ez-toc-page-1 ez-toc-heading-level-2'><a class=\"ez-toc-link ez-toc-heading-2\" href=\"https:\/\/xtcdrogenhaus.com\/cs\/produkt-2\/objednat-ketamin-bez-lekarskeho-predpisu\/#Hauptanwendungen\" >Hlavn\u00ed aplikace<\/a><\/li><li class='ez-toc-page-1 ez-toc-heading-level-2'><a class=\"ez-toc-link ez-toc-heading-3\" href=\"https:\/\/xtcdrogenhaus.com\/cs\/produkt-2\/objednat-ketamin-bez-lekarskeho-predpisu\/#Vorteile\" >V\u00fdhody<\/a><\/li><li class='ez-toc-page-1 ez-toc-heading-level-2'><a class=\"ez-toc-link ez-toc-heading-4\" href=\"https:\/\/xtcdrogenhaus.com\/cs\/produkt-2\/objednat-ketamin-bez-lekarskeho-predpisu\/#Haufig_gestellte_Fragen\" >\u010casto kladen\u00e9 ot\u00e1zky<\/a><\/li><\/ul><\/nav><\/div>\n<h2><span class=\"ez-toc-section\" id=\"Ketamin_bestellen_ohne_rezept\"><\/span>Objednat ketamin bez l\u00e9ka\u0159sk\u00e9ho p\u0159edpisu<span class=\"ez-toc-section-end\"><\/span><\/h2>\n<p>Ketamine bestellen ohne rezept - Ketamin je univerz\u00e1ln\u00ed anestetikum a analgetikum pou\u017e\u00edvan\u00e9 v hum\u00e1nn\u00ed i veterin\u00e1rn\u00ed medic\u00edn\u011b. Poskytuje rychlou \u00falevu od bolesti a navozen\u00ed anestezie, p\u0159i\u010dem\u017e do zna\u010dn\u00e9 m\u00edry zachov\u00e1v\u00e1 reflexy d\u00fdchac\u00edch cest a kardiovaskul\u00e1rn\u00ed stabilitu, a p\u0159i n\u00edzk\u00fdch d\u00e1vk\u00e1ch m\u00e1 p\u016fsobiv\u011b rychl\u00fd antidepresivn\u00ed \u00fa\u010dinek u depres\u00ed rezistentn\u00edch na l\u00e9\u010dbu. D\u00edky sv\u00fdm opioidy \u0161et\u0159\u00edc\u00edm \u00fa\u010dink\u016fm ketamin sni\u017euje pot\u0159ebu konven\u010dn\u00edch analgetik a m\u016f\u017ee b\u00fdt p\u0159izp\u016fsoben v \u0161irok\u00e9 \u0161k\u00e1le aplika\u010dn\u00edch forem k \u00fa\u010dinn\u00e9 podpo\u0159e pacient\u016f v akutn\u00edch i chronick\u00fdch situac\u00edch.<\/p>\n<h2 class=\"\" data-start=\"670\" data-end=\"693\"><span class=\"ez-toc-section\" id=\"Hauptanwendungen\"><\/span>Hlavn\u00ed aplikace<span class=\"ez-toc-section-end\"><\/span><\/h2>\n<ul data-start=\"694\" data-end=\"1480\">\n<li class=\"\" data-start=\"694\" data-end=\"845\">\n<p class=\"\" data-start=\"696\" data-end=\"845\"><strong data-start=\"696\" data-end=\"729\">L\u00e9ka\u0159sk\u00e1 anestezie u lid\u00ed:<\/strong> Zaveden\u00ed a udr\u017eov\u00e1n\u00ed anestezie b\u011bhem chirurgick\u00fdch z\u00e1krok\u016f.<\/p>\n<\/li>\n<li class=\"\" data-start=\"846\" data-end=\"1061\">\n<p class=\"\" data-start=\"848\" data-end=\"1061\"><strong data-start=\"848\" data-end=\"885\">Terapie urgentn\u00ed a akutn\u00ed bolesti:<\/strong> Bolusov\u00e9 injekce s n\u00edzkou d\u00e1vkou (0,1-0,3 mg\/kg) sni\u017euj\u00ed intenzitu bolesti a pot\u0159ebu opioid\u016f bez ovlivn\u011bn\u00ed d\u00fdchac\u00edch cest.<\/p>\n<\/li>\n<li class=\"\" data-start=\"846\" data-end=\"1061\">\n<p class=\"\" data-start=\"848\" data-end=\"1061\"><strong data-start=\"1064\" data-end=\"1092\">Psychiatrick\u00e1 l\u00e9\u010dba:<\/strong> Subanestetick\u00e9 d\u00e1vky vedou b\u011bhem n\u011bkolika hodin k antidepresivn\u00edmu \u00fa\u010dinku, kter\u00fd m\u016f\u017ee trvat a\u017e t\u00fdden.<\/p>\n<\/li>\n<li class=\"\" data-start=\"1247\" data-end=\"1344\">\n<p class=\"\" data-start=\"1249\" data-end=\"1344\"><strong data-start=\"1249\" data-end=\"1270\">Veterin\u00e1rn\u00ed medic\u00edna:<\/strong> Sedace, anestezie a l\u00e9\u010dba bolesti u mnoha druh\u016f zv\u00ed\u0159at .<\/p>\n<\/li>\n<li class=\"\" data-start=\"1345\" data-end=\"1480\">\n<p class=\"\" data-start=\"1347\" data-end=\"1480\"><strong data-start=\"1347\" data-end=\"1373\">Aplikace mimo zna\u010dku:<\/strong> Pou\u017eit\u00ed v terapi\u00edch posttraumatick\u00e9 stresov\u00e9 poruchy a \u00fazkostn\u00fdch poruch v klinick\u00fdch studi\u00edch <span class=\"ms-1 inline-flex max-w-full items-center relative top-[-0.094rem] animate-[show_150ms_ease-in]\"><a class=\"flex h-6 overflow-hidden rounded-xl px-2.5 text-[0.5625em] font-medium text-token-text-secondary! bg-[#F4F4F4]! dark:bg-[#303030]! transition-colors duration-150 ease-in-out\" href=\"https:\/\/www.painnewsnetwork.org\/stories\/2024\/1\/26\/patients-should-know-the-health-benefits-of-ketamine-not-just-its-risks?utm_source=chatgpt.com\" target=\"_blank\" rel=\"noopener\"><span class=\"relative start-0 bottom-0 flex h-full w-full items-center\"><span class=\"flex h-4 w-full items-center justify-between overflow-hidden\"><span class=\"max-w-full grow truncate overflow-hidden text-center\">Pain News Network<\/span><\/span><\/span><\/a><\/span>.<\/p>\n<\/li>\n<\/ul>\n<h2 class=\"\" data-start=\"1482\" data-end=\"1498\"><span class=\"ez-toc-section\" id=\"Vorteile\"><\/span>V\u00fdhody<span class=\"ez-toc-section-end\"><\/span><\/h2>\n<ul data-start=\"1499\" data-end=\"2198\">\n<li class=\"\" data-start=\"1499\" data-end=\"1623\">\n<p class=\"\" data-start=\"1501\" data-end=\"1623\"><strong data-start=\"1501\" data-end=\"1532\">Rychl\u00fd n\u00e1stup \u00fa\u010dinku:<\/strong> Je patrn\u00fd ji\u017e n\u011bkolik minut po pod\u00e1n\u00ed.<\/p>\n<\/li>\n<li class=\"\" data-start=\"1624\" data-end=\"1754\">\n<p class=\"\" data-start=\"1626\" data-end=\"1754\"><strong data-start=\"1626\" data-end=\"1650\">Zachov\u00e1n\u00ed d\u00fdchac\u00edch cest:<\/strong> Zachov\u00e1n\u00ed ochrann\u00fdch reflex\u016f a bronchodilata\u010dn\u00edch \u00fa\u010dink\u016f.<\/p>\n<\/li>\n<li class=\"\" data-start=\"1755\" data-end=\"1897\">\n<p class=\"\" data-start=\"1757\" data-end=\"1897\"><strong data-start=\"1757\" data-end=\"1776\">\u0160et\u0159\u00edc\u00ed opioidy:<\/strong> Sni\u017euje pot\u0159ebu opioid\u016f a minimalizuje souvisej\u00edc\u00ed vedlej\u0161\u00ed \u00fa\u010dinky.<\/p>\n<\/li>\n<li class=\"\" data-start=\"1898\" data-end=\"2037\">\n<p class=\"\" data-start=\"1900\" data-end=\"2037\"><strong data-start=\"1900\" data-end=\"1928\">Neuroplastick\u00e9 \u00fa\u010dinky:<\/strong> Podpora neuron\u00e1ln\u00edch adapta\u010dn\u00edch proces\u016f pro stabilizaci n\u00e1lady.<\/p>\n<\/li>\n<li class=\"\" data-start=\"2038\" data-end=\"2198\">\n<p class=\"\" data-start=\"2040\" data-end=\"2198\"><strong data-start=\"2040\" data-end=\"2075\">V\u0161estrann\u00e9 formul\u00e1\u0159e \u017e\u00e1dost\u00ed:<\/strong> IV, IM, intranaz\u00e1ln\u011b, peror\u00e1ln\u011b, sublingv\u00e1ln\u011b, rekt\u00e1ln\u011b - p\u0159izp\u016fsoben\u00ed klinick\u00fdm po\u017eadavk\u016fm.<\/p>\n<\/li>\n<\/ul>\n<h2 class=\"\" data-start=\"2200\" data-end=\"2229\"><span class=\"ez-toc-section\" id=\"Haufig_gestellte_Fragen\"><\/span>\u010casto kladen\u00e9 ot\u00e1zky<span class=\"ez-toc-section-end\"><\/span><\/h2>\n<ol data-start=\"2231\" data-end=\"3858\">\n<li class=\"\" data-start=\"2231\" data-end=\"2475\">\n<p class=\"\" data-start=\"2234\" data-end=\"2475\"><strong data-start=\"2234\" data-end=\"2267\">Jak se ketamin pod\u00e1v\u00e1?<\/strong><br data-start=\"2267\" data-end=\"2270\" \/>Ketamin lze pod\u00e1vat intraven\u00f3zn\u011b (IV), intramuskul\u00e1rn\u011b (IM), intranaz\u00e1ln\u011b (nap\u0159. esketamin ve spreji), peror\u00e1ln\u011b (kapsle\/tablety), sublingv\u00e1ln\u011b, rekt\u00e1ln\u011b a subkut\u00e1nn\u011b.<\/p>\n<\/li>\n<li class=\"\" data-start=\"2477\" data-end=\"2740\">\n<p class=\"\" data-start=\"2480\" data-end=\"2740\"><strong data-start=\"2480\" data-end=\"2512\">Jak\u00e9 je obvykl\u00e9 d\u00e1vkov\u00e1n\u00ed?<\/strong><br data-start=\"2512\" data-end=\"2515\" \/>P\u0159i l\u00e9\u010db\u011b bolesti se pou\u017e\u00edv\u00e1 0,1-0,3 mg\/kg jako bolus, p\u0159i l\u00e9\u010db\u011b deprese sta\u010d\u00ed 0,25-0,5 mg\/kg intraven\u00f3zn\u011b. Peror\u00e1ln\u00ed d\u00e1vky jsou 0,25-7 mg\/kg (v z\u00e1vislosti na indikaci).<\/p>\n<\/li>\n<li class=\"\" data-start=\"2742\" data-end=\"3028\">\n<p class=\"\" data-start=\"2745\" data-end=\"3028\"><strong data-start=\"2745\" data-end=\"2778\">Pro koho je ketamin vhodn\u00fd?<\/strong><br data-start=\"2778\" data-end=\"2781\" \/>Vhodn\u00fd pro pacienty s akutn\u00ed bolest\u00ed, traumatick\u00fdmi poran\u011bn\u00edmi, depresemi rezistentn\u00edmi na l\u00e9\u010dbu a pacienty s rizikov\u00fdmi faktory d\u00fdch\u00e1n\u00ed, pro kter\u00e9 jsou jin\u00e1 anestetika m\u00e9n\u011b vhodn\u00e1.<\/p>\n<\/li>\n<li class=\"\" data-start=\"3030\" data-end=\"3261\">\n<p class=\"\" data-start=\"3033\" data-end=\"3261\"><strong data-start=\"3033\" data-end=\"3067\">Jak dlouho \u00fa\u010dinek trv\u00e1?<\/strong><br data-start=\"3067\" data-end=\"3070\" \/>IV: 10-20 minut, IM: 15-30 minut, intranaz\u00e1ln\u011b: a\u017e 60 minut, peror\u00e1ln\u011b: 4-6 hodin; antidepresivn\u00ed \u00fa\u010dinek m\u016f\u017ee trvat a\u017e t\u00fdden.<\/p>\n<\/li>\n<li class=\"\" data-start=\"3263\" data-end=\"3556\">\n<p class=\"\" data-start=\"3266\" data-end=\"3556\"><strong data-start=\"3266\" data-end=\"3320\">Existuj\u00ed n\u011bjak\u00e9 interakce s jin\u00fdmi l\u00e9ky?<\/strong><br data-start=\"3320\" data-end=\"3323\" \/>Ano, zejm\u00e9na u centr\u00e1ln\u011b tlumiv\u00fdch l\u00e1tek (opioidy, benzodiazepiny) m\u016f\u017ee doj\u00edt k \u00fatlumu d\u00fdch\u00e1n\u00ed a kardiovaskul\u00e1rn\u00edm \u00fa\u010dink\u016fm. L\u00e9ka\u0159sk\u00fd dohled je proto nezbytn\u00fd.<\/p>\n<\/li>\n<li class=\"\" data-start=\"3558\" data-end=\"3858\">\n<p class=\"\" data-start=\"3561\" data-end=\"3858\"><strong data-start=\"3561\" data-end=\"3605\">Jak\u00fd je rozd\u00edl mezi esketaminem a ketaminem?<\/strong><br data-start=\"3605\" data-end=\"3608\" \/>Esketamin je S-enantiomer, obvykle povolen\u00fd jako intranaz\u00e1ln\u00ed sprej (Spravato). M\u00e1 podobn\u00e9 antidepresivn\u00ed \u00fa\u010dinky p\u0159i ni\u017e\u0161\u00ed d\u00e1vce a je specificky povolen pro l\u00e9\u010dbu rezistentn\u00ed deprese.<\/p>\n<\/li>\n<\/ol>","protected":false},"excerpt":{"rendered":"<p>\u2713 Nepr\u016fhledn\u00e1 a vakuov\u011b balen\u00e1 kamufl\u00e1\u017en\u00ed doprava<br \/>\n\u2713Anonymn\u00ed platba pomoc\u00ed bitcoinu\/krypto a bankovn\u00edho p\u0159evodu<br \/>\n\u2713Kompletn\u00ed ochrana dat pomoc\u00ed \u0161ifrov\u00e1n\u00ed<\/p>","protected":false},"featured_media":4651,"comment_status":"open","ping_status":"closed","template":"","meta":[],"product_brand":[],"product_cat":[29],"product_tag":[],"class_list":{"0":"post-4646","1":"product","2":"type-product","3":"status-publish","4":"has-post-thumbnail","6":"product_cat-ketamin","7":"sales-flash-overlay","8":"woocommerce-text-align-center","9":"woocommerce-image-align-center","10":"do-quantity-buttons","12":"first","13":"instock","14":"shipping-taxable","15":"purchasable","16":"product-type-variable"},"_links":{"self":[{"href":"https:\/\/xtcdrogenhaus.com\/cs\/wp-json\/wp\/v2\/product\/4646","targetHints":{"allow":["GET"]}}],"collection":[{"href":"https:\/\/xtcdrogenhaus.com\/cs\/wp-json\/wp\/v2\/product"}],"about":[{"href":"https:\/\/xtcdrogenhaus.com\/cs\/wp-json\/wp\/v2\/types\/product"}],"replies":[{"embeddable":true,"href":"https:\/\/xtcdrogenhaus.com\/cs\/wp-json\/wp\/v2\/comments?post=4646"}],"wp:featuredmedia":[{"embeddable":true,"href":"https:\/\/xtcdrogenhaus.com\/cs\/wp-json\/wp\/v2\/media\/4651"}],"wp:attachment":[{"href":"https:\/\/xtcdrogenhaus.com\/cs\/wp-json\/wp\/v2\/media?parent=4646"}],"wp:term":[{"taxonomy":"product_brand","embeddable":true,"href":"https:\/\/xtcdrogenhaus.com\/cs\/wp-json\/wp\/v2\/product_brand?post=4646"},{"taxonomy":"product_cat","embeddable":true,"href":"https:\/\/xtcdrogenhaus.com\/cs\/wp-json\/wp\/v2\/product_cat?post=4646"},{"taxonomy":"product_tag","embeddable":true,"href":"https:\/\/xtcdrogenhaus.com\/cs\/wp-json\/wp\/v2\/product_tag?post=4646"}],"curies":[{"name":"wp","href":"https:\/\/api.w.org\/{rel}","templated":true}]}}