{"id":4640,"date":"2025-04-17T03:23:55","date_gmt":"2025-04-17T03:23:55","guid":{"rendered":"https:\/\/xtcdrogenhaus.com\/?post_type=product&#038;p=4640"},"modified":"2025-04-17T03:24:55","modified_gmt":"2025-04-17T03:24:55","slug":"maroc-hash","status":"publish","type":"product","link":"https:\/\/xtcdrogenhaus.com\/cs\/produkt-2\/maroc-hash\/","title":{"rendered":"Maroc Hash"},"content":{"rendered":"<div id=\"ez-toc-container\" class=\"ez-toc-v2_0_82_2 counter-hierarchy ez-toc-counter ez-toc-grey ez-toc-container-direction\">\n<div class=\"ez-toc-title-container\">\n<p class=\"ez-toc-title\" style=\"cursor:inherit\">Obsah<\/p>\n<span class=\"ez-toc-title-toggle\"><a href=\"#\" class=\"ez-toc-pull-right ez-toc-btn ez-toc-btn-xs ez-toc-btn-default ez-toc-toggle\" aria-label=\"Toggle Table of Content\"><span class=\"ez-toc-js-icon-con\"><span class=\"\"><span class=\"eztoc-hide\" style=\"display:none;\">P\u0159ep\u00edn\u00e1n\u00ed<\/span><span class=\"ez-toc-icon-toggle-span\"><svg style=\"fill: #999;color:#999\" xmlns=\"http:\/\/www.w3.org\/2000\/svg\" class=\"list-377408\" width=\"20px\" height=\"20px\" viewbox=\"0 0 24 24\" fill=\"none\"><path d=\"M6 6H4v2h2V6zm14 0H8v2h12V6zM4 11h2v2H4v-2zm16 0H8v2h12v-2zM4 16h2v2H4v-2zm16 0H8v2h12v-2z\" fill=\"currentColor\"><\/path><\/svg><svg style=\"fill: #999;color:#999\" class=\"arrow-unsorted-368013\" xmlns=\"http:\/\/www.w3.org\/2000\/svg\" width=\"10px\" height=\"10px\" viewbox=\"0 0 24 24\" version=\"1.2\" baseprofile=\"tiny\"><path d=\"M18.2 9.3l-6.2-6.3-6.2 6.3c-.2.2-.3.4-.3.7s.1.5.3.7c.2.2.4.3.7.3h11c.3 0 .5-.1.7-.3.2-.2.3-.5.3-.7s-.1-.5-.3-.7zM5.8 14.7l6.2 6.3 6.2-6.3c.2-.2.3-.5.3-.7s-.1-.5-.3-.7c-.2-.2-.4-.3-.7-.3h-11c-.3 0-.5.1-.7.3-.2.2-.3.5-.3.7s.1.5.3.7z\"\/><\/svg><\/span><\/span><\/span><\/a><\/span><\/div>\n<nav><ul class='ez-toc-list ez-toc-list-level-1' ><li class='ez-toc-page-1 ez-toc-heading-level-1'><a class=\"ez-toc-link ez-toc-heading-1\" href=\"https:\/\/xtcdrogenhaus.com\/cs\/produkt-2\/maroc-hash\/#Moroccan_hash_Was_du_wissen_musst\" >Moroccan hash: Was du wissen musst<\/a><ul class='ez-toc-list-level-4' ><li class='ez-toc-heading-level-4'><ul class='ez-toc-list-level-4' ><li class='ez-toc-heading-level-4'><ul class='ez-toc-list-level-4' ><li class='ez-toc-heading-level-4'><a class=\"ez-toc-link ez-toc-heading-2\" href=\"https:\/\/xtcdrogenhaus.com\/cs\/produkt-2\/maroc-hash\/#Was_ist_Maroc_hash\" >Was ist Maroc hash?<\/a><\/li><li class='ez-toc-page-1 ez-toc-heading-level-4'><a class=\"ez-toc-link ez-toc-heading-3\" href=\"https:\/\/xtcdrogenhaus.com\/cs\/produkt-2\/maroc-hash\/#Wie_wird_Moroccan_hash_hergestellt\" >Wie wird Moroccan hash hergestellt?<\/a><\/li><li class='ez-toc-page-1 ez-toc-heading-level-4'><a class=\"ez-toc-link ez-toc-heading-4\" href=\"https:\/\/xtcdrogenhaus.com\/cs\/produkt-2\/maroc-hash\/#Warum_ist_Moroccan_hash_so_beliebt\" >Warum ist Moroccan hash so beliebt?<\/a><\/li><\/ul><\/li><li class='ez-toc-page-1 ez-toc-heading-level-3'><a class=\"ez-toc-link ez-toc-heading-5\" href=\"https:\/\/xtcdrogenhaus.com\/cs\/produkt-2\/maroc-hash\/#FAQs_zu_Maroc_hash\" >FAQs zu Maroc hash<\/a><\/li><li class='ez-toc-page-1 ez-toc-heading-level-3'><a class=\"ez-toc-link ez-toc-heading-6\" href=\"https:\/\/xtcdrogenhaus.com\/cs\/produkt-2\/maroc-hash\/#Schlusswort_zu_Moroccan_hash\" >Schlusswort zu Moroccan hash<\/a><\/li><\/ul><\/li><\/ul><\/li><\/ul><\/nav><\/div>\n<h1><span class=\"ez-toc-section\" id=\"Moroccan_hash_Was_du_wissen_musst\"><\/span><span class=\"___SText_8k3ll-ko_\" data-ui-name=\"Link.Text\">Moroccan hash<\/span>: Was du wissen musst<span class=\"ez-toc-section-end\"><\/span><\/h1>\n<p>Interessierst du dich f\u00fcr\u00a0Moroccan hash und fragst dich, was es damit auf sich hat? Du bist nicht allein. Viele Menschen sind neugierig auf die Herkunft, Qualit\u00e4t und Verwendungsm\u00f6glichkeiten dieses traditionellen Produkts. Lass uns bei einem virtuellen Kaffee dar\u00fcber reden.<\/p>\n<h4><span class=\"ez-toc-section\" id=\"Was_ist_Maroc_hash\"><\/span><span id=\"Was_ist_Maroc_hash\" class=\"ez-toc-section\"><\/span>Was ist Maroc hash?<span class=\"ez-toc-section-end\"><\/span><\/h4>\n<p>Maroc hash ist ein konzentriertes Cannabisprodukt, das aus dem Harz der Cannabispflanze gewonnen wird. Es ist bekannt f\u00fcr seine hohe Qualit\u00e4t, seinen charakteristischen Geschmack und seine entspannende Wirkung.<\/p>\n<p>Stell dir vor, du bist auf einem Basar in Marrakesch. Der Duft von Gew\u00fcrzen und Weihrauch liegt in der Luft, und dazwischen riechst du das s\u00fc\u00dfe, erdige Aroma von Moroccan hash. Es ist nicht nur ein Produkt, sondern ein Teil der Kultur und Geschichte Marokkos.<\/p>\n<h4><span class=\"ez-toc-section\" id=\"Wie_wird_Moroccan_hash_hergestellt\"><\/span><span id=\"Wie_wird_Moroccan_hash_hergestellt\" class=\"ez-toc-section\"><\/span>Wie wird Moroccan hash hergestellt?<span class=\"ez-toc-section-end\"><\/span><\/h4>\n<p>Die Herstellung von\u00a0Maroc hash ist eine Kunstform, die von Generation zu Generation weitergegeben wird. Die Bauern ernten die Cannabispflanzen und trocknen sie in der Sonne. Danach wird das Harz von den Bl\u00fcten abgetrennt und zu feinen, goldbraunen Bl\u00f6cken gepresst.<\/p>\n<p><strong>Einige wichtige Schritte im Prozess:<\/strong><\/p>\n<ul>\n<li><strong>Trocknung:<\/strong>\u00a0Die Pflanzen werden getrocknet, um das Harz zu konzentrieren.<\/li>\n<li><strong>Siebung:<\/strong>\u00a0Das Harz wird durch feine Siebe gesiebt, um es von Pflanzenresten zu trennen.<\/li>\n<li><strong>Pressen:<\/strong>\u00a0Das gesammelte Harz wird zu festen Bl\u00f6cken gepresst, die leicht transportiert und gelagert werden k\u00f6nnen.<\/li>\n<\/ul>\n<h4><span class=\"ez-toc-section\" id=\"Warum_ist_Moroccan_hash_so_beliebt\"><\/span><span id=\"Warum_ist_Moroccan_hash_so_beliebt\" class=\"ez-toc-section\"><\/span>Warum ist Moroccan hash so beliebt?<span class=\"ez-toc-section-end\"><\/span><\/h4>\n<p>Moroccan hash\u00a0ist weltweit bekannt f\u00fcr seine Qualit\u00e4t. Die Kombination aus handwerklichem K\u00f6nnen und idealen klimatischen Bedingungen macht ihn einzigartig.<\/p>\n<p><strong>Einige Gr\u00fcnde f\u00fcr die Beliebtheit:<\/strong><\/p>\n<ul>\n<li><strong>Hohe Potenz:<\/strong>\u00a0Maroc hash hat einen hohen THC-Gehalt, was f\u00fcr eine starke Wirkung sorgt.<\/li>\n<li><strong>Vielseitigkeit:<\/strong>\u00a0Du kannst ihn rauchen, in Lebensmitteln verwenden oder sogar zu \u00d6len verarbeiten.<\/li>\n<li><strong>Einfachheit:<\/strong>\u00a0Er ist leicht formbar und kann daher einfach in verschiedene Formen gebracht werden.<\/li>\n<\/ul>\n<h3><span class=\"ez-toc-section\" id=\"FAQs_zu_Maroc_hash\"><\/span><span id=\"FAQs_zu_Maroc_hash\" class=\"ez-toc-section\"><\/span>FAQs zu Maroc hash<span class=\"ez-toc-section-end\"><\/span><\/h3>\n<p><strong>Wird Moroccan hash legal verkauft?<\/strong><\/p>\n<p>Das h\u00e4ngt von deinem Land ab. In vielen L\u00e4ndern ist der Verkauf und Besitz illegal, w\u00e4hrend er in anderen L\u00e4ndern unter bestimmten Bedingungen erlaubt ist.<\/p>\n<p><strong>Wie unterscheidet man hochwertigen Maroc hash?<\/strong><\/p>\n<p>Hochwertiger\u00a0Moroccan hash hat eine goldbraune Farbe, eine weiche Textur und ein intensives Aroma. Wenn er zu hart oder zu schwarz ist, k\u00f6nnte er von minderer Qualit\u00e4t sein.<\/p>\n<p><strong>Wie bewahrt man Moroccan hash am besten auf?<\/strong><\/p>\n<p>Bewahre ihn an einem k\u00fchlen, dunklen Ort auf, am besten in einem luftdichten Beh\u00e4lter. So bleibt er l\u00e4nger frisch und potent.<\/p>\n<h3><span class=\"ez-toc-section\" id=\"Schlusswort_zu_Moroccan_hash\"><\/span><span id=\"Schlusswort_zu_Moroccan_hash\" class=\"ez-toc-section\"><\/span>Schlusswort zu Moroccan hash<span class=\"ez-toc-section-end\"><\/span><\/h3>\n<p>Maroc hash ist mehr als nur ein Produkt \u2013 es ist ein St\u00fcck Kultur, Geschichte und Handwerkskunst. Wenn du mehr dar\u00fcber erfahren m\u00f6chtest, lohnt es sich, tiefer in die Welt dieses faszinierenden Produkts einzutauchen.<\/p>\n<p>Ob du ihn genie\u00dft oder einfach nur neugierig bist,\u00a0Moroccan hash bleibt ein zeitloser Klassiker.<\/p>","protected":false},"excerpt":{"rendered":"<p>\u2713 Nepr\u016fhledn\u00e1 a vakuov\u011b balen\u00e1 kamufl\u00e1\u017en\u00ed doprava<br \/>\n\u2713Anonymn\u00ed platba pomoc\u00ed Bitcoinu a bankovn\u00edho p\u0159evodu<br \/>\n\u2713Kompletn\u00ed ochrana dat pomoc\u00ed \u0161ifrov\u00e1n\u00ed<\/p>","protected":false},"featured_media":4645,"comment_status":"open","ping_status":"closed","template":"","meta":[],"product_brand":[],"product_cat":[28],"product_tag":[],"class_list":{"0":"post-4640","1":"product","2":"type-product","3":"status-publish","4":"has-post-thumbnail","6":"product_cat-hasch-kaufen","7":"sales-flash-overlay","8":"woocommerce-text-align-center","9":"woocommerce-image-align-center","10":"do-quantity-buttons","12":"first","13":"instock","14":"shipping-taxable","15":"purchasable","16":"product-type-variable"},"_links":{"self":[{"href":"https:\/\/xtcdrogenhaus.com\/cs\/wp-json\/wp\/v2\/product\/4640","targetHints":{"allow":["GET"]}}],"collection":[{"href":"https:\/\/xtcdrogenhaus.com\/cs\/wp-json\/wp\/v2\/product"}],"about":[{"href":"https:\/\/xtcdrogenhaus.com\/cs\/wp-json\/wp\/v2\/types\/product"}],"replies":[{"embeddable":true,"href":"https:\/\/xtcdrogenhaus.com\/cs\/wp-json\/wp\/v2\/comments?post=4640"}],"wp:featuredmedia":[{"embeddable":true,"href":"https:\/\/xtcdrogenhaus.com\/cs\/wp-json\/wp\/v2\/media\/4645"}],"wp:attachment":[{"href":"https:\/\/xtcdrogenhaus.com\/cs\/wp-json\/wp\/v2\/media?parent=4640"}],"wp:term":[{"taxonomy":"product_brand","embeddable":true,"href":"https:\/\/xtcdrogenhaus.com\/cs\/wp-json\/wp\/v2\/product_brand?post=4640"},{"taxonomy":"product_cat","embeddable":true,"href":"https:\/\/xtcdrogenhaus.com\/cs\/wp-json\/wp\/v2\/product_cat?post=4640"},{"taxonomy":"product_tag","embeddable":true,"href":"https:\/\/xtcdrogenhaus.com\/cs\/wp-json\/wp\/v2\/product_tag?post=4640"}],"curies":[{"name":"wp","href":"https:\/\/api.w.org\/{rel}","templated":true}]}}