{"id":4269,"date":"2021-02-07T17:31:33","date_gmt":"2021-02-07T17:31:33","guid":{"rendered":"https:\/\/sites.generatepress.com\/shop\/?post_type=product&#038;p=4269"},"modified":"2025-06-01T09:50:54","modified_gmt":"2025-06-01T09:50:54","slug":"koupit-amfetamin-online","status":"publish","type":"product","link":"https:\/\/xtcdrogenhaus.com\/cs\/produkt-2\/koupit-amfetamin-online\/","title":{"rendered":"Amfetamin"},"content":{"rendered":"<div id=\"ez-toc-container\" class=\"ez-toc-v2_0_82_2 counter-hierarchy ez-toc-counter ez-toc-grey ez-toc-container-direction\">\n<div class=\"ez-toc-title-container\">\n<p class=\"ez-toc-title\" style=\"cursor:inherit\">Obsah<\/p>\n<span class=\"ez-toc-title-toggle\"><a href=\"#\" class=\"ez-toc-pull-right ez-toc-btn ez-toc-btn-xs ez-toc-btn-default ez-toc-toggle\" aria-label=\"Toggle Table of Content\"><span class=\"ez-toc-js-icon-con\"><span class=\"\"><span class=\"eztoc-hide\" style=\"display:none;\">P\u0159ep\u00edn\u00e1n\u00ed<\/span><span class=\"ez-toc-icon-toggle-span\"><svg style=\"fill: #999;color:#999\" xmlns=\"http:\/\/www.w3.org\/2000\/svg\" class=\"list-377408\" width=\"20px\" height=\"20px\" viewbox=\"0 0 24 24\" fill=\"none\"><path d=\"M6 6H4v2h2V6zm14 0H8v2h12V6zM4 11h2v2H4v-2zm16 0H8v2h12v-2zM4 16h2v2H4v-2zm16 0H8v2h12v-2z\" fill=\"currentColor\"><\/path><\/svg><svg style=\"fill: #999;color:#999\" class=\"arrow-unsorted-368013\" xmlns=\"http:\/\/www.w3.org\/2000\/svg\" width=\"10px\" height=\"10px\" viewbox=\"0 0 24 24\" version=\"1.2\" baseprofile=\"tiny\"><path d=\"M18.2 9.3l-6.2-6.3-6.2 6.3c-.2.2-.3.4-.3.7s.1.5.3.7c.2.2.4.3.7.3h11c.3 0 .5-.1.7-.3.2-.2.3-.5.3-.7s-.1-.5-.3-.7zM5.8 14.7l6.2 6.3 6.2-6.3c.2-.2.3-.5.3-.7s-.1-.5-.3-.7c-.2-.2-.4-.3-.7-.3h-11c-.3 0-.5.1-.7.3-.2.2-.3.5-.3.7s.1.5.3.7z\"\/><\/svg><\/span><\/span><\/span><\/a><\/span><\/div>\n<nav><ul class='ez-toc-list ez-toc-list-level-1' ><li class='ez-toc-page-1 ez-toc-heading-level-2'><a class=\"ez-toc-link ez-toc-heading-1\" href=\"https:\/\/xtcdrogenhaus.com\/cs\/produkt-2\/koupit-amfetamin-online\/#Amphetamine_online_kaufen\" >Koupit amfetaminy online<\/a><ul class='ez-toc-list-level-3' ><li class='ez-toc-heading-level-3'><a class=\"ez-toc-link ez-toc-heading-2\" href=\"https:\/\/xtcdrogenhaus.com\/cs\/produkt-2\/koupit-amfetamin-online\/#Amphetamin_Ihr_Energieschub_fur_besondere_Herausforderungen\" >Amfetamin: va\u0161e energetick\u00e1 vzpruha pro speci\u00e1ln\u00ed v\u00fdzvy<\/a><\/li><li class='ez-toc-page-1 ez-toc-heading-level-3'><a class=\"ez-toc-link ez-toc-heading-3\" href=\"https:\/\/xtcdrogenhaus.com\/cs\/produkt-2\/koupit-amfetamin-online\/#Eigenschaften_und_Vorteile\" >Vlastnosti a v\u00fdhody:<\/a><\/li><\/ul><\/li><li class='ez-toc-page-1 ez-toc-heading-level-2'><a class=\"ez-toc-link ez-toc-heading-4\" href=\"https:\/\/xtcdrogenhaus.com\/cs\/produkt-2\/koupit-amfetamin-online\/#Haufig_gestellte_Fragen_FAQ\" >\u010casto kladen\u00e9 ot\u00e1zky (FAQ)<\/a><ul class='ez-toc-list-level-3' ><li class='ez-toc-heading-level-3'><a class=\"ez-toc-link ez-toc-heading-5\" href=\"https:\/\/xtcdrogenhaus.com\/cs\/produkt-2\/koupit-amfetamin-online\/#Ist_der_Kauf_von_Amphetamin_legal\" >Je n\u00e1kup amfetaminu leg\u00e1ln\u00ed?<\/a><\/li><li class='ez-toc-page-1 ez-toc-heading-level-3'><a class=\"ez-toc-link ez-toc-heading-6\" href=\"https:\/\/xtcdrogenhaus.com\/cs\/produkt-2\/koupit-amfetamin-online\/#Wie_wird_Amphetamin_eingenommen\" >Jak se amfetamin u\u017e\u00edv\u00e1?<\/a><\/li><li class='ez-toc-page-1 ez-toc-heading-level-3'><a class=\"ez-toc-link ez-toc-heading-7\" href=\"https:\/\/xtcdrogenhaus.com\/cs\/produkt-2\/koupit-amfetamin-online\/#Welche_Nebenwirkungen_kann_Amphetamin_haben\" >Jak\u00e9 ne\u017e\u00e1douc\u00ed \u00fa\u010dinky m\u016f\u017ee m\u00edt amfetamin?<\/a><\/li><li class='ez-toc-page-1 ez-toc-heading-level-3'><a class=\"ez-toc-link ez-toc-heading-8\" href=\"https:\/\/xtcdrogenhaus.com\/cs\/produkt-2\/koupit-amfetamin-online\/#Kann_ich_Amphetamin_online_sicher_kaufen\" >Mohu si bezpe\u010dn\u011b koupit amfetamin online?<\/a><\/li><li class='ez-toc-page-1 ez-toc-heading-level-3'><a class=\"ez-toc-link ez-toc-heading-9\" href=\"https:\/\/xtcdrogenhaus.com\/cs\/produkt-2\/koupit-amfetamin-online\/#Wie_lange_halt_die_Wirkung_von_Amphetamin_an\" >Jak dlouho trvaj\u00ed \u00fa\u010dinky amfetaminu?<\/a><\/li><li class='ez-toc-page-1 ez-toc-heading-level-3'><a class=\"ez-toc-link ez-toc-heading-10\" href=\"https:\/\/xtcdrogenhaus.com\/cs\/produkt-2\/koupit-amfetamin-online\/#Was_sollte_ich_tun_wenn_ich_Nebenwirkungen_verspure\" >Co m\u00e1m d\u011blat, pokud se u m\u011b objev\u00ed ne\u017e\u00e1douc\u00ed \u00fa\u010dinky?<\/a><\/li><\/ul><\/li><\/ul><\/nav><\/div>\n<h2><span class=\"ez-toc-section\" id=\"Amphetamine_online_kaufen\"><\/span>Koupit amfetaminy online<span class=\"ez-toc-section-end\"><\/span><\/h2>\n<h3><span class=\"ez-toc-section\" id=\"Amphetamin_Ihr_Energieschub_fur_besondere_Herausforderungen\"><\/span><span id=\"Amphetamin_Ihr_Energieschub_fuer_besondere_Herausforderungen\" class=\"ez-toc-section\"><\/span>Amfetamin: va\u0161e energetick\u00e1 vzpruha pro speci\u00e1ln\u00ed v\u00fdzvy<span class=\"ez-toc-section-end\"><\/span><\/h3>\n<p>Amfetaminy online - Amfetamin, \u010dasto ozna\u010dovan\u00fd jako \"speed\" nebo \"pep\", je stimulant zvy\u0161uj\u00edc\u00ed v\u00fdkonnost, kter\u00fd se p\u016fvodn\u011b pou\u017e\u00edval k l\u00e9\u010db\u011b.\u00a0<a href=\"https:\/\/web.archive.org\/web\/20241211200104\/https:\/\/adhs-deutschland.de\/begleitstoerungen\/adhs-oder-epilepsie-oder-beides\" target=\"_blank\" rel=\"noopener\">ADHD<\/a>\u00a0a narkolepsii. Dnes se pou\u017e\u00edv\u00e1 jak k l\u00e9ka\u0159sk\u00fdm \u00fa\u010del\u016fm, tak ke zv\u00fd\u0161en\u00ed fyzick\u00e9 a du\u0161evn\u00ed v\u00fdkonnosti.<\/p>\n<h3><span class=\"ez-toc-section\" id=\"Eigenschaften_und_Vorteile\"><\/span><span id=\"Eigenschaften_und_Vorteile\" class=\"ez-toc-section\"><\/span>Vlastnosti a v\u00fdhody:<span class=\"ez-toc-section-end\"><\/span><\/h3>\n<ul>\n<li><strong>Zv\u00fd\u0161en\u00e1 pozornost:\u00a0<\/strong>Zvy\u0161uje bd\u011blost a soust\u0159ed\u011bn\u00ed, ide\u00e1ln\u00ed pro dlouhou pr\u00e1ci nebo studium.<\/li>\n<li><strong>Zv\u00fd\u0161en\u00ed fyzick\u00e9 vytrvalosti:<\/strong>\u00a0Podporuje fyzicky n\u00e1ro\u010dn\u00e9 aktivity, ide\u00e1ln\u00ed pro sportovce a fitness nad\u0161ence.<\/li>\n<li><strong>Zlep\u0161en\u00ed n\u00e1lady:<\/strong>\u00a0Podporuje pocit euforie a sebed\u016fv\u011bry, vhodn\u00fd pro spole\u010densk\u00e9 p\u0159\u00edle\u017eitosti a ve\u010d\u00edrky.<\/li>\n<\/ul>\n<p><strong>Pou\u017eit\u00ed:<\/strong>\u00a0Amfetamin se obvykle u\u017e\u00edv\u00e1 peror\u00e1ln\u011b, ale m\u016f\u017ee se tak\u00e9 \u0161\u0148upat nebo aplikovat injek\u010dn\u011b. \u00da\u010dinek se dostav\u00ed do 30 minut a m\u016f\u017ee trvat n\u011bkolik hodin.<\/p>\n<p><strong>Preventivn\u00ed opat\u0159en\u00ed:<\/strong>\u00a0P\u0159i u\u017e\u00edv\u00e1n\u00ed amfetaminu je t\u0159eba v\u017edy dodr\u017eovat d\u00e1vkov\u00e1n\u00ed, aby nedo\u0161lo k p\u0159ed\u00e1vkov\u00e1n\u00ed a ne\u017e\u00e1douc\u00edm vedlej\u0161\u00edm \u00fa\u010dink\u016fm, jako je nespavost, bu\u0161en\u00ed srdce a zv\u00fd\u0161en\u00fd krevn\u00ed tlak.<\/p>\n<h2><span class=\"ez-toc-section\" id=\"Haufig_gestellte_Fragen_FAQ\"><\/span><span id=\"Haeufig_gestellte_Fragen_FAQ\" class=\"ez-toc-section\"><\/span>\u010casto kladen\u00e9 ot\u00e1zky (FAQ)<span class=\"ez-toc-section-end\"><\/span><\/h2>\n<h3><span class=\"ez-toc-section\" id=\"Ist_der_Kauf_von_Amphetamin_legal\"><\/span><span id=\"Ist_der_Kauf_von_Amphetamin_legal\" class=\"ez-toc-section\"><\/span>Je n\u00e1kup amfetaminu leg\u00e1ln\u00ed?<span class=\"ez-toc-section-end\"><\/span><\/h3>\n<p>Ne, n\u00e1kup a dr\u017een\u00ed amfetaminu bez l\u00e9ka\u0159sk\u00e9ho p\u0159edpisu je ve v\u011bt\u0161in\u011b zem\u00ed nez\u00e1konn\u00e9. Neleg\u00e1ln\u00ed obchod je p\u0159\u00edsn\u011b st\u00edh\u00e1n.<\/p>\n<h3><span class=\"ez-toc-section\" id=\"Wie_wird_Amphetamin_eingenommen\"><\/span><span id=\"Wie_wird_Amphetamin_eingenommen\" class=\"ez-toc-section\"><\/span>Jak se amfetamin u\u017e\u00edv\u00e1?<span class=\"ez-toc-section-end\"><\/span><\/h3>\n<p>Amfetamin lze u\u017e\u00edvat peror\u00e1ln\u011b, naz\u00e1ln\u011b nebo intraven\u00f3zn\u011b. Nejb\u011b\u017en\u011bj\u0161\u00edm zp\u016fsobem je peror\u00e1ln\u00ed p\u0159\u00edjem ve form\u011b tablet.<\/p>\n<h3><span class=\"ez-toc-section\" id=\"Welche_Nebenwirkungen_kann_Amphetamin_haben\"><\/span><span id=\"Welche_Nebenwirkungen_kann_Amphetamin_haben\" class=\"ez-toc-section\"><\/span>Jak\u00e9 ne\u017e\u00e1douc\u00ed \u00fa\u010dinky m\u016f\u017ee m\u00edt amfetamin?<span class=\"ez-toc-section-end\"><\/span><\/h3>\n<p>Mezi nej\u010dast\u011bj\u0161\u00ed ne\u017e\u00e1douc\u00ed \u00fa\u010dinky pat\u0159\u00ed nespavost, zv\u00fd\u0161en\u00fd krevn\u00ed tlak, bu\u0161en\u00ed srdce, nervozita a v z\u00e1va\u017en\u00fdch p\u0159\u00edpadech psychotick\u00e9 epizody.<\/p>\n<h3><span class=\"ez-toc-section\" id=\"Kann_ich_Amphetamin_online_sicher_kaufen\"><\/span><span id=\"Kann_ich_Amphetamin_online_sicher_kaufen\" class=\"ez-toc-section\"><\/span>Mohu si bezpe\u010dn\u011b koupit amfetamin online?<span class=\"ez-toc-section-end\"><\/span><\/h3>\n<p>N\u00e1kup amfetaminu online je neleg\u00e1ln\u00ed a m\u016f\u017ee s sebou n\u00e9st rizika, jako jsou nekvalitn\u00ed produkty a pr\u00e1vn\u00ed d\u016fsledky. Doporu\u010duje se takov\u00e9 l\u00e1tky na internetu nekupovat.<\/p>\n<h3><span class=\"ez-toc-section\" id=\"Wie_lange_halt_die_Wirkung_von_Amphetamin_an\"><\/span><span id=\"Wie_lange_haelt_die_Wirkung_von_Amphetamin_an\" class=\"ez-toc-section\"><\/span>Jak dlouho trvaj\u00ed \u00fa\u010dinky amfetaminu?<span class=\"ez-toc-section-end\"><\/span><\/h3>\n<p>\u00da\u010dinek m\u016f\u017ee trvat n\u011bkolik hodin v z\u00e1vislosti na d\u00e1vce a individu\u00e1ln\u00ed toleranci. Obvykle trv\u00e1 4 a\u017e 8 hodin.<\/p>\n<h3><span class=\"ez-toc-section\" id=\"Was_sollte_ich_tun_wenn_ich_Nebenwirkungen_verspure\"><\/span><span id=\"Was_sollte_ich_tun_wenn_ich_Nebenwirkungen_verspuere\" class=\"ez-toc-section\"><\/span>Co m\u00e1m d\u011blat, pokud se u m\u011b objev\u00ed ne\u017e\u00e1douc\u00ed \u00fa\u010dinky?<span class=\"ez-toc-section-end\"><\/span><\/h3>\n<p>Pokud se u v\u00e1s vyskytnou z\u00e1va\u017en\u00e9 ne\u017e\u00e1douc\u00ed \u00fa\u010dinky, jako je bu\u0161en\u00ed srdce, \u00fazkost nebo halucinace, m\u011bli byste okam\u017eit\u011b vyhledat l\u00e9ka\u0159skou pomoc.<\/p>","protected":false},"excerpt":{"rendered":"<p>\u2713 Chr\u00e1n\u011bn\u00e1 a vakuov\u011b balen\u00e1 kamufl\u00e1\u017en\u00ed p\u0159eprava<br \/>\n\u2713Anonymn\u00ed platba pomoc\u00ed Bitcoinu a bankovn\u00edho p\u0159evodu<br \/>\n\u2713\u00dapln\u00e1 ochrana dat pomoc\u00ed \u0161ifrov\u00e1n\u00ed<\/p>\n<p>&nbsp;<\/p>","protected":false},"featured_media":4615,"comment_status":"open","ping_status":"closed","template":"","meta":[],"product_brand":[],"product_cat":[24],"product_tag":[],"class_list":{"0":"post-4269","1":"product","2":"type-product","3":"status-publish","4":"has-post-thumbnail","6":"product_cat-amphetamin","7":"sales-flash-overlay","8":"woocommerce-text-align-center","9":"woocommerce-image-align-center","10":"do-quantity-buttons","12":"first","13":"instock","14":"shipping-taxable","15":"purchasable","16":"product-type-variable"},"_links":{"self":[{"href":"https:\/\/xtcdrogenhaus.com\/cs\/wp-json\/wp\/v2\/product\/4269","targetHints":{"allow":["GET"]}}],"collection":[{"href":"https:\/\/xtcdrogenhaus.com\/cs\/wp-json\/wp\/v2\/product"}],"about":[{"href":"https:\/\/xtcdrogenhaus.com\/cs\/wp-json\/wp\/v2\/types\/product"}],"replies":[{"embeddable":true,"href":"https:\/\/xtcdrogenhaus.com\/cs\/wp-json\/wp\/v2\/comments?post=4269"}],"wp:featuredmedia":[{"embeddable":true,"href":"https:\/\/xtcdrogenhaus.com\/cs\/wp-json\/wp\/v2\/media\/4615"}],"wp:attachment":[{"href":"https:\/\/xtcdrogenhaus.com\/cs\/wp-json\/wp\/v2\/media?parent=4269"}],"wp:term":[{"taxonomy":"product_brand","embeddable":true,"href":"https:\/\/xtcdrogenhaus.com\/cs\/wp-json\/wp\/v2\/product_brand?post=4269"},{"taxonomy":"product_cat","embeddable":true,"href":"https:\/\/xtcdrogenhaus.com\/cs\/wp-json\/wp\/v2\/product_cat?post=4269"},{"taxonomy":"product_tag","embeddable":true,"href":"https:\/\/xtcdrogenhaus.com\/cs\/wp-json\/wp\/v2\/product_tag?post=4269"}],"curies":[{"name":"wp","href":"https:\/\/api.w.org\/{rel}","templated":true}]}}