{"id":4704,"date":"2025-04-20T09:09:54","date_gmt":"2025-04-20T09:09:54","guid":{"rendered":"https:\/\/xtcdrogenhaus.com\/?post_type=product&#038;p=4704"},"modified":"2025-08-03T02:42:32","modified_gmt":"2025-08-03T02:42:32","slug":"amnesia-cannabis","status":"publish","type":"product","link":"https:\/\/xtcdrogenhaus.com\/ar\/%d8%a7%d9%84%d9%85%d9%86%d8%aa%d8%ac\/amnesia-cannabis\/","title":{"rendered":"\u0636\u0628\u0627\u0628 \u0641\u0642\u062f\u0627\u0646 \u0627\u0644\u0630\u0627\u0643\u0631\u0629"},"content":{"rendered":"<div id=\"ez-toc-container\" class=\"ez-toc-v2_0_82_2 counter-hierarchy ez-toc-counter ez-toc-grey ez-toc-container-direction\">\n<div class=\"ez-toc-title-container\">\n<p class=\"ez-toc-title\" style=\"cursor:inherit\">\u062c\u062f\u0648\u0644 \u0627\u0644\u0645\u062d\u062a\u0648\u064a\u0627\u062a<\/p>\n<span class=\"ez-toc-title-toggle\"><a href=\"#\" class=\"ez-toc-pull-right ez-toc-btn ez-toc-btn-xs ez-toc-btn-default ez-toc-toggle\" aria-label=\"\u062a\u0628\u062f\u064a\u0644 \u062c\u062f\u0648\u0644 \u0627\u0644\u0645\u062d\u062a\u0648\u064a\u0627\u062a\"><span class=\"ez-toc-js-icon-con\"><span class=\"\"><span class=\"eztoc-hide\" style=\"display:none;\">\u062a\u0628\u062f\u064a\u0644<\/span><span class=\"ez-toc-icon-toggle-span\"><svg style=\"fill: #999;color:#999\" xmlns=\"http:\/\/www.w3.org\/2000\/svg\" class=\"list-377408\" width=\"20px\" height=\"20px\" viewbox=\"0 0 24 24\" fill=\"none\"><path d=\"M6 6H4v2h2V6zm14 0H8v2h12V6zM4 11h2v2H4v-2zm16 0H8v2h12v-2zM4 16h2v2H4v-2zm16 0H8v2h12v-2z\" fill=\"currentColor\"><\/path><\/svg><svg style=\"fill: #999;color:#999\" class=\"arrow-unsorted-368013\" xmlns=\"http:\/\/www.w3.org\/2000\/svg\" width=\"10px\" height=\"10px\" viewbox=\"0 0 24 24\" version=\"1.2\" baseprofile=\"tiny\"><path d=\"M18.2 9.3l-6.2-6.3-6.2 6.3c-.2.2-.3.4-.3.7s.1.5.3.7c.2.2.4.3.7.3h11c.3 0 .5-.1.7-.3.2-.2.3-.5.3-.7s-.1-.5-.3-.7zM5.8 14.7l6.2 6.3 6.2-6.3c.2-.2.3-.5.3-.7s-.1-.5-.3-.7c-.2-.2-.4-.3-.7-.3h-11c-.3 0-.5.1-.7.3-.2.2-.3.5-.3.7s.1.5.3.7z\"\/><\/svg><\/span><\/span><\/span><\/a><\/span><\/div>\n<nav><ul class='ez-toc-list ez-toc-list-level-1' ><li class='ez-toc-page-1 ez-toc-heading-level-1'><a class=\"ez-toc-link ez-toc-heading-1\" href=\"https:\/\/xtcdrogenhaus.com\/ar\/%d8%a7%d9%84%d9%85%d9%86%d8%aa%d8%ac\/amnesia-cannabis\/#Amnesia_Cannabis_Kaufen_Amnesia_Haze_THC_Kaufen\" >Amnesia Cannabis Kaufen | Amnesia Haze THC Kaufen<\/a><ul class='ez-toc-list-level-2' ><li class='ez-toc-heading-level-2'><a class=\"ez-toc-link ez-toc-heading-2\" href=\"https:\/\/xtcdrogenhaus.com\/ar\/%d8%a7%d9%84%d9%85%d9%86%d8%aa%d8%ac\/amnesia-cannabis\/#Warum_Amnesia_Cannabis_wahlen\" >Warum Amnesia Cannabis w\u00e4hlen?<\/a><\/li><li class='ez-toc-page-1 ez-toc-heading-level-2'><a class=\"ez-toc-link ez-toc-heading-3\" href=\"https:\/\/xtcdrogenhaus.com\/ar\/%d8%a7%d9%84%d9%85%d9%86%d8%aa%d8%ac\/amnesia-cannabis\/#Herkunft_und_Genetik\" >Herkunft und Genetik<\/a><\/li><li class='ez-toc-page-1 ez-toc-heading-level-2'><a class=\"ez-toc-link ez-toc-heading-4\" href=\"https:\/\/xtcdrogenhaus.com\/ar\/%d8%a7%d9%84%d9%85%d9%86%d8%aa%d8%ac\/amnesia-cannabis\/#Effekte_und_Vorteile\" >Effekte und Vorteile<\/a><ul class='ez-toc-list-level-3' ><li class='ez-toc-heading-level-3'><a class=\"ez-toc-link ez-toc-heading-5\" href=\"https:\/\/xtcdrogenhaus.com\/ar\/%d8%a7%d9%84%d9%85%d9%86%d8%aa%d8%ac\/amnesia-cannabis\/#Freizeitvorteile\" >Freizeitvorteile<\/a><\/li><li class='ez-toc-page-1 ez-toc-heading-level-3'><a class=\"ez-toc-link ez-toc-heading-6\" href=\"https:\/\/xtcdrogenhaus.com\/ar\/%d8%a7%d9%84%d9%85%d9%86%d8%aa%d8%ac\/amnesia-cannabis\/#Medizinische_Vorteile\" >Medizinische Vorteile<\/a><\/li><\/ul><\/li><li class='ez-toc-page-1 ez-toc-heading-level-2'><a class=\"ez-toc-link ez-toc-heading-7\" href=\"https:\/\/xtcdrogenhaus.com\/ar\/%d8%a7%d9%84%d9%85%d9%86%d8%aa%d8%ac\/amnesia-cannabis\/#Geschmack_und_Aroma\" >Geschmack und Aroma<\/a><\/li><li class='ez-toc-page-1 ez-toc-heading-level-2'><a class=\"ez-toc-link ez-toc-heading-8\" href=\"https:\/\/xtcdrogenhaus.com\/ar\/%d8%a7%d9%84%d9%85%d9%86%d8%aa%d8%ac\/amnesia-cannabis\/#Haufig_gestellte_Fragen_FAQs\" >H\u00e4ufig gestellte Fragen (FAQs)<\/a><ul class='ez-toc-list-level-3' ><li class='ez-toc-heading-level-3'><a class=\"ez-toc-link ez-toc-heading-9\" href=\"https:\/\/xtcdrogenhaus.com\/ar\/%d8%a7%d9%84%d9%85%d9%86%d8%aa%d8%ac\/amnesia-cannabis\/#Was_ist_Amnesia_Cannabis\" >Was ist Amnesia Cannabis?<\/a><\/li><li class='ez-toc-page-1 ez-toc-heading-level-3'><a class=\"ez-toc-link ez-toc-heading-10\" href=\"https:\/\/xtcdrogenhaus.com\/ar\/%d8%a7%d9%84%d9%85%d9%86%d8%aa%d8%ac\/amnesia-cannabis\/#Was_sind_die_Effekte_von_Amnesia_Cannabis\" >Was sind die Effekte von Amnesia Cannabis?<\/a><\/li><li class='ez-toc-page-1 ez-toc-heading-level-3'><a class=\"ez-toc-link ez-toc-heading-11\" href=\"https:\/\/xtcdrogenhaus.com\/ar\/%d8%a7%d9%84%d9%85%d9%86%d8%aa%d8%ac\/amnesia-cannabis\/#Wie_kaufe_ich_Amnesia_Cannabis\" >Wie kaufe ich Amnesia Cannabis?<\/a><\/li><li class='ez-toc-page-1 ez-toc-heading-level-3'><a class=\"ez-toc-link ez-toc-heading-12\" href=\"https:\/\/xtcdrogenhaus.com\/ar\/%d8%a7%d9%84%d9%85%d9%86%d8%aa%d8%ac\/amnesia-cannabis\/#Ist_Amnesia_Cannabis_legal\" >Ist Amnesia Cannabis legal?<\/a><\/li><li class='ez-toc-page-1 ez-toc-heading-level-3'><a class=\"ez-toc-link ez-toc-heading-13\" href=\"https:\/\/xtcdrogenhaus.com\/ar\/%d8%a7%d9%84%d9%85%d9%86%d8%aa%d8%ac\/amnesia-cannabis\/#Wie_sollte_ich_Amnesia_Cannabis_lagern\" >Wie sollte ich Amnesia Cannabis lagern?<\/a><\/li><li class='ez-toc-page-1 ez-toc-heading-level-3'><a class=\"ez-toc-link ez-toc-heading-14\" href=\"https:\/\/xtcdrogenhaus.com\/ar\/%d8%a7%d9%84%d9%85%d9%86%d8%aa%d8%ac\/amnesia-cannabis\/#Kann_ich_Amnesia_Cannabis_zu_medizinischen_Zwecken_verwenden\" >Kann ich Amnesia Cannabis zu medizinischen Zwecken verwenden?<\/a><\/li><\/ul><\/li><\/ul><\/li><\/ul><\/nav><\/div>\n<h1><span class=\"ez-toc-section\" id=\"Amnesia_Cannabis_Kaufen_Amnesia_Haze_THC_Kaufen\"><\/span>Amnesia Cannabis Kaufen | Amnesia Haze THC Kaufen<span class=\"ez-toc-section-end\"><\/span><\/h1>\n<p>Willkommen in der Welt des Amnesia, eines erstklassigen Strains, der f\u00fcr seine starken Effekte und einzigartigen Geschmacksprofile gefeiert wird. Ob Sie ein erfahrener Cannabis-Kenner oder ein Neuling sind, der die besten Strains erkunden m\u00f6chte \u2013 Amnesia Cannabis bietet ein unvergleichliches Erlebnis. Diese Produktbeschreibung wird Sie durch alles f\u00fchren, was Sie \u00fcber diesen bemerkenswerten Strain wissen m\u00fcssen, von seinen Urspr\u00fcngen und Vorteilen bis hin zu einfachen Kaufanleitungen.<\/p>\n<h2><span class=\"ez-toc-section\" id=\"Warum_Amnesia_Cannabis_wahlen\"><\/span><span id=\"Warum_Amnesia_Cannabis_waehlen\" class=\"ez-toc-section\"><\/span>Warum Amnesia Cannabis w\u00e4hlen?<span class=\"ez-toc-section-end\"><\/span><\/h2>\n<p>Amnesia sticht aus dem \u00fcberf\u00fcllten Cannabismarkt aus mehreren \u00fcberzeugenden Gr\u00fcnden heraus:<\/p>\n<ul>\n<li><strong>Erstklassige Qualit\u00e4t<\/strong>: Unter optimalen Bedingungen angebaut, um die h\u00f6chste Qualit\u00e4t zu gew\u00e4hrleisten.<\/li>\n<li><strong>Starke Effekte<\/strong>: Bekannt f\u00fcr seine starken und lang anhaltenden Wirkungen.<\/li>\n<li><strong>Einzigartiges Geschmacksprofil<\/strong>: Eine Mischung aus Zitrus-, erdigen und w\u00fcrzigen Noten.<\/li>\n<li><strong>Vielseitige Anwendung<\/strong>: Geeignet f\u00fcr Freizeit- und medizinische Zwecke.<\/li>\n<\/ul>\n<h2><span class=\"ez-toc-section\" id=\"Herkunft_und_Genetik\"><\/span><span id=\"Herkunft_und_Genetik\" class=\"ez-toc-section\"><\/span>Herkunft und Genetik<span class=\"ez-toc-section-end\"><\/span><\/h2>\n<p>Amnesia ist ein sativa-dominanter Hybrid, der f\u00fcr seine kraftvollen Effekte und seine reiche Abstammung bekannt ist. Es ist eine Kreuzung zwischen:<\/p>\n<ul>\n<li><strong>Haze<\/strong>: Tr\u00e4gt zu seinen erhebenden und euphorischen Effekten bei.<\/li>\n<li><strong>Skunk #1<\/strong>: F\u00fcgt einen robusten und erdigen Geschmack hinzu.<\/li>\n<li><strong>Northern Lights<\/strong>: Verst\u00e4rkt seine Potenz und ausgewogene Wirkung.<\/li>\n<\/ul>\n<p>Diese genetische Kombination f\u00fchrt zu einem Strain, der sowohl belebend als auch entspannend wirkt, und daher bei Cannabis-Enthusiasten sehr beliebt ist.<\/p>\n<h2><span class=\"ez-toc-section\" id=\"Effekte_und_Vorteile\"><\/span><span id=\"Effekte_und_Vorteile\" class=\"ez-toc-section\"><\/span>Effekte und Vorteile<span class=\"ez-toc-section-end\"><\/span><\/h2>\n<h3><span class=\"ez-toc-section\" id=\"Freizeitvorteile\"><\/span><span id=\"Freizeitvorteile\" class=\"ez-toc-section\"><\/span>Freizeitvorteile<span class=\"ez-toc-section-end\"><\/span><\/h3>\n<ul>\n<li><strong>Euphorie<\/strong>: Bietet ein starkes, erhebendes High.<\/li>\n<li><strong>Kreativit\u00e4t<\/strong>: F\u00f6rdert kreatives Denken und Fokus.<\/li>\n<li><strong>Energieboost<\/strong>: Ideal f\u00fcr den Tagesgebrauch, h\u00e4lt Sie aktiv und wachsam.<\/li>\n<\/ul>\n<h3><span class=\"ez-toc-section\" id=\"Medizinische_Vorteile\"><\/span><span id=\"Medizinische_Vorteile\" class=\"ez-toc-section\"><\/span>Medizinische Vorteile<span class=\"ez-toc-section-end\"><\/span><\/h3>\n<ul>\n<li><strong>Stressabbau<\/strong>: Lindert Stress und Angstzust\u00e4nde.<\/li>\n<li><strong>Schmerzmanagement<\/strong>: Wirksam bei chronischen Schmerzen und Entz\u00fcndungen.<\/li>\n<li><strong>Stimmungsaufhellung<\/strong>: Hilft bei Depressionen und Stimmungsschwankungen.<\/li>\n<\/ul>\n<h2><span class=\"ez-toc-section\" id=\"Geschmack_und_Aroma\"><\/span><span id=\"Geschmack_und_Aroma\" class=\"ez-toc-section\"><\/span>Geschmack und Aroma<span class=\"ez-toc-section-end\"><\/span><\/h2>\n<p>Amnesia wird f\u00fcr seinen unverwechselbaren Geschmack und sein Aroma gefeiert:<\/p>\n<ul>\n<li><strong>Zitrus<\/strong>: Ein erfrischender Zitrussto\u00df, der die Geschmacksknospen verw\u00f6hnt.<\/li>\n<li><strong>Erdig<\/strong>: Ein erdiger Unterton, der den Zitrus ausgleicht.<\/li>\n<li><strong>W\u00fcrzig<\/strong>: Ein Hauch von W\u00fcrze, der das Geschmacksprofil vervollst\u00e4ndigt.<\/li>\n<\/ul>\n<p>Die Kombination dieser Aromen sorgt f\u00fcr ein sanftes und angenehmes Raucherlebnis, ob Sie nun einen Vaporizer, eine Pfeife oder Papierrollen verwenden.<\/p>\n<h2><span class=\"ez-toc-section\" id=\"Haufig_gestellte_Fragen_FAQs\"><\/span><span id=\"Haeufig_gestellte_Fragen_FAQs\" class=\"ez-toc-section\"><\/span>H\u00e4ufig gestellte Fragen (FAQs)<span class=\"ez-toc-section-end\"><\/span><\/h2>\n<h3><span class=\"ez-toc-section\" id=\"Was_ist_Amnesia_Cannabis\"><\/span><span id=\"Was_ist_Amnesia_Cannabis\" class=\"ez-toc-section\"><\/span>Was ist Amnesia Cannabis?<span class=\"ez-toc-section-end\"><\/span><\/h3>\n<p>Amnesia Cannabis ist ein sativa-dominanter Hybridstrain, der f\u00fcr seine starken Effekte und sein einzigartiges Geschmacksprofil bekannt ist. Es ist eine Kreuzung zwischen Haze,\u00a0<a href=\"https:\/\/seedfinder.eu\/en\/strain-info\/skunk-1\/super-sativa-seed-club\" target=\"_blank\" rel=\"noopener\">Skunk #1<\/a>\u00a0und Northern Lights.<\/p>\n<h3><span class=\"ez-toc-section\" id=\"Was_sind_die_Effekte_von_Amnesia_Cannabis\"><\/span><span id=\"Was_sind_die_Effekte_von_Amnesia_Cannabis\" class=\"ez-toc-section\"><\/span>Was sind die Effekte von Amnesia Cannabis?<span class=\"ez-toc-section-end\"><\/span><\/h3>\n<p>Amnesia Cannabis bietet erhebende und euphorische Effekte, die sich ideal f\u00fcr den Tagesgebrauch eignen. Es hilft auch bei Stressabbau, Schmerzmanagement und Stimmungsaufhellung.<\/p>\n<h3><span class=\"ez-toc-section\" id=\"Wie_kaufe_ich_Amnesia_Cannabis\"><\/span><span id=\"Wie_kaufe_ich_Amnesia_Cannabis\" class=\"ez-toc-section\"><\/span>Wie kaufe ich Amnesia Cannabis?<span class=\"ez-toc-section-end\"><\/span><\/h3>\n<p>Sie k\u00f6nnen Amnesia bei seri\u00f6sen Verk\u00e4ufern online oder im Laden kaufen. Stellen Sie sicher, dass der Verk\u00e4ufer detaillierte Produktinformationen und Labortestergebnisse bereitstellt.<\/p>\n<h3><span class=\"ez-toc-section\" id=\"Ist_Amnesia_Cannabis_legal\"><\/span><span id=\"Ist_Amnesia_Cannabis_legal\" class=\"ez-toc-section\"><\/span>Ist Amnesia Cannabis legal?<span class=\"ez-toc-section-end\"><\/span><\/h3>\n<p>Die Legalit\u00e4t von Amnesia Cannabis h\u00e4ngt von Ihrem Standort ab. \u00dcberpr\u00fcfen Sie die lokalen Gesetze und Vorschriften vor dem Kauf.<\/p>\n<h3><span class=\"ez-toc-section\" id=\"Wie_sollte_ich_Amnesia_Cannabis_lagern\"><\/span><span id=\"Wie_sollte_ich_Amnesia_Cannabis_lagern\" class=\"ez-toc-section\"><\/span>Wie sollte ich Amnesia Cannabis lagern?<span class=\"ez-toc-section-end\"><\/span><\/h3>\n<p>Lagern Sie Amnesia Cannabis an einem k\u00fchlen, dunklen Ort in einem luftdichten Beh\u00e4lter, um seine Frische und Potenz zu bewahren.<\/p>\n<h3><span class=\"ez-toc-section\" id=\"Kann_ich_Amnesia_Cannabis_zu_medizinischen_Zwecken_verwenden\"><\/span><span id=\"Kann_ich_Amnesia_Cannabis_zu_medizinischen_Zwecken_verwenden\" class=\"ez-toc-section\"><\/span>Kann ich Amnesia Cannabis zu medizinischen Zwecken verwenden?<span class=\"ez-toc-section-end\"><\/span><\/h3>\n<p>Ja, Amnesia ist bekannt f\u00fcr seine medizinischen Vorteile, einschlie\u00dflich Stressabbau, Schmerzmanagement und Stimmungsaufhellung. Konsultieren Sie einen Gesundheitsfachmann f\u00fcr personalisierte Ratschl\u00e4ge.<\/p>","protected":false},"excerpt":{"rendered":"<p>\u2713\u0627\u0644\u0634\u062d\u0646 \u0627\u0644\u0645\u0645\u0648\u0647 \u063a\u064a\u0631 \u0627\u0644\u0634\u0641\u0627\u0641 \u0648\u0627\u0644\u0645\u0639\u0628\u0623 \u0628\u062a\u0641\u0631\u064a\u063a \u0627\u0644\u0647\u0648\u0627\u0621<br \/>\n\u2713\u0627\u0644\u062f\u0641\u0639 \u0627\u0644\u0645\u062c\u0647\u0648\u0644 \u0628\u0627\u0633\u062a\u062e\u062f\u0627\u0645 \u0627\u0644\u0628\u064a\u062a\u0643\u0648\u064a\u0646 \u0648\u0627\u0644\u062a\u062d\u0648\u064a\u0644 \u0627\u0644\u0645\u0635\u0631\u0641\u064a<br \/>\n\u2713\u062d\u0645\u0627\u064a\u0629 \u0643\u0627\u0645\u0644\u0629 \u0644\u0644\u0628\u064a\u0627\u0646\u0627\u062a \u0645\u0646 \u062e\u0644\u0627\u0644 \u0627\u0644\u062a\u0634\u0641\u064a\u0631<\/p>","protected":false},"featured_media":4705,"comment_status":"open","ping_status":"closed","template":"","meta":[],"product_brand":[],"product_cat":[33],"product_tag":[],"class_list":{"0":"post-4704","1":"product","2":"type-product","3":"status-publish","4":"has-post-thumbnail","6":"product_cat-weed","7":"sales-flash-overlay","8":"woocommerce-text-align-center","9":"woocommerce-image-align-center","10":"do-quantity-buttons","11":"wc-has-gallery","13":"first","14":"instock","15":"shipping-taxable","16":"purchasable","17":"product-type-variable"},"_links":{"self":[{"href":"https:\/\/xtcdrogenhaus.com\/ar\/wp-json\/wp\/v2\/product\/4704","targetHints":{"allow":["GET"]}}],"collection":[{"href":"https:\/\/xtcdrogenhaus.com\/ar\/wp-json\/wp\/v2\/product"}],"about":[{"href":"https:\/\/xtcdrogenhaus.com\/ar\/wp-json\/wp\/v2\/types\/product"}],"replies":[{"embeddable":true,"href":"https:\/\/xtcdrogenhaus.com\/ar\/wp-json\/wp\/v2\/comments?post=4704"}],"wp:featuredmedia":[{"embeddable":true,"href":"https:\/\/xtcdrogenhaus.com\/ar\/wp-json\/wp\/v2\/media\/4705"}],"wp:attachment":[{"href":"https:\/\/xtcdrogenhaus.com\/ar\/wp-json\/wp\/v2\/media?parent=4704"}],"wp:term":[{"taxonomy":"product_brand","embeddable":true,"href":"https:\/\/xtcdrogenhaus.com\/ar\/wp-json\/wp\/v2\/product_brand?post=4704"},{"taxonomy":"product_cat","embeddable":true,"href":"https:\/\/xtcdrogenhaus.com\/ar\/wp-json\/wp\/v2\/product_cat?post=4704"},{"taxonomy":"product_tag","embeddable":true,"href":"https:\/\/xtcdrogenhaus.com\/ar\/wp-json\/wp\/v2\/product_tag?post=4704"}],"curies":[{"name":"wp","href":"https:\/\/api.w.org\/{rel}","templated":true}]}}