{"id":4646,"date":"2025-04-17T03:59:58","date_gmt":"2025-04-17T03:59:58","guid":{"rendered":"https:\/\/xtcdrogenhaus.com\/?post_type=product&#038;p=4646"},"modified":"2025-04-17T03:59:59","modified_gmt":"2025-04-17T03:59:59","slug":"ketamin-bestellen-ohne-rezept","status":"publish","type":"product","link":"https:\/\/xtcdrogenhaus.com\/ar\/%d8%a7%d9%84%d9%85%d9%86%d8%aa%d8%ac\/ketamin-bestellen-ohne-rezept\/","title":{"rendered":"\u0627\u0644\u0643\u064a\u062a\u0627\u0645\u064a\u0646"},"content":{"rendered":"<div id=\"ez-toc-container\" class=\"ez-toc-v2_0_82_2 counter-hierarchy ez-toc-counter ez-toc-grey ez-toc-container-direction\">\n<div class=\"ez-toc-title-container\">\n<p class=\"ez-toc-title\" style=\"cursor:inherit\">\u062c\u062f\u0648\u0644 \u0627\u0644\u0645\u062d\u062a\u0648\u064a\u0627\u062a<\/p>\n<span class=\"ez-toc-title-toggle\"><a href=\"#\" class=\"ez-toc-pull-right ez-toc-btn ez-toc-btn-xs ez-toc-btn-default ez-toc-toggle\" aria-label=\"\u062a\u0628\u062f\u064a\u0644 \u062c\u062f\u0648\u0644 \u0627\u0644\u0645\u062d\u062a\u0648\u064a\u0627\u062a\"><span class=\"ez-toc-js-icon-con\"><span class=\"\"><span class=\"eztoc-hide\" style=\"display:none;\">\u062a\u0628\u062f\u064a\u0644<\/span><span class=\"ez-toc-icon-toggle-span\"><svg style=\"fill: #999;color:#999\" xmlns=\"http:\/\/www.w3.org\/2000\/svg\" class=\"list-377408\" width=\"20px\" height=\"20px\" viewbox=\"0 0 24 24\" fill=\"none\"><path d=\"M6 6H4v2h2V6zm14 0H8v2h12V6zM4 11h2v2H4v-2zm16 0H8v2h12v-2zM4 16h2v2H4v-2zm16 0H8v2h12v-2z\" fill=\"currentColor\"><\/path><\/svg><svg style=\"fill: #999;color:#999\" class=\"arrow-unsorted-368013\" xmlns=\"http:\/\/www.w3.org\/2000\/svg\" width=\"10px\" height=\"10px\" viewbox=\"0 0 24 24\" version=\"1.2\" baseprofile=\"tiny\"><path d=\"M18.2 9.3l-6.2-6.3-6.2 6.3c-.2.2-.3.4-.3.7s.1.5.3.7c.2.2.4.3.7.3h11c.3 0 .5-.1.7-.3.2-.2.3-.5.3-.7s-.1-.5-.3-.7zM5.8 14.7l6.2 6.3 6.2-6.3c.2-.2.3-.5.3-.7s-.1-.5-.3-.7c-.2-.2-.4-.3-.7-.3h-11c-.3 0-.5.1-.7.3-.2.2-.3.5-.3.7s.1.5.3.7z\"\/><\/svg><\/span><\/span><\/span><\/a><\/span><\/div>\n<nav><ul class='ez-toc-list ez-toc-list-level-1' ><li class='ez-toc-page-1 ez-toc-heading-level-2'><a class=\"ez-toc-link ez-toc-heading-1\" href=\"https:\/\/xtcdrogenhaus.com\/ar\/%d8%a7%d9%84%d9%85%d9%86%d8%aa%d8%ac\/ketamin-bestellen-ohne-rezept\/#Ketamin_bestellen_ohne_rezept\" >Ketamin bestellen ohne rezept<\/a><\/li><li class='ez-toc-page-1 ez-toc-heading-level-2'><a class=\"ez-toc-link ez-toc-heading-2\" href=\"https:\/\/xtcdrogenhaus.com\/ar\/%d8%a7%d9%84%d9%85%d9%86%d8%aa%d8%ac\/ketamin-bestellen-ohne-rezept\/#Hauptanwendungen\" >Hauptanwendungen<\/a><\/li><li class='ez-toc-page-1 ez-toc-heading-level-2'><a class=\"ez-toc-link ez-toc-heading-3\" href=\"https:\/\/xtcdrogenhaus.com\/ar\/%d8%a7%d9%84%d9%85%d9%86%d8%aa%d8%ac\/ketamin-bestellen-ohne-rezept\/#Vorteile\" >Vorteile<\/a><\/li><li class='ez-toc-page-1 ez-toc-heading-level-2'><a class=\"ez-toc-link ez-toc-heading-4\" href=\"https:\/\/xtcdrogenhaus.com\/ar\/%d8%a7%d9%84%d9%85%d9%86%d8%aa%d8%ac\/ketamin-bestellen-ohne-rezept\/#Haufig_gestellte_Fragen\" >H\u00e4ufig gestellte Fragen<\/a><\/li><\/ul><\/nav><\/div>\n<h2><span class=\"ez-toc-section\" id=\"Ketamin_bestellen_ohne_rezept\"><\/span>Ketamin bestellen ohne rezept<span class=\"ez-toc-section-end\"><\/span><\/h2>\n<p>Ketamin bestellen ohne rezept \u2013 Ketamin ist ein vielseitig einsetzbares An\u00e4sthetikum und Analgetikum, das sowohl in der Human- als auch in der Veterin\u00e4rmedizin verwendet wird. Es erm\u00f6glicht rasche Schmerzlinderung und Narkoseeinleitung, bewahrt dabei weitgehend Atemwegsreflexe und kardiovaskul\u00e4re Stabilit\u00e4t und zeigt in niedrigen Dosen eine beeindruckend schnelle antidepressive Wirkung bei therapieresistenter Depression. Dank seiner opoidsparenden Effekte reduziert Ketamin den Bedarf an herk\u00f6mmlichen Schmerzmitteln und kann in verschiedensten Applikationsformen angepasst werden, um Patienten in akuten und chronischen Situationen effektiv zu unterst\u00fctzen.<\/p>\n<h2 class=\"\" data-start=\"670\" data-end=\"693\"><span class=\"ez-toc-section\" id=\"Hauptanwendungen\"><\/span>Hauptanwendungen<span class=\"ez-toc-section-end\"><\/span><\/h2>\n<ul data-start=\"694\" data-end=\"1480\">\n<li class=\"\" data-start=\"694\" data-end=\"845\">\n<p class=\"\" data-start=\"696\" data-end=\"845\"><strong data-start=\"696\" data-end=\"729\">Humanmedizinische An\u00e4sthesie:<\/strong> Einleitung und Aufrechterhaltung von Narkosen bei chirurgischen Eingriffen.<\/p>\n<\/li>\n<li class=\"\" data-start=\"846\" data-end=\"1061\">\n<p class=\"\" data-start=\"848\" data-end=\"1061\"><strong data-start=\"848\" data-end=\"885\">Notfall- und Akutschmerztherapie:<\/strong> Niedrig dosierte Bolus-Injektionen (0,1\u20130,3 mg\/kg) reduzieren Schmerzintensit\u00e4t und Opioidbedarf, ohne die Atemwege zu beeintr\u00e4chtigen.<\/p>\n<\/li>\n<li class=\"\" data-start=\"846\" data-end=\"1061\">\n<p class=\"\" data-start=\"848\" data-end=\"1061\"><strong data-start=\"1064\" data-end=\"1092\">Psychiatrische Therapie:<\/strong> Suban\u00e4sthetische Dosen f\u00fchren binnen Stunden zu antidepressiven Effekten, die bis zu einer Woche anhalten k\u00f6nnen.<\/p>\n<\/li>\n<li class=\"\" data-start=\"1247\" data-end=\"1344\">\n<p class=\"\" data-start=\"1249\" data-end=\"1344\"><strong data-start=\"1249\" data-end=\"1270\">Veterin\u00e4rmedizin:<\/strong> Sedierung, An\u00e4sthesie und Schmerzmanagement bei zahlreichen Tierarten .<\/p>\n<\/li>\n<li class=\"\" data-start=\"1345\" data-end=\"1480\">\n<p class=\"\" data-start=\"1347\" data-end=\"1480\"><strong data-start=\"1347\" data-end=\"1373\">Off-Label-Anwendungen:<\/strong> Einsatz in PTBS- und Angstst\u00f6rungstherapien in klinischer Erprobung <span class=\"ms-1 inline-flex max-w-full items-center relative top-[-0.094rem] animate-[show_150ms_ease-in]\"><a class=\"flex h-6 overflow-hidden rounded-xl px-2.5 text-[0.5625em] font-medium text-token-text-secondary! bg-[#F4F4F4]! dark:bg-[#303030]! transition-colors duration-150 ease-in-out\" href=\"https:\/\/www.painnewsnetwork.org\/stories\/2024\/1\/26\/patients-should-know-the-health-benefits-of-ketamine-not-just-its-risks?utm_source=chatgpt.com\" target=\"_blank\" rel=\"noopener\"><span class=\"relative start-0 bottom-0 flex h-full w-full items-center\"><span class=\"flex h-4 w-full items-center justify-between overflow-hidden\"><span class=\"max-w-full grow truncate overflow-hidden text-center\">Pain News Network<\/span><\/span><\/span><\/a><\/span>.<\/p>\n<\/li>\n<\/ul>\n<h2 class=\"\" data-start=\"1482\" data-end=\"1498\"><span class=\"ez-toc-section\" id=\"Vorteile\"><\/span>Vorteile<span class=\"ez-toc-section-end\"><\/span><\/h2>\n<ul data-start=\"1499\" data-end=\"2198\">\n<li class=\"\" data-start=\"1499\" data-end=\"1623\">\n<p class=\"\" data-start=\"1501\" data-end=\"1623\"><strong data-start=\"1501\" data-end=\"1532\">Schneller Wirkungseintritt:<\/strong> Bereits wenige Minuten nach Verabreichung sp\u00fcrbar.<\/p>\n<\/li>\n<li class=\"\" data-start=\"1624\" data-end=\"1754\">\n<p class=\"\" data-start=\"1626\" data-end=\"1754\"><strong data-start=\"1626\" data-end=\"1650\">Erhalt der Atemwege:<\/strong> Bewahrung von Schutzreflexen und bronchodilatatorische Effekte.<\/p>\n<\/li>\n<li class=\"\" data-start=\"1755\" data-end=\"1897\">\n<p class=\"\" data-start=\"1757\" data-end=\"1897\"><strong data-start=\"1757\" data-end=\"1776\">Opioid-sparend:<\/strong> Reduziert den Bedarf an Opioiden und minimiert damit assoziierte Nebenwirkungen.<\/p>\n<\/li>\n<li class=\"\" data-start=\"1898\" data-end=\"2037\">\n<p class=\"\" data-start=\"1900\" data-end=\"2037\"><strong data-start=\"1900\" data-end=\"1928\">Neuroplastische Effekte:<\/strong> F\u00f6rderung neuronaler Anpassungsprozesse zur Stimmungsstabilisierung.<\/p>\n<\/li>\n<li class=\"\" data-start=\"2038\" data-end=\"2198\">\n<p class=\"\" data-start=\"2040\" data-end=\"2198\"><strong data-start=\"2040\" data-end=\"2075\">Vielseitige Applikationsformen:<\/strong> IV, IM, intranasal, oral, sublingual, rektal \u2013 Anpassung an klinische Anforderungen.<\/p>\n<\/li>\n<\/ul>\n<h2 class=\"\" data-start=\"2200\" data-end=\"2229\"><span class=\"ez-toc-section\" id=\"Haufig_gestellte_Fragen\"><\/span>H\u00e4ufig gestellte Fragen<span class=\"ez-toc-section-end\"><\/span><\/h2>\n<ol data-start=\"2231\" data-end=\"3858\">\n<li class=\"\" data-start=\"2231\" data-end=\"2475\">\n<p class=\"\" data-start=\"2234\" data-end=\"2475\"><strong data-start=\"2234\" data-end=\"2267\">Wie wird Ketamin verabreicht?<\/strong><br data-start=\"2267\" data-end=\"2270\" \/>Ketamin kann intraven\u00f6s (IV), intramuskul\u00e4r (IM), intranasal (z. B. Esketamin-Spray), oral (Kapseln\/Tabletten), sublingual, rektal und subkutan appliziert werden.<\/p>\n<\/li>\n<li class=\"\" data-start=\"2477\" data-end=\"2740\">\n<p class=\"\" data-start=\"2480\" data-end=\"2740\"><strong data-start=\"2480\" data-end=\"2512\">Welche Dosierung ist \u00fcblich?<\/strong><br data-start=\"2512\" data-end=\"2515\" \/>In der Schmerztherapie kommen 0,1\u20130,3 mg\/kg als Bolus zur Anwendung, in der Depressionsbehandlung reichen 0,25\u20130,5 mg\/kg IV. Orale Dosen liegen bei 0,25\u20137 mg\/kg (je nach Indikation).<\/p>\n<\/li>\n<li class=\"\" data-start=\"2742\" data-end=\"3028\">\n<p class=\"\" data-start=\"2745\" data-end=\"3028\"><strong data-start=\"2745\" data-end=\"2778\">F\u00fcr wen ist Ketamin geeignet?<\/strong><br data-start=\"2778\" data-end=\"2781\" \/>Geeignet f\u00fcr Patienten mit akuten Schmerzzust\u00e4nden, traumatischen Verletzungen, therapieresistenter Depression sowie solche mit Atemwegs-Risikofaktoren, bei denen andere An\u00e4sthetika weniger geeignet sind.<\/p>\n<\/li>\n<li class=\"\" data-start=\"3030\" data-end=\"3261\">\n<p class=\"\" data-start=\"3033\" data-end=\"3261\"><strong data-start=\"3033\" data-end=\"3067\">\u0625\u0644\u0649 \u0645\u062a\u0649 \u064a\u0633\u062a\u0645\u0631 \u0627\u0644\u062a\u0623\u062b\u064a\u0631\u061f<\/strong><br data-start=\"3067\" data-end=\"3070\" \/>IV: 10\u201320 Minuten, IM: 15\u201330 Minuten, intranasal: bis zu 60 Minuten, oral: 4\u20136 Stunden; die antidepressive Wirkung kann bis zu einer Woche anhalten.<\/p>\n<\/li>\n<li class=\"\" data-start=\"3263\" data-end=\"3556\">\n<p class=\"\" data-start=\"3266\" data-end=\"3556\"><strong data-start=\"3266\" data-end=\"3320\">Gibt es Wechselwirkungen mit anderen Medikamenten?<\/strong><br data-start=\"3320\" data-end=\"3323\" \/>Ja, besonders mit zentral d\u00e4mpfenden Substanzen (Opioiden, Benzodiazepinen) kann es zu Atemdepression und kardiovaskul\u00e4ren Effekten kommen. Eine \u00e4rztliche \u00dcberwachung ist daher unerl\u00e4sslich.<\/p>\n<\/li>\n<li class=\"\" data-start=\"3558\" data-end=\"3858\">\n<p class=\"\" data-start=\"3561\" data-end=\"3858\"><strong data-start=\"3561\" data-end=\"3605\">Was unterscheidet Esketamin vom Ketamin?<\/strong><br data-start=\"3605\" data-end=\"3608\" \/>Esketamin ist das S-Enantiomer, meist als intranasaler Spray (Spravato) zugelassen. Es zeigt \u00e4hnliche antidepressive Effekte bei geringerer Dosis und spezifischer Zulassung f\u00fcr therapieresistente Depression.<\/p>\n<\/li>\n<\/ol>","protected":false},"excerpt":{"rendered":"<p>\u2713\u0627\u0644\u0634\u062d\u0646 \u0627\u0644\u0645\u0645\u0648\u0647 \u063a\u064a\u0631 \u0627\u0644\u0634\u0641\u0627\u0641 \u0648\u0627\u0644\u0645\u0639\u0628\u0623 \u0628\u062a\u0641\u0631\u064a\u063a \u0627\u0644\u0647\u0648\u0627\u0621<br \/>\n\u2713Anonyme Zahlung mit Bitcoin\/Krypto und Bank\u00fcberweisung<br \/>\n\u2713\u062d\u0645\u0627\u064a\u0629 \u0643\u0627\u0645\u0644\u0629 \u0644\u0644\u0628\u064a\u0627\u0646\u0627\u062a \u0645\u0646 \u062e\u0644\u0627\u0644 \u0627\u0644\u062a\u0634\u0641\u064a\u0631<\/p>","protected":false},"featured_media":4651,"comment_status":"open","ping_status":"closed","template":"","meta":[],"product_brand":[],"product_cat":[29],"product_tag":[],"class_list":{"0":"post-4646","1":"product","2":"type-product","3":"status-publish","4":"has-post-thumbnail","6":"product_cat-ketamin","7":"sales-flash-overlay","8":"woocommerce-text-align-center","9":"woocommerce-image-align-center","10":"do-quantity-buttons","12":"first","13":"instock","14":"shipping-taxable","15":"purchasable","16":"product-type-variable"},"_links":{"self":[{"href":"https:\/\/xtcdrogenhaus.com\/ar\/wp-json\/wp\/v2\/product\/4646","targetHints":{"allow":["GET"]}}],"collection":[{"href":"https:\/\/xtcdrogenhaus.com\/ar\/wp-json\/wp\/v2\/product"}],"about":[{"href":"https:\/\/xtcdrogenhaus.com\/ar\/wp-json\/wp\/v2\/types\/product"}],"replies":[{"embeddable":true,"href":"https:\/\/xtcdrogenhaus.com\/ar\/wp-json\/wp\/v2\/comments?post=4646"}],"wp:featuredmedia":[{"embeddable":true,"href":"https:\/\/xtcdrogenhaus.com\/ar\/wp-json\/wp\/v2\/media\/4651"}],"wp:attachment":[{"href":"https:\/\/xtcdrogenhaus.com\/ar\/wp-json\/wp\/v2\/media?parent=4646"}],"wp:term":[{"taxonomy":"product_brand","embeddable":true,"href":"https:\/\/xtcdrogenhaus.com\/ar\/wp-json\/wp\/v2\/product_brand?post=4646"},{"taxonomy":"product_cat","embeddable":true,"href":"https:\/\/xtcdrogenhaus.com\/ar\/wp-json\/wp\/v2\/product_cat?post=4646"},{"taxonomy":"product_tag","embeddable":true,"href":"https:\/\/xtcdrogenhaus.com\/ar\/wp-json\/wp\/v2\/product_tag?post=4646"}],"curies":[{"name":"wp","href":"https:\/\/api.w.org\/{rel}","templated":true}]}}