{"id":3864,"date":"2021-02-04T18:49:27","date_gmt":"2021-02-04T18:49:27","guid":{"rendered":"https:\/\/sites.generatepress.com\/shop\/?post_type=product&#038;p=3864"},"modified":"2025-04-20T19:16:46","modified_gmt":"2025-04-20T19:16:46","slug":"dmt-droge-kaufen","status":"publish","type":"product","link":"https:\/\/xtcdrogenhaus.com\/ar\/%d8%a7%d9%84%d9%85%d9%86%d8%aa%d8%ac\/dmt-droge-kaufen\/","title":{"rendered":"4 ACO DMT"},"content":{"rendered":"<div id=\"ez-toc-container\" class=\"ez-toc-v2_0_82_2 counter-hierarchy ez-toc-counter ez-toc-grey ez-toc-container-direction\">\n<div class=\"ez-toc-title-container\">\n<p class=\"ez-toc-title\" style=\"cursor:inherit\">\u062c\u062f\u0648\u0644 \u0627\u0644\u0645\u062d\u062a\u0648\u064a\u0627\u062a<\/p>\n<span class=\"ez-toc-title-toggle\"><a href=\"#\" class=\"ez-toc-pull-right ez-toc-btn ez-toc-btn-xs ez-toc-btn-default ez-toc-toggle\" aria-label=\"\u062a\u0628\u062f\u064a\u0644 \u062c\u062f\u0648\u0644 \u0627\u0644\u0645\u062d\u062a\u0648\u064a\u0627\u062a\"><span class=\"ez-toc-js-icon-con\"><span class=\"\"><span class=\"eztoc-hide\" style=\"display:none;\">\u062a\u0628\u062f\u064a\u0644<\/span><span class=\"ez-toc-icon-toggle-span\"><svg style=\"fill: #999;color:#999\" xmlns=\"http:\/\/www.w3.org\/2000\/svg\" class=\"list-377408\" width=\"20px\" height=\"20px\" viewbox=\"0 0 24 24\" fill=\"none\"><path d=\"M6 6H4v2h2V6zm14 0H8v2h12V6zM4 11h2v2H4v-2zm16 0H8v2h12v-2zM4 16h2v2H4v-2zm16 0H8v2h12v-2z\" fill=\"currentColor\"><\/path><\/svg><svg style=\"fill: #999;color:#999\" class=\"arrow-unsorted-368013\" xmlns=\"http:\/\/www.w3.org\/2000\/svg\" width=\"10px\" height=\"10px\" viewbox=\"0 0 24 24\" version=\"1.2\" baseprofile=\"tiny\"><path d=\"M18.2 9.3l-6.2-6.3-6.2 6.3c-.2.2-.3.4-.3.7s.1.5.3.7c.2.2.4.3.7.3h11c.3 0 .5-.1.7-.3.2-.2.3-.5.3-.7s-.1-.5-.3-.7zM5.8 14.7l6.2 6.3 6.2-6.3c.2-.2.3-.5.3-.7s-.1-.5-.3-.7c-.2-.2-.4-.3-.7-.3h-11c-.3 0-.5.1-.7.3-.2.2-.3.5-.3.7s.1.5.3.7z\"\/><\/svg><\/span><\/span><\/span><\/a><\/span><\/div>\n<nav><ul class='ez-toc-list ez-toc-list-level-1' ><li class='ez-toc-page-1 ez-toc-heading-level-1'><a class=\"ez-toc-link ez-toc-heading-1\" href=\"https:\/\/xtcdrogenhaus.com\/ar\/%d8%a7%d9%84%d9%85%d9%86%d8%aa%d8%ac\/dmt-droge-kaufen\/#DMT_droge_kaufen\" >\u0627\u0634\u062a\u0631 \u0639\u0642\u0627\u0631 DMT<\/a><ul class='ez-toc-list-level-2' ><li class='ez-toc-heading-level-2'><a class=\"ez-toc-link ez-toc-heading-2\" href=\"https:\/\/xtcdrogenhaus.com\/ar\/%d8%a7%d9%84%d9%85%d9%86%d8%aa%d8%ac\/dmt-droge-kaufen\/#Kaufen_4-Aco-DMT_Verkaufer\" >Kaufen 4-Aco-DMT Verk\u00e4ufer<\/a><\/li><li class='ez-toc-page-1 ez-toc-heading-level-2'><a class=\"ez-toc-link ez-toc-heading-3\" href=\"https:\/\/xtcdrogenhaus.com\/ar\/%d8%a7%d9%84%d9%85%d9%86%d8%aa%d8%ac\/dmt-droge-kaufen\/#4_aco_dmt_zu_verkaufen_bei_Psyche_Society\" >4 aco dmt zu verkaufen bei Psyche Society<\/a><\/li><li class='ez-toc-page-1 ez-toc-heading-level-2'><a class=\"ez-toc-link ez-toc-heading-4\" href=\"https:\/\/xtcdrogenhaus.com\/ar\/%d8%a7%d9%84%d9%85%d9%86%d8%aa%d8%ac\/dmt-droge-kaufen\/#4_aco_dmt_zu_verkaufen\" >4 aco dmt zu verkaufen<\/a><\/li><li class='ez-toc-page-1 ez-toc-heading-level-2'><a class=\"ez-toc-link ez-toc-heading-5\" href=\"https:\/\/xtcdrogenhaus.com\/ar\/%d8%a7%d9%84%d9%85%d9%86%d8%aa%d8%ac\/dmt-droge-kaufen\/#4-AcO-DMT_bestellen\" >4-AcO-DMT bestellen<\/a><\/li><li class='ez-toc-page-1 ez-toc-heading-level-2'><a class=\"ez-toc-link ez-toc-heading-6\" href=\"https:\/\/xtcdrogenhaus.com\/ar\/%d8%a7%d9%84%d9%85%d9%86%d8%aa%d8%ac\/dmt-droge-kaufen\/#Auswirkungen_von_4_aco_dmt_zum_Verkauf_online\" >Auswirkungen von 4 aco dmt zum Verkauf online<\/a><\/li><li class='ez-toc-page-1 ez-toc-heading-level-2'><a class=\"ez-toc-link ez-toc-heading-7\" href=\"https:\/\/xtcdrogenhaus.com\/ar\/%d8%a7%d9%84%d9%85%d9%86%d8%aa%d8%ac\/dmt-droge-kaufen\/#Erwunschte_Wirkungen_bester_Ort_um_4_ACO_DMT_zu_kaufen\" >Erw\u00fcnschte Wirkungen _ bester Ort, um 4 ACO DMT zu kaufen<\/a><\/li><\/ul><\/li><\/ul><\/nav><\/div>\n<h1 class=\"product-title product_title entry-title\"><span class=\"ez-toc-section\" id=\"DMT_droge_kaufen\"><\/span>\u0627\u0634\u062a\u0631 \u0639\u0642\u0627\u0631 DMT<span class=\"ez-toc-section-end\"><\/span><\/h1>\n<p>Kaufen Sie 4 ACO DMT online. -Acetylpsilocin ist eine halbsynthetische psychoaktive Droge, die von David Nichols als potentiell n\u00fctzliche Alternative zu Psilocybin f\u00fcr pharmakologische Studien vorgeschlagen wurde, da beide als Prodrugs von Psilocin angesehen werden.<\/p>\n<h2><span class=\"ez-toc-section\" id=\"Kaufen_4-Aco-DMT_Verkaufer\"><\/span><span id=\"Kaufen_4-Aco-DMT_Verkaeufer\" class=\"ez-toc-section\"><\/span>Kaufen 4-Aco-DMT Verk\u00e4ufer<span class=\"ez-toc-section-end\"><\/span><\/h2>\n<p>4 ACO DMT online zu verkaufen. Machen Sie sich einen gro\u00dfen Vorteil und kaufen Sie 4-Aco-DMT online von einem sehr seri\u00f6sen Online-Shop mit einer erstaunlichen Lieferung Wissen. Wir haben eine sehr erfahrene Mitarbeiter, die in allen erfolgreichen Lieferung beteiligt sind. Ihr Paket ist 100 diskret und sicher. Alle pers\u00f6nlichen Informationen sind bei uns 100% sicher, wir geben die pers\u00f6nlichen Daten der Kunden nicht an Dritte weiter. Alle unsere Kunden haben gro\u00dfes Vertrauen in uns. Viele Menschen haben im Laufe der Jahre dar\u00fcber geklagt, dass sie keinen wirklich zuverl\u00e4ssigen Anbieter von 4-Aco-DMT online finden k\u00f6nnen, das ist, w\u00e4hrend wir eintreten, um ihnen diese gro\u00dfartige Gelegenheit zu bieten.<\/p>\n<h2><span class=\"ez-toc-section\" id=\"4_aco_dmt_zu_verkaufen_bei_Psyche_Society\"><\/span><span id=\"4_aco_dmt_zu_verkaufen_bei_Psyche_Society\" class=\"ez-toc-section\"><\/span>4 aco dmt zu verkaufen bei Psyche Society<span class=\"ez-toc-section-end\"><\/span><\/h2>\n<p>Zu Beginn, 4 aco dmt zu verkaufen und 4 aco dmt kaufen \u2013 O-Acetylpsilocin ist eine halbsynthetische psychoaktive Droge (auch bekannt als Psilacetin, 4-Acetoxy-DMT, oder 4-AcO DMT) von David Nichols vorgeschlagen. F\u00fcr die pharmakologische Forschung w\u00e4re sie eine potenziell n\u00fctzliche Alternative zu Psilocybin. Es wird aber auch erwartet, dass sie dann Prodrugs f\u00fcr Psilocin sind.<\/p>\n<h2><span class=\"ez-toc-section\" id=\"4_aco_dmt_zu_verkaufen\"><\/span><span id=\"4_aco_dmt_zu_verkaufen\" class=\"ez-toc-section\"><\/span>4 aco dmt zu verkaufen<span class=\"ez-toc-section-end\"><\/span><\/h2>\n<p>Es handelt sich um ein kristallines, wei\u00dfes oder beiges Pulver ohne spezifische Haftung (manchmal dunkel). Einige Hersteller vertreiben dieses Pulver auch in Kapselform, seltener in Fl\u00e4schchen. Am weitesten verbreitet sind heutzutage synthetische \/ halbsynthetische Tryptamine, wobei die Verwendung dieser Stoffe noch begrenzt ist.<\/p>\n<h2><span class=\"ez-toc-section\" id=\"4-AcO-DMT_bestellen\"><\/span><span id=\"4-AcO-DMT_bestellen\" class=\"ez-toc-section\"><\/span>4-AcO-DMT bestellen<span class=\"ez-toc-section-end\"><\/span><\/h2>\n<p>Es wird h\u00e4ufig als Salzfumarat verwendet, das im Durchschnitt 1 mg reines 4-AcO-DMT pro 1,24 mg Pulver enth\u00e4lt (4-AcO-DMT-Fumarat). Handelt es sich um Hydrochloridsalz, so enth\u00e4lt es im Durchschnitt 1 mg reines Salz pro 1,15 mg Pulver. Der Unterschied ist vielleicht nur marginal, aber es lohnt sich, ihn zu kennen.<\/p>\n<h2><span class=\"ez-toc-section\" id=\"Auswirkungen_von_4_aco_dmt_zum_Verkauf_online\"><\/span><span id=\"Auswirkungen_von_4_aco_dmt_zum_Verkauf_online\" class=\"ez-toc-section\"><\/span>Auswirkungen von 4 aco dmt zum Verkauf online<span class=\"ez-toc-section-end\"><\/span><\/h2>\n<p>\u00dcberraschenderweise \u00e4hneln die Wirkungen des Molek\u00fcls denen von Zauberpilzen, wie der Gattung Psilocybe. Das Sprichwort ist in diesem Zusammenhang sehr aussagekr\u00e4ftig. Je nach Dosierung und Patient betr\u00e4gt die durchschnittliche Dauer des Trips etwa 3 bis 6 Stunden. 4 ACO DMT kaufen<\/p>\n<h2><span class=\"ez-toc-section\" id=\"Erwunschte_Wirkungen_bester_Ort_um_4_ACO_DMT_zu_kaufen\"><\/span><span id=\"Erwuenschte_Wirkungen_bester_Ort_um_4_ACO_DMT_zu_kaufen\" class=\"ez-toc-section\"><\/span>Erw\u00fcnschte Wirkungen _ bester Ort, um 4 ACO DMT zu kaufen<span class=\"ez-toc-section-end\"><\/span><\/h2>\n<p>Wie bei Psilocin ist die relative Toxizit\u00e4t von 4-AcO-DMT, insbesondere in neurologischer Hinsicht, erst recht gering: fast keine Neurotoxizit\u00e4t. Dies sind jedoch nur \u00dcbertreibungen, und Tatsache ist, dass es keine substantiellen wissenschaftlichen Untersuchungen zu diesem Thema gibt. 4 ACO DMT kaufen<\/p>\n<p>K\u00f6rperliche Risiken wie Erbrechen, Bewusstseinsverlust und Krampfanf\u00e4lle sind besonders augenf\u00e4llig, aber sie sind eher selten. Soweit wir wissen, ist noch niemand durch die Einnahme von DMT gestorben, und es ist auch nicht wahrscheinlich, dass es f\u00fcr die meisten Menschen k\u00f6rperlich gef\u00e4hrlich ist.<\/p>\n<p>Schwangere oder stillende Frauen oder Personen, die anf\u00e4llig f\u00fcr Krampfanf\u00e4lle sind, sollten auf jeden Fall, wie bei anderen Psychedelika auch, vermieden werden. Grunds\u00e4tzlich gilt: Herzinfarkte, Blutdruckprobleme oder psychische Probleme wie starke Angstzust\u00e4nde. In Anbetracht des Mangels an klinischen Studien sollte man einfach vorsichtig sein.<\/p>","protected":false},"excerpt":{"rendered":"<p>\u2713\u0627\u0644\u0634\u062d\u0646 \u0627\u0644\u0645\u0645\u0648\u0647 \u063a\u064a\u0631 \u0627\u0644\u0634\u0641\u0627\u0641 \u0648\u0627\u0644\u0645\u0639\u0628\u0623 \u0628\u062a\u0641\u0631\u064a\u063a \u0627\u0644\u0647\u0648\u0627\u0621<br \/>\n\u2713\u0627\u0644\u062f\u0641\u0639 \u0627\u0644\u0645\u062c\u0647\u0648\u0644 \u0628\u0627\u0633\u062a\u062e\u062f\u0627\u0645 \u0627\u0644\u0628\u064a\u062a\u0643\u0648\u064a\u0646 \u0648\u0627\u0644\u062a\u062d\u0648\u064a\u0644 \u0627\u0644\u0645\u0635\u0631\u0641\u064a<br \/>\n\u2713\u062d\u0645\u0627\u064a\u0629 \u0643\u0627\u0645\u0644\u0629 \u0644\u0644\u0628\u064a\u0627\u0646\u0627\u062a \u0645\u0646 \u062e\u0644\u0627\u0644 \u0627\u0644\u062a\u0634\u0641\u064a\u0631<\/p>","protected":false},"featured_media":4627,"comment_status":"open","ping_status":"closed","template":"","meta":[],"product_brand":[],"product_cat":[26],"product_tag":[],"class_list":{"0":"post-3864","1":"product","2":"type-product","3":"status-publish","4":"has-post-thumbnail","6":"product_cat-dmt-kaufen","7":"sales-flash-overlay","8":"woocommerce-text-align-center","9":"woocommerce-image-align-center","10":"do-quantity-buttons","12":"first","13":"instock","14":"shipping-taxable","15":"purchasable","16":"product-type-variable"},"_links":{"self":[{"href":"https:\/\/xtcdrogenhaus.com\/ar\/wp-json\/wp\/v2\/product\/3864","targetHints":{"allow":["GET"]}}],"collection":[{"href":"https:\/\/xtcdrogenhaus.com\/ar\/wp-json\/wp\/v2\/product"}],"about":[{"href":"https:\/\/xtcdrogenhaus.com\/ar\/wp-json\/wp\/v2\/types\/product"}],"replies":[{"embeddable":true,"href":"https:\/\/xtcdrogenhaus.com\/ar\/wp-json\/wp\/v2\/comments?post=3864"}],"wp:featuredmedia":[{"embeddable":true,"href":"https:\/\/xtcdrogenhaus.com\/ar\/wp-json\/wp\/v2\/media\/4627"}],"wp:attachment":[{"href":"https:\/\/xtcdrogenhaus.com\/ar\/wp-json\/wp\/v2\/media?parent=3864"}],"wp:term":[{"taxonomy":"product_brand","embeddable":true,"href":"https:\/\/xtcdrogenhaus.com\/ar\/wp-json\/wp\/v2\/product_brand?post=3864"},{"taxonomy":"product_cat","embeddable":true,"href":"https:\/\/xtcdrogenhaus.com\/ar\/wp-json\/wp\/v2\/product_cat?post=3864"},{"taxonomy":"product_tag","embeddable":true,"href":"https:\/\/xtcdrogenhaus.com\/ar\/wp-json\/wp\/v2\/product_tag?post=3864"}],"curies":[{"name":"wp","href":"https:\/\/api.w.org\/{rel}","templated":true}]}}